{"id":3420,"date":"2019-01-09T18:55:14","date_gmt":"2019-01-09T17:55:14","guid":{"rendered":"http:\/\/agora.xtec.cat\/zerelsio\/?page_id=3420"},"modified":"2024-07-24T13:55:21","modified_gmt":"2024-07-24T11:55:21","slug":"gestio-economica-i-administrativa","status":"publish","type":"page","link":"https:\/\/agora.xtec.cat\/zerelsio\/zer\/gestio-economica-i-administrativa\/","title":{"rendered":"Gesti\u00f3 eco. i adm."},"content":{"rendered":"<h3><a href=\"https:\/\/agora.xtec.cat\/zerelsio\/wp-content\/uploads\/usu567\/2024\/06\/curs2024_2025.png\"><img loading=\"lazy\" decoding=\"async\" class=\"alignnone size-full wp-image-14402\" src=\"https:\/\/agora.xtec.cat\/zerelsio\/wp-content\/uploads\/usu567\/2024\/06\/curs2024_2025.png\" alt=\"\" width=\"728\" height=\"125\" srcset=\"https:\/\/agora.xtec.cat\/zerelsio\/wp-content\/uploads\/usu567\/2024\/06\/curs2024_2025.png 728w, https:\/\/agora.xtec.cat\/zerelsio\/wp-content\/uploads\/usu567\/2024\/06\/curs2024_2025-300x52.png 300w\" sizes=\"auto, (max-width: 728px) 100vw, 728px\" \/><\/a><\/h3>\n<h3><span style=\"color: #ff0000;\">Normativa inici de curs.<\/span><\/h3>\n<p><iframe loading=\"lazy\" src=\"https:\/\/drive.google.com\/file\/d\/1JhPg8zXhp7peVGEHi_JslhyTNiftn34v\/preview\" width=\"640\" height=\"480\"><\/iframe><br \/>\n<iframe loading=\"lazy\" src=\"https:\/\/drive.google.com\/file\/d\/18pYCHmHDATEGS-jAupkCNawMOXRK2c_I\/preview\" width=\"640\" height=\"480\"><\/iframe><br \/>\n<iframe loading=\"lazy\" src=\"https:\/\/drive.google.com\/file\/d\/127fczPXZDyepUqU6USDn5xCf9D6Wkqbo\/preview\" width=\"640\" height=\"480\"><\/iframe><br \/>\n<iframe loading=\"lazy\" src=\"https:\/\/drive.google.com\/file\/d\/1o2BjrM2nTpvwckoovgk857FufzVaBZ7c\/preview\" width=\"640\" height=\"480\"><\/iframe><br \/>\n<iframe loading=\"lazy\" src=\"https:\/\/drive.google.com\/file\/d\/1mpIRwcl--Ycdwy3Tar3cBPehhjzCnFy2\/preview\" width=\"640\" height=\"480\" allow=\"autoplay\"><\/iframe><\/p>\n<h3><span style=\"color: #ff0000;\">Administraci\u00f3 digital<\/span><\/h3>\n<p><iframe loading=\"lazy\" src=\"https:\/\/drive.google.com\/file\/d\/1LP1bVy1CuL8bYH6LJViEtlTwDljNYvdN\/preview\" width=\"640\" height=\"480\"><\/iframe><\/p>\n<p><iframe loading=\"lazy\" src=\"https:\/\/drive.google.com\/file\/d\/1v429ryhobbqIqEoF8KUpWHcGjHkMVDnI\/preview\" width=\"640\" height=\"480\"><\/iframe><br \/>\n<a href=\"https:\/\/espai.educacio.gencat.cat\/Recursos\/Admnistracio-Digital\/Pagines\/default.aspx\">https:\/\/espai.educacio.gencat.cat\/Recursos\/Admnistracio-Digital\/Pagines\/default.aspx<\/a><\/p>\n<p><a href=\"https:\/\/portaldogc.gencat.cat\/utilsEADOP\/PDF\/8195\/1900981.pdf\">https:\/\/portaldogc.gencat.cat\/utilsEADOP\/PDF\/8195\/1900981.pdf<\/a><\/p>\n<p>El Decret 76\/2020, de 4 d&#8217;agost, d&#8217;Administraci\u00f3 digital.<\/p>\n<h3><span style=\"color: #ff0000;\">Formaci\u00f3 Bombolles<\/span><\/h3>\n<h3><a href=\"https:\/\/agora.xtec.cat\/zerelsio\/wp-content\/uploads\/usu567\/2024\/01\/bombolles.png\"><img loading=\"lazy\" decoding=\"async\" class=\"alignnone size-full wp-image-13285\" src=\"https:\/\/agora.xtec.cat\/zerelsio\/wp-content\/uploads\/usu567\/2024\/01\/bombolles.png\" alt=\"\" width=\"501\" height=\"164\" srcset=\"https:\/\/agora.xtec.cat\/zerelsio\/wp-content\/uploads\/usu567\/2024\/01\/bombolles.png 501w, https:\/\/agora.xtec.cat\/zerelsio\/wp-content\/uploads\/usu567\/2024\/01\/bombolles-300x98.png 300w\" sizes=\"auto, (max-width: 501px) 100vw, 501px\" \/><\/a><\/h3>\n<h4><span style=\"color: #008000;\">Bombolla 1:<\/span> Pressupost: creaci\u00f3, partides, liquidaci\u00f3. (setmana 15-18\/1\/24)<\/h4>\n<h4><iframe loading=\"lazy\" src=\"https:\/\/drive.google.com\/file\/d\/1fwcydNLbYIs2tYnkizObFvIIdwSaK62Q\/preview\" width=\"640\" height=\"480\"><\/iframe><\/h4>\n<h4><span style=\"color: #008000;\">Bombolla 2:<\/span> Contractes: conceptes b\u00e0sics, procediments de contractaci\u00f3, el contracte menor. (setmana 22-25\/1\/24)<br \/>\n<iframe loading=\"lazy\" src=\"https:\/\/drive.google.com\/file\/d\/1fyCckPubqRHiFfRwe-2ME5P3C-8udoPh\/preview\" width=\"640\" height=\"480\"><\/iframe><br \/>\n<span style=\"color: #008000;\">Bombolla 3:<\/span> Esfer@ avan\u00e7at I: novetats, tresoreria, codi finalista, obligacions tribut\u00e0ries, bones pr\u00e0ctiques. (setmana 29\/1-1\/2\/24)<\/h4>\n<h4><iframe loading=\"lazy\" src=\"https:\/\/drive.google.com\/file\/d\/178guQYLxyU1fXwN8YAA2hbAa-MnsWmpS\/preview\" width=\"640\" height=\"480\"><\/iframe><br \/>\n<span style=\"color: #008000;\">Bombolla 4:<\/span> Esfer@ avan\u00e7at II: donacions, inversions, \u00fas social, menjador i beques, assegurances, rebuts d\u2019entitats locals. (setmana 5-8\/2\/24)<\/h4>\n<p style=\"text-align: left;\"><iframe loading=\"lazy\" src=\"https:\/\/drive.google.com\/file\/d\/1McXU-LOyfrytFk-TlQ40qmFeFJ_VIZHP\/preview\" width=\"640\" height=\"480\"><span data-mce-type=\"bookmark\" style=\"display: inline-block; width: 0px; overflow: hidden; line-height: 0;\" class=\"mce_SELRES_start\">\ufeff<\/span><span data-mce-type=\"bookmark\" style=\"display: inline-block; width: 0px; overflow: hidden; line-height: 0;\" class=\"mce_SELRES_start\">\ufeff<\/span><\/iframe><br \/>\n<span style=\"color: #008000;\">Bombolla 5<\/span>: Administraci\u00f3 digital: factura electr\u00f2nica, eines administraci\u00f3 digital (eCentres, eNotum, c\u00f2pia aut\u00e8ntica&#8230;) (setmana 12-15\/2\/24)<\/p>\n<p><iframe loading=\"lazy\" src=\"https:\/\/drive.google.com\/file\/d\/1OI4lJ6nGeRZP8uLeb4dv_h0hVXtg3ZD5\/preview\" width=\"640\" height=\"480\"><\/iframe><\/p>\n<h3><span style=\"color: #ff0000;\">Altres instruccions<\/span><\/h3>\n<p><iframe loading=\"lazy\" src=\"https:\/\/drive.google.com\/file\/d\/19sYlwNoCwIQGvgFVMSN7otkDbYL63zEy\/preview\" width=\"640\" height=\"480\"><\/iframe><\/p>\n<h3><span style=\"color: #ff0000;\">Esfera<\/span><\/h3>\n<p><a href=\"https:\/\/bfgh.aplicacions.ensenyament.gencat.cat\/bfgh\/#\/\">https:\/\/bfgh.aplicacions.ensenyament.gencat.cat\/bfgh\/#\/<\/a><br \/>\n<a href=\"http:\/\/ateneu.xtec.cat\/wikiform\/wikiexport\/esfera\/mge1\/gacademica\">http:\/\/ateneu.xtec.cat\/wikiform\/wikiexport\/esfera\/mge1\/gacademic<\/a><br \/>\n<a href=\"http:\/\/ateneu.xtec.cat\/wikiform\/wikiexport\/esfera\/mge1\/index\">http:\/\/ateneu.xtec.cat\/wikiform\/wikiexport\/esfera\/mge1\/index<\/a><\/p>\n<h3><span style=\"color: #ff0000;\"> Portal de centre<\/span><\/h3>\n<p><a href=\"http:\/\/educacio.gencat.cat\/portal\/page\/portal\/EducacioIntranet\/Benvinguda\">http:\/\/educacio.gencat.cat\/portal\/page\/portal\/EducacioIntranet\/Benvinguda<\/a><\/p>\n<h3><span style=\"color: #ff0000;\">Pressupost<\/span><\/h3>\n<ul style=\"list-style-type: square;\">\n<li><a href=\"https:\/\/drive.google.com\/drive\/folders\/15EbbVSP-DOIHlwufLkH8E_YKtiLhyRn2?usp=drive_link\">Pressupost de la ZER<\/a>. 2024<\/li>\n<li><a href=\"https:\/\/drive.google.com\/drive\/folders\/1a5-lu68awWMRTMlErcWMBoKpfP45bktp?usp=drive_link\">Pressupost de l&#8217;Escola de Puigverd<\/a>. 2024<\/li>\n<li><a href=\"https:\/\/drive.google.com\/drive\/folders\/16IAxuU89dFEjxw-lu7fxDq-C7E8-idYZ?usp=drive_link\">Pressupost de l&#8217;Escola de Preixens<\/a>. 2024<\/li>\n<li><a href=\"https:\/\/drive.google.com\/drive\/folders\/1jUgm86nclgAmCLjTQ093xXB5indLyxUk?usp=drive_link\">Pressupost de l&#8217;Escola de Buts\u00e8nit<\/a>. 2024<\/li>\n<\/ul>\n<p>30 de gener de 2025<\/p>\n<h3><span style=\"color: #ff0000;\"> Liquidaci\u00f3<\/span><\/h3>\n<p>31 de mar\u00e7 de 2025<\/p>\n<h3><span style=\"color: #ff0000;\"> OVT<\/span><\/h3>\n<p><a href=\"http:\/\/web.gencat.cat\/ca\/tramits\">http:\/\/web.gencat.cat\/ca\/tramits<\/a><br \/>\nEconomia<br \/>\nPagaments<br \/>\nConsulta de l&#8217;estat de pagament de documents<\/p>\n<h3><span style=\"color: #ff0000;\">Anual<\/span><\/h3>\n<p>Abril de 2025<\/p>\n<h3><span style=\"color: #ff0000;\">Models<\/span><\/h3>\n<p><a href=\"https:\/\/espai.educacio.gencat.cat\/Recursos\/Cataleg-models\/Personal\/Tramits-personal-docent\/Pagines\/default.aspx\">https:\/\/espai.educacio.gencat.cat\/Recursos\/Cataleg-models\/Personal\/Tramits-personal-docent\/Pagines\/default.aspx<\/a><\/p>\n<p><a href=\"https:\/\/espai.educacio.gencat.cat\/Recursos\/Cataleg-models\/Gestio-administrativa\/Transferencia\/Pagines\/default.aspx\">https:\/\/espai.educacio.gencat.cat\/Recursos\/Cataleg-models\/Gestio-administrativa\/Transferencia\/Pagines\/default.aspx<\/a><\/p>\n<h3><span style=\"color: #ff0000;\">Tauler d&#8217;anuncis: Aplicatius<\/span><\/h3>\n<p><a href=\"http:\/\/www.xtec.cat\/zerelsio\/tauler\/aplicatius.htm\">http:\/\/www.xtec.cat\/zerelsio\/tauler\/aplicatius.htm<\/a><\/p>\n<h3><span style=\"color: #ff0000;\"> Netejar mem\u00f2ria cau<\/span><\/h3>\n<p><iframe loading=\"lazy\" src=\"https:\/\/drive.google.com\/file\/d\/1oxeVVNKELcFX8x3QWAtjN1QRDKSU42lH\/preview\" width=\"640\" height=\"480\"><\/iframe><\/p>\n","protected":false},"excerpt":{"rendered":"<p><a href=\"https:\/\/agora.xtec.cat\/zerelsio\/wp-content\/uploads\/usu567\/2024\/06\/curs2024_2025.png\"><\/a><br \/>\nNormativa inici de curs.<\/p>\n<p>Administraci\u00f3 digital<\/p>\n<p><a href=\"https:\/\/espai.educacio.gencat.cat\/Recursos\/Admnistracio-Digital\/Pagines\/default.aspx\">https:\/\/espai.educacio.gencat.cat\/Recursos\/Admnistracio-Digital\/Pagines\/default.aspx<\/a><br \/>\n<a href=\"https:\/\/portaldogc.gencat.cat\/utilsEADOP\/PDF\/8195\/1900981.pdf\">https:\/\/portaldogc.gencat.cat\/utilsEADOP\/PDF\/8195\/1900981.pdf<\/a><br \/>\nEl Decret 76\/2020, de 4 d&#8217;agost, d&#8217;Administraci\u00f3 digital.<br \/>\nFormaci\u00f3 Bombolles<br \/>\n<a href=\"https:\/\/agora.xtec.cat\/zerelsio\/wp-content\/uploads\/usu567\/2024\/01\/bombolles.png\"><\/a><br \/>\nBombolla 1: Pressupost: creaci\u00f3, partides, liquidaci\u00f3. (setmana 15-18\/1\/24)<\/p>\n<p>Bombolla 2: Contractes: conceptes b\u00e0sics, procediments de contractaci\u00f3, el contracte menor. (setmana 22-25\/1\/24)<\/p>\n<p>Bombolla 3: Esfer@ avan\u00e7at I: novetats, tresoreria, codi finalista, obligacions&hellip;  <a href=\"https:\/\/agora.xtec.cat\/zerelsio\/zer\/gestio-economica-i-administrativa\/\" title=\"Read Gesti\u00f3 eco. i adm.\">Llegeix m\u00e9s\u00bb<\/a><\/p>\n","protected":false},"author":3,"featured_media":0,"parent":19,"menu_order":25,"comment_status":"closed","ping_status":"closed","template":"page-templates\/side-menu.php","meta":{"_bbp_topic_count":0,"_bbp_reply_count":0,"_bbp_total_topic_count":0,"_bbp_total_reply_count":0,"_bbp_voice_count":0,"_bbp_anonymous_reply_count":0,"_bbp_topic_count_hidden":0,"_bbp_reply_count_hidden":0,"_bbp_forum_subforum_count":0,"footnotes":""},"class_list":["post-3420","page","type-page","status-publish","hentry"],"post_mailing_queue_ids":[],"_links":{"self":[{"href":"https:\/\/agora.xtec.cat\/zerelsio\/wp-json\/wp\/v2\/pages\/3420","targetHints":{"allow":["GET"]}}],"collection":[{"href":"https:\/\/agora.xtec.cat\/zerelsio\/wp-json\/wp\/v2\/pages"}],"about":[{"href":"https:\/\/agora.xtec.cat\/zerelsio\/wp-json\/wp\/v2\/types\/page"}],"author":[{"embeddable":true,"href":"https:\/\/agora.xtec.cat\/zerelsio\/wp-json\/wp\/v2\/users\/3"}],"replies":[{"embeddable":true,"href":"https:\/\/agora.xtec.cat\/zerelsio\/wp-json\/wp\/v2\/comments?post=3420"}],"version-history":[{"count":5,"href":"https:\/\/agora.xtec.cat\/zerelsio\/wp-json\/wp\/v2\/pages\/3420\/revisions"}],"predecessor-version":[{"id":14745,"href":"https:\/\/agora.xtec.cat\/zerelsio\/wp-json\/wp\/v2\/pages\/3420\/revisions\/14745"}],"up":[{"embeddable":true,"href":"https:\/\/agora.xtec.cat\/zerelsio\/wp-json\/wp\/v2\/pages\/19"}],"wp:attachment":[{"href":"https:\/\/agora.xtec.cat\/zerelsio\/wp-json\/wp\/v2\/media?parent=3420"}],"curies":[{"name":"wp","href":"https:\/\/api.w.org\/{rel}","templated":true}]}}