{"id":261,"date":"2015-07-20T13:05:00","date_gmt":"2015-07-20T12:05:00","guid":{"rendered":"http:\/\/agora.xtec.cat\/zerelsio\/?page_id=261"},"modified":"2025-07-15T12:21:48","modified_gmt":"2025-07-15T10:21:48","slug":"normativa","status":"publish","type":"page","link":"https:\/\/agora.xtec.cat\/zerelsio\/tauler_anuncis\/normativa\/","title":{"rendered":"Normativa"},"content":{"rendered":"<h1><span style=\"color: #ff0000;\">Documents d&#8217;organitzaci\u00f3 i gesti\u00f3.<\/span><\/h1>\n<p><a href=\"https:\/\/espai.educacio.gencat.cat\/Normativa\/DOIGC\/Pagines\/default.aspx\"><img decoding=\"async\" src=\"http:\/\/agora.xtec.cat\/zerelsio\/wp-content\/uploads\/usu567\/2018\/07\/normativa.jpg\" alt=\"\" \/><\/a><\/p>\n<p><a href=\"https:\/\/agora.xtec.cat\/zerelsio\/wp-content\/uploads\/usu567\/2025\/07\/cooltext485687808167408.png\"><img loading=\"lazy\" decoding=\"async\" class=\"alignnone size-full wp-image-17493\" src=\"https:\/\/agora.xtec.cat\/zerelsio\/wp-content\/uploads\/usu567\/2025\/07\/cooltext485687808167408.png\" alt=\"\" width=\"802\" height=\"141\" srcset=\"https:\/\/agora.xtec.cat\/zerelsio\/wp-content\/uploads\/usu567\/2025\/07\/cooltext485687808167408.png 802w, https:\/\/agora.xtec.cat\/zerelsio\/wp-content\/uploads\/usu567\/2025\/07\/cooltext485687808167408-300x53.png 300w, https:\/\/agora.xtec.cat\/zerelsio\/wp-content\/uploads\/usu567\/2025\/07\/cooltext485687808167408-768x135.png 768w\" sizes=\"auto, (max-width: 802px) 100vw, 802px\" \/><\/a><\/p>\n<p><a href=\"https:\/\/espai.educacio.gencat.cat\/Normativa\/DOIGC\/Pagines\/default.aspx\"><img loading=\"lazy\" decoding=\"async\" class=\"alignnone size-full wp-image-17561\" src=\"https:\/\/agora.xtec.cat\/zerelsio\/wp-content\/uploads\/usu567\/2025\/07\/documents.png\" alt=\"\" width=\"882\" height=\"618\" srcset=\"https:\/\/agora.xtec.cat\/zerelsio\/wp-content\/uploads\/usu567\/2025\/07\/documents.png 882w, https:\/\/agora.xtec.cat\/zerelsio\/wp-content\/uploads\/usu567\/2025\/07\/documents-300x210.png 300w, https:\/\/agora.xtec.cat\/zerelsio\/wp-content\/uploads\/usu567\/2025\/07\/documents-768x538.png 768w\" sizes=\"auto, (max-width: 882px) 100vw, 882px\" \/><\/a><\/p>\n<ul>\n<li><a href=\"https:\/\/espai.educacio.gencat.cat\/Normativa\/DOIGC\/Ambit-Gestio\/Pagines\/default.aspx\" target=\"_blank\" rel=\"noopener\"><strong>Gesti\u00f3 del centre<\/strong><\/a><\/li>\n<li><a href=\"https:\/\/espai.educacio.gencat.cat\/Normativa\/DOIGC\/Ambit-Projecte\/Pagines\/default.aspx\" target=\"_blank\" rel=\"noopener\"><strong>Projecte educatiu de centre<\/strong><\/a><\/li>\n<li><a href=\"https:\/\/espai.educacio.gencat.cat\/Normativa\/DOIGC\/Ambit-Curriculum\/Pagines\/default.aspx\" target=\"_blank\" rel=\"noopener\"><strong>Curr\u00edculum<\/strong><\/a><\/li>\n<li><a href=\"https:\/\/espai.educacio.gencat.cat\/Normativa\/DOIGC\/Ambit-Organitzacio\/Pagines\/default.aspx\" target=\"_blank\" rel=\"noopener\"><strong>Organitzaci\u00f3 del centre<\/strong><\/a><\/li>\n<\/ul>\n<p><a href=\"https:\/\/espai.educacio.gencat.cat\/Normativa\/DOIGC\/Pagines\/documents-pdf.aspx\">Aplicatiu<\/a>.<\/p>\n<p><iframe loading=\"lazy\" src=\"https:\/\/drive.google.com\/file\/d\/1uG1hbJ0p7EEyiZkgrPwz7AdKoTGJztIW\/preview\" width=\"640\" height=\"480\"><\/iframe><\/p>\n<p><em>Els nostres documents, s\u00f3n documents vius; perqu\u00e8 estan en proc\u00e9s d&#8217;actualitzaci\u00f3, d&#8217;adaptaci\u00f3 i de millora permanent.<\/em><\/p>\n<ul>\n<li style=\"list-style-type: none;\">\n<ul>\n<li>\n<h5><a href=\"https:\/\/portaljuridic.gencat.cat\/ca\/document-del-pjur\/?documentId=127345\">DECRET 198\/1996, de 12 de juny<\/a><span style=\"color: #ff0000;\">, pel qual s&#8217;aprova el reglament org\u00e0nic dels centres docents p\u00fablics que imparteixen educaci\u00f3 infantil i prim\u00e0ria.<\/span><\/h5>\n<\/li>\n<li>\n<h5><a href=\"https:\/\/portaljuridic.gencat.cat\/ca\/document-del-pjur\/?documentId=140833&amp;traceability=01&amp;language=ca\">ORDRE de 12 de mar\u00e7 de 1997<\/a><span style=\"color: #ff0000;\">, per la qual es regula l&#8217;adaptaci\u00f3 de les zones escolars rurals ja existents i la creaci\u00f3 de noves a les disposicions del Decret 198\/1996, de 12 de juny, pel qual s&#8217;aprova el Reglament org\u00e0nic dels centres docents p\u00fablics que imparteixen educaci\u00f3 infantil i prim\u00e0ria.<\/span><\/h5>\n<\/li>\n<li>\n<h5><a href=\"https:\/\/www.boe.es\/buscar\/act.php?id=BOE-A-2006-7899\">LLEI ORG\u00c0NICA 2\/2006<\/a><span style=\"color: #ff0000;\">, de 3 de maig, d\u2019<a href=\"https:\/\/www.boe.es\/boe_catalan\/dias\/2006\/05\/16\/pdfs\/A01294-01341.pdf\">educaci\u00f3<\/a>.<\/span><\/h5>\n<\/li>\n<li>\n<h5><span style=\"color: #ff0000;\"><a href=\"https:\/\/portaljuridic.gencat.cat\/ca\/document-del-pjur\/?documentId=516475\">DECRET 181\/2008<\/a>, de 9 de setembre, pel qual s&#8217;estableix l&#8217;ordenaci\u00f3 dels ensenyaments del segon cicle de l&#8217;educaci\u00f3 infantil.<\/span><\/h5>\n<\/li>\n<li>\n<h5><span style=\"color: #ff0000;\"><a href=\"http:\/\/portaljuridic.gencat.cat\/ca\/pjur_ocults\/pjur_resultats_fitxa\/?action=fitxa&amp;mode=single&amp;documentId=480169&amp;language=ca_ES#fragment-1182449\">LLEI 12\/2009<\/a>, 10 de juliol, <a href=\"http:\/\/dogc.gencat.cat\/ca\/pdogc_canals_interns\/pdogc_resultats_fitxa\/?documentId=480169&amp;language=ca_ES&amp;action=fitxa\">LEC<\/a>.<\/span><\/h5>\n<\/li>\n<li>\n<h5><span style=\"color: #ff0000;\"><a href=\"http:\/\/portaljuridic.gencat.cat\/ca\/pjur_ocults\/pjur_resultats_fitxa\/?action=fitxa&amp;mode=single&amp;documentId=545262&amp;language=ca_ES\">DECRET 102\/2010<\/a>, de 3 d&#8217;agost, d&#8217;<a href=\"http:\/\/portaldogc.gencat.cat\/utilsEADOP\/PDF\/5686\/1108859.pdf\">autonomia<\/a> dels centres educatius.<\/span><\/h5>\n<\/li>\n<li>\n<h5 class=\"titol\"><span style=\"color: #ff0000;\"><a href=\"http:\/\/portaljuridic.gencat.cat\/ca\/pjur_ocults\/pjur_resultats_fitxa\/?documentId=563091&amp;action=fitxa\">DECRET 155\/2010<\/a>, de 2 de novembre, de la direcci\u00f3 dels centres educatius p\u00fablics i del personal directiu professional docent.<\/span><\/h5>\n<\/li>\n<li>\n<h5 class=\"titol-document\"><span style=\"color: #ff0000;\"><a href=\"https:\/\/portaljuridic.gencat.cat\/ca\/document-del-pjur\/?documentId=615777\">ORDRE ENS\/248\/2012<\/a>, de 20 d&#8217;agost, per la qual s&#8217;estableixen els requisits i el procediment per recon\u00e8ixer activitats de formaci\u00f3 permanent adre\u00e7ades al professorat d&#8217;ensenyament no universitari.<\/span><\/h5>\n<\/li>\n<li>\n<h5><a href=\"https:\/\/repositori.educacio.gencat.cat\/handle\/20.500.12694\/1408#page=1\">RESOLUCI\u00d3<\/a> <span style=\"color: #ff0000;\">de 20 de febrer de 2014,<\/span> <span style=\"color: #ff6600;\">que estableix el marc per a Ia formalitzaci\u00f3 d<a href=\"https:\/\/repositori.educacio.gencat.cat\/handle\/20.500.12694\/1408#page=1\">\u2019acords de coresponsabilitat<\/a> amb els centres educatius de titularitat de Ia Generalitat de Catalunya, per a l\u2019aplicaci\u00f3 del projecte educatiu del centre d\u2019acord amb el projecte de direcci\u00f3 (20.02.2014).<\/span><\/h5>\n<\/li>\n<li>\n<h5><a href=\"http:\/\/portaljuridic.gencat.cat\/ca\/pjur_ocults\/pjur_resultats_fitxa\/?action=fitxa&amp;documentId=658349\">DECRET 39\/2014<\/a><em>, <\/em><span style=\"color: #ff0000;\">de 25 de mar\u00e7, pel qual es regulen els <a style=\"color: #ff0000;\" href=\"http:\/\/portaljuridic.gencat.cat\/ca\/pjur_ocults\/pjur_resultats_fitxa\/?action=fitxa&amp;documentId=658349\">procediments per definir el perfil i la provisi\u00f3 dels llocs de treball docents<\/a>.<\/span><\/h5>\n<\/li>\n<li>\n<h5 class=\"titol-document\"><a href=\"https:\/\/portaljuridic.gencat.cat\/ca\/document-del-pjur\/?documentId=686689\">DECRET 29\/2015<\/a>, <span style=\"color: #ff0000;\">de 3 de mar\u00e7, de modificaci\u00f3 del Decret 155\/2010, de 2 de novembre, de la direcci\u00f3 dels centres educatius p\u00fablics i del personal directiu professional docent.<\/span><\/h5>\n<\/li>\n<li>\n<h5><a href=\"http:\/\/portaldogc.gencat.cat\/utilsEADOP\/PDF\/7148\/1508505.pdf\">ORDRE ENS\/164\/2016<\/a><span style=\"color: #ff0000;\">, de 14 de juny,\u00a0per la qual es determinen el procediment i els documents i requisits formals del proc\u00e9s d&#8217;avaluaci\u00f3 en l&#8217;educaci\u00f3 prim\u00e0ria.<\/span><\/h5>\n<\/li>\n<li>\n<h5 class=\"titol\"><a href=\"http:\/\/dogc.gencat.cat\/ca\/pdogc_canals_interns\/pdogc_resultats_fitxa\/?action=fitxa&amp;mode=single&amp;documentId=781530&amp;language=ca_ES\">RESOLUCI\u00d3 ENS\/585\/2017<\/a><span style=\"color: #ff0000;\">, de 17 de mar\u00e7, per la qual s&#8217;estableix l&#8217;elaboraci\u00f3 i la implementaci\u00f3 del Projecte de Conviv\u00e8ncia en els centres educatius dins el marc del Projecte Educatiu de Centre.<\/span><\/h5>\n<\/li>\n<li>\n<h5><span style=\"color: #ff0000;\"><a href=\"http:\/\/portaldogc.gencat.cat\/utilsEADOP\/PDF\/7477\/1639866.pdf\">DECRET\u00a0150\/2017<\/a>, 17 d&#8217;octubre, de l&#8217;atenci\u00f3 educativa a l&#8217;alumnat en el marc d&#8217;un <a href=\"http:\/\/ensenyament.gencat.cat\/ca\/canals\/sistema-educatiu-inclusiu\/\">sistema educatiu inclusiu<\/a>. <a href=\"http:\/\/ensenyament.gencat.cat\/web\/.content\/home\/departament\/publicacions\/a-cop-ull\/decret-inclusiu.pdf\">A cop d&#8217;ull!<\/a><br \/>\n<\/span><\/h5>\n<\/li>\n<li>\n<h5><a href=\"http:\/\/apdcat.gencat.cat\/web\/.content\/04-actualitat\/menors-i-joves\/documents\/GUIA-ESCOLES-2018-PAUTESv2.pdf\">Pautes de protecci\u00f3 de dades per a centres educatius<\/a>.<\/h5>\n<\/li>\n<li>\n<h5><a href=\"https:\/\/docs.google.com\/presentation\/d\/1CM78ne3VtM_UAHmw_gH7M9hTh5XHXWR-MwdUA45evCA\/edit?pli=1\">Protecci\u00f3 de dades de car\u00e0cter personal als centres educatius<\/a>. <a href=\"http:\/\/educacio.gencat.cat\/documents\/IPCDepartament\/ProteccioDades\/Centres\/recomanacions_lopd.pdf\">Recomanacions<\/a>. <a href=\"http:\/\/www.tudecideseninternet.es\/agpd1\/images\/guias\/GuiaCentros\/GuiaCentrosEducativos.pdf\">AEPD<\/a>.<\/h5>\n<\/li>\n<li>\n<h5><a href=\"https:\/\/www.boe.es\/boe_catalan\/dias\/2018\/12\/06\/pdfs\/BOE-A-2018-16673-C.pdf\">Llei org\u00e0nica 3\/2018<\/a>, <span style=\"color: #ff0000;\">de 5 de desembre, de protecci\u00f3 de dades personals i garantia dels drets digitals.<\/span><\/h5>\n<\/li>\n<li>\n<h5 class=\"titol-document\"><a href=\"https:\/\/portaljuridic.gencat.cat\/ca\/document-del-pjur\/?documentId=873958\">ORDRE EDU\/67\/2020<\/a>, <span style=\"color: #ff0000;\">de 26 de maig, del procediment d&#8217;implantaci\u00f3 dels ensenyaments de primer cicle d&#8217;educaci\u00f3 infantil a les escoles rurals.<\/span><\/h5>\n<\/li>\n<li>\n<h5><a href=\"https:\/\/dogc.gencat.cat\/ca\/document-del-dogc\/?documentId=878543\">RESOLUCI\u00d3 EDU\/1753\/2020<\/a>, <span style=\"color: #ff0000;\">de 16 de juliol, per la qual es modifica la Resoluci\u00f3 ENS\/585\/2017, de 17 de mar\u00e7, per la qual s&#8217;estableix l&#8217;elaboraci\u00f3 i la implementaci\u00f3 del Projecte de Conviv\u00e8ncia en els centres educatius dins del marc del Projecte Educatiu de Centre<\/span>.<\/h5>\n<\/li>\n<li>\n<h5><span style=\"color: #ff0000;\"><a href=\"https:\/\/portaldogc.gencat.cat\/utilsEADOP\/PDF\/8195\/1900981.pdf\">El Decret 76\/2020<\/a>, de 4 d&#8217;agost, d&#8217;Administraci\u00f3 digital.<\/span><\/h5>\n<\/li>\n<li>\n<h5><a href=\"https:\/\/www.boe.es\/boe_catalan\/dias\/2020\/12\/30\/pdfs\/BOE-A-2020-17264-C.pdf\">Llei org\u00e0nica 3\/2020,<\/a> <span style=\"color: #ff0000;\">de 29 de desembre, per la qual es modifica la Llei <\/span><span style=\"color: #ff0000;\">org\u00e0nica 2\/2006, de 3 de maig, d\u2019educaci\u00f3<\/span>. LOMLOE.<\/h5>\n<\/li>\n<li>\n<h5><a href=\"https:\/\/dogc.gencat.cat\/ca\/document-del-dogc\/?documentId=893962\">ORDRE EDU\/39\/2021,<\/a> <span style=\"color: #ff0000;\">de 16 de febrer, per la qual s\u2019estableix el desenvolupament de les<\/span> <a href=\"https:\/\/dogc.gencat.cat\/ca\/document-del-dogc\/?documentId=893962\">pr\u00e0ctiques<\/a>&#8230;<\/h5>\n<\/li>\n<li>\n<h5><a href=\"http:\/\/educacio.gencat.cat\/web\/.content\/home\/departament\/publicacions\/monografies\/escoles-lliures-violencies\/escoles-lliures-violencies.pdf\">Escoles lliures de viol\u00e8ncia<\/a>. LOPIVI.<\/h5>\n<\/li>\n<li>\n<h5><span style=\"color: #ff0000;\"><a href=\"https:\/\/dogc.gencat.cat\/ca\/document-del-dogc\/?documentId=893678\">DECRET 11\/2021<\/a>, de 16 de febrer, de la programaci\u00f3 de l&#8217;oferta educativa i del procediment d&#8217;admissi\u00f3 en els centres del Servei d&#8217;Educaci\u00f3 de Catalunya<\/span>.<\/h5>\n<\/li>\n<li>\n<h5><a href=\"https:\/\/www.boe.es\/diario_boe\/txt.php?id=BOE-A-2021-9347\" target=\"_blank\" rel=\"noopener\"><span class=\"list-group-item-wrapper-content\">Llei Org\u00e0nica 8\/2021, de 4 de juny, <span style=\"color: #ff0000;\">de protecci\u00f3 integral a la inf\u00e0ncia i l&#8217;adolesc\u00e8ncia davant de la viol\u00e8ncia<\/span><\/span><\/a>. LOPIVI.<\/h5>\n<\/li>\n<li>\n<h5><span style=\"color: #ff0000;\"><a href=\"https:\/\/dogc.gencat.cat\/ca\/document-del-dogc\/?documentId=903967\">RESOLUCI\u00d3 EDU\/1852\/2021<\/a>, d&#8217;11 de juny, per la qual s&#8217;estableixen els criteris per a la utilitzaci\u00f3 del<br \/>\nprocediment de selecci\u00f3 de candidats per part de les direccions dels centres, el procediment telem\u00e0tic per a la comunicaci\u00f3 de llocs vacants o substitucions i la selecci\u00f3 de personal inter\u00ed docent, i el barem de valoraci\u00f3 dels m\u00e8rits<\/span><\/h5>\n<\/li>\n<li>\n<h5><span style=\"color: #ff0000;\"><a href=\"https:\/\/www.boe.es\/buscar\/act.php?id=BOE-A-2022-3296\">Reial Decret 157\/2022<\/a>, 1 de mar\u00e7, per la qual s&#8217;estableixen l&#8217;ordenaci\u00f3 i els ensenyaments m\u00ednims de l&#8217;educaci\u00f3 prim\u00e0ria.<\/span><\/h5>\n<\/li>\n<li>\n<h5><span style=\"color: #ff0000;\"><a href=\"https:\/\/cido.diba.cat\/legislacio\/13178701\/ordre-edu612022-de-6-dabril-de-les-juntes-de-directores-i-directors-dels-centres-educatius-publics-departament-deducacio\">Ordre EDU\/61\/2022<\/a>, de 6 d&#8217;abril, de les juntes de directores i directors dels centres educatius p\u00fablics<\/span><\/h5>\n<\/li>\n<li>\n<h5><span style=\"color: #ff0000;\"><a href=\"https:\/\/portaljuridic.gencat.cat\/eli\/es-ct\/dl\/2022\/05\/30\/6\">DECRET LLEI 6\/2022<\/a>, de 30 de maig, pel qual es fixen els criteris aplicables a l&#8217;elaboraci\u00f3, l&#8217;aprovaci\u00f3, la validaci\u00f3 i la revisi\u00f3 dels projectes ling\u00fc\u00edstics dels centres educatius.<\/span><\/h5>\n<\/li>\n<li>\n<h5><a href=\"https:\/\/dogc.gencat.cat\/ca\/document-del-dogc\/?documentId=938401\">DECRET 175\/2022<\/a><span style=\"color: #ff0000;\">, de 27 de setembre, d&#8217;ordenaci\u00f3 dels ensenyaments de l&#8217;educaci\u00f3 b\u00e0sica.<\/span><\/h5>\n<\/li>\n<li>\n<h5><span style=\"color: #ff0000;\"><a href=\"https:\/\/documents.espai.educacio.gencat.cat\/IPCNormativa\/DisposicionsInternes\/20230203-Resolucio-Acreditacio-Comptencia-Digital.pdf\">Resoluci\u00f3, de 3 de febrer de 2023<\/a>, per la qual es defineixen les modalitats i els procediments d\u2019acreditaci\u00f3 de la compet\u00e8ncia digital docent.<\/span><\/h5>\n<\/li>\n<li>\n<h5><span style=\"color: #ff0000;\"><a href=\"https:\/\/drive.google.com\/file\/d\/1KQfOgeeaSK5gKkgNDeh_GZz1eESVXy8b\/view?usp=sharing\">DECRET 21\/2023, de 7 de febrer<\/a>, d&#8217;ordenaci\u00f3 dels ensenyaments de l&#8217;educaci\u00f3 infantil.<\/span><\/h5>\n<\/li>\n<li>\n<h5><a href=\"https:\/\/dogc.gencat.cat\/ca\/document-del-dogc\/?documentId=968370\">RESOLUCI\u00d3 EDU\/3139\/2023<\/a><span style=\"color: #ff0000;\">,<\/span> <span style=\"color: #ff0000;\">de 12 de setembre, per la qual es regula el Pla de millora d&#8217;oportunitats educatives (PMOE) durant el curs 2023-2024, en el marc de les mesures adoptades pel Departament d&#8217;Educaci\u00f3 per refor\u00e7ar els centres educatius amb m\u00e9s complexitat i vulnerabilitat educativa, al qual s&#8217;integra el Programa del Ministeri d&#8217;Educaci\u00f3 i Formaci\u00f3 Professional de cooperaci\u00f3 territorial per a l&#8217;orientaci\u00f3, l&#8217;aven\u00e7 i l&#8217;enriquiment educatiu PROA+<\/span><\/h5>\n<\/li>\n<li>\n<h5><a href=\"https:\/\/dogc.gencat.cat\/ca\/document-del-dogc\/?documentId=974750\">RESOLUCI\u00d3 EDU\/4351\/2023<\/a><span style=\"color: #ff0000;\">, de 20 de desembre, per la qual es convoca concurs de m\u00e8rits per seleccionar el director o la directora de diversos centres educatius dependents del Departament d&#8217;Educaci\u00f3.<\/span><\/h5>\n<\/li>\n<li>\n<h5><a href=\"https:\/\/dogc.gencat.cat\/ca\/document-del-dogc\/?documentId=985875\">DECRET 91\/2024<\/a><span style=\"color: #ff0000;\">, de 14 de maig, del r\u00e8gim ling\u00fc\u00edstic del sistema educatiu no universitari.<\/span><\/h5>\n<div>\n<div>\n<div><\/div>\n<\/div>\n<\/div>\n<\/li>\n<li>\n<h5><a href=\"https:\/\/dogc.gencat.cat\/ca\/document-del-dogc\/?documentId=1002337\">DECRET 480\/2024<\/a><span style=\"color: #ff0000;\">,<\/span> <span style=\"color: #ff0000;\">de 17 de desembre, de modificaci\u00f3 del Decret 175\/2022, de 27 de setembre, d&#8217;ordenaci\u00f3 dels ensenyaments de l&#8217;educaci\u00f3 b\u00e0sica.<\/span><\/h5>\n<\/li>\n<li>&#8230;<\/li>\n<\/ul>\n<\/li>\n<\/ul>\n<h1><span style=\"color: #ff0000;\">DOCUMENTACI\u00d3 ZER<\/span><\/h1>\n<p><iframe loading=\"lazy\" src=\"https:\/\/drive.google.com\/file\/d\/1D4CBrbf_nOoAsoGivSt1rYn3k--11Ns4\/preview\" width=\"640\" height=\"480\"><\/iframe><\/p>\n<h1><span style=\"color: #ff0000;\">PROTOCOLS D&#8217;ACTUACI\u00d3<\/span><\/h1>\n<p><a href=\"https:\/\/espai.educacio.gencat.cat\/Recursos\/Cataleg-protocols\/Pagines\/default.aspx\">https:\/\/espai.educacio.gencat.cat\/Recursos\/Cataleg-protocols\/Pagines\/default.aspx<\/a><\/p>\n<h1><span style=\"color: #ff0000;\">APLICATIUS<\/span><\/h1>\n<p><a href=\"https:\/\/educacio.gencat.cat\/portal-centre\/acces-aplicacions-centres-educatius\/\">https:\/\/educacio.gencat.cat\/portal-centre\/acces-aplicacions-centres-educatius\/<\/a><\/p>\n<ul class=\"col-sm-12 llistat_enllacos_filet_cont list-group one-column separador llista-redimensionada\" style=\"list-style-type: square;\">\n<li style=\"list-style-type: none;\">\n<ul class=\"col-sm-12 llistat_enllacos_filet_cont list-group one-column separador llista-redimensionada\" style=\"list-style-type: square;\">\n<li class=\"destacat_noticies list-group-item clearfix fila_0 primer-dret\">\n<div class=\"destacat_noticies_cont no-imatge\">\n<p><a title=\"BORPAS\" href=\"http:\/\/aplicacions.gestioeducativa.gencat.cat\/e13_borpas\" target=\"_blank\" rel=\"noopener\"><span class=\"list-group-item-wrapper-content\">BORPAS<\/span>\u00a0<\/a><\/p>\n<\/div>\n<\/li>\n<li class=\"destacat_noticies list-group-item clearfix fila_1\">\n<div class=\"destacat_noticies_cont no-imatge\">\n<p><a title=\"ECND\" href=\"https:\/\/aplicacions.gestioeducativa.gencat.cat\/pls\/e13_ecnd\/inici\" target=\"_blank\" rel=\"noopener\"><span class=\"list-group-item-wrapper-content\">ECND<\/span><\/a><\/p>\n<\/div>\n<\/li>\n<li class=\"destacat_noticies list-group-item clearfix fila_2\">\n<div class=\"destacat_noticies_cont no-imatge\">\n<p><a title=\"ESFERA\" href=\"https:\/\/bfgh.aplicacions.ensenyament.gencat.cat\/bfgh\" target=\"_blank\" rel=\"noopener\"><span class=\"list-group-item-wrapper-content\">ESFERA<\/span>\u00a0<\/a><\/p>\n<\/div>\n<\/li>\n<li class=\"destacat_noticies list-group-item clearfix fila_3\">\n<div class=\"destacat_noticies_cont no-imatge\">\n<p><a title=\"GEA - Admissi\u00f3 al llarg del curs\" href=\"https:\/\/aplicacions.gestioeducativa.gencat.cat\/pls\/apex\/f?p=2021007\" target=\"_blank\" rel=\"noopener\"><span class=\"list-group-item-wrapper-content\">GEA &#8211; Admissi\u00f3 al llarg del curs<\/span>\u00a0<\/a><\/p>\n<\/div>\n<\/li>\n<li class=\"destacat_noticies list-group-item clearfix fila_4\">\n<div class=\"destacat_noticies_cont no-imatge\">\n<p><a title=\"GEDAC\" href=\"https:\/\/aplicacions.gestioeducativa.gencat.cat\/pls\/apex\/f?p=GEDAC\" target=\"_blank\" rel=\"noopener\"><span class=\"list-group-item-wrapper-content\">GEDAC<\/span>\u00a0<\/a><\/p>\n<\/div>\n<\/li>\n<li class=\"destacat_noticies list-group-item clearfix fila_5\">\n<div class=\"destacat_noticies_cont no-imatge\">\n<p><a title=\"GCONCERT\" href=\"https:\/\/aplicacions.gestioeducativa.gencat.cat\/e13_gcon\" target=\"_blank\" rel=\"noopener\"><span class=\"list-group-item-wrapper-content\">GCONCERT<\/span>\u00a0<\/a><\/p>\n<\/div>\n<\/li>\n<li class=\"destacat_noticies list-group-item clearfix fila_6\">\n<div class=\"destacat_noticies_cont no-imatge\">\n<p><a title=\"GEL\" href=\"https:\/\/aplicacions.gestioeducativa.gencat.cat\/pls\/apex\/f?p=GEL\" target=\"_blank\" rel=\"noopener\"><span class=\"list-group-item-wrapper-content\">GEL<\/span>\u00a0<\/a><\/p>\n<\/div>\n<\/li>\n<li class=\"destacat_noticies list-group-item clearfix fila_7\">\n<div class=\"destacat_noticies_cont no-imatge\">\n<p><a title=\"GTAF\" href=\"https:\/\/aplicacions.gestioeducativa.gencat.cat\/pls\/gtaf\/inici\" target=\"_blank\" rel=\"noopener\"><span class=\"list-group-item-wrapper-content\">GTAF<\/span>\u00a0<\/a><a title=\"GUAC\" href=\"http:\/\/aplicacions.gestioeducativa.gencat.cat\/pls\/apex\/f?p=GUAC\" target=\"_blank\" rel=\"noopener\"><span class=\"list-group-item-wrapper-content\">GUAC<\/span>\u00a0<\/a><\/p>\n<\/div>\n<\/li>\n<li class=\"destacat_noticies list-group-item clearfix fila_9\">\n<div class=\"destacat_noticies_cont no-imatge\">\n<p><a title=\"OFE-EDU\" href=\"http:\/\/aplicacions.gestioeducativa.gencat.cat\/pls\/apex\/f?p=OFE_EDU\" target=\"_blank\" rel=\"noopener\"><span class=\"list-group-item-wrapper-content\">OFE-EDU<\/span>\u00a0<\/a><\/p>\n<\/div>\n<\/li>\n<li class=\"destacat_noticies list-group-item clearfix fila_10\">\n<div class=\"destacat_noticies_cont no-imatge\">\n<p><a title=\"PDI\" href=\"http:\/\/aplicacions.gestioeducativa.gencat.cat\/pls\/apex\/f?p=2013009\" target=\"_blank\" rel=\"noopener\"><span class=\"list-group-item-wrapper-content\">PDI<\/span>\u00a0<\/a><\/p>\n<\/div>\n<\/li>\n<li class=\"destacat_noticies list-group-item clearfix fila_11\">\n<div class=\"destacat_noticies_cont no-imatge\">\n<p><a title=\"RALC\" href=\"https:\/\/aplicacions.gestioeducativa.gencat.cat\/pls\/apex\/f?p=RALC\" target=\"_blank\" rel=\"noopener\"><span class=\"list-group-item-wrapper-content\">RALC<\/span><\/a><\/p>\n<\/div>\n<\/li>\n<li class=\"destacat_noticies list-group-item clearfix fila_12\">\n<div class=\"destacat_noticies_cont no-imatge\">\n<p><a title=\"RECE - Gesti\u00f3 de les eleccions als consells escolars\" href=\"https:\/\/aplicacions.gestioeducativa.gencat.cat\/pls\/apex\/f?p=2010031\" target=\"_blank\" rel=\"noopener\"><span class=\"list-group-item-wrapper-content\">RECE &#8211; Gesti\u00f3 de les eleccions als consells escolars<\/span>\u00a0<\/a><\/p>\n<\/div>\n<\/li>\n<li class=\"destacat_noticies list-group-item clearfix fila_13 ultim-esq\">\n<div class=\"destacat_noticies_cont no-imatge\">\n<p><a title=\"SAGA\" href=\"https:\/\/saga.xtec.cat\/entrada\/nodes\" target=\"_blank\" rel=\"noopener\"><span class=\"list-group-item-wrapper-content\">SAGA<\/span><\/a><\/p>\n<\/div>\n<\/li>\n<li class=\"destacat_noticies list-group-item clearfix fila_13 ultim-esq\">\n<div class=\"destacat_noticies_cont no-imatge\">\n<p><a href=\"https:\/\/aplicacions.gestioeducativa.gencat.cat\/pls\/e13_ecnd\/inici\"><span class=\"list-group-item-wrapper-content\">C\u00e0rrec no directius<\/span><\/a><\/p>\n<\/div>\n<\/li>\n<li class=\"destacat_noticies list-group-item clearfix fila_13 ultim-esq\">\n<div class=\"destacat_noticies_cont no-imatge\"><a title=\"eCENTRES\" href=\"https:\/\/aplicacions.gestioeducativa.gencat.cat\/pls\/apex\/f?p=2021006:1:115490716274593:::::\" target=\"_blank\" rel=\"noopener\"><span class=\"list-group-item-wrapper-content\">eCENTRES<\/span>\u00a0<span class=\"sr-only\">(Obre en una nova finestra)<\/span><\/a><\/div>\n<\/li>\n<\/ul>\n<\/li>\n<\/ul>\n<p>Aplicaci\u00f3 dels centres educatius per accedir a les eines d&#8217;administraci\u00f3 digital<\/p>\n","protected":false},"excerpt":{"rendered":"<p>Documents d&#8217;organitzaci\u00f3 i gesti\u00f3.<br \/>\n<a href=\"https:\/\/espai.educacio.gencat.cat\/Normativa\/DOIGC\/Pagines\/default.aspx\"><\/a><br \/>\n<a href=\"https:\/\/agora.xtec.cat\/zerelsio\/wp-content\/uploads\/usu567\/2025\/07\/cooltext485687808167408.png\"><\/a><br \/>\n<a href=\"https:\/\/espai.educacio.gencat.cat\/Normativa\/DOIGC\/Pagines\/default.aspx\"><\/a><\/p>\n<ul>\n<li><a href=\"https:\/\/espai.educacio.gencat.cat\/Normativa\/DOIGC\/Ambit-Gestio\/Pagines\/default.aspx\" target=\"_blank\" rel=\"noopener\">Gesti\u00f3 del centre<\/a><\/li>\n<li><a href=\"https:\/\/espai.educacio.gencat.cat\/Normativa\/DOIGC\/Ambit-Projecte\/Pagines\/default.aspx\" target=\"_blank\" rel=\"noopener\">Projecte educatiu de centre<\/a><\/li>\n<li><a href=\"https:\/\/espai.educacio.gencat.cat\/Normativa\/DOIGC\/Ambit-Curriculum\/Pagines\/default.aspx\" target=\"_blank\" rel=\"noopener\">Curr\u00edculum<\/a><\/li>\n<li><a href=\"https:\/\/espai.educacio.gencat.cat\/Normativa\/DOIGC\/Ambit-Organitzacio\/Pagines\/default.aspx\" target=\"_blank\" rel=\"noopener\">Organitzaci\u00f3 del centre<\/a><\/li>\n<\/ul>\n<p><a href=\"https:\/\/espai.educacio.gencat.cat\/Normativa\/DOIGC\/Pagines\/documents-pdf.aspx\">Aplicatiu<\/a>.<\/p>\n<p>Els nostres documents, s\u00f3n documents vius; perqu\u00e8 estan en proc\u00e9s d&#8217;actualitzaci\u00f3, d&#8217;adaptaci\u00f3 i de millora permanent.<\/p>\n<ul>\n<li style=\"list-style-type: none;\">\n<ul>\n<li>\n<a href=\"https:\/\/portaljuridic.gencat.cat\/ca\/document-del-pjur\/?documentId=127345\">DECRET&hellip;  <a href=\"https:\/\/agora.xtec.cat\/zerelsio\/tauler_anuncis\/normativa\/\" title=\"Read Normativa\">Llegeix m\u00e9s\u00bb<\/a><\/p>\n","protected":false},"author":1,"featured_media":0,"parent":264,"menu_order":5,"comment_status":"closed","ping_status":"closed","template":"page-templates\/side-menu.php","meta":{"_bbp_topic_count":0,"_bbp_reply_count":0,"_bbp_total_topic_count":0,"_bbp_total_reply_count":0,"_bbp_voice_count":0,"_bbp_anonymous_reply_count":0,"_bbp_topic_count_hidden":0,"_bbp_reply_count_hidden":0,"_bbp_forum_subforum_count":0,"footnotes":""},"class_list":["post-261","page","type-page","status-publish","hentry"],"post_mailing_queue_ids":[],"_links":{"self":[{"href":"https:\/\/agora.xtec.cat\/zerelsio\/wp-json\/wp\/v2\/pages\/261","targetHints":{"allow":["GET"]}}],"collection":[{"href":"https:\/\/agora.xtec.cat\/zerelsio\/wp-json\/wp\/v2\/pages"}],"about":[{"href":"https:\/\/agora.xtec.cat\/zerelsio\/wp-json\/wp\/v2\/types\/page"}],"author":[{"embeddable":true,"href":"https:\/\/agora.xtec.cat\/zerelsio\/wp-json\/wp\/v2\/users\/1"}],"replies":[{"embeddable":true,"href":"https:\/\/agora.xtec.cat\/zerelsio\/wp-json\/wp\/v2\/comments?post=261"}],"version-history":[{"count":6,"href":"https:\/\/agora.xtec.cat\/zerelsio\/wp-json\/wp\/v2\/pages\/261\/revisions"}],"predecessor-version":[{"id":17562,"href":"https:\/\/agora.xtec.cat\/zerelsio\/wp-json\/wp\/v2\/pages\/261\/revisions\/17562"}],"up":[{"embeddable":true,"href":"https:\/\/agora.xtec.cat\/zerelsio\/wp-json\/wp\/v2\/pages\/264"}],"wp:attachment":[{"href":"https:\/\/agora.xtec.cat\/zerelsio\/wp-json\/wp\/v2\/media?parent=261"}],"curies":[{"name":"wp","href":"https:\/\/api.w.org\/{rel}","templated":true}]}}