{"id":2125,"date":"2018-08-17T14:00:16","date_gmt":"2018-08-17T12:00:16","guid":{"rendered":"http:\/\/agora.xtec.cat\/zerelsio\/?page_id=2125"},"modified":"2025-01-23T19:36:56","modified_gmt":"2025-01-23T18:36:56","slug":"etwinning","status":"publish","type":"page","link":"https:\/\/agora.xtec.cat\/zerelsio\/projectes\/etwinning\/","title":{"rendered":"eTwinning"},"content":{"rendered":"<p><a href=\"https:\/\/school-education.ec.europa.eu\/en\/etwinning\">&#8230;<img loading=\"lazy\" decoding=\"async\" class=\"alignnone size-full wp-image-11075\" src=\"https:\/\/agora.xtec.cat\/zerelsio\/wp-content\/uploads\/usu567\/2023\/01\/logo.jpg\" alt=\"\" width=\"300\" height=\"168\" \/><\/a><\/p>\n<p><a href=\"https:\/\/xtec.gencat.cat\/ca\/projectes\/plurilinguisme\/programes\/internacionals\/etwinning\/\">XTEC<\/a><\/p>\n<p><a href=\"https:\/\/agora.xtec.cat\/zerelsio\/wp-content\/uploads\/usu567\/2024\/06\/curs2024_2025.png\"><img loading=\"lazy\" decoding=\"async\" class=\"alignnone wp-image-14402\" src=\"https:\/\/agora.xtec.cat\/zerelsio\/wp-content\/uploads\/usu567\/2024\/06\/curs2024_2025.png\" alt=\"\" width=\"536\" height=\"92\" srcset=\"https:\/\/agora.xtec.cat\/zerelsio\/wp-content\/uploads\/usu567\/2024\/06\/curs2024_2025.png 728w, https:\/\/agora.xtec.cat\/zerelsio\/wp-content\/uploads\/usu567\/2024\/06\/curs2024_2025-300x52.png 300w\" sizes=\"auto, (max-width: 536px) 100vw, 536px\" \/><\/a><\/p>\n<p><iframe loading=\"lazy\" src=\"https:\/\/drive.google.com\/file\/d\/1LBh7C6O9Z9zyJO6-ij61S6_s-t87n8GF\/preview\" width=\"640\" height=\"480\"><span data-mce-type=\"bookmark\" style=\"display: inline-block; width: 0px; overflow: hidden; line-height: 0;\" class=\"mce_SELRES_start\">\ufeff<\/span><\/iframe><br \/>\n<iframe loading=\"lazy\" src=\"https:\/\/drive.google.com\/file\/d\/1ZPK6jr_jG8aSWgFoxqCD7KfOPRYEOBw6\/preview\" width=\"640\" height=\"480\"><\/iframe><\/p>\n<p><a href=\"https:\/\/agora.xtec.cat\/zerelsio\/wp-content\/uploads\/usu567\/2023\/06\/curs2023_2024.png\"><img loading=\"lazy\" decoding=\"async\" class=\"alignnone size-full wp-image-11957\" src=\"https:\/\/agora.xtec.cat\/zerelsio\/wp-content\/uploads\/usu567\/2023\/06\/curs2023_2024.png\" alt=\"\" width=\"539\" height=\"109\" srcset=\"https:\/\/agora.xtec.cat\/zerelsio\/wp-content\/uploads\/usu567\/2023\/06\/curs2023_2024.png 539w, https:\/\/agora.xtec.cat\/zerelsio\/wp-content\/uploads\/usu567\/2023\/06\/curs2023_2024-300x61.png 300w\" sizes=\"auto, (max-width: 539px) 100vw, 539px\" \/><\/a><\/p>\n<h1><span style=\"color: #339966;\">Logo<\/span><\/h1>\n<p><a href=\"https:\/\/agora.xtec.cat\/zerelsio\/general\/walking-together-step-by-step-for-a-better-world\/\"><img loading=\"lazy\" decoding=\"async\" class=\"alignnone size-full wp-image-14460\" src=\"https:\/\/agora.xtec.cat\/zerelsio\/wp-content\/uploads\/usu567\/2024\/06\/logo-1.png\" alt=\"\" width=\"487\" height=\"486\" srcset=\"https:\/\/agora.xtec.cat\/zerelsio\/wp-content\/uploads\/usu567\/2024\/06\/logo-1.png 487w, https:\/\/agora.xtec.cat\/zerelsio\/wp-content\/uploads\/usu567\/2024\/06\/logo-1-300x300.png 300w, https:\/\/agora.xtec.cat\/zerelsio\/wp-content\/uploads\/usu567\/2024\/06\/logo-1-150x150.png 150w\" sizes=\"auto, (max-width: 487px) 100vw, 487px\" \/><\/a><\/p>\n<h1><span style=\"color: #339966;\">S\u00edntesis<\/span><br \/>\n<iframe loading=\"lazy\" src=\"https:\/\/drive.google.com\/file\/d\/1TA6G8MpUToRoR1fgIFrfQv9uX2wLr1qy\/preview\" width=\"640\" height=\"480\"><\/iframe><br \/>\n<span style=\"color: #339966;\">Padlet<\/span><\/h1>\n<div class=\"padlet-slideshow-embed\" style=\"width: 720px; height: 480px;\">\n<p style=\"padding: 0; margin: 0; width: 100%; height: 100%;\"><iframe style=\"width: 100%; height: 100%; display: block; padding: 0; margin: 0;\" src=\"https:\/\/padlet.com\/embed\/4fhim5qrkvmjivf5\/slideshow?autoplay=0&amp;loop=0&amp;duration=auto\" frameborder=\"0\"><\/iframe><\/p>\n<\/div>\n<h1><span style=\"color: #339966;\">Treballs de la ZER<\/span><\/h1>\n<p><iframe loading=\"lazy\" src=\"https:\/\/drive.google.com\/file\/d\/1dCjJg1fQihip2Rh7ibxVJWLDgtf2dJ0E\/preview\" width=\"640\" height=\"480\"><\/iframe><br \/>\n<iframe loading=\"lazy\" src=\"https:\/\/drive.google.com\/file\/d\/1FEJKGKr9O73k4juocs081siFB4bpWUfc\/preview\" width=\"640\" height=\"480\"><\/iframe><br \/>\n<iframe loading=\"lazy\" src=\"https:\/\/drive.google.com\/file\/d\/102a3YUEATpz8vRP2gOYyn5GUEbgTnnRZ\/preview\" width=\"640\" height=\"480\"><\/iframe><br \/>\n<iframe loading=\"lazy\" src=\"https:\/\/drive.google.com\/file\/d\/1nKXCsKf3I3RAxM0REidntrydr3cP1o9F\/preview\" width=\"640\" height=\"480\"><\/iframe><br \/>\n<iframe loading=\"lazy\" src=\"https:\/\/drive.google.com\/file\/d\/1OjIH_mrZ5ymK9CaQgpL7_eUg-jIiUuhM\/preview\" width=\"640\" height=\"480\"><\/iframe><br \/>\n<iframe loading=\"lazy\" src=\"https:\/\/drive.google.com\/file\/d\/182YqlfZKfEbPdGuYuK1jCVQLXfvaS_lP\/preview\" width=\"640\" height=\"480\"><\/iframe><br \/>\n<iframe loading=\"lazy\" src=\"https:\/\/drive.google.com\/file\/d\/1lQLKiy5y2iRX8ci1TUMIpZxh_pwS68q_\/preview\" width=\"640\" height=\"480\"><\/iframe><br \/>\n<iframe loading=\"lazy\" src=\"https:\/\/drive.google.com\/file\/d\/1JI0BmxpjJIkYIbfMmIF8gIdn8UXLLzAh\/preview\" width=\"640\" height=\"480\"><\/iframe><\/p>\n<h1><span style=\"color: #008000;\">Primeres activitats<\/span><br \/>\n<iframe loading=\"lazy\" src=\"https:\/\/drive.google.com\/file\/d\/1BakprEeUylsoJaJgmKNbh_BTP69N4Q1v\/preview\" width=\"640\" height=\"480\"><\/iframe><br \/>\n<iframe loading=\"lazy\" src=\"https:\/\/drive.google.com\/file\/d\/1wGWl5bdXxTclFyegy4LEJwUn3Q_WhYB5\/preview\" width=\"640\" height=\"480\"><\/iframe><br \/>\n<iframe loading=\"lazy\" src=\"https:\/\/drive.google.com\/file\/d\/1pgN32f3sCHCP-THYe3hfLQGdnPb0LJ6t\/preview\" width=\"640\" height=\"480\"><\/iframe><br \/>\n<iframe loading=\"lazy\" src=\"https:\/\/drive.google.com\/file\/d\/1p_iMSXAL6cBzg0aKmdqZv08jeVkPlffZ\/preview\" width=\"640\" height=\"480\"><\/iframe><\/h1>\n<p><a href=\"https:\/\/agora.xtec.cat\/zerelsio\/wp-content\/uploads\/usu567\/2022\/06\/cooltext413837166962765.png\"><img loading=\"lazy\" decoding=\"async\" class=\"alignnone size-full wp-image-10190\" src=\"https:\/\/agora.xtec.cat\/zerelsio\/wp-content\/uploads\/usu567\/2022\/06\/cooltext413837166962765.png\" alt=\"\" width=\"565\" height=\"106\" srcset=\"https:\/\/agora.xtec.cat\/zerelsio\/wp-content\/uploads\/usu567\/2022\/06\/cooltext413837166962765.png 565w, https:\/\/agora.xtec.cat\/zerelsio\/wp-content\/uploads\/usu567\/2022\/06\/cooltext413837166962765-300x56.png 300w\" sizes=\"auto, (max-width: 565px) 100vw, 565px\" \/><\/a><\/p>\n<h3><\/h3>\n<div style=\"position: relative; width: 100%; height: 0; padding-top: 56.2500%; padding-bottom: 0; box-shadow: 0 2px 8px 0 rgba(63,69,81,0.16); margin-top: 1.6em; margin-bottom: 0.9em; overflow: hidden; border-radius: 8px; will-change: transform;\"><iframe style=\"position: absolute; width: 100%; height: 100%; top: 0; left: 0; border: none; padding: 0; margin: 0;\" src=\"https:\/\/www.canva.com\/design\/DAFjF06ltsU\/view?embed\" allowfullscreen=\"allowfullscreen\"><br \/>\n<\/iframe><\/div>\n<p><a href=\"https:\/\/www.canva.com\/design\/DAFjF06ltsU\/view?utm_content=DAFjF06ltsU&amp;utm_campaign=designshare&amp;utm_medium=embeds&amp;utm_source=link\" target=\"_blank\" rel=\"noopener\">Projecte etwinning<\/a> de BERNAT LLOP PENELLA<\/p>\n<h1><span style=\"color: #3366ff;\">Art for art<\/span><\/h1>\n<p><a href=\"https:\/\/agora.xtec.cat\/zerelsio\/general\/art-for-art-a-etwinning\/\"><img loading=\"lazy\" decoding=\"async\" class=\"alignnone size-full wp-image-11192\" src=\"https:\/\/agora.xtec.cat\/zerelsio\/wp-content\/uploads\/usu567\/2023\/02\/art.png\" alt=\"\" width=\"258\" height=\"258\" srcset=\"https:\/\/agora.xtec.cat\/zerelsio\/wp-content\/uploads\/usu567\/2023\/02\/art.png 258w, https:\/\/agora.xtec.cat\/zerelsio\/wp-content\/uploads\/usu567\/2023\/02\/art-150x150.png 150w\" sizes=\"auto, (max-width: 258px) 100vw, 258px\" \/><\/a><\/p>\n<p><a href=\"https:\/\/agora.xtec.cat\/zerelsio\/wp-content\/uploads\/usu567\/2021\/07\/coollogo_com-28834253.png\"><img loading=\"lazy\" decoding=\"async\" class=\"alignnone size-full wp-image-7906\" src=\"https:\/\/agora.xtec.cat\/zerelsio\/wp-content\/uploads\/usu567\/2021\/07\/coollogo_com-28834253.png\" alt=\"\" width=\"550\" height=\"101\" srcset=\"https:\/\/agora.xtec.cat\/zerelsio\/wp-content\/uploads\/usu567\/2021\/07\/coollogo_com-28834253.png 550w, https:\/\/agora.xtec.cat\/zerelsio\/wp-content\/uploads\/usu567\/2021\/07\/coollogo_com-28834253-300x55.png 300w\" sizes=\"auto, (max-width: 550px) 100vw, 550px\" \/><\/a><\/p>\n<h2><span style=\"color: #ff6600;\">eTwinning: Eurochristmas<\/span><\/h2>\n<h3><a href=\"https:\/\/agora.xtec.cat\/zerelsio\/general\/etwinning-eurochristmas\/\"><img loading=\"lazy\" decoding=\"async\" class=\"alignnone wp-image-8914\" src=\"https:\/\/agora.xtec.cat\/zerelsio\/wp-content\/uploads\/usu567\/2021\/11\/2-1024x620.jpg\" alt=\"\" width=\"653\" height=\"395\" srcset=\"https:\/\/agora.xtec.cat\/zerelsio\/wp-content\/uploads\/usu567\/2021\/11\/2-1024x620.jpg 1024w, https:\/\/agora.xtec.cat\/zerelsio\/wp-content\/uploads\/usu567\/2021\/11\/2-300x182.jpg 300w, https:\/\/agora.xtec.cat\/zerelsio\/wp-content\/uploads\/usu567\/2021\/11\/2-768x465.jpg 768w, https:\/\/agora.xtec.cat\/zerelsio\/wp-content\/uploads\/usu567\/2021\/11\/2.jpg 1195w\" sizes=\"auto, (max-width: 653px) 100vw, 653px\" \/><\/a><\/h3>\n<p style=\"text-align: justify;\"><span style=\"color: #3366ff;\">Aquest any participem en un projecte anomenat \u201cEurochristmas\u201d de la plataforma eTwinning. Anem a intercanviar postals, tradicions, receptes i can\u00e7ons nadalenques amb pa\u00efsos europeus com: Portugal, It\u00e0lia, Fran\u00e7a, Arm\u00e8nia, Romania, Turquia, Rep\u00fablica Txeca&#8230; i molts m\u00e9s!!<\/span><\/p>\n<p style=\"text-align: justify;\"><span style=\"color: #00ccff;\">During this year we are participating in a project called \u201cEurochristmas\u201d from the platform eTwinning. We will exchange Christmas cards, traditions, recipes and Christmas carols between schools from: Portugal, Italy, France, Armenia, Romania, Turkey, Czech Republic&#8230; and more!!<\/span><\/p>\n<blockquote class=\"wp-embedded-content\" data-secret=\"WW4kuaaJnX\"><p><a href=\"https:\/\/agora.xtec.cat\/zerelsio\/general\/etwinning-eurochristmas\/\">eTwinning: Eurochristmas<\/a><\/p><\/blockquote>\n<p><iframe loading=\"lazy\" class=\"wp-embedded-content\" sandbox=\"allow-scripts\" security=\"restricted\" style=\"position: absolute; clip: rect(1px, 1px, 1px, 1px);\" title=\"&#8220;eTwinning: Eurochristmas&#8221; &#8212; ZER El Si\u00f3\" src=\"https:\/\/agora.xtec.cat\/zerelsio\/general\/etwinning-eurochristmas\/embed\/#?secret=5cLOMCcQDM#?secret=WW4kuaaJnX\" data-secret=\"WW4kuaaJnX\" width=\"500\" height=\"282\" frameborder=\"0\" marginwidth=\"0\" marginheight=\"0\" scrolling=\"no\"><\/iframe><\/p>\n<p><a href=\"https:\/\/agora.xtec.cat\/zerelsio\/wp-content\/uploads\/usu567\/2020\/08\/curs2020_2021.jpg\"><img loading=\"lazy\" decoding=\"async\" class=\"alignnone wp-image-6596\" src=\"https:\/\/agora.xtec.cat\/zerelsio\/wp-content\/uploads\/usu567\/2020\/08\/curs2020_2021.jpg\" alt=\"\" width=\"634\" height=\"119\" srcset=\"https:\/\/agora.xtec.cat\/zerelsio\/wp-content\/uploads\/usu567\/2020\/08\/curs2020_2021.jpg 714w, https:\/\/agora.xtec.cat\/zerelsio\/wp-content\/uploads\/usu567\/2020\/08\/curs2020_2021-300x56.jpg 300w\" sizes=\"auto, (max-width: 634px) 100vw, 634px\" \/><\/a><\/p>\n<h2><strong><span style=\"color: #33cccc;\">eTwinning: Dreamer kids<\/span><\/strong><\/h2>\n<p style=\"text-align: justify;\"><span style=\"font-weight: 400; color: #33cccc;\">During the second term, we took part in a project named Dreamer kids. This was about creating an avatar and a story.<\/span><\/p>\n<p style=\"text-align: justify;\"><em><span style=\"font-weight: 400; color: #33cccc;\">Durant el segon trimestre hem participat en un projecte anomenat \u201cDreamer kids\u201d. Aquest era sobre crear un avatar per presentar-nos i fer un conte.<\/span><\/em><\/p>\n<p style=\"text-align: justify;\"><span style=\"font-weight: 400; color: #33cccc;\">We used the Pixton Edu program to create the avatar and the theme of our story was: Extraordinary Creatures! Here is the result:<\/span><\/p>\n<p style=\"text-align: justify;\"><em><span style=\"font-weight: 400; color: #33cccc;\">Hem utilitzat el programa Pixon Edu per crear el nostre avatar i el tema de la nostra hist\u00f2ria ha sigut les criatures extraordin\u00e0ries. Aqu\u00ed est\u00e0 el resultat:<\/span><\/em><\/p>\n<p style=\"text-align: justify;\"><a href=\"https:\/\/www.flipsnack.com\/musicaplas\/the-fight-against-covid-19.html\"><img loading=\"lazy\" decoding=\"async\" class=\"alignnone size-full wp-image-7260\" src=\"https:\/\/agora.xtec.cat\/zerelsio\/wp-content\/uploads\/usu567\/2021\/04\/etwinnig.png\" alt=\"\" width=\"609\" height=\"344\" srcset=\"https:\/\/agora.xtec.cat\/zerelsio\/wp-content\/uploads\/usu567\/2021\/04\/etwinnig.png 609w, https:\/\/agora.xtec.cat\/zerelsio\/wp-content\/uploads\/usu567\/2021\/04\/etwinnig-300x169.png 300w\" sizes=\"auto, (max-width: 609px) 100vw, 609px\" \/><\/a><\/p>\n<p><span style=\"font-weight: 400; color: #33cccc;\">We can also see stories from other countries:<\/span><\/p>\n<p><em><span style=\"font-weight: 400; color: #33cccc;\">Tamb\u00e9 podem veure les hist\u00f2ries d\u2019altres pa\u00efsos.<\/span><\/em><\/p>\n<p><iframe loading=\"lazy\" src=\"https:\/\/view.genial.ly\/6025692ec6795e0db47ae73f\" width=\"600px\" height=\"340px\" frameborder=\"0\"><\/iframe><\/p>\n<p><iframe loading=\"lazy\" src=\"https:\/\/drive.google.com\/file\/d\/1SylxIR7TY7f8n1oQBde7K_E8CSmFmI8W\/preview\" width=\"640\" height=\"480\"><\/iframe><br \/>\n<iframe loading=\"lazy\" src=\"https:\/\/drive.google.com\/file\/d\/1Cgf5Vcm5knFKwnrO8nA4_TYqLJRGewbr\/preview\" width=\"640\" height=\"480\"><\/iframe><br \/>\n<iframe loading=\"lazy\" src=\"https:\/\/drive.google.com\/file\/d\/1ngWg63PD-eeIXUYUaAAFmPO9Tyj0n5PS\/preview\" width=\"640\" height=\"480\"><\/iframe><br \/>\n<iframe loading=\"lazy\" src=\"https:\/\/drive.google.com\/file\/d\/1BIsuWTwSHrIEz-uYBwLD2GUghwwzaahw\/preview\" width=\"640\" height=\"480\"><\/iframe><br \/>\n<iframe loading=\"lazy\" src=\"https:\/\/drive.google.com\/file\/d\/1857ug2AL8z0ePNUK8k3ry2uPsTBRR6HF\/preview\" width=\"640\" height=\"480\"><\/iframe><br \/>\n<iframe loading=\"lazy\" src=\"https:\/\/drive.google.com\/file\/d\/1v_cMU3D7W0RA7ff6ihO_X8R2vvtztZgY\/preview\" width=\"640\" height=\"480\"><\/iframe><br \/>\n<iframe loading=\"lazy\" src=\"https:\/\/drive.google.com\/file\/d\/1hhq9CcI-KqV429eZ3PZicxX_Xb39WRn_\/preview\" width=\"640\" height=\"480\"><\/iframe><br \/>\n<iframe loading=\"lazy\" src=\"https:\/\/drive.google.com\/file\/d\/1oh_P6SqEheLWHqi4P_p-KTigmdLA45On\/preview\" width=\"640\" height=\"480\"><\/iframe><br \/>\n<iframe loading=\"lazy\" src=\"https:\/\/drive.google.com\/file\/d\/1oraH4L_ApvaIKBXTpLFO1o5t4p_lwYh5\/preview\" width=\"640\" height=\"480\"><\/iframe><br \/>\n<iframe loading=\"lazy\" src=\"https:\/\/drive.google.com\/file\/d\/1PNvI93dvZlMe60RM9vUymQbjOJoiLVkD\/preview\" width=\"640\" height=\"480\"><\/iframe><br \/>\n<iframe loading=\"lazy\" src=\"https:\/\/drive.google.com\/file\/d\/1G2xTvKiWAMCgZKD7ZFmMR32YeKGZzq_m\/preview\" width=\"640\" height=\"480\"><\/iframe><br \/>\n<iframe loading=\"lazy\" src=\"https:\/\/drive.google.com\/file\/d\/1ERm4zm3x2jSfhhhq9VW7OEG1ScBnY373\/preview\" width=\"640\" height=\"480\"><\/iframe><br \/>\n<iframe loading=\"lazy\" src=\"https:\/\/drive.google.com\/file\/d\/1YTAU_77geEal-MvK-KYHgXZ72a_2SLJP\/preview\" width=\"640\" height=\"480\"><\/iframe><\/p>\n<p><a href=\"https:\/\/agora.xtec.cat\/zerelsio\/wp-content\/uploads\/usu567\/2019\/07\/curs2019_2020.png\"><img loading=\"lazy\" decoding=\"async\" class=\"alignnone size-full wp-image-4760\" src=\"https:\/\/agora.xtec.cat\/zerelsio\/wp-content\/uploads\/usu567\/2019\/07\/curs2019_2020.png\" alt=\"\" width=\"711\" height=\"84\" srcset=\"https:\/\/agora.xtec.cat\/zerelsio\/wp-content\/uploads\/usu567\/2019\/07\/curs2019_2020.png 711w, https:\/\/agora.xtec.cat\/zerelsio\/wp-content\/uploads\/usu567\/2019\/07\/curs2019_2020-300x35.png 300w\" sizes=\"auto, (max-width: 711px) 100vw, 711px\" \/><\/a><br \/>\n<iframe loading=\"lazy\" src=\"https:\/\/drive.google.com\/file\/d\/1Qr3SmnDL-roVJry9wfTB31MD_ZmtlD0J\/preview\" width=\"640\" height=\"480\"><\/iframe><br \/>\n<a href=\"https:\/\/photos.app.goo.gl\/Q5DNyJUwXDPRwLzJ9\"><img loading=\"lazy\" decoding=\"async\" class=\"SzDcob\" src=\"https:\/\/lh3.googleusercontent.com\/pw\/ACtC-3cc7Gv3zSSE9rEX0j8ZIJ2dZ7i4UOe6X8wShiueq3KOofr7bByDD2E6D105a4PN2DSo2yQhx_9egxw1dTP6M5xNZ-be4J1Pw5z3uEWdFND2iHnnBpFFjZ6gignrBfgDcUzVpBl_yfbXgeFN3jp_lKtNsQ=w917-h517-no?authuser=0\" width=\"599\" height=\"338\" data-atf=\"false\" data-iml=\"45282\" aria-label=\"Foto - Paisatge - 5 de des. 2019, 11:35:32\" \/><\/a><br \/>\n<img loading=\"lazy\" decoding=\"async\" class=\"SzDcob\" src=\"https:\/\/lh3.googleusercontent.com\/pw\/ACtC-3dVL1HwmFjHe8FB3h-jxROMl59f2JzM71DJ6n0p3zSln7ztpTASWJzH3c8L9L4W3X-EfqQ16vTmRnBt62FC9sawkTXo-SlaNzlx-MFAAuYo-bxGOviQ3ah7pCtuSGLTqZ4gJrWKkIBYAqj1MKuMG7ZOYg=w917-h517-no?authuser=0\" width=\"599\" height=\"337\" data-atf=\"false\" data-iml=\"243267\" aria-label=\"Foto - Paisatge - 13 de febr. 2020, 9:55:41\" \/><br \/>\n<img loading=\"lazy\" decoding=\"async\" class=\"SzDcob\" src=\"https:\/\/lh3.googleusercontent.com\/pw\/ACtC-3cX79_aySaoKPTXKqAN8Qzo8TUVPep7bL9YDRrwcDjV61tqHiGocQZgmTGX66jptzhtRu-XlDWb8yQTtMISN4VXooq2JwW3lWatayqVDN5WMBAjT5enBF8WPRzz5t7XtGBctcvubDIyx-tp6YolBAcJkA=w800-h600-no?authuser=0\" width=\"599\" height=\"449\" data-iml=\"137463\" aria-label=\"Foto - Paisatge - 7 de febr. 2020, 16:52:14\" \/><br \/>\n<img loading=\"lazy\" decoding=\"async\" class=\"SzDcob\" src=\"https:\/\/lh3.googleusercontent.com\/pw\/ACtC-3d4Hf7zGu3Xpc3bko11YYr1eYeb9Iwl924todQ-aWOhJVHRcnlnetWjW6kh6tk4e2Lfgh9VT9ltPvpU7wlAbI1gOgz1RX8n33ayyKxC0wAl5w9NVCChVCWuez1kcu8VCFENTpZ_2pqDi2jl0MkcuRPp3w=w450-h600-no?authuser=0\" width=\"300\" height=\"400\" aria-label=\"Foto - Retrat - 3 de febr. 2020, 9:48:20\" data-atf=\"false\" data-iml=\"284257\" \/><img loading=\"lazy\" decoding=\"async\" class=\"SzDcob\" src=\"https:\/\/lh3.googleusercontent.com\/pw\/ACtC-3dubWPJCWDakS3o6xdlIZrZvpb2xbjvJ7jsVl9Bblm79Stu0WJhshhP1T3-cjrtFCJhY0n_SAyk6JRXzWXqHUvRE6WSFTZYnDtcX8Yt2EVKXoN9t_QhDWCFuHXoJ0FfttMyEQ1QVBT1uCxqqttcw5z-CQ=w450-h600-no?authuser=0\" width=\"299\" height=\"400\" aria-label=\"Foto - Retrat - 3 de febr. 2020, 9:47:30\" data-iml=\"308286\" \/><br \/>\n<a href=\"https:\/\/drive.google.com\/drive\/folders\/1Jw7yVOZF39pHdM_MyMQpCM8Tsqyz6nSk\"><iframe loading=\"lazy\" src=\"https:\/\/drive.google.com\/file\/d\/1y36t2O0NEdJTAzS8brlwQpFK9oZZTpHf\/preview\" width=\"640\" height=\"480\"><\/iframe><\/a><br \/>\n<a href=\"https:\/\/drive.google.com\/drive\/folders\/1Jw7yVOZF39pHdM_MyMQpCM8Tsqyz6nSk\">M\u00e9s imatges.<\/a><\/p>\n<h2><span style=\"color: #ff0000;\">CURSOS ANTERIORS<\/span><\/h2>\n<p><a href=\"https:\/\/agora.xtec.cat\/zerelsio\/curs-2018-2019\/etwinning-curs-2018-2019\/\">Curs 2018\/2019<\/a><br \/>\nCurs 2017\/2018<\/p>\n<h2><span style=\"color: #ff0000;\">CARPETA DRIVE<\/span><\/h2>\n<p><a href=\"https:\/\/drive.google.com\/open?id=1iVpFLgcZcSt2f1riey9cv73ze2aTBoAW\">Carpeta drive . Curs 2019\/2020.<\/a><\/p>\n","protected":false},"excerpt":{"rendered":"<p><a href=\"https:\/\/school-education.ec.europa.eu\/en\/etwinning\">&#8230;<\/a><br \/>\n<a href=\"https:\/\/xtec.gencat.cat\/ca\/projectes\/plurilinguisme\/programes\/internacionals\/etwinning\/\">XTEC<\/a><br \/>\n<a href=\"https:\/\/agora.xtec.cat\/zerelsio\/wp-content\/uploads\/usu567\/2024\/06\/curs2024_2025.png\"><\/a><br \/>\n\ufeff<\/p>\n<p><a href=\"https:\/\/agora.xtec.cat\/zerelsio\/wp-content\/uploads\/usu567\/2023\/06\/curs2023_2024.png\"><\/a><br \/>\nLogo<br \/>\n<a href=\"https:\/\/agora.xtec.cat\/zerelsio\/general\/walking-together-step-by-step-for-a-better-world\/\"><\/a><br \/>\nS\u00edntesis<\/p>\n<p>Padlet<\/p>\n<p>Treballs de la ZER<\/p>\n<p>Primeres activitats<\/p>\n<p><a href=\"https:\/\/agora.xtec.cat\/zerelsio\/wp-content\/uploads\/usu567\/2022\/06\/cooltext413837166962765.png\"><\/a><\/p>\n<p><a href=\"https:\/\/www.canva.com\/design\/DAFjF06ltsU\/view?utm_content=DAFjF06ltsU&amp;utm_campaign=designshare&amp;utm_medium=embeds&amp;utm_source=link\" target=\"_blank\" rel=\"noopener\">Projecte etwinning<\/a> de BERNAT LLOP PENELLA<br \/>\nArt for art<br \/>\n<a href=\"https:\/\/agora.xtec.cat\/zerelsio\/general\/art-for-art-a-etwinning\/\"><\/a><br \/>\n<a href=\"https:\/\/agora.xtec.cat\/zerelsio\/wp-content\/uploads\/usu567\/2021\/07\/coollogo_com-28834253.png\"><\/a><br \/>\neTwinning: Eurochristmas<br \/>\n<a href=\"https:\/\/agora.xtec.cat\/zerelsio\/general\/etwinning-eurochristmas\/\"><\/a><br \/>\nAquest any participem en un projecte anomenat \u201cEurochristmas\u201d de la plataforma eTwinning. Anem a intercanviar postals, tradicions, receptes i can\u00e7ons nadalenques&hellip;  <a href=\"https:\/\/agora.xtec.cat\/zerelsio\/projectes\/etwinning\/\" title=\"Read eTwinning\">Llegeix m\u00e9s\u00bb<\/a><\/p>\n","protected":false},"author":3,"featured_media":0,"parent":992,"menu_order":10,"comment_status":"closed","ping_status":"closed","template":"","meta":{"_bbp_topic_count":0,"_bbp_reply_count":0,"_bbp_total_topic_count":0,"_bbp_total_reply_count":0,"_bbp_voice_count":0,"_bbp_anonymous_reply_count":0,"_bbp_topic_count_hidden":0,"_bbp_reply_count_hidden":0,"_bbp_forum_subforum_count":0,"footnotes":""},"class_list":["post-2125","page","type-page","status-publish","hentry"],"post_mailing_queue_ids":[],"_links":{"self":[{"href":"https:\/\/agora.xtec.cat\/zerelsio\/wp-json\/wp\/v2\/pages\/2125","targetHints":{"allow":["GET"]}}],"collection":[{"href":"https:\/\/agora.xtec.cat\/zerelsio\/wp-json\/wp\/v2\/pages"}],"about":[{"href":"https:\/\/agora.xtec.cat\/zerelsio\/wp-json\/wp\/v2\/types\/page"}],"author":[{"embeddable":true,"href":"https:\/\/agora.xtec.cat\/zerelsio\/wp-json\/wp\/v2\/users\/3"}],"replies":[{"embeddable":true,"href":"https:\/\/agora.xtec.cat\/zerelsio\/wp-json\/wp\/v2\/comments?post=2125"}],"version-history":[{"count":6,"href":"https:\/\/agora.xtec.cat\/zerelsio\/wp-json\/wp\/v2\/pages\/2125\/revisions"}],"predecessor-version":[{"id":16019,"href":"https:\/\/agora.xtec.cat\/zerelsio\/wp-json\/wp\/v2\/pages\/2125\/revisions\/16019"}],"up":[{"embeddable":true,"href":"https:\/\/agora.xtec.cat\/zerelsio\/wp-json\/wp\/v2\/pages\/992"}],"wp:attachment":[{"href":"https:\/\/agora.xtec.cat\/zerelsio\/wp-json\/wp\/v2\/media?parent=2125"}],"curies":[{"name":"wp","href":"https:\/\/api.w.org\/{rel}","templated":true}]}}