{"id":17048,"date":"2025-04-14T09:51:41","date_gmt":"2025-04-14T07:51:41","guid":{"rendered":"https:\/\/agora.xtec.cat\/zerelsio\/?page_id=17048"},"modified":"2025-04-14T09:58:01","modified_gmt":"2025-04-14T07:58:01","slug":"alumnat-nouvingut","status":"publish","type":"page","link":"https:\/\/agora.xtec.cat\/zerelsio\/projectes\/zer-inclusiva\/alumnat-nouvingut\/","title":{"rendered":"Alumnat nouvingut"},"content":{"rendered":"<p><a href=\"https:\/\/projectes.xtec.cat\/acollidasuport\/\"><img loading=\"lazy\" decoding=\"async\" class=\"alignnone wp-image-17114\" src=\"https:\/\/agora.xtec.cat\/zerelsio\/wp-content\/uploads\/usu567\/2025\/04\/estranger-1.png\" alt=\"\" width=\"605\" height=\"239\" srcset=\"https:\/\/agora.xtec.cat\/zerelsio\/wp-content\/uploads\/usu567\/2025\/04\/estranger-1.png 357w, https:\/\/agora.xtec.cat\/zerelsio\/wp-content\/uploads\/usu567\/2025\/04\/estranger-1-300x118.png 300w\" sizes=\"auto, (max-width: 605px) 100vw, 605px\" \/><\/a><\/p>\n<h1><span style=\"color: #339966;\">VINCLES:<\/span><\/h1>\n<blockquote class=\"wp-embedded-content\" data-secret=\"qvi7byEqtA\"><p><a href=\"https:\/\/projectes.xtec.cat\/acollidasuport\/vincles\/\">Recursos Vincles<\/a><\/p><\/blockquote>\n<p><iframe loading=\"lazy\" class=\"wp-embedded-content\" sandbox=\"allow-scripts\" security=\"restricted\" style=\"position: absolute; clip: rect(1px, 1px, 1px, 1px);\" title=\"&#8220;Recursos Vincles&#8221; &#8212; Alumnat origen estranger\" src=\"https:\/\/projectes.xtec.cat\/acollidasuport\/vincles\/embed\/#?secret=8Ty9l7julS#?secret=qvi7byEqtA\" data-secret=\"qvi7byEqtA\" width=\"500\" height=\"282\" frameborder=\"0\" marginwidth=\"0\" marginheight=\"0\" scrolling=\"no\"><\/iframe><\/p>\n<h3 style=\"text-align: justify;\">En aquesta p\u00e0gina trobareu tots els materials de Vincles:\u00a0<a href=\"https:\/\/repositori.educacio.gencat.cat\/handle\/20.500.12694\/3052#page=1\" target=\"_blank\" rel=\"noopener noreferrer\">llibre de l\u2019alumne<\/a>,\u00a0<a href=\"https:\/\/repositori.educacio.gencat.cat\/handle\/20.500.12694\/3066#page=2\" target=\"_blank\" rel=\"noopener noreferrer\">quaderns d\u2019exercicis<\/a>,\u00a0<a href=\"https:\/\/repositori.educacio.gencat.cat\/handle\/20.500.12694\/3067#page=1\" target=\"_blank\" rel=\"noopener noreferrer\">vincles guia did\u00e0ctica<\/a>,\u00a0<a href=\"https:\/\/www.edu365.cat\/flash\/vincles\/vincles1\/index.html\" target=\"_blank\" rel=\"noopener noreferrer\">interactiu<\/a>\u00a0i tamb\u00e9 els arxius sonors que s\u2019utilitzen a cada exercici.<\/h3>\n<h1><span style=\"color: #339966;\">RECURSOS:<\/span><\/h1>\n<p><a href=\"https:\/\/xtec.gencat.cat\/ca\/projectes\/alumnat-origen-estranger\/\">https:\/\/xtec.gencat.cat\/ca\/projectes\/alumnat-origen-estranger\/<\/a><\/p>\n<p><a href=\"https:\/\/sites.google.com\/xtec.cat\/siteselic2021\/p%C3%A0gina-principal\">https:\/\/sites.google.com\/xtec.cat\/siteselic2021\/p%C3%A0gina-principal<\/a><\/p>\n<p><a href=\"https:\/\/open.spotify.com\/user\/yczkmcju8ruji0j5as6edklma?si=CuCfUtTIT6udSGSCQ-TgJw&amp;nd=1\">https:\/\/open.spotify.com\/user\/yczkmcju8ruji0j5as6edklma?si=CuCfUtTIT6udSGSCQ-TgJw&amp;nd=1<\/a><\/p>\n<div><span style=\"font-family: arial, sans-serif;\"><b><a href=\"https:\/\/open.spotify.com\/playlist\/7mFyF5fCEy05nzGz0obRIa?si=10d09b5827fa4db6\" target=\"_blank\" rel=\"noopener\" data-saferedirecturl=\"https:\/\/www.google.com\/url?q=https:\/\/open.spotify.com\/playlist\/7mFyF5fCEy05nzGz0obRIa?si%3D10d09b5827fa4db6&amp;source=gmail&amp;ust=1743666409347000&amp;usg=AOvVaw1tFi-JqcEEIWgm_LMlSmzy\"><span style=\"color: #9900ff;\">INFANTIL I PRIM\u00c0RIA<\/span><\/a><span style=\"color: #9900ff;\">:<\/span><\/b>\u00a0Un recull de can\u00e7ons infantils de tem\u00e0tica diversa per compartir amb els infants, sobretot, d&#8217;infantil i prim\u00e0ria.<\/span><\/div>\n<div><\/div>\n<div><\/div>\n<div><span style=\"font-family: arial, sans-serif;\"><b><a href=\"https:\/\/open.spotify.com\/playlist\/0h6ViEzMi5RpiKoFX0OuWe?si=bf0f4a3f74304b2c\" target=\"_blank\" rel=\"noopener\" data-saferedirecturl=\"https:\/\/www.google.com\/url?q=https:\/\/open.spotify.com\/playlist\/0h6ViEzMi5RpiKoFX0OuWe?si%3Dbf0f4a3f74304b2c&amp;source=gmail&amp;ust=1743666409347000&amp;usg=AOvVaw2DOJSvr5virWE82FRl7tgZ\"><span style=\"color: #9900ff;\">PRIM\u00c0RIA I SECUND\u00c0RIA<\/span><\/a><span style=\"color: #9900ff;\">:<\/span><\/b>\u00a0Un recull de can\u00e7ons infantils de tem\u00e0tica diversa per compartir amb els infants, sobretot, de prim\u00e0ria i secund\u00e0ria.<\/span><\/div>\n<div><\/div>\n<div><\/div>\n<div><span style=\"font-family: arial, sans-serif;\"><b><a href=\"https:\/\/open.spotify.com\/playlist\/2ri7kamCPUoL1PupvGA3Uc?si=f0e69723c463493e\" target=\"_blank\" rel=\"noopener\" data-saferedirecturl=\"https:\/\/www.google.com\/url?q=https:\/\/open.spotify.com\/playlist\/2ri7kamCPUoL1PupvGA3Uc?si%3Df0e69723c463493e&amp;source=gmail&amp;ust=1743666409347000&amp;usg=AOvVaw3TekFq4PfMwA6eXLuZuCts\"><span style=\"color: #9900ff;\">PER LA IGUALTAT<\/span><\/a><span style=\"color: #9900ff;\">:<\/span><\/b>\u00a0Un bon recurs per utilitzar les can\u00e7ons com a eina did\u00e0ctica per treballar la igualtat i la viol\u00e8ncia de g\u00e8nere, a pocs dies del 25N,\u00a0Dia internacional per a l&#8217;eliminaci\u00f3 de la viol\u00e8ncia envers les dones.<\/span><\/div>\n<div><\/div>\n<div><\/div>\n<div><span style=\"font-family: arial, sans-serif;\"><span style=\"color: #9900ff;\"><b><a href=\"https:\/\/open.spotify.com\/playlist\/0h7meM1lNnnKEQZ50JkvSd?si=7eee58418b2b4ce9\" target=\"_blank\" rel=\"noopener\" data-saferedirecturl=\"https:\/\/www.google.com\/url?q=https:\/\/open.spotify.com\/playlist\/0h7meM1lNnnKEQZ50JkvSd?si%3D7eee58418b2b4ce9&amp;source=gmail&amp;ust=1743666409347000&amp;usg=AOvVaw2naY_BY9ZMlqWklwagr74A\">DIVERSITAT AFECTIVA, SEXUAL I DE G\u00c8NERE<\/a>:\u00a0<\/b><\/span>La m\u00fasica tamb\u00e9 \u00e9s una bona eina per donar visibilitat a la diversitat afectiva, sexual i de g\u00e8nere.<span style=\"color: #9900ff;\"><br \/>\n<\/span><\/span><\/div>\n<div><\/div>\n<div><span style=\"font-family: arial, sans-serif;\"><b><a href=\"https:\/\/open.spotify.com\/playlist\/4T4yCvwICtKRVi70vjWvFx?si=d6f2212d0ce84da1\" target=\"_blank\" rel=\"noopener\" data-saferedirecturl=\"https:\/\/www.google.com\/url?q=https:\/\/open.spotify.com\/playlist\/4T4yCvwICtKRVi70vjWvFx?si%3Dd6f2212d0ce84da1&amp;source=gmail&amp;ust=1743666409347000&amp;usg=AOvVaw1co9hjYXMz5rhKwRkwHUcg\"><span style=\"color: #9900ff;\">MIGRACI\u00d3<\/span><\/a><span style=\"color: #9900ff;\">:<\/span>\u00a0<\/b>Les migracions s\u00f3n moviments que s&#8217;han produ\u00eft de manera constant al llarg de la hist\u00f2ria. Vet aqu\u00ed un recull de can\u00e7ons que parlen de diferents situacions migrat\u00f2ries que conviden a treballar l&#8217;acollida, generar empatia i remoure consci\u00e8ncies.<\/span><\/div>\n<div><\/div>\n<div><span style=\"font-family: arial, sans-serif;\"><b><a href=\"https:\/\/open.spotify.com\/playlist\/4u1MGvrLoJuByqsIgmC7Qc?si=05cba5d6154141a1\" target=\"_blank\" rel=\"noopener\" data-saferedirecturl=\"https:\/\/www.google.com\/url?q=https:\/\/open.spotify.com\/playlist\/4u1MGvrLoJuByqsIgmC7Qc?si%3D05cba5d6154141a1&amp;source=gmail&amp;ust=1743666409347000&amp;usg=AOvVaw0qQKOh0RCh4gcmU4Kw-zS2\"><span style=\"color: #9900ff;\">TRADICIONS<\/span><\/a><span style=\"color: #9900ff;\">:<\/span><\/b>\u00a0Un passeig musical per la nostra cultura i les nostres tradicions.\u00a0\u00a0<\/span><\/div>\n<div><\/div>\n<div><span style=\"font-family: arial, sans-serif;\"><b><a href=\"https:\/\/open.spotify.com\/playlist\/5lwdGhUlPjtv6iplfMuAEF?si=44c1b5df02104995\" target=\"_blank\" rel=\"noopener\" data-saferedirecturl=\"https:\/\/www.google.com\/url?q=https:\/\/open.spotify.com\/playlist\/5lwdGhUlPjtv6iplfMuAEF?si%3D44c1b5df02104995&amp;source=gmail&amp;ust=1743666409347000&amp;usg=AOvVaw02kvLlbe8vZqQkZbbvyJ-g\"><span style=\"color: #9900ff;\">FESTES DE NADAL<\/span><\/a><span style=\"color: #9900ff;\">:<\/span>\u00a0<\/b>Un repertori de nadales i can\u00e7ons que fan refer\u00e8ncia al cicle festiu que va del dia de Nadal al de Reis. Des des de les m\u00e9s tradicionals a les m\u00e9s actuals. Una llista pensada per ballar, cantar i treballar els temes m\u00e9s assenyalats d&#8217;aquest per\u00edode festiu.<\/span><\/div>\n<div><\/div>\n<div><span style=\"font-family: arial, sans-serif;\"><b><a href=\"https:\/\/open.spotify.com\/playlist\/1V0HuTOlWc0tsSr4TabdGd?si=332445d27ef14dc9\" target=\"_blank\" rel=\"noopener\" data-saferedirecturl=\"https:\/\/www.google.com\/url?q=https:\/\/open.spotify.com\/playlist\/1V0HuTOlWc0tsSr4TabdGd?si%3D332445d27ef14dc9&amp;source=gmail&amp;ust=1743666409347000&amp;usg=AOvVaw3cSowY8sAv3_qn1ieBAl5z\"><span style=\"color: #9900ff;\">POESIA MUSICADA<\/span><\/a><span style=\"color: #9900ff;\">:<\/span><\/b>\u00a0M\u00fasica i poesia, un t\u00e0ndem m\u00e0gic. Vet aqu\u00ed un reguitzell de versos \u2013alguns ben coneguts\u2013 musicats per grups i cantautors catalans. \u00datil per <\/span><\/div>\n<div><span style=\"font-family: arial, sans-serif;\">treballar a secund\u00e0ria i especialment a batxillerat. La llista cont\u00e9\u00a0alguns poemes musicats de l&#8217;<i>Antologia de poesia catalana<\/i>, lectura prescriptiva de 1r de batxillerat.\u00a0<\/span><\/div>\n<div><\/div>\n<div><span style=\"font-family: arial, sans-serif;\"><b><a href=\"https:\/\/open.spotify.com\/playlist\/6QLbSOpGpQ9dC65WHP21WK?si=c791e7182cad461e\" target=\"_blank\" rel=\"noopener\" data-saferedirecturl=\"https:\/\/www.google.com\/url?q=https:\/\/open.spotify.com\/playlist\/6QLbSOpGpQ9dC65WHP21WK?si%3Dc791e7182cad461e&amp;source=gmail&amp;ust=1743666409347000&amp;usg=AOvVaw2S-YbJ8kh6SOtLeRc89lmN\"><span style=\"color: #9900ff;\"><span class=\"gmail_default\">TEATRE M<\/span>USICAL<\/span><\/a><span style=\"color: #9900ff;\">:<\/span><\/b>\u00a0Catalunya t\u00e9 una llarga i prol\u00edfica traject\u00f2ria en\u00a0<span class=\"gmail_default\">aquest<\/span>\u00a0g\u00e8nere musical. Nombrosos espectacles de creaci\u00f3 aut\u00f2ctona o espectacles tradu\u00efts i adaptats al catal\u00e0 han omplert els nostres escenaris. Des dels m\u00e9s cl\u00e0ssics, als m\u00e9s moderns!<\/span><\/div>\n","protected":false},"excerpt":{"rendered":"<p><a href=\"https:\/\/projectes.xtec.cat\/acollidasuport\/\"><\/a><br \/>\nVINCLES:<br \/>\n<a href=\"https:\/\/projectes.xtec.cat\/acollidasuport\/vincles\/\">Recursos Vincles<\/a><\/p>\n<p>En aquesta p\u00e0gina trobareu tots els materials de Vincles:\u00a0<a href=\"https:\/\/repositori.educacio.gencat.cat\/handle\/20.500.12694\/3052#page=1\" target=\"_blank\" rel=\"noopener noreferrer\">llibre de l\u2019alumne<\/a>,\u00a0<a href=\"https:\/\/repositori.educacio.gencat.cat\/handle\/20.500.12694\/3066#page=2\" target=\"_blank\" rel=\"noopener noreferrer\">quaderns d\u2019exercicis<\/a>,\u00a0<a href=\"https:\/\/repositori.educacio.gencat.cat\/handle\/20.500.12694\/3067#page=1\" target=\"_blank\" rel=\"noopener noreferrer\">vincles guia did\u00e0ctica<\/a>,\u00a0<a href=\"https:\/\/www.edu365.cat\/flash\/vincles\/vincles1\/index.html\" target=\"_blank\" rel=\"noopener noreferrer\">interactiu<\/a>\u00a0i tamb\u00e9 els arxius sonors que s\u2019utilitzen a cada exercici.<br \/>\nRECURSOS:<br \/>\n<a href=\"https:\/\/xtec.gencat.cat\/ca\/projectes\/alumnat-origen-estranger\/\">https:\/\/xtec.gencat.cat\/ca\/projectes\/alumnat-origen-estranger\/<\/a><br \/>\n<a href=\"https:\/\/sites.google.com\/xtec.cat\/siteselic2021\/p%C3%A0gina-principal\">https:\/\/sites.google.com\/xtec.cat\/siteselic2021\/p%C3%A0gina-principal<\/a><br \/>\n<a href=\"https:\/\/open.spotify.com\/user\/yczkmcju8ruji0j5as6edklma?si=CuCfUtTIT6udSGSCQ-TgJw&amp;nd=1\">https:\/\/open.spotify.com\/user\/yczkmcju8ruji0j5as6edklma?si=CuCfUtTIT6udSGSCQ-TgJw&amp;nd=1<\/a><br \/>\n<a&hellip;  <a href=\"https:\/\/agora.xtec.cat\/zerelsio\/projectes\/zer-inclusiva\/alumnat-nouvingut\/\" title=\"Read Alumnat nouvingut\">Llegeix m\u00e9s\u00bb<\/a><\/p>\n","protected":false},"author":3,"featured_media":0,"parent":4374,"menu_order":10,"comment_status":"closed","ping_status":"closed","template":"","meta":{"_bbp_topic_count":0,"_bbp_reply_count":0,"_bbp_total_topic_count":0,"_bbp_total_reply_count":0,"_bbp_voice_count":0,"_bbp_anonymous_reply_count":0,"_bbp_topic_count_hidden":0,"_bbp_reply_count_hidden":0,"_bbp_forum_subforum_count":0,"footnotes":""},"class_list":["post-17048","page","type-page","status-publish","hentry"],"post_mailing_queue_ids":[],"_links":{"self":[{"href":"https:\/\/agora.xtec.cat\/zerelsio\/wp-json\/wp\/v2\/pages\/17048","targetHints":{"allow":["GET"]}}],"collection":[{"href":"https:\/\/agora.xtec.cat\/zerelsio\/wp-json\/wp\/v2\/pages"}],"about":[{"href":"https:\/\/agora.xtec.cat\/zerelsio\/wp-json\/wp\/v2\/types\/page"}],"author":[{"embeddable":true,"href":"https:\/\/agora.xtec.cat\/zerelsio\/wp-json\/wp\/v2\/users\/3"}],"replies":[{"embeddable":true,"href":"https:\/\/agora.xtec.cat\/zerelsio\/wp-json\/wp\/v2\/comments?post=17048"}],"version-history":[{"count":6,"href":"https:\/\/agora.xtec.cat\/zerelsio\/wp-json\/wp\/v2\/pages\/17048\/revisions"}],"predecessor-version":[{"id":17116,"href":"https:\/\/agora.xtec.cat\/zerelsio\/wp-json\/wp\/v2\/pages\/17048\/revisions\/17116"}],"up":[{"embeddable":true,"href":"https:\/\/agora.xtec.cat\/zerelsio\/wp-json\/wp\/v2\/pages\/4374"}],"wp:attachment":[{"href":"https:\/\/agora.xtec.cat\/zerelsio\/wp-json\/wp\/v2\/media?parent=17048"}],"curies":[{"name":"wp","href":"https:\/\/api.w.org\/{rel}","templated":true}]}}