{"id":1579,"date":"2018-08-11T09:17:21","date_gmt":"2018-08-11T07:17:21","guid":{"rendered":"http:\/\/agora.xtec.cat\/zerelsio\/?page_id=1579"},"modified":"2024-03-24T08:59:44","modified_gmt":"2024-03-24T07:59:44","slug":"steam","status":"publish","type":"page","link":"https:\/\/agora.xtec.cat\/zerelsio\/activitats\/steam\/","title":{"rendered":"STEAM"},"content":{"rendered":"<p><a href=\"https:\/\/agora.xtec.cat\/zerelsio\/wp-content\/uploads\/usu567\/2023\/06\/curs2023_2024.png\"><img loading=\"lazy\" decoding=\"async\" class=\"alignnone size-full wp-image-11957\" src=\"https:\/\/agora.xtec.cat\/zerelsio\/wp-content\/uploads\/usu567\/2023\/06\/curs2023_2024.png\" alt=\"\" width=\"539\" height=\"109\" srcset=\"https:\/\/agora.xtec.cat\/zerelsio\/wp-content\/uploads\/usu567\/2023\/06\/curs2023_2024.png 539w, https:\/\/agora.xtec.cat\/zerelsio\/wp-content\/uploads\/usu567\/2023\/06\/curs2023_2024-300x61.png 300w\" sizes=\"auto, (max-width: 539px) 100vw, 539px\" \/><\/a><\/p>\n<p><a href=\"https:\/\/drive.google.com\/drive\/folders\/1nH88XU3OvisThlXS_ooipdFugHH0w14c?usp=sharing\"><img loading=\"lazy\" decoding=\"async\" class=\"alignnone size-full wp-image-13279\" src=\"https:\/\/agora.xtec.cat\/zerelsio\/wp-content\/uploads\/usu567\/2024\/01\/curs_steam.png\" alt=\"\" width=\"544\" height=\"164\" srcset=\"https:\/\/agora.xtec.cat\/zerelsio\/wp-content\/uploads\/usu567\/2024\/01\/curs_steam.png 544w, https:\/\/agora.xtec.cat\/zerelsio\/wp-content\/uploads\/usu567\/2024\/01\/curs_steam-300x90.png 300w\" sizes=\"auto, (max-width: 544px) 100vw, 544px\" \/><\/a><\/p>\n<h3><span style=\"color: #ff0000;\">1a Sessi\u00f3: 22\/01\/2024 <span style=\"color: #99cc00;\">Comunicaci\u00f3, participaci\u00f3, coordinaci\u00f3, col\u00b7laboraci\u00f3 i normes d&#8217;\u00fas.<\/span><\/span><\/h3>\n<p><iframe loading=\"lazy\" src=\"https:\/\/drive.google.com\/file\/d\/1I3D57v9wIZEc08DtWFfvXY-tCsO2YB7K\/preview\" width=\"640\" height=\"480\"><\/iframe><\/p>\n<p><a href=\"https:\/\/www.javiertouron.es\/recursos-para-una-educacion-steam-y-un\/\">Recursos Digitals STEAM<\/a>.<\/p>\n<h3 style=\"text-align: justify;\"><span style=\"color: #ff0000;\">2a Sessi\u00f3: 29\/01\/2024 <span style=\"color: #99cc00;\">Integraci\u00f3 de pr\u00e0ctiques digitals i<\/span><br \/>\n<span style=\"color: #99cc00;\">gesti\u00f3 de continguts digitals.<\/span><\/span><\/h3>\n<p><iframe loading=\"lazy\" src=\"https:\/\/drive.google.com\/file\/d\/1qni3etu0HpCp12xzpy_yltPTpR2z3I14\/preview\" width=\"640\" height=\"480\"><\/iframe><br \/>\n<iframe loading=\"lazy\" src=\"https:\/\/drive.google.com\/file\/d\/1CXqgOIn6QTEYewW5RztxmJUTE-WVyZ0G\/preview\" width=\"640\" height=\"480\"><\/iframe><\/p>\n<h3 style=\"text-align: justify;\"><span style=\"color: #ff0000;\">3a Sessi\u00f3: 05\/02\/2024 <\/span><span style=\"color: #ff0000;\"><span style=\"color: #99cc00;\">Protecci\u00f3 de dades personals, privacitat, seguretat i benestar digital &amp; L\u2019ensenyament amb les noves tecnologies.<\/span><\/span><\/h3>\n<p><iframe loading=\"lazy\" src=\"https:\/\/drive.google.com\/file\/d\/1-VVMioujYB1Er6A7L2bK54If2knDw_B2\/preview\" width=\"640\" height=\"480\"><\/iframe><br \/>\n<iframe loading=\"lazy\" src=\"https:\/\/drive.google.com\/file\/d\/13bN9tMITKNrSsgX638SCTbTncMGupK6j\/preview\" width=\"640\" height=\"480\"><\/iframe><\/p>\n<h3 style=\"text-align: justify;\"><span style=\"color: #ff0000;\">4a Sessi\u00f3: 12\/02\/2024 <\/span><span style=\"color: #ff0000;\"><span style=\"color: #99cc00;\">Propostes de millora i aprenentatge aut\u00f2nom.<\/span><\/span><\/h3>\n<p><iframe loading=\"lazy\" src=\"https:\/\/drive.google.com\/file\/d\/1iZi6A6I4hehzG4lcppNz4vGpBa3GNOBf\/preview\" width=\"640\" height=\"480\"><\/iframe><\/p>\n<h3 style=\"text-align: justify;\"><span style=\"color: #ff0000;\">5a Sessi\u00f3: 19\/02\/2024 <span style=\"color: #99cc00;\">Suport a l\u2019aprenentatge i processos d\u2019avaluaci\u00f3.<\/span><\/span><\/h3>\n<p><iframe loading=\"lazy\" src=\"https:\/\/drive.google.com\/file\/d\/1B3BAWu8xUX53MhoUgODusvsuhE2YkFP1\/preview\" width=\"640\" height=\"480\"><\/iframe><br \/>\n<iframe loading=\"lazy\" src=\"https:\/\/drive.google.com\/file\/d\/1xO9TuPpbQLf9cGraX4cVaKCoZLEdhOIZ\/preview\" width=\"640\" height=\"480\"><\/iframe><\/p>\n<h3 style=\"text-align: justify;\"><span style=\"color: #ff0000;\">6a Sessi\u00f3: 26\/02\/2024 <span style=\"color: #99cc00;\">An\u00e0lisi i protecci\u00f3 de dades i inclusi\u00f3.<\/span><\/span><\/h3>\n<p><iframe loading=\"lazy\" src=\"https:\/\/drive.google.com\/file\/d\/1zLYKtxWt7xwTPPbfB4SNfXVpn3hZN-d6\/preview\" width=\"640\" height=\"480\"><\/iframe><\/p>\n<h3 style=\"text-align: justify;\"><span style=\"color: #ff0000;\">7a Sessi\u00f3: 04\/03\/2024 <span style=\"color: #99cc00;\">Accessibilitat, ciutadania digital i<\/span><br \/>\n<span style=\"color: #99cc00;\">col\u00b7laboraci\u00f3 digital a l\u2019aula.<\/span><\/span><\/h3>\n<p><iframe loading=\"lazy\" src=\"https:\/\/drive.google.com\/file\/d\/1NDSHdkWUnlsa-55Trroy8Pyj6SpXtJxf\/preview\" width=\"640\" height=\"480\"><\/iframe><br \/>\n<iframe loading=\"lazy\" src=\"https:\/\/drive.google.com\/file\/d\/1Gf0-3gg357n2fVj-fz4hYs-BLGkdhWju\/preview\" width=\"640\" height=\"480\"><\/iframe><\/p>\n<h3 style=\"text-align: justify;\"><span style=\"color: #ff0000;\">8a Sessi\u00f3: 11\/03\/2024 <span style=\"color: #99cc00;\">Creaci\u00f3 de continguts digitals i<\/span><br \/>\n<span style=\"color: #99cc00;\">resoluci\u00f3 de problemes.<\/span><\/span><\/h3>\n<p><iframe loading=\"lazy\" src=\"https:\/\/drive.google.com\/file\/d\/1Ec-FHIdJ5bIGY9lSVFzJ9rO9l5MXDzHf\/preview\" width=\"640\" height=\"480\"><\/iframe><br \/>\n<iframe loading=\"lazy\" src=\"https:\/\/drive.google.com\/file\/d\/1-bWfKmWALWkofRykeI8-TgSOB04QX18Z\/preview\" width=\"640\" height=\"480\"><\/iframe><\/p>\n<h3 style=\"text-align: justify;\"><span style=\"color: #ff0000;\">\u00a0<\/span><\/h3>\n<p><a href=\"https:\/\/agora.xtec.cat\/zerelsio\/wp-content\/uploads\/usu567\/2021\/07\/coollogo_com-28834253.png\"><img loading=\"lazy\" decoding=\"async\" class=\"alignnone size-full wp-image-7906\" src=\"https:\/\/agora.xtec.cat\/zerelsio\/wp-content\/uploads\/usu567\/2021\/07\/coollogo_com-28834253.png\" alt=\"\" width=\"550\" height=\"101\" srcset=\"https:\/\/agora.xtec.cat\/zerelsio\/wp-content\/uploads\/usu567\/2021\/07\/coollogo_com-28834253.png 550w, https:\/\/agora.xtec.cat\/zerelsio\/wp-content\/uploads\/usu567\/2021\/07\/coollogo_com-28834253-300x55.png 300w\" sizes=\"auto, (max-width: 550px) 100vw, 550px\" \/><\/a><\/p>\n<p><a href=\"https:\/\/agora.xtec.cat\/zerelsio\/wp-content\/uploads\/usu567\/2021\/09\/steam2021.png\"><img loading=\"lazy\" decoding=\"async\" class=\"alignnone size-full wp-image-8539\" src=\"https:\/\/agora.xtec.cat\/zerelsio\/wp-content\/uploads\/usu567\/2021\/09\/steam2021.png\" alt=\"\" width=\"775\" height=\"309\" srcset=\"https:\/\/agora.xtec.cat\/zerelsio\/wp-content\/uploads\/usu567\/2021\/09\/steam2021.png 775w, https:\/\/agora.xtec.cat\/zerelsio\/wp-content\/uploads\/usu567\/2021\/09\/steam2021-300x120.png 300w, https:\/\/agora.xtec.cat\/zerelsio\/wp-content\/uploads\/usu567\/2021\/09\/steam2021-768x306.png 768w\" sizes=\"auto, (max-width: 775px) 100vw, 775px\" \/><\/a><\/p>\n<table style=\"border-collapse: collapse; width: 100%;\">\n<tbody>\n<tr>\n<td style=\"width: 21.1426%;\">\n<h4><span style=\"color: #ff0000;\">1a Confer\u00e8ncia\/Taller<\/span><\/h4>\n<\/td>\n<td style=\"width: 19.2179%;\">\n<h4>20\/10\/2021, 18h<\/h4>\n<\/td>\n<td style=\"width: 59.6394%;\">FER, un proc\u00e9s fonamental d\u2019aprenentatge de 0 a 100 anys<\/td>\n<\/tr>\n<tr>\n<td style=\"width: 21.1426%;\">\n<h4><span style=\"color: #ff0000;\">2a Confer\u00e8ncia\/Taller<\/span><\/h4>\n<\/td>\n<td style=\"width: 19.2179%;\">\n<h4>21\/10\/2021, 18h<\/h4>\n<\/td>\n<td style=\"width: 59.6394%;\">TRES Experi\u00e8ncies Locals<\/td>\n<\/tr>\n<tr>\n<td style=\"width: 21.1426%;\">\n<h4><span style=\"color: #ff0000;\">3a Confer\u00e8ncia\/Taller<\/span><\/h4>\n<\/td>\n<td style=\"width: 19.2179%;\">\n<h4>22\/10\/2021, 15:30h<\/h4>\n<\/td>\n<td style=\"width: 59.6394%;\">SEL: Com gestionar les grans emocions i generar resili\u00e8ncia en nens i nenes?<\/td>\n<\/tr>\n<tr>\n<td style=\"width: 21.1426%;\">\n<h4><span style=\"color: #ff0000;\">4a Confer\u00e8ncia\/Taller<\/span><\/h4>\n<\/td>\n<td style=\"width: 19.2179%;\">\n<h4>23\/10\/2021, 10h<\/h4>\n<\/td>\n<td style=\"width: 59.6394%;\">STEM to STEAM: El meravell\u00f3s m\u00f3n dels circuits de paper<\/td>\n<\/tr>\n<\/tbody>\n<\/table>\n<p><a href=\"https:\/\/www.steamconf.com\/\">https:\/\/www.steamconf.com\/<\/a><\/p>\n<p>&nbsp;<\/p>\n<p><a href=\"https:\/\/agora.xtec.cat\/cesire\/projectes\/stem-steam\/\">&#8211;<img loading=\"lazy\" decoding=\"async\" class=\"\" src=\"https:\/\/pbs.twimg.com\/media\/DcSs_PTWkAAWpvM.jpg\" alt=\"\" width=\"801\" height=\"211\" \/><\/a><br \/>\n<a href=\"https:\/\/agora.xtec.cat\/cesire\/projectes\/stem-steam\/\">https:\/\/agora.xtec.cat\/cesire\/projectes\/stem-steam\/<\/a><br \/>\n<a href=\"https:\/\/www.educaixa.com\/ca\/-\/stem-arts-steam\"><img loading=\"lazy\" decoding=\"async\" class=\"alignnone wp-image-3940\" src=\"https:\/\/agora.xtec.cat\/zerelsio\/wp-content\/uploads\/usu567\/2019\/03\/steam2.jpg\" alt=\"\" width=\"670\" height=\"460\" srcset=\"https:\/\/agora.xtec.cat\/zerelsio\/wp-content\/uploads\/usu567\/2019\/03\/steam2.jpg 704w, https:\/\/agora.xtec.cat\/zerelsio\/wp-content\/uploads\/usu567\/2019\/03\/steam2-300x205.jpg 300w\" sizes=\"auto, (max-width: 670px) 100vw, 670px\" \/><\/a><\/p>\n<p><a href=\"https:\/\/sites.google.com\/a\/xtec.cat\/crp-sarria-sant-gervasi\/plans-i-projectes-innovacio\/steam\"><img loading=\"lazy\" decoding=\"async\" class=\"alignnone wp-image-7681\" src=\"https:\/\/agora.xtec.cat\/zerelsio\/wp-content\/uploads\/usu567\/2021\/05\/steam.png\" alt=\"\" width=\"368\" height=\"350\" srcset=\"https:\/\/agora.xtec.cat\/zerelsio\/wp-content\/uploads\/usu567\/2021\/05\/steam.png 319w, https:\/\/agora.xtec.cat\/zerelsio\/wp-content\/uploads\/usu567\/2021\/05\/steam-300x285.png 300w\" sizes=\"auto, (max-width: 368px) 100vw, 368px\" \/><\/a><br \/>\n<a href=\"https:\/\/serveiseducatius.xtec.cat\/sarria-santgervasi\/innovacio\/steam\/\"><img loading=\"lazy\" decoding=\"async\" class=\"alignnone size-full wp-image-13276\" src=\"https:\/\/agora.xtec.cat\/zerelsio\/wp-content\/uploads\/usu567\/2024\/01\/steam.png\" alt=\"\" width=\"324\" height=\"377\" srcset=\"https:\/\/agora.xtec.cat\/zerelsio\/wp-content\/uploads\/usu567\/2024\/01\/steam.png 324w, https:\/\/agora.xtec.cat\/zerelsio\/wp-content\/uploads\/usu567\/2024\/01\/steam-258x300.png 258w\" sizes=\"auto, (max-width: 324px) 100vw, 324px\" \/><\/a><\/p>\n<p><a href=\"http:\/\/ateneu.xtec.cat\/wikiform\/wikiexport\/materials\/stemcat\/index\"><img loading=\"lazy\" decoding=\"async\" class=\"alignnone wp-image-3870\" src=\"https:\/\/agora.xtec.cat\/zerelsio\/wp-content\/uploads\/usu567\/2019\/02\/medi_steam.jpg\" alt=\"\" width=\"700\" height=\"380\" srcset=\"https:\/\/agora.xtec.cat\/zerelsio\/wp-content\/uploads\/usu567\/2019\/02\/medi_steam.jpg 954w, https:\/\/agora.xtec.cat\/zerelsio\/wp-content\/uploads\/usu567\/2019\/02\/medi_steam-300x163.jpg 300w, https:\/\/agora.xtec.cat\/zerelsio\/wp-content\/uploads\/usu567\/2019\/02\/medi_steam-768x417.jpg 768w\" sizes=\"auto, (max-width: 700px) 100vw, 700px\" \/><\/a><\/p>\n<p><a href=\"https:\/\/projectes.xtec.cat\/steamcat\/categoria\/metodologies\/\">https:\/\/projectes.xtec.cat\/steamcat\/categoria\/metodologies\/<\/a><br \/>\n<iframe loading=\"lazy\" src=\"https:\/\/drive.google.com\/file\/d\/1wC1F_6dlmqWi6OLNvXIvm9KmPOgbtkK9\/preview\" width=\"640\" height=\"480\"><\/iframe><br \/>\n<a href=\"http:\/\/xtec.gencat.cat\/ca\/innovacio\/modalitats\/programes_innovacio\/programa-steamcat\/\">http:\/\/xtec.gencat.cat\/ca\/innovacio\/modalitats\/programes_innovacio\/programa-steamcat\/<\/a><\/p>\n<p><a href=\"https:\/\/sites.google.com\/xtec.cat\/explorasteam\/inici\"><img decoding=\"async\" src=\"http:\/\/serveiseducatius.xtec.cat\/solsones\/wp-content\/uploads\/usu1176\/2018\/06\/steam.jpg\" \/><\/a><\/p>\n<h2><span style=\"color: #ff0000;\">Pensament computacional.<\/span><\/h2>\n<p><a href=\"https:\/\/sites.google.com\/xtec.cat\/explorasteam\/programa\/tallers\/t2-pensament-computacional\">https:\/\/sites.google.com\/xtec.cat\/explorasteam\/programa\/tallers\/t2-pensament-computacional<\/a><\/p>\n<p><a href=\"https:\/\/sites.google.com\/xtec.cat\/taclleida\/pensament-computacional-i-rob%C3%B2tica\">https:\/\/sites.google.com\/xtec.cat\/taclleida\/pensament-computacional-i-rob%C3%B2tica<\/a><\/p>\n<ul style=\"list-style-type: square;\">\n<li>\n<h3><span style=\"color: #339966;\">Medi: Fer, parlar, pensar i sentir des de l&#8217;STEAM.<\/span><\/h3>\n<p><a href=\"https:\/\/blocs.xtec.cat\/msolduga\/aconseguirem-la-fita\/\">Activitat<\/a><br \/>\nCarpeta drive<\/li>\n<\/ul>\n<ul>\n<li>\n<h3><span style=\"color: #339966;\">Medi amb perspectiva STEAM.<\/span><\/h3>\n<\/li>\n<\/ul>\n<p><a href=\"https:\/\/agora.xtec.cat\/zerelsio\/ambits\/medi\/amb-perspectiva-steam\/\">https:\/\/agora.xtec.cat\/zerelsio\/ambits\/medi\/amb-perspectiva-steam\/<\/a><\/p>\n<ul>\n<li>\n<h3>Taller STEAM: Intel\u00b7lig\u00e8ncia computacional: Ensenyem a programar?<\/h3>\n<\/li>\n<li>\n<h3>Taller STEAM: Rubikids, jugant a aprendre matem\u00e0tiques.<\/h3>\n<\/li>\n<\/ul>\n","protected":false},"excerpt":{"rendered":"<p><a href=\"https:\/\/agora.xtec.cat\/zerelsio\/wp-content\/uploads\/usu567\/2023\/06\/curs2023_2024.png\"><\/a><br \/>\n<a href=\"https:\/\/drive.google.com\/drive\/folders\/1nH88XU3OvisThlXS_ooipdFugHH0w14c?usp=sharing\"><\/a><br \/>\n1a Sessi\u00f3: 22\/01\/2024 Comunicaci\u00f3, participaci\u00f3, coordinaci\u00f3, col\u00b7laboraci\u00f3 i normes d&#8217;\u00fas.<\/p>\n<p><a href=\"https:\/\/www.javiertouron.es\/recursos-para-una-educacion-steam-y-un\/\">Recursos Digitals STEAM<\/a>.<br \/>\n2a Sessi\u00f3: 29\/01\/2024 Integraci\u00f3 de pr\u00e0ctiques digitals i<br \/>\ngesti\u00f3 de continguts digitals.<\/p>\n<p>3a Sessi\u00f3: 05\/02\/2024 Protecci\u00f3 de dades personals, privacitat, seguretat i benestar digital &amp; L\u2019ensenyament amb les noves tecnologies.<\/p>\n<p>4a Sessi\u00f3: 12\/02\/2024 Propostes&hellip;  <a href=\"https:\/\/agora.xtec.cat\/zerelsio\/activitats\/steam\/\" title=\"Read STEAM\">Llegeix m\u00e9s\u00bb<\/a><\/p>\n","protected":false},"author":3,"featured_media":0,"parent":994,"menu_order":40,"comment_status":"closed","ping_status":"closed","template":"page-templates\/side-menu.php","meta":{"_bbp_topic_count":0,"_bbp_reply_count":0,"_bbp_total_topic_count":0,"_bbp_total_reply_count":0,"_bbp_voice_count":0,"_bbp_anonymous_reply_count":0,"_bbp_topic_count_hidden":0,"_bbp_reply_count_hidden":0,"_bbp_forum_subforum_count":0,"footnotes":""},"class_list":["post-1579","page","type-page","status-publish","hentry"],"post_mailing_queue_ids":[],"_links":{"self":[{"href":"https:\/\/agora.xtec.cat\/zerelsio\/wp-json\/wp\/v2\/pages\/1579","targetHints":{"allow":["GET"]}}],"collection":[{"href":"https:\/\/agora.xtec.cat\/zerelsio\/wp-json\/wp\/v2\/pages"}],"about":[{"href":"https:\/\/agora.xtec.cat\/zerelsio\/wp-json\/wp\/v2\/types\/page"}],"author":[{"embeddable":true,"href":"https:\/\/agora.xtec.cat\/zerelsio\/wp-json\/wp\/v2\/users\/3"}],"replies":[{"embeddable":true,"href":"https:\/\/agora.xtec.cat\/zerelsio\/wp-json\/wp\/v2\/comments?post=1579"}],"version-history":[{"count":6,"href":"https:\/\/agora.xtec.cat\/zerelsio\/wp-json\/wp\/v2\/pages\/1579\/revisions"}],"predecessor-version":[{"id":13846,"href":"https:\/\/agora.xtec.cat\/zerelsio\/wp-json\/wp\/v2\/pages\/1579\/revisions\/13846"}],"up":[{"embeddable":true,"href":"https:\/\/agora.xtec.cat\/zerelsio\/wp-json\/wp\/v2\/pages\/994"}],"wp:attachment":[{"href":"https:\/\/agora.xtec.cat\/zerelsio\/wp-json\/wp\/v2\/media?parent=1579"}],"curies":[{"name":"wp","href":"https:\/\/api.w.org\/{rel}","templated":true}]}}