{"id":15518,"date":"2024-11-02T12:05:42","date_gmt":"2024-11-02T11:05:42","guid":{"rendered":"https:\/\/agora.xtec.cat\/zerelsio\/?page_id=15518"},"modified":"2024-11-03T08:49:24","modified_gmt":"2024-11-03T07:49:24","slug":"formacio-gestio-economica","status":"publish","type":"page","link":"https:\/\/agora.xtec.cat\/zerelsio\/formacio-gestio-economica\/","title":{"rendered":"Formaci\u00f3 gesti\u00f3 econ\u00f2mica"},"content":{"rendered":"<p><a href=\"https:\/\/agora.xtec.cat\/zerelsio\/wp-content\/uploads\/usu567\/2024\/06\/curs2024_2025.png\"><img loading=\"lazy\" decoding=\"async\" class=\"alignnone size-full wp-image-14402\" src=\"https:\/\/agora.xtec.cat\/zerelsio\/wp-content\/uploads\/usu567\/2024\/06\/curs2024_2025.png\" alt=\"\" width=\"728\" height=\"125\" srcset=\"https:\/\/agora.xtec.cat\/zerelsio\/wp-content\/uploads\/usu567\/2024\/06\/curs2024_2025.png 728w, https:\/\/agora.xtec.cat\/zerelsio\/wp-content\/uploads\/usu567\/2024\/06\/curs2024_2025-300x52.png 300w\" sizes=\"auto, (max-width: 728px) 100vw, 728px\" \/><\/a><\/p>\n<p><iframe loading=\"lazy\" src=\"https:\/\/drive.google.com\/file\/d\/1Zi5YTb0J76LPgEhwrflY7cDGCQua6D6S\/preview\" width=\"640\" height=\"480\"><\/iframe><\/p>\n<h1><span style=\"color: #ff0000;\">Sessi\u00f3 1: 26\/11<\/span><\/h1>\n<h1><span style=\"color: #ff0000;\">Sessi\u00f3 2: 04\/03<\/span><\/h1>\n<h1><span style=\"color: #ff0000;\">Sessi\u00f3 3: 11\/03<\/span><\/h1>\n<h1><span style=\"color: #ff0000;\">Sessi\u00f3 4: 18\/03<\/span><\/h1>\n<h1><span style=\"color: #ff0000;\">Sessi\u00f3 5: 25\/03<\/span><\/h1>\n<p>&nbsp;<\/p>\n","protected":false},"excerpt":{"rendered":"<p><a href=\"https:\/\/agora.xtec.cat\/zerelsio\/wp-content\/uploads\/usu567\/2024\/06\/curs2024_2025.png\"><\/a><\/p>\n<p>Sessi\u00f3 1: 26\/11<br \/>\nSessi\u00f3 2: 04\/03<br \/>\nSessi\u00f3 3: 11\/03<br \/>\nSessi\u00f3 4: 18\/03<br \/>\nSessi\u00f3 5: 25\/03<br \/>\n&nbsp;<\/p>\n","protected":false},"author":3,"featured_media":0,"parent":0,"menu_order":0,"comment_status":"closed","ping_status":"closed","template":"","meta":{"_bbp_topic_count":0,"_bbp_reply_count":0,"_bbp_total_topic_count":0,"_bbp_total_reply_count":0,"_bbp_voice_count":0,"_bbp_anonymous_reply_count":0,"_bbp_topic_count_hidden":0,"_bbp_reply_count_hidden":0,"_bbp_forum_subforum_count":0,"footnotes":""},"class_list":["post-15518","page","type-page","status-publish","hentry"],"post_mailing_queue_ids":[],"_links":{"self":[{"href":"https:\/\/agora.xtec.cat\/zerelsio\/wp-json\/wp\/v2\/pages\/15518","targetHints":{"allow":["GET"]}}],"collection":[{"href":"https:\/\/agora.xtec.cat\/zerelsio\/wp-json\/wp\/v2\/pages"}],"about":[{"href":"https:\/\/agora.xtec.cat\/zerelsio\/wp-json\/wp\/v2\/types\/page"}],"author":[{"embeddable":true,"href":"https:\/\/agora.xtec.cat\/zerelsio\/wp-json\/wp\/v2\/users\/3"}],"replies":[{"embeddable":true,"href":"https:\/\/agora.xtec.cat\/zerelsio\/wp-json\/wp\/v2\/comments?post=15518"}],"version-history":[{"count":4,"href":"https:\/\/agora.xtec.cat\/zerelsio\/wp-json\/wp\/v2\/pages\/15518\/revisions"}],"predecessor-version":[{"id":15524,"href":"https:\/\/agora.xtec.cat\/zerelsio\/wp-json\/wp\/v2\/pages\/15518\/revisions\/15524"}],"wp:attachment":[{"href":"https:\/\/agora.xtec.cat\/zerelsio\/wp-json\/wp\/v2\/media?parent=15518"}],"curies":[{"name":"wp","href":"https:\/\/api.w.org\/{rel}","templated":true}]}}