{"id":1551,"date":"2018-08-10T07:39:33","date_gmt":"2018-08-10T05:39:33","guid":{"rendered":"http:\/\/agora.xtec.cat\/zerelsio\/?page_id=1551"},"modified":"2025-07-16T12:10:11","modified_gmt":"2025-07-16T10:10:11","slug":"artistic","status":"publish","type":"page","link":"https:\/\/agora.xtec.cat\/zerelsio\/ambits\/artistic\/","title":{"rendered":"Educaci\u00f3 art\u00edstica"},"content":{"rendered":"<h3><a href=\"https:\/\/agora.xtec.cat\/zerelsio\/wp-content\/uploads\/usu567\/2021\/11\/musica2.jpg\"><img loading=\"lazy\" decoding=\"async\" class=\"alignnone wp-image-8865\" src=\"https:\/\/agora.xtec.cat\/zerelsio\/wp-content\/uploads\/usu567\/2021\/11\/musica2-1024x1024.jpg\" alt=\"\" width=\"650\" height=\"650\" srcset=\"https:\/\/agora.xtec.cat\/zerelsio\/wp-content\/uploads\/usu567\/2021\/11\/musica2-1024x1024.jpg 1024w, https:\/\/agora.xtec.cat\/zerelsio\/wp-content\/uploads\/usu567\/2021\/11\/musica2-300x300.jpg 300w, https:\/\/agora.xtec.cat\/zerelsio\/wp-content\/uploads\/usu567\/2021\/11\/musica2-150x150.jpg 150w, https:\/\/agora.xtec.cat\/zerelsio\/wp-content\/uploads\/usu567\/2021\/11\/musica2-768x768.jpg 768w, https:\/\/agora.xtec.cat\/zerelsio\/wp-content\/uploads\/usu567\/2021\/11\/musica2.jpg 1080w\" sizes=\"auto, (max-width: 650px) 100vw, 650px\" \/><\/a><\/h3>\n<h3><em><span style=\"color: #ff0000;\">\u201cNo tinguis por de la perfecci\u00f3, mai l\u2019assolir\u00e0s.\u201d<\/span><\/em><\/h3>\n<p>Salvador Dal\u00ed<\/p>\n<h3><em><span style=\"color: #ff0000;\">\u201cLa m\u00fasica \u00e9s la teva pr\u00f2pia experi\u00e8ncia, els teus propis pensaments, la teva saviesa. Si no la vius no sortir\u00e0 de la teva banya. Et diuen que hi ha una l\u00ednia limitadora per a la m\u00fasica. Per\u00f2 no hi ha fronteres per a l\u2019art.\u201d <\/span><\/em><\/h3>\n<p>Charlie Parker<\/p>\n<p><a href=\"https:\/\/agora.xtec.cat\/ceip-masiperera\/categoria\/musica\/imatge\/\">M\u00e9s frases i imatges<\/a>!<\/p>\n<p><a href=\"http:\/\/xtec.gencat.cat\/ca\/curriculum\/primaria\/competencies-basiques-ambits\/ambit-artistic\">http:\/\/xtec.gencat.cat\/ca\/curriculum\/primaria\/competencies-basiques-ambits\/ambit-artistic<\/a>\/<\/p>\n<p><a href=\"https:\/\/agora.xtec.cat\/zerelsio\/wp-content\/uploads\/usu567\/2025\/07\/cooltext485687808167408.png\"><img loading=\"lazy\" decoding=\"async\" class=\"alignnone size-full wp-image-17493\" src=\"https:\/\/agora.xtec.cat\/zerelsio\/wp-content\/uploads\/usu567\/2025\/07\/cooltext485687808167408.png\" alt=\"\" width=\"802\" height=\"141\" srcset=\"https:\/\/agora.xtec.cat\/zerelsio\/wp-content\/uploads\/usu567\/2025\/07\/cooltext485687808167408.png 802w, https:\/\/agora.xtec.cat\/zerelsio\/wp-content\/uploads\/usu567\/2025\/07\/cooltext485687808167408-300x53.png 300w, https:\/\/agora.xtec.cat\/zerelsio\/wp-content\/uploads\/usu567\/2025\/07\/cooltext485687808167408-768x135.png 768w\" sizes=\"auto, (max-width: 802px) 100vw, 802px\" \/><\/a><\/p>\n<h1><span style=\"color: #ff0000;\">M\u00daSICA<\/span><\/h1>\n<h3><span style=\"color: #800080;\">Programaci\u00f3:<\/span><\/h3>\n<p><span style=\"color: #ff0000;\">Manca actualitzar!<\/span><\/p>\n<h1><span style=\"color: #ff0000;\">PL\u00c0STICA<\/span><\/h1>\n<h3><span style=\"color: #800080;\">Programaci\u00f3:<\/span><\/h3>\n<p><span style=\"color: #ff0000;\">Manca actualitzar!<\/span><\/p>\n<h3><span style=\"color: #800080;\">Sabers, compet\u00e8ncies espec\u00edfiques i criteris d&#8217;avaluaci\u00f3:<\/span><\/h3>\n<p><iframe loading=\"lazy\" src=\"https:\/\/drive.google.com\/file\/d\/1ogDhgT4RefPyuw1mqeqoSrvhARApiCet\/preview\" width=\"640\" height=\"480\"><\/iframe><\/p>\n<p><iframe loading=\"lazy\" src=\"https:\/\/drive.google.com\/file\/d\/1U3SY9yO3BCkkurX7g69s1y1WgOSytfW7\/preview\" width=\"640\" height=\"480\"><\/iframe><\/p>\n<h3><span style=\"color: #800080;\">INVENTARI M\u00daSICA:<\/span><\/h3>\n<p><iframe loading=\"lazy\" src=\"https:\/\/drive.google.com\/file\/d\/1MByGwdfn9yQlviOYaMUFQDrnO_uSv6bm\/preview\" width=\"640\" height=\"480\"><\/iframe><\/p>\n<p>Manca actualitzar inventari.<\/p>\n<h3><span style=\"color: #800080;\">Activitats:<\/span><\/h3>\n<ul style=\"list-style-type: disc;\">\n<li><span style=\"font-weight: 400;\"><a href=\"https:\/\/agora.xtec.cat\/zerelsio\/general\/art-land-a-la-zer\/\">Art-Land a la ZER El Si\u00f3,\u00a0 Andy Goldsworthy<\/a>.<\/span><\/li>\n<\/ul>\n<h3><span style=\"color: #800080;\">Projecte GEP:<\/span><\/h3>\n<p><a href=\"https:\/\/agora.xtec.cat\/zerelsio\/projectes\/gep\/\">https:\/\/agora.xtec.cat\/zerelsio\/projectes\/gep\/<\/a><\/p>\n<h3><span style=\"color: #800080;\">Enlla\u00e7os musicals:<\/span><\/h3>\n<p>L&#8217;equip LIC de Lleida comparteix un nou recurs musical en catal\u00e0: el perfil d&#8217;Spotify <b><a href=\"https:\/\/open.spotify.com\/user\/yczkmcju8ruji0j5as6edklma?si=CuCfUtTIT6udSGSCQ-TgJw\" target=\"_blank\" rel=\"noopener\" data-saferedirecturl=\"https:\/\/www.google.com\/url?q=https:\/\/open.spotify.com\/user\/yczkmcju8ruji0j5as6edklma?si%3DCuCfUtTIT6udSGSCQ-TgJw&amp;source=gmail&amp;ust=1637742216745000&amp;usg=AOvVaw26FAaFGlSZ1_nGVY0jDiR0\"><span style=\"color: #9900ff;\">ELIC Lleida<\/span><\/a><\/b>.<\/p>\n<div style=\"text-align: justify;\"><span style=\"font-family: arial, sans-serif;\"><b><a href=\"https:\/\/open.spotify.com\/playlist\/7mFyF5fCEy05nzGz0obRIa?si=10d09b5827fa4db6\" target=\"_blank\" rel=\"noopener\" data-saferedirecturl=\"https:\/\/www.google.com\/url?q=https:\/\/open.spotify.com\/playlist\/7mFyF5fCEy05nzGz0obRIa?si%3D10d09b5827fa4db6&amp;source=gmail&amp;ust=1637742216745000&amp;usg=AOvVaw3pc8srNXwIqN8uM0ZTbt-j\"><span style=\"color: #9900ff;\">INFANTIL I PRIM\u00c0RIA<\/span><\/a><span style=\"color: #9900ff;\">:<\/span><\/b>\u00a0Un recull de can\u00e7ons infantils de tem\u00e0tica diversa per compartir amb els infants, sobretot, d&#8217;infantil i prim\u00e0ria.<\/span><\/div>\n<div style=\"text-align: justify;\"><span style=\"font-family: arial, sans-serif;\"><b><a href=\"https:\/\/open.spotify.com\/playlist\/0h6ViEzMi5RpiKoFX0OuWe?si=bf0f4a3f74304b2c\" target=\"_blank\" rel=\"noopener\" data-saferedirecturl=\"https:\/\/www.google.com\/url?q=https:\/\/open.spotify.com\/playlist\/0h6ViEzMi5RpiKoFX0OuWe?si%3Dbf0f4a3f74304b2c&amp;source=gmail&amp;ust=1637742216745000&amp;usg=AOvVaw2s8FFZ8F38VHD59vHdncbP\"><span style=\"color: #9900ff;\">PRIM\u00c0RIA I SECUND\u00c0RIA<\/span><\/a><span style=\"color: #9900ff;\">:<\/span><\/b>\u00a0Un recull de can\u00e7ons infantils de tem\u00e0tica diversa per compartir amb els infants, sobretot, de prim\u00e0ria i secund\u00e0ria.<\/span><\/div>\n<div style=\"text-align: justify;\"><span style=\"font-family: arial, sans-serif;\"><b><a href=\"https:\/\/open.spotify.com\/playlist\/2ri7kamCPUoL1PupvGA3Uc?si=f0e69723c463493e\" target=\"_blank\" rel=\"noopener\" data-saferedirecturl=\"https:\/\/www.google.com\/url?q=https:\/\/open.spotify.com\/playlist\/2ri7kamCPUoL1PupvGA3Uc?si%3Df0e69723c463493e&amp;source=gmail&amp;ust=1637742216745000&amp;usg=AOvVaw3JaUaWVVG-ZDzQI1-0o1Ez\"><span style=\"color: #9900ff;\">PER LA IGUALTAT<\/span><\/a><span style=\"color: #9900ff;\">:<\/span><\/b>\u00a0Un bon recurs per utilitzar les can\u00e7ons com a eina did\u00e0ctica per treballar la igualtat i la viol\u00e8ncia de g\u00e8nere, a pocs dies del 25N,\u00a0Dia internacional per a l&#8217;eliminaci\u00f3 de la viol\u00e8ncia envers les dones.<\/span><\/div>\n<div style=\"text-align: justify;\"><span style=\"font-family: arial, sans-serif;\"><span style=\"color: #9900ff;\"><b><a href=\"https:\/\/open.spotify.com\/playlist\/0h7meM1lNnnKEQZ50JkvSd?si=7eee58418b2b4ce9\" target=\"_blank\" rel=\"noopener\" data-saferedirecturl=\"https:\/\/www.google.com\/url?q=https:\/\/open.spotify.com\/playlist\/0h7meM1lNnnKEQZ50JkvSd?si%3D7eee58418b2b4ce9&amp;source=gmail&amp;ust=1637742216745000&amp;usg=AOvVaw38DHwipn6I6oBcQzJZzYO5\">DIVERSITAT AFECTIVA, SEXUAL I DE G\u00c8NERE<\/a>:\u00a0<\/b><\/span>La m\u00fasica tamb\u00e9 \u00e9s una bona eina per donar visibilitat a la diversitat afectiva, sexual i de g\u00e8nere.<span style=\"color: #9900ff;\"><br \/>\n<\/span><\/span><\/div>\n<div style=\"text-align: justify;\"><span style=\"font-family: arial, sans-serif;\"><b><a href=\"https:\/\/open.spotify.com\/playlist\/4T4yCvwICtKRVi70vjWvFx?si=d6f2212d0ce84da1\" target=\"_blank\" rel=\"noopener\" data-saferedirecturl=\"https:\/\/www.google.com\/url?q=https:\/\/open.spotify.com\/playlist\/4T4yCvwICtKRVi70vjWvFx?si%3Dd6f2212d0ce84da1&amp;source=gmail&amp;ust=1637742216745000&amp;usg=AOvVaw0n0ox_-C9NiqZQ3XO7VmUG\"><span style=\"color: #9900ff;\">MIGRACI\u00d3<\/span><\/a><span style=\"color: #9900ff;\">:<\/span>\u00a0<\/b>Les migracions s\u00f3n moviments que s&#8217;han produ\u00eft de manera constant al llarg de la hist\u00f2ria. Vet aqu\u00ed un recull de can\u00e7ons que parlen de diferents situacions migrat\u00f2ries que conviden a treballar l&#8217;acollida, generar empatia i remoure consci\u00e8ncies.<\/span><\/div>\n<div style=\"text-align: justify;\"><span style=\"font-family: arial, sans-serif;\"><b><a href=\"https:\/\/open.spotify.com\/playlist\/4u1MGvrLoJuByqsIgmC7Qc?si=05cba5d6154141a1\" target=\"_blank\" rel=\"noopener\" data-saferedirecturl=\"https:\/\/www.google.com\/url?q=https:\/\/open.spotify.com\/playlist\/4u1MGvrLoJuByqsIgmC7Qc?si%3D05cba5d6154141a1&amp;source=gmail&amp;ust=1637742216745000&amp;usg=AOvVaw0fWAKbd0but3O8DBBnuABI\"><span style=\"color: #9900ff;\">TRADICIONS<\/span><\/a><span style=\"color: #9900ff;\">:<\/span><\/b>\u00a0Un passeig musical per la nostra cultura i les nostres tradicions.\u00a0\u00a0<\/span><\/div>\n<div style=\"text-align: justify;\"><span style=\"font-family: arial, sans-serif;\"><b><a href=\"https:\/\/open.spotify.com\/playlist\/5lwdGhUlPjtv6iplfMuAEF?si=44c1b5df02104995\" target=\"_blank\" rel=\"noopener\" data-saferedirecturl=\"https:\/\/www.google.com\/url?q=https:\/\/open.spotify.com\/playlist\/5lwdGhUlPjtv6iplfMuAEF?si%3D44c1b5df02104995&amp;source=gmail&amp;ust=1637742216745000&amp;usg=AOvVaw3yJVqHNCuvS4ZRg0VV6fUz\"><span style=\"color: #9900ff;\">FESTES DE NADAL<\/span><\/a><span style=\"color: #9900ff;\">:<\/span>\u00a0<\/b>Un repertori de nadales i can\u00e7ons que fan refer\u00e8ncia al cicle festiu que va del dia de Nadal al de Reis. Des des de les m\u00e9s tradicionals a les m\u00e9s actuals. Una llista pensada per ballar, cantar i treballar els temes m\u00e9s assenyalats d&#8217;aquest per\u00edode festiu.<\/span><\/div>\n<div style=\"text-align: justify;\"><span style=\"font-family: arial, sans-serif;\"><b><a href=\"https:\/\/open.spotify.com\/playlist\/1V0HuTOlWc0tsSr4TabdGd?si=332445d27ef14dc9\" target=\"_blank\" rel=\"noopener\" data-saferedirecturl=\"https:\/\/www.google.com\/url?q=https:\/\/open.spotify.com\/playlist\/1V0HuTOlWc0tsSr4TabdGd?si%3D332445d27ef14dc9&amp;source=gmail&amp;ust=1637742216745000&amp;usg=AOvVaw2BGh_xIT1vxUQN-Ov3ICuv\"><span style=\"color: #9900ff;\">POESIA MUSICADA<\/span><\/a><span style=\"color: #9900ff;\">:<\/span><\/b>\u00a0M\u00fasica i poesia, un t\u00e0ndem m\u00e0gic. Vet aqu\u00ed un reguitzell de versos \u2013alguns ben coneguts\u2013 musicats per grups i cantautors catalans. \u00datil per treballar a secund\u00e0ria i especialment a batxillerat. La llista cont\u00e9\u00a0alguns poemes musicats de l&#8217;<i>Antologia de poesia catalana<\/i>, lectura prescriptiva de 1r de batxillerat.\u00a0<\/span><\/div>\n<div style=\"text-align: justify;\"><span style=\"font-family: arial, sans-serif;\"><b><a href=\"https:\/\/open.spotify.com\/playlist\/6QLbSOpGpQ9dC65WHP21WK?si=c791e7182cad461e\" target=\"_blank\" rel=\"noopener\" data-saferedirecturl=\"https:\/\/www.google.com\/url?q=https:\/\/open.spotify.com\/playlist\/6QLbSOpGpQ9dC65WHP21WK?si%3Dc791e7182cad461e&amp;source=gmail&amp;ust=1637742216745000&amp;usg=AOvVaw0CPSaOrbUFdWChCc7M8Yk8\"><span style=\"color: #9900ff;\"><span class=\"gmail_default\">TEATRE M<\/span>USICAL<\/span><\/a><span style=\"color: #9900ff;\">:<\/span><\/b>\u00a0Catalunya t\u00e9 una llarga i prol\u00edfica traject\u00f2ria en\u00a0<span class=\"gmail_default\">aquest<\/span>\u00a0g\u00e8nere musical. Nombrosos espectacles de creaci\u00f3 aut\u00f2ctona o espectacles tradu\u00efts i adaptats al catal\u00e0 han omplert els nostres escenaris. Des dels m\u00e9s cl\u00e0ssics, als m\u00e9s moderns!<\/span><\/div>\n<div style=\"text-align: justify;\"><\/div>\n<h3 style=\"text-align: justify;\"><span style=\"color: #800080;\">Recursos:<\/span><\/h3>\n<p style=\"text-align: justify;\"><a href=\"http:\/\/xtec.gencat.cat\/ca\/recursos\/visualplastica\/\">XTEC Visual i pl\u00e0stica<\/a><br \/>\n<a href=\"http:\/\/xtec.gencat.cat\/ca\/recursos\/musica\/\">XTEC M\u00fasica<\/a><br \/>\n<a href=\"http:\/\/www.edu365.cat\/primaria\/muds\/visual\/index.htm\">EDU365.CAT Visual i pl\u00e0stica<\/a><br \/>\n<a href=\"http:\/\/www.edu365.cat\/primaria\/muds\/musica\/index.htm\">EDU365.CAT M\u00fasica<\/a><br \/>\n<a href=\"http:\/\/www.xtec.cat\/~msolduga\/menu\/finestra\/altres.htm#plastica\">Calaixos de pl\u00e0stica<\/a><br \/>\n<a href=\"http:\/\/www.xtec.cat\/~msolduga\/menu\/finestra\/altres.htm#musica\">Calaixos de m\u00fasica<\/a><br \/>\n<a href=\"http:\/\/www.xtec.cat\/centres\/c5003822\/sisena_hora\/artistes.htm\">Fem d&#8217;artistes<\/a><\/p>\n<h3><span style=\"color: #800080;\">Per observar i comentar una pintura:<\/span><\/h3>\n<h3><iframe loading=\"lazy\" src=\"https:\/\/drive.google.com\/file\/d\/1XrosR3D_9yag5Z764KxDGjBOA0jGjkNI\/preview\" width=\"640\" height=\"480\" data-mce-fragment=\"1\"><\/iframe><\/h3>\n<h2><span style=\"color: #008000;\">15 d&#8217;abril Dia Mundial de l&#8217;Art.<\/span><\/h2>\n<p><a href=\"https:\/\/www.diainternacionalde.com\/ficha\/dia-mundial-del-arte\">https:\/\/www.diainternacionalde.com\/ficha\/dia-mundial-del-arte<\/a><\/p>\n<h2><span style=\"color: #008000;\">21 de juny Dia Europeu de la M\u00fasica.<\/span><\/h2>\n<p><a style=\"font-family: inherit; font-size: 1em; font-weight: normal;\" href=\"https:\/\/www.diainternacionalde.com\/ficha\/dia-europeo-musica\">https:\/\/www.diainternacionalde.com\/ficha\/dia-europeo-musica<\/a><\/p>\n<h3><span style=\"color: #800080;\">Joc:<\/span><\/h3>\n<p><a href=\"http:\/\/www.xtec.cat\/zerelsio\/trivial_pintors\/trivial.htm\"><img loading=\"lazy\" decoding=\"async\" class=\"alignnone size-full wp-image-8307\" src=\"https:\/\/agora.xtec.cat\/zerelsio\/wp-content\/uploads\/usu567\/2021\/08\/trivial_pintors.jpg\" alt=\"\" width=\"506\" height=\"378\" srcset=\"https:\/\/agora.xtec.cat\/zerelsio\/wp-content\/uploads\/usu567\/2021\/08\/trivial_pintors.jpg 506w, https:\/\/agora.xtec.cat\/zerelsio\/wp-content\/uploads\/usu567\/2021\/08\/trivial_pintors-300x224.jpg 300w, https:\/\/agora.xtec.cat\/zerelsio\/wp-content\/uploads\/usu567\/2021\/08\/trivial_pintors-200x150.jpg 200w\" sizes=\"auto, (max-width: 506px) 100vw, 506px\" \/><\/a><\/p>\n<p><a href=\"https:\/\/blocs.xtec.cat\/msolduga\/2010\/01\/17\/tractament-de-la-informacio-i-competencia-digital\/\" target=\"_blank\" rel=\"noopener\">https:\/\/blocs.xtec.cat\/msolduga\/2010\/01\/17\/tractament-de-la-informacio-i-competencia-digital\/<\/a><\/p>\n<p>&nbsp;<\/p>\n","protected":false},"excerpt":{"rendered":"<p><a href=\"https:\/\/agora.xtec.cat\/zerelsio\/wp-content\/uploads\/usu567\/2021\/11\/musica2.jpg\"><\/a><br \/>\n\u201cNo tinguis por de la perfecci\u00f3, mai l\u2019assolir\u00e0s.\u201d<br \/>\nSalvador Dal\u00ed<br \/>\n\u201cLa m\u00fasica \u00e9s la teva pr\u00f2pia experi\u00e8ncia, els teus propis pensaments, la teva saviesa. Si no la vius no sortir\u00e0 de la teva banya. Et diuen que hi ha una l\u00ednia limitadora per a la m\u00fasica.&hellip;  <a href=\"https:\/\/agora.xtec.cat\/zerelsio\/ambits\/artistic\/\" title=\"Read Educaci\u00f3 art\u00edstica\">Llegeix m\u00e9s\u00bb<\/a><\/p>\n","protected":false},"author":3,"featured_media":0,"parent":1069,"menu_order":15,"comment_status":"closed","ping_status":"closed","template":"page-templates\/side-menu.php","meta":{"_bbp_topic_count":0,"_bbp_reply_count":0,"_bbp_total_topic_count":0,"_bbp_total_reply_count":0,"_bbp_voice_count":0,"_bbp_anonymous_reply_count":0,"_bbp_topic_count_hidden":0,"_bbp_reply_count_hidden":0,"_bbp_forum_subforum_count":0,"footnotes":""},"class_list":["post-1551","page","type-page","status-publish","hentry"],"post_mailing_queue_ids":[],"_links":{"self":[{"href":"https:\/\/agora.xtec.cat\/zerelsio\/wp-json\/wp\/v2\/pages\/1551","targetHints":{"allow":["GET"]}}],"collection":[{"href":"https:\/\/agora.xtec.cat\/zerelsio\/wp-json\/wp\/v2\/pages"}],"about":[{"href":"https:\/\/agora.xtec.cat\/zerelsio\/wp-json\/wp\/v2\/types\/page"}],"author":[{"embeddable":true,"href":"https:\/\/agora.xtec.cat\/zerelsio\/wp-json\/wp\/v2\/users\/3"}],"replies":[{"embeddable":true,"href":"https:\/\/agora.xtec.cat\/zerelsio\/wp-json\/wp\/v2\/comments?post=1551"}],"version-history":[{"count":6,"href":"https:\/\/agora.xtec.cat\/zerelsio\/wp-json\/wp\/v2\/pages\/1551\/revisions"}],"predecessor-version":[{"id":17650,"href":"https:\/\/agora.xtec.cat\/zerelsio\/wp-json\/wp\/v2\/pages\/1551\/revisions\/17650"}],"up":[{"embeddable":true,"href":"https:\/\/agora.xtec.cat\/zerelsio\/wp-json\/wp\/v2\/pages\/1069"}],"wp:attachment":[{"href":"https:\/\/agora.xtec.cat\/zerelsio\/wp-json\/wp\/v2\/media?parent=1551"}],"curies":[{"name":"wp","href":"https:\/\/api.w.org\/{rel}","templated":true}]}}