{"id":1549,"date":"2018-08-10T07:39:02","date_gmt":"2018-08-10T05:39:02","guid":{"rendered":"http:\/\/agora.xtec.cat\/zerelsio\/?page_id=1549"},"modified":"2025-07-30T13:57:57","modified_gmt":"2025-07-30T11:57:57","slug":"medi","status":"publish","type":"page","link":"https:\/\/agora.xtec.cat\/zerelsio\/ambits\/medi\/","title":{"rendered":"Medi"},"content":{"rendered":"<p><iframe loading=\"lazy\" title=\"Aquarela .- Toquinho\" width=\"500\" height=\"281\" src=\"https:\/\/www.youtube.com\/embed\/KIfHFA14Z6I?feature=oembed\" frameborder=\"0\" allow=\"accelerometer; autoplay; clipboard-write; encrypted-media; gyroscope; picture-in-picture; web-share\" referrerpolicy=\"strict-origin-when-cross-origin\" allowfullscreen><\/iframe><\/p>\n<h4><em><span style=\"color: #ff0000;\">La Terra proporciona prou per satisfer les necessitats de cada \u00e9sser hum\u00e0, per\u00f2 no la de la seva cobd\u00edcia\u201d<\/span><\/em><br \/>\n<span style=\"color: #000000;\">Mahatma Gandhi<\/span><\/h4>\n<p><a href=\"https:\/\/agora.xtec.cat\/zerelsio\/wp-content\/uploads\/usu567\/2025\/07\/cooltext485687808167408.png\"><img loading=\"lazy\" decoding=\"async\" class=\"alignnone size-full wp-image-17493\" src=\"https:\/\/agora.xtec.cat\/zerelsio\/wp-content\/uploads\/usu567\/2025\/07\/cooltext485687808167408.png\" alt=\"\" width=\"802\" height=\"141\" srcset=\"https:\/\/agora.xtec.cat\/zerelsio\/wp-content\/uploads\/usu567\/2025\/07\/cooltext485687808167408.png 802w, https:\/\/agora.xtec.cat\/zerelsio\/wp-content\/uploads\/usu567\/2025\/07\/cooltext485687808167408-300x53.png 300w, https:\/\/agora.xtec.cat\/zerelsio\/wp-content\/uploads\/usu567\/2025\/07\/cooltext485687808167408-768x135.png 768w\" sizes=\"auto, (max-width: 802px) 100vw, 802px\" \/><\/a><\/p>\n<h3><span style=\"color: #800080;\">Sabers, compet\u00e8ncies espec\u00edfiques i criteris d&#8217;avaluaci\u00f3:<\/span><\/h3>\n<p><iframe loading=\"lazy\" src=\"https:\/\/drive.google.com\/file\/d\/1zbBuYr9hEtguYq6rtwadfKBuS0i00v_N\/preview\" width=\"640\" height=\"480\"><\/iframe><\/p>\n<p><span style=\"color: #ff0000;\">Manca actualitzar!<\/span><\/p>\n<h3><span style=\"color: #800080;\">Programaci\u00f3:<\/span><\/h3>\n<p><iframe loading=\"lazy\" src=\"https:\/\/drive.google.com\/file\/d\/1lGQj7fUQEvXF_zvXHd-NdzedSqUtOwgE\/preview\" width=\"640\" height=\"480\"><\/iframe><\/p>\n<p><span style=\"color: #ff0000;\">Manca actualitzar!<\/span><\/p>\n<p><a href=\"https:\/\/agora.xtec.cat\/zerelsio\/projectes\/projectes-de-medi\/\">https:\/\/agora.xtec.cat\/zerelsio\/projectes\/projectes-de-medi\/<\/a><\/p>\n<h3><span style=\"color: #00ff00;\">SITUACIONS D&#8217;APRENENTATGE<\/span><\/h3>\n<p><span style=\"color: #ff0000;\">Manca actualitzar!<\/span><\/p>\n<h3><span style=\"color: #00ff00;\">PROJECTES CONEIXEMENT DEL MEDI NATURAL<\/span><\/h3>\n<table style=\"width: 100%; height: 426px;\">\n<tbody>\n<tr style=\"height: 71px;\">\n<td style=\"height: 71px;\">\n<h4>01<\/h4>\n<\/td>\n<td style=\"height: 71px;\"><a href=\"https:\/\/drive.google.com\/file\/d\/0B7Kv06XqV66gSHMtb2ZuQ0xkbGM\/view?usp=sharing\">Les funcions vitals<\/a><\/td>\n<td style=\"height: 71px;\">\n<h4>02<\/h4>\n<\/td>\n<td style=\"height: 71px;\"><a href=\"https:\/\/drive.google.com\/file\/d\/1tkgDjz-idXthREyiJnu8c0G8-ycOvDRW\/view?usp=sharing\">\u00a0La calor, la llum i el so<\/a><\/td>\n<\/tr>\n<tr style=\"height: 71px;\">\n<td style=\"height: 71px;\">\n<h4>03<\/h4>\n<\/td>\n<td style=\"height: 71px;\">\u00a0<a href=\"https:\/\/drive.google.com\/file\/d\/1NT_d5s15ZR6ocV6jpr4bsyzJmTYvtYDQ\/view?usp=sharing\">Els ecosistemes<\/a><\/td>\n<td style=\"height: 71px;\">\n<h4>04<\/h4>\n<\/td>\n<td style=\"height: 71px;\"><a href=\"https:\/\/drive.google.com\/file\/d\/1jsjAlWj9JLq8HX-CdZfUGW9ASMXhRFCP\/view?usp=sharing\">\u00a0Les estacions (la primavera i l&#8217;estiu)<\/a><\/td>\n<\/tr>\n<tr style=\"height: 71px;\">\n<td style=\"height: 71px;\">\n<h4>05<\/h4>\n<\/td>\n<td style=\"height: 71px;\">\u00a0<a href=\"https:\/\/drive.google.com\/file\/d\/1Wy8-u4cjGpqA1SaQC0ZS22xSM2eVAS8j\/view?usp=sharing\">Les forces i les m\u00e0quines<\/a><\/td>\n<td style=\"height: 71px;\">\n<h4>06<\/h4>\n<\/td>\n<td style=\"height: 71px;\"><a href=\"https:\/\/drive.google.com\/file\/d\/19rBZ4ktBa7MEJvZaaAmd9-r0quKbsZkv\/view?usp=sharing\">\u00a0L&#8217;energia i el medi ambient<\/a><\/td>\n<\/tr>\n<tr style=\"height: 71px;\">\n<td style=\"height: 71px;\">\n<h4>07<\/h4>\n<\/td>\n<td style=\"height: 71px;\"><a href=\"https:\/\/drive.google.com\/file\/d\/1_ONNTeeGuxrKo0JSiYnPgZftSJ7VTGB6\/view?usp=sharing\">\u00a0L&#8217;alimentaci\u00f3 i la salut<\/a><\/td>\n<td style=\"height: 71px;\">\n<h4>08<\/h4>\n<\/td>\n<td style=\"height: 71px;\">\u00a0Les estacions (la tardor i l&#8217;hivern)<\/td>\n<\/tr>\n<tr style=\"height: 71px;\">\n<td style=\"height: 71px;\">\n<h4>09<\/h4>\n<\/td>\n<td style=\"height: 71px;\"><a href=\"https:\/\/drive.google.com\/open?id=1w0TjzLgQ5jroiwqJonfAQCZ4ZscY7N-5\">\u00a0<\/a><a href=\"https:\/\/drive.google.com\/open?id=1HA1WnPcHlPMg0eTM3nd7XMcFe48mxIpD\">Els animals<\/a><\/td>\n<td style=\"height: 71px;\">\n<h4>10<\/h4>\n<\/td>\n<td style=\"height: 71px;\">\u00a0<a href=\"https:\/\/drive.google.com\/open?id=1ljZKzw98ut_sFHaYX_YboC-C5-VDygbD\">Les plantes<\/a><\/td>\n<\/tr>\n<tr style=\"height: 71px;\">\n<td style=\"height: 71px;\">\n<h4>11<\/h4>\n<\/td>\n<td style=\"height: 71px;\"><a href=\"https:\/\/drive.google.com\/open?id=1mfg6hyKujUcEmU9LczPnwucuG-PQHWWq\">\u00a0La mat\u00e8ria i els materials<\/a><\/td>\n<td style=\"height: 71px;\">\n<h4>12<\/h4>\n<\/td>\n<td style=\"height: 71px;\">\u00a0<a href=\"https:\/\/drive.google.com\/file\/d\/1mLJ3tEDL6QPwjWzXSqAacaWirnRJR1kp\/view?usp=sharing\">L&#8217;electricitat i el magnetisme<\/a><\/td>\n<\/tr>\n<\/tbody>\n<\/table>\n<h3><span style=\"color: #00ccff;\">PROJECTES CONEIXEMENT DEL MEDI SOCIAL<\/span><\/h3>\n<table>\n<tbody>\n<tr>\n<td style=\"width: 42px;\">\n<h4>01<\/h4>\n<\/td>\n<td style=\"width: 261px;\"><a href=\"https:\/\/drive.google.com\/file\/d\/0B7Kv06XqV66gTnBQcEMwdDByWDQ\/view?usp=sharing\">La poblaci\u00f3. L&#8217;organitzaci\u00f3 social<\/a><\/td>\n<td style=\"width: 42px;\">\n<h4>02<\/h4>\n<\/td>\n<td style=\"width: 265px;\">\u00a0<a href=\"https:\/\/drive.google.com\/file\/d\/1HsQzJEtIN9mPEbCdWKL4HgzlK9V3Vyfj\/view?usp=sharing\">Els sectors de producci\u00f3<\/a><\/td>\n<\/tr>\n<tr>\n<td style=\"width: 42px;\">\n<h4>03<\/h4>\n<\/td>\n<td style=\"width: 261px;\"><a href=\"https:\/\/drive.google.com\/file\/d\/1K1X23tWO8XakWIU6A_97plHJVhcLr4ZR\/view?usp=sharing\">\u00a0L&#8217;aigua i l&#8217;aire<\/a><\/td>\n<td style=\"width: 42px;\">\n<h4>04<\/h4>\n<\/td>\n<td style=\"width: 265px;\"><a href=\"https:\/\/drive.google.com\/file\/d\/1ushnpWwwVHD_QEYeM4v4xYe30GiUeRb6\/view?usp=sharing\">\u00a0L&#8217;univers<\/a><\/td>\n<\/tr>\n<tr>\n<td style=\"width: 42px;\">\n<h4>05<\/h4>\n<\/td>\n<td style=\"width: 261px;\">\u00a0<a href=\"https:\/\/drive.google.com\/file\/d\/1Q72LBTLmI5REXo5lTAqbqLo6SNXK9iv0\/view?usp=sharing\">Les institucions. Els drets i els deures<\/a><\/td>\n<td style=\"width: 42px;\">\n<h4>06<\/h4>\n<\/td>\n<td style=\"width: 265px;\">\u00a0<a href=\"https:\/\/drive.google.com\/open?id=1jlQe09UBYKZrP5_JqItJz2SgEq2wbnbA\">De l&#8217;edat moderna a la contempor\u00e0nia<\/a><\/td>\n<\/tr>\n<tr>\n<td style=\"width: 42px;\">\n<h4>07<\/h4>\n<\/td>\n<td style=\"width: 261px;\">\u00a0El pas del temps<\/td>\n<td style=\"width: 42px;\">\n<h4>08<\/h4>\n<\/td>\n<td style=\"width: 265px;\"><a href=\"https:\/\/drive.google.com\/file\/d\/183UZ3UqzVvhU5umZKxjTFd1W7j_3gVak\/view?usp=sharing\">\u00a0De la prehist\u00f2ria a l&#8217;edat mitjana<\/a><\/td>\n<\/tr>\n<tr>\n<td style=\"width: 42px;\">\n<h4>09<\/h4>\n<\/td>\n<td style=\"width: 261px;\"><a href=\"https:\/\/drive.google.com\/open?id=1WNC3PVf2i1N_sflm5E1Xb4ng_KHOnS0E\">\u00a0Espais i paisatges<\/a><\/td>\n<td style=\"width: 42px;\">\n<h4>10<\/h4>\n<\/td>\n<td style=\"width: 265px;\">\u00a0<a href=\"https:\/\/drive.google.com\/open?id=1h9IgO11OAOMPLjHI4zG14uS4-Mjo4WDF\">El temps i el clima<\/a><\/td>\n<\/tr>\n<tr>\n<td style=\"width: 42px;\">\n<h4>11<\/h4>\n<\/td>\n<td style=\"width: 261px;\">\u00a0<a href=\"https:\/\/drive.google.com\/open?id=1h88LZUbXLxHZhrwLGoH4GXKsxL4LkcSS\">Els transports<\/a><\/td>\n<td style=\"width: 42px;\">\n<h4>12<\/h4>\n<\/td>\n<td style=\"width: 265px;\">\u00a0<a href=\"https:\/\/drive.google.com\/open?id=12w6WiYuF94fm80AjCmkzDq2W13Q8QtQs\">Les comunicacions. La publicitat<\/a><\/td>\n<\/tr>\n<\/tbody>\n<\/table>\n<h3><span style=\"color: #803300;\">FASES. RECERCA D&#8217;INFORMACI\u00d3:<\/span><\/h3>\n<h3><a href=\"https:\/\/drive.google.com\/drive\/folders\/1tyios_VPeZPSEKqndHkW97dJIgh1dg1f?usp=sharing\"><img loading=\"lazy\" decoding=\"async\" class=\"alignnone size-full wp-image-3775\" src=\"https:\/\/agora.xtec.cat\/zerelsio\/wp-content\/uploads\/usu567\/2019\/02\/projectes_fases.jpg\" alt=\"\" width=\"700\" height=\"474\" srcset=\"https:\/\/agora.xtec.cat\/zerelsio\/wp-content\/uploads\/usu567\/2019\/02\/projectes_fases.jpg 700w, https:\/\/agora.xtec.cat\/zerelsio\/wp-content\/uploads\/usu567\/2019\/02\/projectes_fases-300x203.jpg 300w\" sizes=\"auto, (max-width: 700px) 100vw, 700px\" \/><\/a><\/h3>\n<h3><span style=\"color: #800080;\">Contes de ci\u00e8ncia<\/span><\/h3>\n<p><iframe loading=\"lazy\" src=\"https:\/\/drive.google.com\/file\/d\/18TOaaxGFSTcTkx0uhxPTx-d53P0xLEuz\/preview\" width=\"640\" height=\"480\"><\/iframe><\/p>\n<p><a href=\"https:\/\/conteslaurajoan.cat\/index.php\/tots-els-contes\/\">https:\/\/conteslaurajoan.cat\/index.php\/tots-els-contes\/<\/a><\/p>\n<h3><span style=\"color: #ff6600;\">RECURSOS\u00a0DE MEDI<\/span><\/h3>\n<p><a href=\"http:\/\/www.xtec.cat\/~msolduga\/menu\/finestra\/indexnaturals.htm\"><img decoding=\"async\" src=\"http:\/\/agora.xtec.cat\/zerelsio\/wp-content\/uploads\/usu567\/2018\/08\/naturals.jpg\" alt=\"\" \/><br \/>\n<\/a><br \/>\n<a href=\"http:\/\/www.xtec.cat\/~msolduga\/menu\/finestra\/indexsocials.htm\"><img loading=\"lazy\" decoding=\"async\" class=\"\" src=\"http:\/\/agora.xtec.cat\/zerelsio\/wp-content\/uploads\/usu567\/2018\/08\/socials.jpg\" alt=\"\" width=\"471\" height=\"292\" \/><\/a><\/p>\n<p><a href=\"http:\/\/xtec.gencat.cat\/ca\/recursos\/ccnn\/\">http:\/\/xtec.gencat.cat\/ca\/recursos\/ccnn\/<\/a><br \/>\n<a href=\"http:\/\/xtec.gencat.cat\/ca\/recursos\/socials\/\">http:\/\/xtec.gencat.cat\/ca\/recursos\/socials\/<\/a><br \/>\nXTEC<\/p>\n<h3><a href=\"https:\/\/drive.google.com\/drive\/folders\/1V_z_eKsf-xzJALR6WO6a0vPtWH3RJEUa?usp=sharing\"><span style=\"color: #ff0000;\"><span style=\"color: #cc99ff;\">Carpeta Experimentem i descobrim.<\/span><\/span><\/a><\/h3>\n<p><a href=\"http:\/\/www.xtec.cat\/centres\/c5003822\/sisena_hora\/descobrim.htm\"><img loading=\"lazy\" decoding=\"async\" class=\"alignnone size-full wp-image-7951\" src=\"https:\/\/agora.xtec.cat\/zerelsio\/wp-content\/uploads\/usu567\/2021\/07\/tubassaig.gif\" alt=\"\" width=\"60\" height=\"100\" \/><\/a><\/p>\n<h3><span style=\"color: #ff0000;\">Informaci\u00f3 Treball per projectes.<\/span><\/h3>\n<ul style=\"list-style-type: circle;\">\n<li>\n<h5>01 <a href=\"http:\/\/xtec.gencat.cat\/ca\/curriculum\/xarxacb\">Xarxa CB<\/a>.<\/h5>\n<\/li>\n<li>&#8230;<\/li>\n<\/ul>\n<h3><span style=\"color: #ffcc00;\">Fotos de cada curs,\u00a0al F\u00f2rum.<\/span><\/h3>\n<p><a href=\"http:\/\/blocs.xtec.cat\/zerelsio\/medi-projectes\/curs-20172018\/\">Curs 2017\/2018.<\/a><\/p>\n<p><a href=\"https:\/\/blocs.xtec.cat\/zerelsio\/medi-projectes\/curs-20182019\/\">Curs 2018\/2019.<\/a><\/p>\n<p><a href=\"https:\/\/agora.xtec.cat\/zerelsio\/general\/projectes-medi-curs-2019-2020\/\">Curs 2019\/2020.<\/a><\/p>\n<h2><span style=\"color: #008000;\">Setmana Europea de la Previsi\u00f3 de Residus<\/span>.<\/h2>\n<ul>\n<li>Curs 2023\/ 2024: <a href=\"https:\/\/agora.xtec.cat\/zerelsio\/general\/per-un-entorn-net\/\">Per un entorn net<\/a>\u00a0Reciclatge del pl\u00e0stic. <a href=\"https:\/\/agora.xtec.cat\/zerelsio\/general\/setmana-europea-de-la-prevencio-de-residus\/\">Del 18 al 26 de novembre<\/a>. <a href=\"https:\/\/agora.xtec.cat\/zerelsio\/general\/diploma-dagraiment\/\">Diploma<\/a>.<\/li>\n<li>Curs 2022\/2023: <a href=\"https:\/\/agora.xtec.cat\/zerelsio\/general\/setmana-europe-de-la-prevencio-de-residus\/\">Moda circular i sostenible<\/a>. <a href=\"https:\/\/agora.xtec.cat\/zerelsio\/activitats\/pel-canvi-climatic\/\">Del 19 al 27 de novembre<\/a>.<\/li>\n<\/ul>\n<h2><span style=\"color: #008000;\">Diccionari de la poblaci\u00f3.<\/span><\/h2>\n<p><a href=\"https:\/\/docs.google.com\/document\/d\/1mwCv7I3uvkZBvG3Pco_urQTG_VwoAaFY\/edit?usp=drive_link&amp;ouid=117147285290097590313&amp;rtpof=true&amp;sd=true\"><img loading=\"lazy\" decoding=\"async\" class=\"alignnone size-full wp-image-13180\" src=\"https:\/\/agora.xtec.cat\/zerelsio\/wp-content\/uploads\/usu567\/2023\/12\/poblacio.png\" alt=\"\" width=\"346\" height=\"505\" srcset=\"https:\/\/agora.xtec.cat\/zerelsio\/wp-content\/uploads\/usu567\/2023\/12\/poblacio.png 346w, https:\/\/agora.xtec.cat\/zerelsio\/wp-content\/uploads\/usu567\/2023\/12\/poblacio-206x300.png 206w\" sizes=\"auto, (max-width: 346px) 100vw, 346px\" \/><\/a><\/p>\n<p><a href=\"https:\/\/canalsalut.gencat.cat\/ca\/detalls\/article\/Dia-Mundial-de-la-Salut-00002\"><img loading=\"lazy\" decoding=\"async\" class=\"alignnone size-full wp-image-15051\" src=\"https:\/\/agora.xtec.cat\/zerelsio\/wp-content\/uploads\/usu567\/2024\/08\/dm-salut.jpg\" alt=\"\" width=\"420\" height=\"280\" srcset=\"https:\/\/agora.xtec.cat\/zerelsio\/wp-content\/uploads\/usu567\/2024\/08\/dm-salut.jpg 420w, https:\/\/agora.xtec.cat\/zerelsio\/wp-content\/uploads\/usu567\/2024\/08\/dm-salut-300x200.jpg 300w\" sizes=\"auto, (max-width: 420px) 100vw, 420px\" \/><\/a><\/p>\n<p><a href=\"https:\/\/www.slideshare.net\/cesirecat\/i-amb-la-competncia-de-mediqu\"><img loading=\"lazy\" decoding=\"async\" class=\"alignnone size-full wp-image-3897\" src=\"https:\/\/agora.xtec.cat\/zerelsio\/wp-content\/uploads\/usu567\/2019\/03\/medi_cesire.jpg\" alt=\"\" width=\"618\" height=\"444\" srcset=\"https:\/\/agora.xtec.cat\/zerelsio\/wp-content\/uploads\/usu567\/2019\/03\/medi_cesire.jpg 618w, https:\/\/agora.xtec.cat\/zerelsio\/wp-content\/uploads\/usu567\/2019\/03\/medi_cesire-300x216.jpg 300w\" sizes=\"auto, (max-width: 618px) 100vw, 618px\" \/><\/a><\/p>\n<p><a href=\"https:\/\/agora.xtec.cat\/cesire\/wp-content\/uploads\/usu397\/2018\/10\/Berga-Presentaci%C3%B3-Ramon-Casas.pdf\"><img loading=\"lazy\" decoding=\"async\" class=\"alignnone wp-image-3900\" src=\"https:\/\/agora.xtec.cat\/zerelsio\/wp-content\/uploads\/usu567\/2019\/03\/preguntesC.jpg\" alt=\"\" width=\"650\" height=\"484\" srcset=\"https:\/\/agora.xtec.cat\/zerelsio\/wp-content\/uploads\/usu567\/2019\/03\/preguntesC.jpg 774w, https:\/\/agora.xtec.cat\/zerelsio\/wp-content\/uploads\/usu567\/2019\/03\/preguntesC-300x223.jpg 300w, https:\/\/agora.xtec.cat\/zerelsio\/wp-content\/uploads\/usu567\/2019\/03\/preguntesC-768x572.jpg 768w, https:\/\/agora.xtec.cat\/zerelsio\/wp-content\/uploads\/usu567\/2019\/03\/preguntesC-200x150.jpg 200w\" sizes=\"auto, (max-width: 650px) 100vw, 650px\" \/><\/a><\/p>\n<p><a href=\"https:\/\/www.slideshare.net\/cesirecat\/integracio-continguts-sabadellweb?ref=https:\/\/agora.xtec.cat\/\"><img loading=\"lazy\" decoding=\"async\" class=\"transparent\" src=\"https:\/\/agora.xtec.cat\/cesire\/wp-content\/uploads\/usu397\/2016\/07\/estrella.png\" alt=\"https:\/\/agora.xtec.cat\/cesire\/wp-content\/uploads\/usu397\/2016\/07\/estrella.png\" width=\"671\" height=\"580\" \/><\/a><\/p>\n<h3><span style=\"color: #800080;\">C\u00e0psules de Medi:<\/span><\/h3>\n<p><iframe loading=\"lazy\" title=\"YouTube video player\" src=\"https:\/\/www.youtube.com\/embed\/nAPKJ3Pew48\" width=\"600\" height=\"380\" frameborder=\"0\" allowfullscreen=\"allowfullscreen\"><\/iframe><br \/>\n<iframe loading=\"lazy\" title=\"YouTube video player\" src=\"https:\/\/www.youtube.com\/embed\/Wv9yJ2DGKuQ\" width=\"600\" height=\"380\" frameborder=\"0\" allowfullscreen=\"allowfullscreen\"><span data-mce-type=\"bookmark\" style=\"display: inline-block; width: 0px; overflow: hidden; line-height: 0;\" class=\"mce_SELRES_start\">\ufeff<\/span><span data-mce-type=\"bookmark\" style=\"display: inline-block; width: 0px; overflow: hidden; line-height: 0;\" class=\"mce_SELRES_start\">\ufeff<\/span><\/iframe><br \/>\n<a href=\"https:\/\/sites.google.com\/xtec.cat\/cpsulesdemedi\/p%C3%A0gina-principal\">https:\/\/sites.google.com\/xtec.cat\/cpsulesdemedi\/p%C3%A0gina-principal<\/a><\/p>\n<h3><span style=\"color: #800080;\">Per fer un bon treball d&#8217;investigaci\u00f3:<\/span><\/h3>\n<h3><iframe loading=\"lazy\" src=\"https:\/\/drive.google.com\/file\/d\/1RD0siBmrVDvfE4o9Oczznoe8CRH4TjGc\/preview\" width=\"640\" height=\"480\"><\/iframe><\/h3>\n<p><a href=\"https:\/\/blocs.xtec.cat\/blocprimaria\/recursos\/\">Resumint, has de seguir els seg\u00fcents punts<\/a>:<\/p>\n<p>Recopila informaci\u00f3 sobre el tema que vols treballar, buscant tant en manuals, enciclop\u00e8dies i llibres de text com en la Xarxa.<br \/>\nRecorda que la informaci\u00f3 no l\u2019has de copiar al peu de la lletra, sin\u00f3 que l\u2019has de llegir i despr\u00e9s d\u2019extreure el m\u00e9s important. Recorda: Sempre que sigui possible, expressa-ho amb les teves paraules.<br \/>\nElabora un gui\u00f3 o \u00edndex dels apartats del teu treball.<br \/>\nTria el format: paper o digital.<br \/>\nTingues en compte: el contingut, la forma, l\u2019ortografia i la numeraci\u00f3 de les p\u00e0gines.<br \/>\nInclou la bibliografia.<\/p>\n<h3><span style=\"color: #800080;\">Per observar i comentar una pintura:<\/span><br \/>\n<iframe loading=\"lazy\" src=\"https:\/\/drive.google.com\/file\/d\/1XrosR3D_9yag5Z764KxDGjBOA0jGjkNI\/preview\" width=\"640\" height=\"480\"><\/iframe><\/h3>\n<h3><span style=\"color: #800080;\">Indicadors\/Activitats:<\/span><\/h3>\n<p><iframe loading=\"lazy\" src=\"https:\/\/drive.google.com\/file\/d\/1sy63wkU679tJ7WSSA-9ybWy22uuAhas_\/preview\" width=\"640\" height=\"480\"><\/iframe><\/p>\n<h3><span style=\"color: #800080;\">Projectes:<\/span><\/h3>\n<p><a href=\"https:\/\/agora.xtec.cat\/zerelsio\/projectes\/projectes-de-medi\/\">https:\/\/agora.xtec.cat\/zerelsio\/projectes\/projectes-de-medi\/<\/a><\/p>\n<h3><span style=\"color: #800080;\">Carpeta al drive:<\/span><\/h3>\n<h3><span style=\"color: #800080;\">Recursos:<\/span><\/h3>\n<p><a href=\"http:\/\/xtec.gencat.cat\/ca\/recursos\/ccnn\/\">XTEC Natural<\/a><br \/>\n<a href=\"http:\/\/xtec.gencat.cat\/ca\/recursos\/socials\/\">XTEC Social<\/a><br \/>\n<a href=\"http:\/\/www.edu365.cat\/primaria\/muds\/natural\/\">EDU365.CAT natural<\/a><br \/>\n<a href=\"http:\/\/www.edu365.cat\/primaria\/muds\/socials\/\">EDU365.CAT social<\/a><br \/>\n<a href=\"http:\/\/www.xtec.cat\/~msolduga\/menu\/finestra\/indexnaturals.htm\">Calaixos Natura<\/a><br \/>\n<a href=\"http:\/\/www.xtec.cat\/~msolduga\/menu\/finestra\/indexsocials.htm\">Calaixos Socials<\/a><br \/>\n<a href=\"http:\/\/blocs.umanresa.cat\/educaciofub\/2021\/04\/23\/llibres-sant-jordi-educacio-cientifica-inclusiva\/\">Llibres infantil d&#8217;educaci\u00f3 cient\u00edfica inclusiva<\/a><br \/>\nUniversitat i Recerca<\/p>\n<h3><span style=\"color: #800080;\">Bibliografia:<\/span><\/h3>\n<blockquote class=\"wp-embedded-content\" data-secret=\"zRz89E4trS\"><p><a href=\"https:\/\/diarieducacio.cat\/els-millors-llibres-dhistoria-per-a-infants\/\">Els millors llibres d&#8217;hist\u00f2ria per a infants<\/a><\/p><\/blockquote>\n<p><iframe loading=\"lazy\" class=\"wp-embedded-content\" sandbox=\"allow-scripts\" security=\"restricted\" style=\"position: absolute; visibility: hidden;\" title=\"&#8220;Els millors llibres d&#8217;hist\u00f2ria per a infants&#8221; &#8212; El Diari de l&#039;Educaci\u00f3\" src=\"https:\/\/diarieducacio.cat\/els-millors-llibres-dhistoria-per-a-infants\/embed\/#?secret=iacjTxgtgj#?secret=zRz89E4trS\" data-secret=\"zRz89E4trS\" width=\"500\" height=\"282\" frameborder=\"0\" marginwidth=\"0\" marginheight=\"0\" scrolling=\"no\"><\/iframe><\/p>\n<h3><span style=\"color: #800080;\">Jocs:<\/span><\/h3>\n<p><a href=\"https:\/\/agora.xtec.cat\/zerelsio\/espais\/presentacions\/trivial-dels-pintors\/\"><img loading=\"lazy\" decoding=\"async\" class=\"alignnone size-full wp-image-7820\" src=\"https:\/\/agora.xtec.cat\/zerelsio\/wp-content\/uploads\/usu567\/2021\/06\/trivial_pintors.jpg\" alt=\"\" width=\"506\" height=\"378\" srcset=\"https:\/\/agora.xtec.cat\/zerelsio\/wp-content\/uploads\/usu567\/2021\/06\/trivial_pintors.jpg 506w, https:\/\/agora.xtec.cat\/zerelsio\/wp-content\/uploads\/usu567\/2021\/06\/trivial_pintors-300x224.jpg 300w, https:\/\/agora.xtec.cat\/zerelsio\/wp-content\/uploads\/usu567\/2021\/06\/trivial_pintors-200x150.jpg 200w\" sizes=\"auto, (max-width: 506px) 100vw, 506px\" \/><\/a><\/p>\n<p><a href=\"https:\/\/agora.xtec.cat\/zerelsio\/espais\/presentacions\/trivial-un-tomb-pel-mon\/\"><img decoding=\"async\" src=\"http:\/\/agora.xtec.cat\/zerelsio\/wp-content\/uploads\/usu567\/2018\/08\/tomb2.jpg\" alt=\"\" \/><\/a><\/p>\n","protected":false},"excerpt":{"rendered":"<p>La Terra proporciona prou per satisfer les necessitats de cada \u00e9sser hum\u00e0, per\u00f2 no la de la seva cobd\u00edcia\u201d<br \/>\nMahatma Gandhi<br \/>\n<a href=\"https:\/\/agora.xtec.cat\/zerelsio\/wp-content\/uploads\/usu567\/2025\/07\/cooltext485687808167408.png\"><\/a><br \/>\nSabers, compet\u00e8ncies espec\u00edfiques i criteris d&#8217;avaluaci\u00f3:<\/p>\n<p>Manca actualitzar!<br \/>\nProgramaci\u00f3:<\/p>\n<p>Manca actualitzar!<br \/>\n<a href=\"https:\/\/agora.xtec.cat\/zerelsio\/projectes\/projectes-de-medi\/\">https:\/\/agora.xtec.cat\/zerelsio\/projectes\/projectes-de-medi\/<\/a><br \/>\nSITUACIONS D&#8217;APRENENTATGE<br \/>\nManca actualitzar!<br \/>\nPROJECTES CONEIXEMENT DEL MEDI NATURAL<\/p>\n<p>01<\/p>\n<p><a href=\"https:\/\/drive.google.com\/file\/d\/0B7Kv06XqV66gSHMtb2ZuQ0xkbGM\/view?usp=sharing\">Les funcions vitals<\/a><\/p>\n<p>02<\/p>\n<p><a href=\"https:\/\/drive.google.com\/file\/d\/1tkgDjz-idXthREyiJnu8c0G8-ycOvDRW\/view?usp=sharing\">\u00a0La calor, la llum i el so<\/a><\/p>\n<p>03<\/p>\n<p>\u00a0<a&hellip;  <a href=\"https:\/\/agora.xtec.cat\/zerelsio\/ambits\/medi\/\" title=\"Read Medi\">Llegeix m\u00e9s\u00bb<\/a><\/p>\n","protected":false},"author":3,"featured_media":0,"parent":1069,"menu_order":10,"comment_status":"closed","ping_status":"closed","template":"page-templates\/side-menu.php","meta":{"_bbp_topic_count":0,"_bbp_reply_count":0,"_bbp_total_topic_count":0,"_bbp_total_reply_count":0,"_bbp_voice_count":0,"_bbp_anonymous_reply_count":0,"_bbp_topic_count_hidden":0,"_bbp_reply_count_hidden":0,"_bbp_forum_subforum_count":0,"footnotes":""},"class_list":["post-1549","page","type-page","status-publish","hentry"],"post_mailing_queue_ids":[],"_links":{"self":[{"href":"https:\/\/agora.xtec.cat\/zerelsio\/wp-json\/wp\/v2\/pages\/1549","targetHints":{"allow":["GET"]}}],"collection":[{"href":"https:\/\/agora.xtec.cat\/zerelsio\/wp-json\/wp\/v2\/pages"}],"about":[{"href":"https:\/\/agora.xtec.cat\/zerelsio\/wp-json\/wp\/v2\/types\/page"}],"author":[{"embeddable":true,"href":"https:\/\/agora.xtec.cat\/zerelsio\/wp-json\/wp\/v2\/users\/3"}],"replies":[{"embeddable":true,"href":"https:\/\/agora.xtec.cat\/zerelsio\/wp-json\/wp\/v2\/comments?post=1549"}],"version-history":[{"count":6,"href":"https:\/\/agora.xtec.cat\/zerelsio\/wp-json\/wp\/v2\/pages\/1549\/revisions"}],"predecessor-version":[{"id":17781,"href":"https:\/\/agora.xtec.cat\/zerelsio\/wp-json\/wp\/v2\/pages\/1549\/revisions\/17781"}],"up":[{"embeddable":true,"href":"https:\/\/agora.xtec.cat\/zerelsio\/wp-json\/wp\/v2\/pages\/1069"}],"wp:attachment":[{"href":"https:\/\/agora.xtec.cat\/zerelsio\/wp-json\/wp\/v2\/media?parent=1549"}],"curies":[{"name":"wp","href":"https:\/\/api.w.org\/{rel}","templated":true}]}}