{"id":1547,"date":"2018-08-10T07:38:32","date_gmt":"2018-08-10T05:38:32","guid":{"rendered":"http:\/\/agora.xtec.cat\/zerelsio\/?page_id=1547"},"modified":"2020-10-12T13:14:30","modified_gmt":"2020-10-12T11:14:30","slug":"aramat","status":"publish","type":"page","link":"https:\/\/agora.xtec.cat\/zerelsio\/ambits\/matematic\/aramat\/","title":{"rendered":"AraMat"},"content":{"rendered":"<p><a href=\"http:\/\/blocs.xtec.cat\/zerelsio\/competencia-matematica\/\"><img decoding=\"async\" src=\"http:\/\/agora.xtec.cat\/zerelsio\/wp-content\/uploads\/usu567\/2018\/08\/aramates.jpg\" alt=\"\" \/><\/a><\/p>\n<p>Fins al curs 2019-20, i des del 2015-16, s\u2019han realitzat, o s\u2019estan realitzant,<strong> cinc m\u00f2duls formatius<\/strong>:<\/p>\n<ul>\n<li>Els m\u00f2duls dedicats als coneixements matem\u00e0tics (<a href=\"https:\/\/serveiseducatius.xtec.cat\/noguera\/general\/formacio-aramat\/\"><em>Continguts b\u00e0sics de matem\u00e0tiques<\/em><\/a>\u00a0i\u00a0<a href=\"https:\/\/blocs.xtec.cat\/zerelsio\/competencia-matematica\/\"><em>M\u00e9s continguts de matem\u00e0tiques<\/em><\/a>) estan\u00a0 dividits en cinc sessions relacionades amb els blocs de continguts del curr\u00edculum (<a href=\"https:\/\/drive.google.com\/file\/d\/0B7XQGDI2VvIrbExjWDV5dHRxd1U\/view\">Numeraci\u00f3<\/a> i <a href=\"https:\/\/drive.google.com\/file\/d\/0B7XQGDI2VvIrV0dGN0puVHd1ZGM\/view\">c\u00e0lcul <\/a><a href=\"https:\/\/puntmat.blogspot.com\/search\/label\/Numeraci%C3%B3%20i%20C%C3%A0lcul\">2<\/a>, <a href=\"https:\/\/drive.google.com\/file\/d\/0B7XQGDI2VvIrOGFuUGpVWnVfaEk\/view\">relacions i canvi <\/a><a href=\"https:\/\/puntmat.blogspot.com\/search\/label\/Relacions%20i%20Canvi\">2<\/a>, <a href=\"https:\/\/drive.google.com\/file\/d\/0B7XQGDI2VvIrNmp0cXhVSlRzeFE\/view\">espai<\/a> i <a href=\"https:\/\/drive.google.com\/file\/d\/0B7XQGDI2VvIrMHE0ZzJvOHpiUk0\/view\">forma <\/a><a href=\"https:\/\/puntmat.blogspot.com\/search\/label\/Espai%20i%20Forma\">2<\/a>, <a href=\"https:\/\/drive.google.com\/file\/d\/0B2Dk6QItWR6ZZHpmVWlQdUgtdlU\/view\">mesura <\/a><a href=\"https:\/\/puntmat.blogspot.com\/search\/label\/Mesura\">2<\/a>, <a href=\"https:\/\/drive.google.com\/file\/d\/0B2Dk6QItWR6ZWFNOb0VZNTB2Mkk\/view\">estad\u00edstica<\/a> i <a href=\"https:\/\/drive.google.com\/file\/d\/0B2Dk6QItWR6ZZ3p3eWNLbmhqSW8\/view\">atzar <\/a><a href=\"https:\/\/puntmat.blogspot.com\/search\/label\/Estad%C3%ADstica%20i%20Atzar\">2<\/a>).<\/li>\n<li>El m\u00f2dul\u00a0<a href=\"https:\/\/blocs.xtec.cat\/zerelsio\/competencia-matematica\/\"><em>Compet\u00e8ncies matem\u00e0tiques<\/em><\/a> est\u00e0 centrat en els processos (dimensions competencials: <a href=\"https:\/\/drive.google.com\/file\/d\/1nm5s65r3NnQn_qu0cqhT9_v6pGCAJKlx\/view\">Raonament i prova<\/a>, <a href=\"https:\/\/drive.google.com\/file\/d\/1pL2HqzgUurE7piZBTH9-V7ooTOAwkyWJ\/view\">Connexions 1<\/a> i <a href=\"https:\/\/serveiseducatius.xtec.cat\/urgell\/wp-content\/uploads\/usu1142\/2017\/04\/fitxes_Connexions2.pdf\">2<\/a>, <a href=\"https:\/\/serveiseducatius.xtec.cat\/urgell\/wp-content\/uploads\/usu1142\/2018\/03\/Fitxes-REPRESENTACI%c3%93-I-COMUNICACI%c3%93-1_mod.pdf\">Representaci\u00f3 i comunicaci\u00f3 1<\/a> i <a href=\"https:\/\/serveiseducatius.xtec.cat\/urgell\/wp-content\/uploads\/usu1142\/2018\/04\/Fitxes-REP_COM_2.pdf\">2<\/a> , <a href=\"https:\/\/serveiseducatius.xtec.cat\/urgell\/wp-content\/uploads\/usu1142\/2018\/04\/Fitxes-Resoluci%c3%b31.pdf\">Resoluci\u00f3 de problemes 1<\/a> i <a href=\"https:\/\/serveiseducatius.xtec.cat\/urgell\/wp-content\/uploads\/usu1142\/2018\/04\/Fitxes-Resoluci%c3%b3-2.pdf\">2<\/a>)<\/li>\n<li>El m\u00f2dul\u00a0<a href=\"https:\/\/blocs.xtec.cat\/zerelsio\/competencia-matematica\/\"><em>Referents de centre en Matem\u00e0tiques<\/em><\/a>\u00a0s\u2019orienta m\u00e9s a la formaci\u00f3 de mestres de refer\u00e8ncia en matem\u00e0tiques als centres.<\/li>\n<li>El m\u00f2dul\u00a0<em>Matem\u00e0tiques a la franja 0-8<\/em>\u00a0est\u00e0 dedicat a l\u2019etapa d\u2019aquesta franja d\u2019edats.<\/li>\n<\/ul>\n<h3><span style=\"color: #ff0000;\">AraMat4<\/span><\/h3>\n<p><a href=\"https:\/\/drive.google.com\/open?id=1mgF3I-OOcpWMJHGzZ2MF3vfzi9CdBTxq\">https:\/\/drive.google.com\/open?id=1mgF3I-OOcpWMJHGzZ2MF3vfzi9CdBTxq<\/a><\/p>\n<blockquote class=\"wp-embedded-content\" data-secret=\"PX2oPDIsJR\"><p><a href=\"https:\/\/blocs.xtec.cat\/zerelsio\/competencia-matematica\/\">Compet\u00e8ncia matem\u00e0tica<\/a><\/p><\/blockquote>\n<p><iframe loading=\"lazy\" class=\"wp-embedded-content\" sandbox=\"allow-scripts\" security=\"restricted\" style=\"position: absolute; clip: rect(1px, 1px, 1px, 1px);\" title=\"&#8220;Compet\u00e8ncia matem\u00e0tica&#8221; &#8212; F\u00d2RUM SI\u00d3\" src=\"https:\/\/blocs.xtec.cat\/zerelsio\/competencia-matematica\/embed\/#?secret=PX2oPDIsJR\" data-secret=\"PX2oPDIsJR\" width=\"500\" height=\"282\" frameborder=\"0\" marginwidth=\"0\" marginheight=\"0\" scrolling=\"no\"><\/iframe><\/p>\n<p><iframe loading=\"lazy\" src=\"https:\/\/drive.google.com\/file\/d\/1t9J2bVxYU-hb03uWYVeq4mJ6fgCDxbxy\/preview\" width=\"640\" height=\"480\"><\/iframe><\/p>\n<h3><span style=\"color: #ff0000;\">Maleta Matem\u00e0tica dels SE de l&#8217;Urgell.<\/span><\/h3>\n<p><a href=\"http:\/\/serveiseducatius.xtec.cat\/urgell\/recursos\/ara-mat-2-recull-denllacos-i-recursos-presentats-a-la-formacio\/\"><img loading=\"lazy\" decoding=\"async\" class=\"shrinkToFit\" src=\"http:\/\/blocs.xtec.cat\/seurgell2\/files\/2016\/01\/sencera.jpg\" alt=\"http:\/\/blocs.xtec.cat\/seurgell2\/files\/2016\/01\/sencera.jpg\" width=\"602\" height=\"654\" \/><\/a><\/p>\n<p>Un curs m\u00e9s comparem amb aquesta genial maleta, que ens permet fer matem\u00e0tiques de manera m\u00e9s manipulativa.<\/p>\n<h3><span style=\"color: #ff0000;\"><a style=\"color: #ff0000;\" href=\"https:\/\/drive.google.com\/drive\/folders\/1neDz3It2Y3bh2mku_U7zkePhlYOT11Uv?usp=sharing\">Carpeta Drive<\/a>.<\/span><\/h3>\n","protected":false},"excerpt":{"rendered":"<p><a href=\"http:\/\/blocs.xtec.cat\/zerelsio\/competencia-matematica\/\"><\/a><br \/>\nFins al curs 2019-20, i des del 2015-16, s\u2019han realitzat, o s\u2019estan realitzant, cinc m\u00f2duls formatius:<\/p>\n<ul>\n<li>Els m\u00f2duls dedicats als coneixements matem\u00e0tics (<a href=\"https:\/\/serveiseducatius.xtec.cat\/noguera\/general\/formacio-aramat\/\">Continguts b\u00e0sics de matem\u00e0tiques<\/a>\u00a0i\u00a0<a href=\"https:\/\/blocs.xtec.cat\/zerelsio\/competencia-matematica\/\">M\u00e9s continguts de matem\u00e0tiques<\/a>) estan\u00a0 dividits en cinc sessions relacionades amb els blocs de continguts del curr\u00edculum (<a&hellip;  <a href=\"https:\/\/agora.xtec.cat\/zerelsio\/ambits\/matematic\/aramat\/\" title=\"Read AraMat\">Llegeix m\u00e9s\u00bb<\/a><br \/>\n","protected":false},"author":3,"featured_media":0,"parent":1545,"menu_order":1,"comment_status":"closed","ping_status":"closed","template":"page-templates\/side-menu.php","meta":{"_bbp_topic_count":0,"_bbp_reply_count":0,"_bbp_total_topic_count":0,"_bbp_total_reply_count":0,"_bbp_voice_count":0,"_bbp_anonymous_reply_count":0,"_bbp_topic_count_hidden":0,"_bbp_reply_count_hidden":0,"_bbp_forum_subforum_count":0,"footnotes":""},"class_list":["post-1547","page","type-page","status-publish","hentry"],"post_mailing_queue_ids":[],"_links":{"self":[{"href":"https:\/\/agora.xtec.cat\/zerelsio\/wp-json\/wp\/v2\/pages\/1547","targetHints":{"allow":["GET"]}}],"collection":[{"href":"https:\/\/agora.xtec.cat\/zerelsio\/wp-json\/wp\/v2\/pages"}],"about":[{"href":"https:\/\/agora.xtec.cat\/zerelsio\/wp-json\/wp\/v2\/types\/page"}],"author":[{"embeddable":true,"href":"https:\/\/agora.xtec.cat\/zerelsio\/wp-json\/wp\/v2\/users\/3"}],"replies":[{"embeddable":true,"href":"https:\/\/agora.xtec.cat\/zerelsio\/wp-json\/wp\/v2\/comments?post=1547"}],"version-history":[{"count":3,"href":"https:\/\/agora.xtec.cat\/zerelsio\/wp-json\/wp\/v2\/pages\/1547\/revisions"}],"predecessor-version":[{"id":6847,"href":"https:\/\/agora.xtec.cat\/zerelsio\/wp-json\/wp\/v2\/pages\/1547\/revisions\/6847"}],"up":[{"embeddable":true,"href":"https:\/\/agora.xtec.cat\/zerelsio\/wp-json\/wp\/v2\/pages\/1545"}],"wp:attachment":[{"href":"https:\/\/agora.xtec.cat\/zerelsio\/wp-json\/wp\/v2\/media?parent=1547"}],"curies":[{"name":"wp","href":"https:\/\/api.w.org\/{rel}","templated":true}]}}