{"id":1545,"date":"2018-08-10T07:36:21","date_gmt":"2018-08-10T05:36:21","guid":{"rendered":"http:\/\/agora.xtec.cat\/zerelsio\/?page_id=1545"},"modified":"2025-07-21T12:08:23","modified_gmt":"2025-07-21T10:08:23","slug":"matematic","status":"publish","type":"page","link":"https:\/\/agora.xtec.cat\/zerelsio\/ambits\/matematic\/","title":{"rendered":"Matem\u00e0tic"},"content":{"rendered":"<h4><span style=\"color: #ff0000;\"><em>&#8220;Les matem\u00e0tiques s\u00f3n l&#8217;alfabet amb qu\u00e8 D\u00e9u ha escrit l&#8217;Univers&#8221;<\/em>. <\/span><br \/>\n<span style=\"color: #000000;\">Galieu Galilei.<\/span><\/h4>\n<h3><span style=\"color: #339966;\"><a style=\"color: #339966;\" href=\"https:\/\/www.idm314.org\/\">14 de mar\u00e7, Dia Internacional de les Matem\u00e0tiques<\/a>.<\/span><\/h3>\n<p><a href=\"https:\/\/agora.xtec.cat\/zerelsio\/wp-content\/uploads\/usu567\/2025\/03\/1.png\"><img loading=\"lazy\" decoding=\"async\" class=\"alignnone size-full wp-image-16714\" src=\"https:\/\/agora.xtec.cat\/zerelsio\/wp-content\/uploads\/usu567\/2025\/03\/1.png\" alt=\"\" width=\"983\" height=\"463\" srcset=\"https:\/\/agora.xtec.cat\/zerelsio\/wp-content\/uploads\/usu567\/2025\/03\/1.png 983w, https:\/\/agora.xtec.cat\/zerelsio\/wp-content\/uploads\/usu567\/2025\/03\/1-300x141.png 300w, https:\/\/agora.xtec.cat\/zerelsio\/wp-content\/uploads\/usu567\/2025\/03\/1-768x362.png 768w\" sizes=\"auto, (max-width: 983px) 100vw, 983px\" \/><\/a><a href=\"https:\/\/agora.xtec.cat\/zerelsio\/general\/14-de-marc-dia-internacional-de-les-matematiques\/\">https:\/\/agora.xtec.cat\/zerelsio\/general\/14-de-marc-dia-internacional-de-les-matematiques\/<\/a><\/p>\n<p><a href=\"https:\/\/agora.xtec.cat\/zerelsio\/wp-content\/uploads\/usu567\/2025\/07\/cooltext485687808167408.png\"><img loading=\"lazy\" decoding=\"async\" class=\"alignnone size-full wp-image-17493\" src=\"https:\/\/agora.xtec.cat\/zerelsio\/wp-content\/uploads\/usu567\/2025\/07\/cooltext485687808167408.png\" alt=\"\" width=\"802\" height=\"141\" srcset=\"https:\/\/agora.xtec.cat\/zerelsio\/wp-content\/uploads\/usu567\/2025\/07\/cooltext485687808167408.png 802w, https:\/\/agora.xtec.cat\/zerelsio\/wp-content\/uploads\/usu567\/2025\/07\/cooltext485687808167408-300x53.png 300w, https:\/\/agora.xtec.cat\/zerelsio\/wp-content\/uploads\/usu567\/2025\/07\/cooltext485687808167408-768x135.png 768w\" sizes=\"auto, (max-width: 802px) 100vw, 802px\" \/><\/a><\/p>\n<p><a href=\"https:\/\/projectes.xtec.cat\/nou-curriculum\/guies-didactiques-florence-per-a-primaria\/\"><img loading=\"lazy\" decoding=\"async\" class=\"alignnone size-full wp-image-15862\" src=\"https:\/\/agora.xtec.cat\/zerelsio\/wp-content\/uploads\/usu567\/2024\/12\/guies-Florence-primaria.jpg\" alt=\"\" width=\"986\" height=\"783\" srcset=\"https:\/\/agora.xtec.cat\/zerelsio\/wp-content\/uploads\/usu567\/2024\/12\/guies-Florence-primaria.jpg 986w, https:\/\/agora.xtec.cat\/zerelsio\/wp-content\/uploads\/usu567\/2024\/12\/guies-Florence-primaria-300x238.jpg 300w, https:\/\/agora.xtec.cat\/zerelsio\/wp-content\/uploads\/usu567\/2024\/12\/guies-Florence-primaria-768x610.jpg 768w\" sizes=\"auto, (max-width: 986px) 100vw, 986px\" \/><\/a><\/p>\n<p><iframe loading=\"lazy\" title=\"Guies Florence Prim\u00e0ria. Patrons de repetici\u00f3 i de creixement.\" src=\"https:\/\/www.youtube.com\/embed\/CkjIeBc1jbQ\" width=\"754\" height=\"424\" frameborder=\"0\" allowfullscreen=\"allowfullscreen\"><\/iframe><\/p>\n<p><iframe loading=\"lazy\" title=\"Guia Florence Prim\u00e0ria. Angles amb Pattern Blocks\" src=\"https:\/\/www.youtube.com\/embed\/T-gG3Pyo564\" width=\"750\" height=\"424\" frameborder=\"0\" allowfullscreen=\"allowfullscreen\"><span data-mce-type=\"bookmark\" style=\"display: inline-block; width: 0px; overflow: hidden; line-height: 0;\" class=\"mce_SELRES_start\">\ufeff<\/span><\/iframe><\/p>\n<p><iframe loading=\"lazy\" title=\"Guia Florence Primaria. Capses i capsetes\" src=\"https:\/\/www.youtube.com\/embed\/JxDoAbp7P0k\" width=\"750\" height=\"424\" frameborder=\"0\" allowfullscreen=\"allowfullscreen\"><span data-mce-type=\"bookmark\" style=\"display: inline-block; width: 0px; overflow: hidden; line-height: 0;\" class=\"mce_SELRES_start\">\ufeff<\/span><\/iframe><\/p>\n<p><a href=\"https:\/\/www.contesmatematics.com\/\">https:\/\/www.contesmatematics.com\/<\/a><\/p>\n<p><a href=\"https:\/\/polypad.amplify.com\/p\">https:\/\/polypad.amplify.com\/p<\/a><\/p>\n<h3><span style=\"color: #800080;\">Orientacions<\/span><\/h3>\n<h3><a href=\"https:\/\/projectes.xtec.cat\/nou-curriculum\/orientacions-curriculars\/orientacions-curriculars-de-matematiques-de-primaria\/\"><img loading=\"lazy\" decoding=\"async\" class=\"alignnone size-full wp-image-17099\" src=\"https:\/\/agora.xtec.cat\/zerelsio\/wp-content\/uploads\/usu567\/2025\/04\/mates.png\" alt=\"\" width=\"489\" height=\"369\" srcset=\"https:\/\/agora.xtec.cat\/zerelsio\/wp-content\/uploads\/usu567\/2025\/04\/mates.png 489w, https:\/\/agora.xtec.cat\/zerelsio\/wp-content\/uploads\/usu567\/2025\/04\/mates-300x226.png 300w, https:\/\/agora.xtec.cat\/zerelsio\/wp-content\/uploads\/usu567\/2025\/04\/mates-200x150.png 200w\" sizes=\"auto, (max-width: 489px) 100vw, 489px\" \/><\/a><\/h3>\n<h3><span style=\"color: #800080;\">Sabers, compet\u00e8ncies espec\u00edfiques i criteris d&#8217;avaluaci\u00f3:<\/span><\/h3>\n<p><iframe loading=\"lazy\" src=\"https:\/\/drive.google.com\/file\/d\/1zZ-QBXP5MA0xbqX-2w0B9BOH8mAH3eYx\/preview\" width=\"640\" height=\"480\" data-mce-fragment=\"1\"><\/iframe><\/p>\n<p><span style=\"color: #ff0000;\">Manca actualitzar!<\/span><\/p>\n<h3><span style=\"color: #800080;\">Programacions:<\/span><\/h3>\n<p><iframe loading=\"lazy\" src=\"https:\/\/drive.google.com\/file\/d\/1dchOdysq_HeINipLsbC_heLF2wvEvmp4\/preview\" width=\"640\" height=\"480\"><\/iframe><\/p>\n<h1 class=\"archive-title\"><span style=\"color: #ff0000;\">Claus Matem\u00e0tiques<\/span><\/h1>\n<p><iframe loading=\"lazy\" src=\"https:\/\/drive.google.com\/file\/d\/1tE4AyS166y9jb8jB2zNPA8An7gEQHej4\/preview\" width=\"640\" height=\"480\"><\/iframe><\/p>\n<h1 class=\"archive-title\"><span style=\"color: #ff0000;\">Matem\u00e0tiques Arasaac<\/span><\/h1>\n<p><a href=\"https:\/\/arasaac.org\/materials\/search?area=12&amp;offset=0&amp;searchByAuthor=false&amp;tab=0\">https:\/\/arasaac.org\/materials\/search?area=12&amp;offset=0&amp;searchByAuthor=false&amp;tab=0<\/a><\/p>\n<h1><span style=\"color: #ff0000;\">Visita al MMACA. Curs 2023\/2024.<\/span><\/h1>\n<p><a href=\"https:\/\/agora.xtec.cat\/zerelsio\/general\/visita-al-museu-de-les-matematiques\/\"><img loading=\"lazy\" decoding=\"async\" class=\"alignnone size-full wp-image-13921\" src=\"https:\/\/agora.xtec.cat\/zerelsio\/wp-content\/uploads\/usu567\/2024\/04\/mmaca.jpg\" alt=\"\" width=\"816\" height=\"612\" srcset=\"https:\/\/agora.xtec.cat\/zerelsio\/wp-content\/uploads\/usu567\/2024\/04\/mmaca.jpg 816w, https:\/\/agora.xtec.cat\/zerelsio\/wp-content\/uploads\/usu567\/2024\/04\/mmaca-300x225.jpg 300w, https:\/\/agora.xtec.cat\/zerelsio\/wp-content\/uploads\/usu567\/2024\/04\/mmaca-768x576.jpg 768w, https:\/\/agora.xtec.cat\/zerelsio\/wp-content\/uploads\/usu567\/2024\/04\/mmaca-200x150.jpg 200w\" sizes=\"auto, (max-width: 816px) 100vw, 816px\" \/><\/a><\/p>\n<p><a href=\"https:\/\/www.ice.udl.cat\/ca\/noticies\/agenda\/XXI-Jornada-Lleimat-Compartim-matematiques.\/\"><img loading=\"lazy\" decoding=\"async\" class=\"alignnone size-large wp-image-13484\" src=\"https:\/\/agora.xtec.cat\/zerelsio\/wp-content\/uploads\/usu567\/2024\/02\/Lleimat-2024-1200x800-1-1024x683.jpg\" alt=\"\" width=\"1024\" height=\"683\" srcset=\"https:\/\/agora.xtec.cat\/zerelsio\/wp-content\/uploads\/usu567\/2024\/02\/Lleimat-2024-1200x800-1-1024x683.jpg 1024w, https:\/\/agora.xtec.cat\/zerelsio\/wp-content\/uploads\/usu567\/2024\/02\/Lleimat-2024-1200x800-1-300x200.jpg 300w, https:\/\/agora.xtec.cat\/zerelsio\/wp-content\/uploads\/usu567\/2024\/02\/Lleimat-2024-1200x800-1-768x512.jpg 768w, https:\/\/agora.xtec.cat\/zerelsio\/wp-content\/uploads\/usu567\/2024\/02\/Lleimat-2024-1200x800-1.jpg 1200w\" sizes=\"auto, (max-width: 1024px) 100vw, 1024px\" \/><\/a><\/p>\n<blockquote class=\"wp-embedded-content\" data-secret=\"62VpCtz8mG\"><p><a href=\"https:\/\/serveiseducatius.xtec.cat\/cesire\/cicle-de-conferencies-mirades-matematiques-2023-24\/\">Cicle de confer\u00e8ncies. Mirades Matem\u00e0tiques 2023\/24<\/a><\/p><\/blockquote>\n<p><iframe loading=\"lazy\" class=\"wp-embedded-content\" sandbox=\"allow-scripts\" security=\"restricted\" style=\"position: absolute; visibility: hidden;\" title=\"&#8220;Cicle de confer\u00e8ncies. Mirades Matem\u00e0tiques 2023\/24&#8221; &#8212; CESIRE\" src=\"https:\/\/serveiseducatius.xtec.cat\/cesire\/cicle-de-conferencies-mirades-matematiques-2023-24\/embed\/#?secret=DTpSBcWV2W#?secret=62VpCtz8mG\" data-secret=\"62VpCtz8mG\" width=\"500\" height=\"282\" frameborder=\"0\" marginwidth=\"0\" marginheight=\"0\" scrolling=\"no\"><\/iframe><\/p>\n<h3><span style=\"color: #800080;\">Dia Mundial de les Matem\u00e0tiques<\/span><\/h3>\n<p><a href=\"https:\/\/agora.xtec.cat\/zerelsio\/general\/avui-14-de-marc-dia-de-les-matematiques\/\"><img loading=\"lazy\" decoding=\"async\" class=\"alignnone size-full wp-image-13678\" src=\"https:\/\/agora.xtec.cat\/zerelsio\/wp-content\/uploads\/usu567\/2024\/03\/mates.png\" alt=\"\" width=\"669\" height=\"273\" srcset=\"https:\/\/agora.xtec.cat\/zerelsio\/wp-content\/uploads\/usu567\/2024\/03\/mates.png 669w, https:\/\/agora.xtec.cat\/zerelsio\/wp-content\/uploads\/usu567\/2024\/03\/mates-300x122.png 300w\" sizes=\"auto, (max-width: 669px) 100vw, 669px\" \/><\/a><\/p>\n<h3><span style=\"color: #800080;\">Diccionari matem\u00e0tic col\u00b7laboratiu:<\/span><\/h3>\n<p><a href=\"https:\/\/docs.google.com\/document\/d\/1Fnf-QNhPnLeNgChWZB8y-iKCZrJUuayu\/edit?usp=sharing&amp;ouid=117147285290097590313&amp;rtpof=true&amp;sd=true\"><img loading=\"lazy\" decoding=\"async\" class=\"alignnone size-full wp-image-12373\" src=\"https:\/\/agora.xtec.cat\/zerelsio\/wp-content\/uploads\/usu567\/2023\/08\/mates.png\" alt=\"\" width=\"332\" height=\"456\" srcset=\"https:\/\/agora.xtec.cat\/zerelsio\/wp-content\/uploads\/usu567\/2023\/08\/mates.png 332w, https:\/\/agora.xtec.cat\/zerelsio\/wp-content\/uploads\/usu567\/2023\/08\/mates-218x300.png 218w\" sizes=\"auto, (max-width: 332px) 100vw, 332px\" \/><\/a><\/p>\n<h3><span style=\"color: #800080;\">Carpeta drive:<\/span><\/h3>\n<p><a href=\"https:\/\/drive.google.com\/drive\/folders\/1od1ETMR6oUtQbRnsdRKHmuZBhjBeWX0I?usp=sharing\">Carpeta de matem\u00e0tiques al drive<\/a><\/p>\n<table>\n<tbody>\n<tr>\n<td style=\"width: 659.2px;\"><a href=\"http:\/\/apliense.xtec.cat\/arc\/competencies-basiques\"><img decoding=\"async\" src=\"http:\/\/agora.xtec.cat\/zerelsio\/wp-content\/uploads\/usu567\/2018\/08\/continguts_claus.jpg\" alt=\"\" \/><\/a><\/td>\n<\/tr>\n<\/tbody>\n<\/table>\n<p><iframe loading=\"lazy\" src=\"https:\/\/drive.google.com\/file\/d\/1YvYc-G8ZFTOEk9wxjgipqCKJYrsDeSGb\/preview\" width=\"640\" height=\"480\"><\/iframe><br \/>\n<a href=\"http:\/\/xtec.gencat.cat\/ca\/curriculum\/primaria\/competencies-basiques-ambits\/ambit-matematic\/\">http:\/\/xtec.gencat.cat\/ca\/curriculum\/primaria\/competencies-basiques-ambits\/ambit-matematic\/<\/a><\/p>\n<p><a href=\"https:\/\/blocs.xtec.cat\/zerelsio\/competencia-matematica\/\"><img loading=\"lazy\" decoding=\"async\" class=\"alignnone size-full wp-image-3889\" src=\"https:\/\/agora.xtec.cat\/zerelsio\/wp-content\/uploads\/usu567\/2019\/03\/mates_forum.jpg\" alt=\"\" width=\"548\" height=\"404\" srcset=\"https:\/\/agora.xtec.cat\/zerelsio\/wp-content\/uploads\/usu567\/2019\/03\/mates_forum.jpg 548w, https:\/\/agora.xtec.cat\/zerelsio\/wp-content\/uploads\/usu567\/2019\/03\/mates_forum-300x221.jpg 300w\" sizes=\"auto, (max-width: 548px) 100vw, 548px\" \/><\/a><\/p>\n<table>\n<tbody>\n<tr>\n<td style=\"text-align: center;\"><span style=\"color: #ff0000;\">Tipus d&#8217;activitats<\/span><\/td>\n<td style=\"text-align: center;\"><span style=\"color: #ff0000;\">Estrat\u00e8gies<\/span><\/td>\n<\/tr>\n<tr>\n<td><a href=\"http:\/\/ateneu.xtec.cat\/wikiform\/wikiexport\/fic\/cma\/cma05\/fase_2\/activitat_1\"><img decoding=\"async\" src=\"http:\/\/agora.xtec.cat\/zerelsio\/wp-content\/uploads\/usu567\/2018\/08\/activitats_mats.jpg\" alt=\"\" \/><\/a><\/td>\n<td><a href=\"http:\/\/ateneu.xtec.cat\/wikiform\/wikiexport\/fic\/cma\/cma05\/fase_3\/bloc_3\/activitat_1\"><img decoding=\"async\" src=\"http:\/\/agora.xtec.cat\/zerelsio\/wp-content\/uploads\/usu567\/2018\/08\/estrategies.jpg\" alt=\"http:\/\/ateneu.xtec.cat\/wikiform\/wikiexport\/fic\/cma\/cma05\/fase_3\/bloc_3\/activitat_1\" \/><\/a><\/td>\n<\/tr>\n<\/tbody>\n<\/table>\n<h3><span style=\"color: #800080;\">Recursos:<\/span><\/h3>\n<p><a href=\"http:\/\/xtec.gencat.cat\/ca\/recursos\/matematiques\/\">XTEC<\/a><br \/>\n<a href=\"http:\/\/xtec.gencat.cat\/ca\/curriculum\/sep\/matematiques\/\">SEP<\/a><br \/>\n<a href=\"http:\/\/www.edu365.cat\/primaria\/matematiques\/index.html\">EDU365.CAT<\/a><br \/>\n<a href=\"http:\/\/blocs.xtec.cat\/zerelsio\/competencia-matematica\/\">F\u00f2rum<\/a><br \/>\n<a href=\"http:\/\/www.xtec.cat\/~msolduga\/menu\/finestra\/indexmates.htm\">Calaixos de Mates<\/a><br \/>\n<a href=\"http:\/\/srvcnpbs.xtec.cat\/creamat\/joomla\/\">CESIRE-CREAMAT<\/a><br \/>\n<a href=\"https:\/\/diarieducacio.cat\/ArtsEducacio\/2021\/03\/11\/literatura-infantil-y-juvenil-per-aprendre-a-estimar-els-numeros\/\">Literatura infantil i juvenil per aprendre a estimar els n\u00fameros<\/a><\/p>\n","protected":false},"excerpt":{"rendered":"<p>&#8220;Les matem\u00e0tiques s\u00f3n l&#8217;alfabet amb qu\u00e8 D\u00e9u ha escrit l&#8217;Univers&#8221;.<br \/>\nGalieu Galilei.<br \/>\n<a style=\"color: #339966;\" href=\"https:\/\/www.idm314.org\/\">14 de mar\u00e7, Dia Internacional de les Matem\u00e0tiques<\/a>.<br \/>\n<a href=\"https:\/\/agora.xtec.cat\/zerelsio\/wp-content\/uploads\/usu567\/2025\/03\/1.png\"><\/a><a href=\"https:\/\/agora.xtec.cat\/zerelsio\/general\/14-de-marc-dia-internacional-de-les-matematiques\/\">https:\/\/agora.xtec.cat\/zerelsio\/general\/14-de-marc-dia-internacional-de-les-matematiques\/<\/a><br \/>\n<a href=\"https:\/\/agora.xtec.cat\/zerelsio\/wp-content\/uploads\/usu567\/2025\/07\/cooltext485687808167408.png\"><\/a><br \/>\n<a href=\"https:\/\/projectes.xtec.cat\/nou-curriculum\/guies-didactiques-florence-per-a-primaria\/\"><\/a><\/p>\n<p>\ufeff<br \/>\n\ufeff<br \/>\n<a href=\"https:\/\/www.contesmatematics.com\/\">https:\/\/www.contesmatematics.com\/<\/a><br \/>\n<a href=\"https:\/\/polypad.amplify.com\/p\">https:\/\/polypad.amplify.com\/p<\/a><br \/>\nOrientacions<br \/>\n<a href=\"https:\/\/projectes.xtec.cat\/nou-curriculum\/orientacions-curriculars\/orientacions-curriculars-de-matematiques-de-primaria\/\"><\/a><br \/>\nSabers, compet\u00e8ncies espec\u00edfiques i criteris d&#8217;avaluaci\u00f3:<\/p>\n<p>Manca actualitzar!<br \/>\nProgramacions:<\/p>\n<p>Claus Matem\u00e0tiques<\/p>\n<p>Matem\u00e0tiques Arasaac<br \/>\n<a href=\"https:\/\/arasaac.org\/materials\/search?area=12&amp;offset=0&amp;searchByAuthor=false&amp;tab=0\">https:\/\/arasaac.org\/materials\/search?area=12&amp;offset=0&amp;searchByAuthor=false&amp;tab=0<\/a><br \/>\nVisita al MMACA. Curs 2023\/2024.<br \/>\n<a href=\"https:\/\/agora.xtec.cat\/zerelsio\/general\/visita-al-museu-de-les-matematiques\/\"><\/a><br \/>\n<a href=\"https:\/\/www.ice.udl.cat\/ca\/noticies\/agenda\/XXI-Jornada-Lleimat-Compartim-matematiques.\/\"><\/a><br \/>\n<a href=\"https:\/\/serveiseducatius.xtec.cat\/cesire\/cicle-de-conferencies-mirades-matematiques-2023-24\/\">Cicle&hellip;  <a href=\"https:\/\/agora.xtec.cat\/zerelsio\/ambits\/matematic\/\" title=\"Read Matem\u00e0tic\">Llegeix m\u00e9s\u00bb<\/a><\/p>\n","protected":false},"author":3,"featured_media":0,"parent":1069,"menu_order":5,"comment_status":"closed","ping_status":"closed","template":"page-templates\/side-menu.php","meta":{"_bbp_topic_count":0,"_bbp_reply_count":0,"_bbp_total_topic_count":0,"_bbp_total_reply_count":0,"_bbp_voice_count":0,"_bbp_anonymous_reply_count":0,"_bbp_topic_count_hidden":0,"_bbp_reply_count_hidden":0,"_bbp_forum_subforum_count":0,"footnotes":""},"class_list":["post-1545","page","type-page","status-publish","hentry"],"post_mailing_queue_ids":[],"_links":{"self":[{"href":"https:\/\/agora.xtec.cat\/zerelsio\/wp-json\/wp\/v2\/pages\/1545","targetHints":{"allow":["GET"]}}],"collection":[{"href":"https:\/\/agora.xtec.cat\/zerelsio\/wp-json\/wp\/v2\/pages"}],"about":[{"href":"https:\/\/agora.xtec.cat\/zerelsio\/wp-json\/wp\/v2\/types\/page"}],"author":[{"embeddable":true,"href":"https:\/\/agora.xtec.cat\/zerelsio\/wp-json\/wp\/v2\/users\/3"}],"replies":[{"embeddable":true,"href":"https:\/\/agora.xtec.cat\/zerelsio\/wp-json\/wp\/v2\/comments?post=1545"}],"version-history":[{"count":7,"href":"https:\/\/agora.xtec.cat\/zerelsio\/wp-json\/wp\/v2\/pages\/1545\/revisions"}],"predecessor-version":[{"id":17710,"href":"https:\/\/agora.xtec.cat\/zerelsio\/wp-json\/wp\/v2\/pages\/1545\/revisions\/17710"}],"up":[{"embeddable":true,"href":"https:\/\/agora.xtec.cat\/zerelsio\/wp-json\/wp\/v2\/pages\/1069"}],"wp:attachment":[{"href":"https:\/\/agora.xtec.cat\/zerelsio\/wp-json\/wp\/v2\/media?parent=1545"}],"curies":[{"name":"wp","href":"https:\/\/api.w.org\/{rel}","templated":true}]}}