{"id":1543,"date":"2018-08-10T07:35:32","date_gmt":"2018-08-10T05:35:32","guid":{"rendered":"http:\/\/agora.xtec.cat\/zerelsio\/?page_id=1543"},"modified":"2021-08-11T11:13:00","modified_gmt":"2021-08-11T09:13:00","slug":"araescric","status":"publish","type":"page","link":"https:\/\/agora.xtec.cat\/zerelsio\/ambits\/linguistic\/catala\/araescric\/","title":{"rendered":"araESCRIC"},"content":{"rendered":"<h4><span style=\"color: #ff0000;\"><em>\u201cEscriure \u00e9s un ofici que s\u2019apr\u00e8n escrivint.\u201d<\/em>\u00a0Simone de Beauvoir<\/span><\/h4>\n<p><a href=\"http:\/\/xtec.gencat.cat\/ca\/projectes\/escriptura\/ara-escric\/eines-per-al-professorat\/decaleg-descriptura\/\"><img loading=\"lazy\" decoding=\"async\" class=\"alignnone size-full wp-image-8141\" src=\"https:\/\/agora.xtec.cat\/zerelsio\/wp-content\/uploads\/usu567\/2021\/08\/decaleg_escriptura_quadrat.fw_.png_1595044798.png\" alt=\"\" width=\"538\" height=\"538\" srcset=\"https:\/\/agora.xtec.cat\/zerelsio\/wp-content\/uploads\/usu567\/2021\/08\/decaleg_escriptura_quadrat.fw_.png_1595044798.png 538w, https:\/\/agora.xtec.cat\/zerelsio\/wp-content\/uploads\/usu567\/2021\/08\/decaleg_escriptura_quadrat.fw_.png_1595044798-300x300.png 300w, https:\/\/agora.xtec.cat\/zerelsio\/wp-content\/uploads\/usu567\/2021\/08\/decaleg_escriptura_quadrat.fw_.png_1595044798-150x150.png 150w\" sizes=\"auto, (max-width: 538px) 100vw, 538px\" \/><\/a><\/p>\n<p><a href=\"http:\/\/xtec.gencat.cat\/ca\/projectes\/escriptura\/ara-escric\/eines-per-al-professorat\/decaleg-descriptura\/\">http:\/\/xtec.gencat.cat\/ca\/projectes\/escriptura\/ara-escric\/eines-per-al-professorat\/decaleg-descriptura\/<\/a><\/p>\n<p><a href=\"http:\/\/xtec.gencat.cat\/ca\/projectes\/escriptura\/ara-escric\/\"><img decoding=\"async\" src=\"https:\/\/serveiseducatius.xtec.cat\/vallesoriental3\/wp-content\/uploads\/usu768\/2020\/07\/Sin-t%C3%ADtulo-4.png\" \/><\/a><\/p>\n<p><a href=\"http:\/\/xtec.gencat.cat\/ca\/projectes\/escriptura\/ara-escric\/conferencies\/\"><img decoding=\"async\" src=\"http:\/\/agora.xtec.cat\/zerelsio\/wp-content\/uploads\/usu567\/2018\/08\/araescric.png\" alt=\"\" \/><\/a><\/p>\n<p><a href=\"http:\/\/xtec.gencat.cat\/web\/.content\/alfresco\/d\/d\/workspace\/SpacesStore\/0082\/c58c3012-4218-4615-9936-39f0465586ff\/expressio_escrita.pdf\"><img decoding=\"async\" src=\"http:\/\/agora.xtec.cat\/zerelsio\/wp-content\/uploads\/usu567\/2018\/08\/escriure.jpg\" alt=\"\" \/><\/a><\/p>\n<h3><span style=\"color: #00ff00;\">OBJECTIUS<\/span><\/h3>\n<ul style=\"list-style-type: square;\">\n<li>Valorar l&#8217;escriptura com a eina de construcci\u00f3 de coneixement i d&#8217;aprenentatge.<\/li>\n<li>Recon\u00e8ixer l&#8217;escriptura com a estrat\u00e8gia transversal per millorar el rendiment escolar a totes les \u00e0rees curriculars.<\/li>\n<li>Identificar el valor de la compet\u00e8ncia escrita per iniciar el recorregut cap a la<br \/>\nparticipaci\u00f3 en els diversos \u00e0mbits socials al llarg de la vida.<\/li>\n<li>Fomentar l&#8217;h\u00e0bit de l&#8217;escriptura personal i el plaer d&#8217;escriure per gaudir i cr\u00e9ixer.<\/li>\n<\/ul>\n<h3><span style=\"color: #00ff00;\">RECURSOS<\/span><\/h3>\n<p><a href=\"https:\/\/www.pinterest.es\/mimi1567\/ara-escric\/\">https:\/\/www.pinterest.es\/mimi1567\/ara-escric\/<\/a><br \/>\n<a href=\"https:\/\/www.pinterest.es\/beatriupalau\/materials-descriptura\/\">https:\/\/www.pinterest.es\/beatriupalau\/materials-descriptura\/<\/a><\/p>\n<p><a href=\"https:\/\/www.symbaloo.com\/mix\/araescric-primaria\"><img decoding=\"async\" class=\"n3VNCb\" src=\"https:\/\/cdn01.symbaloo.com\/webmixpreview\/araescric-primaria_thumb_L.jpg\" alt=\"Resultat d'imatges per a &quot;araescric&quot;\" data-noaft=\"1\" \/><\/a><\/p>\n","protected":false},"excerpt":{"rendered":"<p>\u201cEscriure \u00e9s un ofici que s\u2019apr\u00e8n escrivint.\u201d\u00a0Simone de Beauvoir<br \/>\n<a href=\"http:\/\/xtec.gencat.cat\/ca\/projectes\/escriptura\/ara-escric\/eines-per-al-professorat\/decaleg-descriptura\/\"><\/a><br \/>\n<a href=\"http:\/\/xtec.gencat.cat\/ca\/projectes\/escriptura\/ara-escric\/eines-per-al-professorat\/decaleg-descriptura\/\">http:\/\/xtec.gencat.cat\/ca\/projectes\/escriptura\/ara-escric\/eines-per-al-professorat\/decaleg-descriptura\/<\/a><br \/>\n<a href=\"http:\/\/xtec.gencat.cat\/ca\/projectes\/escriptura\/ara-escric\/\"><\/a><br \/>\n<a href=\"http:\/\/xtec.gencat.cat\/ca\/projectes\/escriptura\/ara-escric\/conferencies\/\"><\/a><br \/>\n<a href=\"http:\/\/xtec.gencat.cat\/web\/.content\/alfresco\/d\/d\/workspace\/SpacesStore\/0082\/c58c3012-4218-4615-9936-39f0465586ff\/expressio_escrita.pdf\"><\/a><br \/>\nOBJECTIUS<\/p>\n<ul style=\"list-style-type: square;\">\n<li>Valorar l&#8217;escriptura com a eina de construcci\u00f3 de coneixement i d&#8217;aprenentatge.<\/li>\n<li>Recon\u00e8ixer l&#8217;escriptura com a estrat\u00e8gia transversal per millorar el rendiment escolar a totes les \u00e0rees curriculars.<\/li>\n<li>Identificar el valor de la&hellip;  <a href=\"https:\/\/agora.xtec.cat\/zerelsio\/ambits\/linguistic\/catala\/araescric\/\" title=\"Read araESCRIC\">Llegeix m\u00e9s\u00bb<\/a><br \/>\n","protected":false},"author":3,"featured_media":0,"parent":1535,"menu_order":1,"comment_status":"closed","ping_status":"closed","template":"page-templates\/side-menu.php","meta":{"_bbp_topic_count":0,"_bbp_reply_count":0,"_bbp_total_topic_count":0,"_bbp_total_reply_count":0,"_bbp_voice_count":0,"_bbp_anonymous_reply_count":0,"_bbp_topic_count_hidden":0,"_bbp_reply_count_hidden":0,"_bbp_forum_subforum_count":0,"footnotes":""},"class_list":["post-1543","page","type-page","status-publish","hentry"],"post_mailing_queue_ids":[],"_links":{"self":[{"href":"https:\/\/agora.xtec.cat\/zerelsio\/wp-json\/wp\/v2\/pages\/1543","targetHints":{"allow":["GET"]}}],"collection":[{"href":"https:\/\/agora.xtec.cat\/zerelsio\/wp-json\/wp\/v2\/pages"}],"about":[{"href":"https:\/\/agora.xtec.cat\/zerelsio\/wp-json\/wp\/v2\/types\/page"}],"author":[{"embeddable":true,"href":"https:\/\/agora.xtec.cat\/zerelsio\/wp-json\/wp\/v2\/users\/3"}],"replies":[{"embeddable":true,"href":"https:\/\/agora.xtec.cat\/zerelsio\/wp-json\/wp\/v2\/comments?post=1543"}],"version-history":[{"count":3,"href":"https:\/\/agora.xtec.cat\/zerelsio\/wp-json\/wp\/v2\/pages\/1543\/revisions"}],"predecessor-version":[{"id":8144,"href":"https:\/\/agora.xtec.cat\/zerelsio\/wp-json\/wp\/v2\/pages\/1543\/revisions\/8144"}],"up":[{"embeddable":true,"href":"https:\/\/agora.xtec.cat\/zerelsio\/wp-json\/wp\/v2\/pages\/1535"}],"wp:attachment":[{"href":"https:\/\/agora.xtec.cat\/zerelsio\/wp-json\/wp\/v2\/media?parent=1543"}],"curies":[{"name":"wp","href":"https:\/\/api.w.org\/{rel}","templated":true}]}}