{"id":1541,"date":"2018-08-10T07:34:40","date_gmt":"2018-08-10T05:34:40","guid":{"rendered":"http:\/\/agora.xtec.cat\/zerelsio\/?page_id=1541"},"modified":"2025-07-23T13:12:48","modified_gmt":"2025-07-23T11:12:48","slug":"frances","status":"publish","type":"page","link":"https:\/\/agora.xtec.cat\/zerelsio\/ambits\/linguistic\/frances\/","title":{"rendered":"Franc\u00e8s"},"content":{"rendered":"<p><a href=\"https:\/\/agora.xtec.cat\/zerelsio\/wp-content\/uploads\/usu567\/2025\/07\/cooltext485687808167408.png\"><img loading=\"lazy\" decoding=\"async\" class=\"alignnone size-full wp-image-17493\" src=\"https:\/\/agora.xtec.cat\/zerelsio\/wp-content\/uploads\/usu567\/2025\/07\/cooltext485687808167408.png\" alt=\"\" width=\"802\" height=\"141\" srcset=\"https:\/\/agora.xtec.cat\/zerelsio\/wp-content\/uploads\/usu567\/2025\/07\/cooltext485687808167408.png 802w, https:\/\/agora.xtec.cat\/zerelsio\/wp-content\/uploads\/usu567\/2025\/07\/cooltext485687808167408-300x53.png 300w, https:\/\/agora.xtec.cat\/zerelsio\/wp-content\/uploads\/usu567\/2025\/07\/cooltext485687808167408-768x135.png 768w\" sizes=\"auto, (max-width: 802px) 100vw, 802px\" \/><\/a><\/p>\n<h3><span style=\"color: #800080;\">Sabers, compet\u00e8ncies espec\u00edfiques i criteris d&#8217;avaluaci\u00f3:<\/span><\/h3>\n<p><iframe loading=\"lazy\" src=\"https:\/\/drive.google.com\/file\/d\/1ysH7UDJ6ygT3EbJwTYkCkjoe15dT8kOe\/preview\" width=\"640\" height=\"480\"><\/iframe><\/p>\n<p><span style=\"color: #ff0000;\">Manca actualitzar!<\/span><\/p>\n<h3><span style=\"color: #800080;\">Programacions:<\/span><\/h3>\n<p><iframe loading=\"lazy\" src=\"https:\/\/drive.google.com\/file\/d\/1OboB5A__VOerrmtKBxDjf9i-nt1U6_kt\/preview\" width=\"640\" height=\"480\"><\/iframe><\/p>\n<h3><span style=\"color: #800080;\">Lapbook:<\/span><\/h3>\n<p><iframe loading=\"lazy\" src=\"https:\/\/drive.google.com\/file\/d\/18GAXsWwMUnVce5JDGcg2gON3zWux54lQ\/preview\" width=\"640\" height=\"480\" allow=\"autoplay\"><\/iframe><br \/>\n<iframe loading=\"lazy\" src=\"https:\/\/drive.google.com\/file\/d\/1ko7y8xvwo4cBbnhUIPtTeiC2h5wSay2q\/preview\" width=\"640\" height=\"480\" allow=\"autoplay\"><\/iframe><\/p>\n<table style=\"border-collapse: collapse; width: 100%;\">\n<tbody>\n<tr>\n<td style=\"width: 25%;\">\n<h3><span style=\"color: #ff0000;\">1r TRIMESTRE<\/span><\/h3>\n<\/td>\n<td style=\"width: 25%;\"><strong><a href=\"https:\/\/drive.google.com\/file\/d\/1Hk6UfBV9VttKJmfeh1omBmvO82SGYb8Q\/view?usp=drive_link\">LAPBOOK PORTADA<\/a><br \/>\n<\/strong><strong><u><br \/>\n<\/u><\/strong><strong><a href=\"https:\/\/drive.google.com\/file\/d\/1MWXBNW9MqL0DvndW89cWTW-pkVkYhgXr\/view?usp=sharing\">LAPBOOK ALPHABET<\/a><\/strong><strong><a href=\"https:\/\/drive.google.com\/file\/d\/1ZA719-LBxouzI_VQWC0EygRTZ4_C2KT5\/view?usp=drive_link\">LAPBOOK NOMBRES<\/a><\/strong><strong><a href=\"https:\/\/drive.google.com\/file\/d\/13YOQ7PZDPuKaC9eXjAwJHfo17LvQOofE\/view?usp=drive_link\">LAPBOOK SE SALUER<\/a><\/strong><\/p>\n<p><strong><a href=\"https:\/\/drive.google.com\/drive\/folders\/1c7H39ZmaCm7Zlc5F6OaEME4E2yilMMEV?usp=drive_link\">LAPBOOK FRANCE<\/a><\/strong><\/td>\n<td style=\"width: 25%;\"><strong><a href=\"https:\/\/drive.google.com\/file\/d\/1CaoXp-b1NxyRevyLRS0wA11wXpfkRlEe\/view?usp=drive_link\">LAPBOOK PRONOMS PERSONNELS<\/a><\/strong><\/p>\n<p><strong><a href=\"https:\/\/drive.google.com\/drive\/folders\/1Yk3zBDbEnUuUC-4pfjrxe5DE41ptT_ZY?usp=drive_link\">LAPBOOK VERBS<\/a><\/strong><strong>. <\/strong><strong><a href=\"https:\/\/liberteegalitecreativite.com\/category\/fraseologia\/\">JOC<\/a><\/strong><\/p>\n<p><strong><a href=\"https:\/\/drive.google.com\/file\/d\/10TyZXEiYiBs_5LlEuNiABKTCy55d3eNZ\/view?usp=drive_link\">LAPBOOK PR\u00c9NOMS<\/a><\/strong><\/p>\n<p><strong><a href=\"https:\/\/drive.google.com\/file\/d\/1ctJKFX9QFYokzYoDvUr8MDYOX7bX3TO8\/view?usp=drive_link\">LAPBOOK HABITE&#8230;<\/a><\/strong><\/p>\n<p><strong><a href=\"https:\/\/drive.google.com\/file\/d\/1lNrBmAVOlcbPpZX4Sy9dfLPWwXh0jSDB\/view?usp=drive_link\">LAPBOOK \u00c2GE<\/a><\/strong><\/td>\n<td style=\"width: 25%;\"><strong><a href=\"https:\/\/drive.google.com\/file\/d\/15uLWHMYAHQGi6h59L1Z38NCrYI53dFrL\/view?usp=drive_link\">LAPBOOK FAMILLE<\/a><\/strong><\/p>\n<p><strong><a href=\"https:\/\/drive.google.com\/file\/d\/18k32beosf8OF_kRyat4U9GXSro6uxpIl\/view?usp=drive_link\">LAPBOOK POSSESSIF<\/a><\/strong><\/td>\n<\/tr>\n<tr>\n<td style=\"width: 25%;\">\n<h3><span style=\"color: #ffff00;\">2N TRIMESTRE<\/span><\/h3>\n<\/td>\n<td style=\"width: 25%;\"><\/td>\n<td style=\"width: 25%;\"><\/td>\n<td style=\"width: 25%;\"><\/td>\n<\/tr>\n<tr>\n<td style=\"width: 25%;\">\n<h3><span style=\"color: #00ff00;\">3r TRIMESTRE<\/span><\/h3>\n<\/td>\n<td style=\"width: 25%;\"><\/td>\n<td style=\"width: 25%;\"><\/td>\n<td style=\"width: 25%;\"><\/td>\n<\/tr>\n<\/tbody>\n<\/table>\n<h3><span style=\"color: #800080;\">Carpeta al drive:<\/span><\/h3>\n<p><a href=\"https:\/\/drive.google.com\/drive\/folders\/1dT3t8HMjM8BNmWm251A7F3tbWafIC5Pm?usp=sharing\">https:\/\/drive.google.com\/open?id=1Ofib5tSSTpo1xG8Smb0yKHOAm2mckWz<\/a>r<\/p>\n<h3><span style=\"color: #800080;\">Recursos:<\/span><\/h3>\n<p><a href=\"http:\/\/xtec.gencat.cat\/ca\/recursos\/lestrangeres\/frances\/\">XTEC<\/a><br \/>\n<a href=\"http:\/\/www.edu365.cat\/primaria\/frances\/index.html\">EDU365.CAT<\/a><br \/>\n<a href=\"http:\/\/www.xtec.cat\/~msolduga\/menu\/finestra\/francais\/index.htm\">Calaixos franc\u00e8s<\/a><\/p>\n","protected":false},"excerpt":{"rendered":"<p><a href=\"https:\/\/agora.xtec.cat\/zerelsio\/wp-content\/uploads\/usu567\/2025\/07\/cooltext485687808167408.png\"><\/a><br \/>\nSabers, compet\u00e8ncies espec\u00edfiques i criteris d&#8217;avaluaci\u00f3:<\/p>\n<p>Manca actualitzar!<br \/>\nProgramacions:<\/p>\n<p>Lapbook:<\/p>\n<p>1r TRIMESTRE<\/p>\n<p><a href=\"https:\/\/drive.google.com\/file\/d\/1Hk6UfBV9VttKJmfeh1omBmvO82SGYb8Q\/view?usp=drive_link\">LAPBOOK PORTADA<\/a><\/p>\n<p><a href=\"https:\/\/drive.google.com\/file\/d\/1MWXBNW9MqL0DvndW89cWTW-pkVkYhgXr\/view?usp=sharing\">LAPBOOK ALPHABET<\/a><a href=\"https:\/\/drive.google.com\/file\/d\/1ZA719-LBxouzI_VQWC0EygRTZ4_C2KT5\/view?usp=drive_link\">LAPBOOK NOMBRES<\/a><a href=\"https:\/\/drive.google.com\/file\/d\/13YOQ7PZDPuKaC9eXjAwJHfo17LvQOofE\/view?usp=drive_link\">LAPBOOK SE SALUER<\/a><br \/>\n<a href=\"https:\/\/drive.google.com\/drive\/folders\/1c7H39ZmaCm7Zlc5F6OaEME4E2yilMMEV?usp=drive_link\">LAPBOOK FRANCE<\/a><br \/>\n<a href=\"https:\/\/drive.google.com\/file\/d\/1CaoXp-b1NxyRevyLRS0wA11wXpfkRlEe\/view?usp=drive_link\">LAPBOOK PRONOMS PERSONNELS<\/a><br \/>\n<a href=\"https:\/\/drive.google.com\/drive\/folders\/1Yk3zBDbEnUuUC-4pfjrxe5DE41ptT_ZY?usp=drive_link\">LAPBOOK VERBS<\/a>. <a href=\"https:\/\/liberteegalitecreativite.com\/category\/fraseologia\/\">JOC<\/a><br \/>\n<a href=\"https:\/\/drive.google.com\/file\/d\/10TyZXEiYiBs_5LlEuNiABKTCy55d3eNZ\/view?usp=drive_link\">LAPBOOK PR\u00c9NOMS<\/a><br \/>\n<a href=\"https:\/\/drive.google.com\/file\/d\/1ctJKFX9QFYokzYoDvUr8MDYOX7bX3TO8\/view?usp=drive_link\">LAPBOOK HABITE&#8230;<\/a><br \/>\n<a href=\"https:\/\/drive.google.com\/file\/d\/1lNrBmAVOlcbPpZX4Sy9dfLPWwXh0jSDB\/view?usp=drive_link\">LAPBOOK \u00c2GE<\/a><br \/>\n<a href=\"https:\/\/drive.google.com\/file\/d\/15uLWHMYAHQGi6h59L1Z38NCrYI53dFrL\/view?usp=drive_link\">LAPBOOK FAMILLE<\/a><br \/>\n<a href=\"https:\/\/drive.google.com\/file\/d\/18k32beosf8OF_kRyat4U9GXSro6uxpIl\/view?usp=drive_link\">LAPBOOK POSSESSIF<\/a><\/p>\n<p>2N TRIMESTRE<\/p>\n<p>3r TRIMESTRE<\/p>\n<p>Carpeta al drive:<br \/>\n<a href=\"https:\/\/drive.google.com\/drive\/folders\/1dT3t8HMjM8BNmWm251A7F3tbWafIC5Pm?usp=sharing\">https:\/\/drive.google.com\/open?id=1Ofib5tSSTpo1xG8Smb0yKHOAm2mckWz<\/a>r<br \/>\nRecursos:<br \/>\n<a href=\"http:\/\/xtec.gencat.cat\/ca\/recursos\/lestrangeres\/frances\/\">XTEC<\/a><br \/>\n<a href=\"http:\/\/www.edu365.cat\/primaria\/frances\/index.html\">EDU365.CAT<\/a><br \/>\n<a href=\"http:\/\/www.xtec.cat\/~msolduga\/menu\/finestra\/francais\/index.htm\">Calaixos&hellip;  <a href=\"https:\/\/agora.xtec.cat\/zerelsio\/ambits\/linguistic\/frances\/\" title=\"Read Franc\u00e8s\">Llegeix m\u00e9s\u00bb<\/a><\/p>\n","protected":false},"author":3,"featured_media":0,"parent":1533,"menu_order":4,"comment_status":"closed","ping_status":"closed","template":"page-templates\/side-menu.php","meta":{"_bbp_topic_count":0,"_bbp_reply_count":0,"_bbp_total_topic_count":0,"_bbp_total_reply_count":0,"_bbp_voice_count":0,"_bbp_anonymous_reply_count":0,"_bbp_topic_count_hidden":0,"_bbp_reply_count_hidden":0,"_bbp_forum_subforum_count":0,"footnotes":""},"class_list":["post-1541","page","type-page","status-publish","hentry"],"post_mailing_queue_ids":[],"_links":{"self":[{"href":"https:\/\/agora.xtec.cat\/zerelsio\/wp-json\/wp\/v2\/pages\/1541","targetHints":{"allow":["GET"]}}],"collection":[{"href":"https:\/\/agora.xtec.cat\/zerelsio\/wp-json\/wp\/v2\/pages"}],"about":[{"href":"https:\/\/agora.xtec.cat\/zerelsio\/wp-json\/wp\/v2\/types\/page"}],"author":[{"embeddable":true,"href":"https:\/\/agora.xtec.cat\/zerelsio\/wp-json\/wp\/v2\/users\/3"}],"replies":[{"embeddable":true,"href":"https:\/\/agora.xtec.cat\/zerelsio\/wp-json\/wp\/v2\/comments?post=1541"}],"version-history":[{"count":6,"href":"https:\/\/agora.xtec.cat\/zerelsio\/wp-json\/wp\/v2\/pages\/1541\/revisions"}],"predecessor-version":[{"id":17731,"href":"https:\/\/agora.xtec.cat\/zerelsio\/wp-json\/wp\/v2\/pages\/1541\/revisions\/17731"}],"up":[{"embeddable":true,"href":"https:\/\/agora.xtec.cat\/zerelsio\/wp-json\/wp\/v2\/pages\/1533"}],"wp:attachment":[{"href":"https:\/\/agora.xtec.cat\/zerelsio\/wp-json\/wp\/v2\/media?parent=1541"}],"curies":[{"name":"wp","href":"https:\/\/api.w.org\/{rel}","templated":true}]}}