{"id":1539,"date":"2018-08-10T07:34:02","date_gmt":"2018-08-10T05:34:02","guid":{"rendered":"http:\/\/agora.xtec.cat\/zerelsio\/?page_id=1539"},"modified":"2025-07-16T10:58:59","modified_gmt":"2025-07-16T08:58:59","slug":"angles","status":"publish","type":"page","link":"https:\/\/agora.xtec.cat\/zerelsio\/ambits\/linguistic\/angles\/","title":{"rendered":"Angl\u00e8s"},"content":{"rendered":"<p><a href=\"https:\/\/agora.xtec.cat\/zerelsio\/wp-content\/uploads\/usu567\/2025\/07\/cooltext485687808167408.png\"><img loading=\"lazy\" decoding=\"async\" class=\"alignnone size-full wp-image-17493\" src=\"https:\/\/agora.xtec.cat\/zerelsio\/wp-content\/uploads\/usu567\/2025\/07\/cooltext485687808167408.png\" alt=\"\" width=\"802\" height=\"141\" srcset=\"https:\/\/agora.xtec.cat\/zerelsio\/wp-content\/uploads\/usu567\/2025\/07\/cooltext485687808167408.png 802w, https:\/\/agora.xtec.cat\/zerelsio\/wp-content\/uploads\/usu567\/2025\/07\/cooltext485687808167408-300x53.png 300w, https:\/\/agora.xtec.cat\/zerelsio\/wp-content\/uploads\/usu567\/2025\/07\/cooltext485687808167408-768x135.png 768w\" sizes=\"auto, (max-width: 802px) 100vw, 802px\" \/><\/a><\/p>\n<h3><span style=\"color: #800080;\">Sabers, compet\u00e8ncies espec\u00edfiques i criteris d&#8217;avaluaci\u00f3:<\/span><\/h3>\n<p><iframe loading=\"lazy\" src=\"https:\/\/drive.google.com\/file\/d\/1Yoa0mbAho7Z48sSC0nepc-j0v70nVaz4\/preview\" width=\"640\" height=\"480\"><\/iframe><\/p>\n<h3><span style=\"color: #800080;\">Programacions:<\/span><\/h3>\n<p><iframe loading=\"lazy\" src=\"https:\/\/drive.google.com\/file\/d\/1Bm-jlvA6JWVVNDbTGGX4DusaCR6EfP5W\/preview\" width=\"640\" height=\"480\"><\/iframe><br \/>\n<iframe loading=\"lazy\" src=\"https:\/\/drive.google.com\/file\/d\/1mq6ommnZ69QR3c74g5G0bJuzyF0101Id\/preview\" width=\"640\" height=\"480\"><\/iframe><br \/>\n<iframe loading=\"lazy\" src=\"https:\/\/drive.google.com\/file\/d\/1n8jVdtMaQe2yZ0H5i1A6bqOoKOydLyGE\/preview\" width=\"640\" height=\"480\"><\/iframe><\/p>\n<h3><span style=\"color: #800080;\">Carpeta al drive:<\/span><\/h3>\n<p><a href=\"https:\/\/drive.google.com\/drive\/folders\/1psg1EwC9Y8px-Vt9zZ8Aqi8yQYs2s6Ww?usp=sharing\">Carpeta angl\u00e8s drive<\/a><\/p>\n<h3><span style=\"color: #800080;\">Recursos:<\/span><\/h3>\n<p><a href=\"http:\/\/xtec.gencat.cat\/ca\/recursos\/lestrangeres\/angles\/\">XTEC<\/a><br \/>\n<a href=\"http:\/\/www.edu365.cat\/primaria\/muds\/angles\/index.htm\">EDU365.CAT<\/a><br \/>\n<a href=\"http:\/\/blocs.xtec.cat\/zerelsio\/llengua-anglesa\/\">Recursos F\u00f2rum<\/a><br \/>\n<a href=\"http:\/\/www.xtec.cat\/~msolduga\/menu\/finestra\/english\/index.htm\">Calaixos angl\u00e8s<\/a><\/p>\n<h3><span style=\"color: #800080;\">Inventari:<\/span><\/h3>\n<p><iframe loading=\"lazy\" src=\"https:\/\/drive.google.com\/file\/d\/1D26HEFpI4UNbLMy6u3wZCXLyC9FRXtCl\/preview\" width=\"640\" height=\"480\"><\/iframe><\/p>\n<p><a href=\"https:\/\/agora.xtec.cat\/zerelsio\/general\/st-patricks-day\/\"><img loading=\"lazy\" decoding=\"async\" class=\"alignnone size-full wp-image-13908\" src=\"https:\/\/agora.xtec.cat\/zerelsio\/wp-content\/uploads\/usu567\/2024\/04\/day.png\" alt=\"\" width=\"738\" height=\"461\" srcset=\"https:\/\/agora.xtec.cat\/zerelsio\/wp-content\/uploads\/usu567\/2024\/04\/day.png 738w, https:\/\/agora.xtec.cat\/zerelsio\/wp-content\/uploads\/usu567\/2024\/04\/day-300x187.png 300w\" sizes=\"auto, (max-width: 738px) 100vw, 738px\" \/><\/a><\/p>\n","protected":false},"excerpt":{"rendered":"<p><a href=\"https:\/\/agora.xtec.cat\/zerelsio\/wp-content\/uploads\/usu567\/2025\/07\/cooltext485687808167408.png\"><\/a><br \/>\nSabers, compet\u00e8ncies espec\u00edfiques i criteris d&#8217;avaluaci\u00f3:<\/p>\n<p>Programacions:<\/p>\n<p>Carpeta al drive:<br \/>\n<a href=\"https:\/\/drive.google.com\/drive\/folders\/1psg1EwC9Y8px-Vt9zZ8Aqi8yQYs2s6Ww?usp=sharing\">Carpeta angl\u00e8s drive<\/a><br \/>\nRecursos:<br \/>\n<a href=\"http:\/\/xtec.gencat.cat\/ca\/recursos\/lestrangeres\/angles\/\">XTEC<\/a><br \/>\n<a href=\"http:\/\/www.edu365.cat\/primaria\/muds\/angles\/index.htm\">EDU365.CAT<\/a><br \/>\n<a href=\"http:\/\/blocs.xtec.cat\/zerelsio\/llengua-anglesa\/\">Recursos F\u00f2rum<\/a><br \/>\n<a href=\"http:\/\/www.xtec.cat\/~msolduga\/menu\/finestra\/english\/index.htm\">Calaixos angl\u00e8s<\/a><br \/>\nInventari:<\/p>\n<p><a href=\"https:\/\/agora.xtec.cat\/zerelsio\/general\/st-patricks-day\/\"><\/a><\/p>\n","protected":false},"author":3,"featured_media":0,"parent":1533,"menu_order":3,"comment_status":"closed","ping_status":"closed","template":"page-templates\/side-menu.php","meta":{"_bbp_topic_count":0,"_bbp_reply_count":0,"_bbp_total_topic_count":0,"_bbp_total_reply_count":0,"_bbp_voice_count":0,"_bbp_anonymous_reply_count":0,"_bbp_topic_count_hidden":0,"_bbp_reply_count_hidden":0,"_bbp_forum_subforum_count":0,"footnotes":""},"class_list":["post-1539","page","type-page","status-publish","hentry"],"post_mailing_queue_ids":[],"_links":{"self":[{"href":"https:\/\/agora.xtec.cat\/zerelsio\/wp-json\/wp\/v2\/pages\/1539","targetHints":{"allow":["GET"]}}],"collection":[{"href":"https:\/\/agora.xtec.cat\/zerelsio\/wp-json\/wp\/v2\/pages"}],"about":[{"href":"https:\/\/agora.xtec.cat\/zerelsio\/wp-json\/wp\/v2\/types\/page"}],"author":[{"embeddable":true,"href":"https:\/\/agora.xtec.cat\/zerelsio\/wp-json\/wp\/v2\/users\/3"}],"replies":[{"embeddable":true,"href":"https:\/\/agora.xtec.cat\/zerelsio\/wp-json\/wp\/v2\/comments?post=1539"}],"version-history":[{"count":6,"href":"https:\/\/agora.xtec.cat\/zerelsio\/wp-json\/wp\/v2\/pages\/1539\/revisions"}],"predecessor-version":[{"id":17644,"href":"https:\/\/agora.xtec.cat\/zerelsio\/wp-json\/wp\/v2\/pages\/1539\/revisions\/17644"}],"up":[{"embeddable":true,"href":"https:\/\/agora.xtec.cat\/zerelsio\/wp-json\/wp\/v2\/pages\/1533"}],"wp:attachment":[{"href":"https:\/\/agora.xtec.cat\/zerelsio\/wp-json\/wp\/v2\/media?parent=1539"}],"curies":[{"name":"wp","href":"https:\/\/api.w.org\/{rel}","templated":true}]}}