{"id":1537,"date":"2018-08-10T07:33:41","date_gmt":"2018-08-10T05:33:41","guid":{"rendered":"http:\/\/agora.xtec.cat\/zerelsio\/?page_id=1537"},"modified":"2025-07-16T10:57:25","modified_gmt":"2025-07-16T08:57:25","slug":"castella","status":"publish","type":"page","link":"https:\/\/agora.xtec.cat\/zerelsio\/ambits\/linguistic\/castella\/","title":{"rendered":"Castell\u00e0"},"content":{"rendered":"<h3><a href=\"https:\/\/agora.xtec.cat\/zerelsio\/wp-content\/uploads\/usu567\/2025\/07\/cooltext485687808167408.png\"><img loading=\"lazy\" decoding=\"async\" class=\"alignnone size-full wp-image-17493\" src=\"https:\/\/agora.xtec.cat\/zerelsio\/wp-content\/uploads\/usu567\/2025\/07\/cooltext485687808167408.png\" alt=\"\" width=\"802\" height=\"141\" srcset=\"https:\/\/agora.xtec.cat\/zerelsio\/wp-content\/uploads\/usu567\/2025\/07\/cooltext485687808167408.png 802w, https:\/\/agora.xtec.cat\/zerelsio\/wp-content\/uploads\/usu567\/2025\/07\/cooltext485687808167408-300x53.png 300w, https:\/\/agora.xtec.cat\/zerelsio\/wp-content\/uploads\/usu567\/2025\/07\/cooltext485687808167408-768x135.png 768w\" sizes=\"auto, (max-width: 802px) 100vw, 802px\" \/><\/a><\/h3>\n<h3><span style=\"color: #800080;\">Sabers, compet\u00e8ncies espec\u00edfiques i criteris d&#8217;avaluaci\u00f3:<\/span><\/h3>\n<h3><iframe loading=\"lazy\" src=\"https:\/\/drive.google.com\/file\/d\/1_v0bv8IszByVd7j-nWRRiEZzeyAQDQb6\/preview\" width=\"640\" height=\"480\"><\/iframe><\/h3>\n<p><span style=\"color: #ff0000;\">Manca actualitzar!<\/span><\/p>\n<h3><span style=\"color: #800080;\">Programacions:<\/span><\/h3>\n<p><iframe loading=\"lazy\" src=\"https:\/\/drive.google.com\/file\/d\/1Q-J14o_je1w7xuQ00JJhiwCduTn-GXXO\/preview\" width=\"640\" height=\"480\"><\/iframe><br \/>\n<iframe loading=\"lazy\" src=\"https:\/\/drive.google.com\/file\/d\/1I8g51d-04xwYnQ9I7-eubGiZ_HKHaCVN\/preview\" width=\"640\" height=\"480\"><\/iframe><\/p>\n<table style=\"height: 341px; width: 92.5434%;\" width=\"480\">\n<tbody>\n<tr>\n<td style=\"width: 20.3346%;\">\n<h3><span style=\"color: #ff0000;\">1r Trimestre<\/span><\/h3>\n<\/td>\n<td style=\"width: 20.8494%; text-align: center;\">\n<h3><a href=\"https:\/\/drive.google.com\/drive\/folders\/1hSHeHruT6uEB1k31B-y63gxI32yxbAEi?usp=sharing\">Unitat 1<\/a><\/h3>\n<\/td>\n<td style=\"width: 18.9189%; text-align: center;\">\n<h3><a href=\"https:\/\/drive.google.com\/drive\/folders\/17KCbptIDI54gJXcby4VXu5cNKnz1gNgv?usp=sharing\">Unitat 2<\/a><\/h3>\n<\/td>\n<td style=\"width: 18.9189%; text-align: center;\">\n<h3>Unitat 3<\/h3>\n<\/td>\n<td style=\"width: 19.9485%; text-align: center;\">\n<h3>Unitat 4<\/h3>\n<\/td>\n<\/tr>\n<tr>\n<td style=\"width: 20.3346%;\">\n<h3><span style=\"color: #ffff00;\">2n Trimestre<\/span><\/h3>\n<\/td>\n<td style=\"width: 20.8494%; text-align: center;\">\n<h3>Unitat 5<\/h3>\n<\/td>\n<td style=\"width: 18.9189%; text-align: center;\">\n<h3>Unitat 6<\/h3>\n<\/td>\n<td style=\"width: 18.9189%; text-align: center;\">\n<h3>Unitat 7<\/h3>\n<\/td>\n<td style=\"width: 19.9485%; text-align: center;\">\n<h3>Unitat 8<\/h3>\n<\/td>\n<\/tr>\n<tr>\n<td style=\"width: 20.3346%;\">\n<h3><span style=\"color: #00ff00;\">3r Trimestre<\/span><\/h3>\n<\/td>\n<td style=\"width: 20.8494%; text-align: center;\">\n<h3>Unitat 9<\/h3>\n<\/td>\n<td style=\"width: 18.9189%; text-align: center;\">\n<h3>Unitat 10<\/h3>\n<\/td>\n<td style=\"width: 18.9189%; text-align: center;\">\n<h3>Unitat 11<\/h3>\n<\/td>\n<td style=\"width: 19.9485%; text-align: center;\">\n<h3>Unitat 12<\/h3>\n<\/td>\n<\/tr>\n<\/tbody>\n<\/table>\n<h3><span style=\"color: #993366;\">Graella g\u00e8neres textuals.<\/span><\/h3>\n<p><iframe loading=\"lazy\" src=\"https:\/\/drive.google.com\/file\/d\/1NwaURuM5TTY2Fxb0Al2yy-WxqkdziS_7\/preview\" width=\"640\" height=\"480\"><\/iframe><\/p>\n<h3><span style=\"color: #993366;\">M\u00e1s Mundo Ortogr\u00e1fico.<\/span><br \/>\n<iframe loading=\"lazy\" src=\"https:\/\/drive.google.com\/file\/d\/1vSpfLNrC7XeBLEgO0JyWi286gJ9T8v7Z\/preview\" width=\"640\" height=\"480\"><\/iframe><\/h3>\n<h3><\/h3>\n<h3><span style=\"color: #800080;\">Carpeta al drive:<\/span><\/h3>\n<p><a href=\"https:\/\/drive.google.com\/drive\/folders\/1TjWiEyC1PwDhCnWbOhNzQbH2gbNPguYK?usp=share_link\">Carpeta drive. Curs 2022\/2023<\/a><br \/>\n<a href=\"https:\/\/drive.google.com\/drive\/folders\/1HORgf8fI-uQcCrq5K6ZTaqMyNTzmxv0X?usp=sharing\">Carpeta al drive. Curs 2019\/2020<\/a><br \/>\n<a href=\"https:\/\/drive.google.com\/drive\/folders\/1QuZn3Y3sOm8RlcFSD0qVO2-JwrvE2obp?usp=sharing\">Carpeta castell\u00e0 al drive. Curs 2018\/2019<br \/>\n<\/a><a href=\"https:\/\/drive.google.com\/drive\/u\/0\/folders\/1QuZn3Y3sOm8RlcFSD0qVO2-JwrvE2obp\">Activitats de lectura al drive<\/a><\/p>\n<h3><span style=\"color: #800080;\">Recursos:<\/span><\/h3>\n<p><a href=\"http:\/\/xtec.gencat.cat\/ca\/recursos\/castella\/\">XTEC<\/a><br \/>\n<a href=\"http:\/\/www.edu365.cat\/primaria\/muds\/castella\/\">EDU365.CAT<\/a><br \/>\n<a href=\"http:\/\/www.xtec.cat\/~msolduga\/menu\/finestra\/indexcastella.htm\">Calaixos de Castell\u00e0<\/a><\/p>\n<p><a href=\"https:\/\/biblioabrazo.files.wordpress.com\/2011\/01\/vanityfair1.jpg\"><img decoding=\"async\" src=\"https:\/\/biblioabrazo.files.wordpress.com\/2011\/01\/vanityfair1.jpg\" \/><\/a><\/p>\n<h3><iframe loading=\"lazy\" src=\"https:\/\/drive.google.com\/file\/d\/1h1rIdoqCC6teq65sKDUHqEFH4knX5KbB\/preview\" width=\"640\" height=\"480\"><\/iframe><\/h3>\n","protected":false},"excerpt":{"rendered":"<p><a href=\"https:\/\/agora.xtec.cat\/zerelsio\/wp-content\/uploads\/usu567\/2025\/07\/cooltext485687808167408.png\"><\/a><br \/>\nSabers, compet\u00e8ncies espec\u00edfiques i criteris d&#8217;avaluaci\u00f3:<\/p>\n<p>Manca actualitzar!<br \/>\nProgramacions:<\/p>\n<p>1r Trimestre<\/p>\n<p><a href=\"https:\/\/drive.google.com\/drive\/folders\/1hSHeHruT6uEB1k31B-y63gxI32yxbAEi?usp=sharing\">Unitat 1<\/a><\/p>\n<p><a href=\"https:\/\/drive.google.com\/drive\/folders\/17KCbptIDI54gJXcby4VXu5cNKnz1gNgv?usp=sharing\">Unitat 2<\/a><\/p>\n<p>Unitat 3<\/p>\n<p>Unitat 4<\/p>\n<p>2n Trimestre<\/p>\n<p>Unitat 5<\/p>\n<p>Unitat 6<\/p>\n<p>Unitat 7<\/p>\n<p>Unitat 8<\/p>\n<p>3r Trimestre<\/p>\n<p>Unitat 9<\/p>\n<p>Unitat 10<\/p>\n<p>Unitat 11<\/p>\n<p>Unitat 12<\/p>\n<p>Graella g\u00e8neres textuals.<\/p>\n<p>M\u00e1s Mundo Ortogr\u00e1fico.<\/p>\n<p>Carpeta al drive:<br \/>\n<a href=\"https:\/\/drive.google.com\/drive\/folders\/1TjWiEyC1PwDhCnWbOhNzQbH2gbNPguYK?usp=share_link\">Carpeta drive. Curs 2022\/2023<\/a><br \/>\n<a href=\"https:\/\/drive.google.com\/drive\/folders\/1HORgf8fI-uQcCrq5K6ZTaqMyNTzmxv0X?usp=sharing\">Carpeta al drive. Curs 2019\/2020<\/a><br \/>\n<a href=\"https:\/\/drive.google.com\/drive\/folders\/1QuZn3Y3sOm8RlcFSD0qVO2-JwrvE2obp?usp=sharing\">Carpeta castell\u00e0 al drive. Curs&hellip;  <a href=\"https:\/\/agora.xtec.cat\/zerelsio\/ambits\/linguistic\/castella\/\" title=\"Read Castell\u00e0\">Llegeix m\u00e9s\u00bb<\/a><\/p>\n","protected":false},"author":3,"featured_media":0,"parent":1533,"menu_order":2,"comment_status":"closed","ping_status":"closed","template":"page-templates\/side-menu.php","meta":{"_bbp_topic_count":0,"_bbp_reply_count":0,"_bbp_total_topic_count":0,"_bbp_total_reply_count":0,"_bbp_voice_count":0,"_bbp_anonymous_reply_count":0,"_bbp_topic_count_hidden":0,"_bbp_reply_count_hidden":0,"_bbp_forum_subforum_count":0,"footnotes":""},"class_list":["post-1537","page","type-page","status-publish","hentry"],"post_mailing_queue_ids":[],"_links":{"self":[{"href":"https:\/\/agora.xtec.cat\/zerelsio\/wp-json\/wp\/v2\/pages\/1537","targetHints":{"allow":["GET"]}}],"collection":[{"href":"https:\/\/agora.xtec.cat\/zerelsio\/wp-json\/wp\/v2\/pages"}],"about":[{"href":"https:\/\/agora.xtec.cat\/zerelsio\/wp-json\/wp\/v2\/types\/page"}],"author":[{"embeddable":true,"href":"https:\/\/agora.xtec.cat\/zerelsio\/wp-json\/wp\/v2\/users\/3"}],"replies":[{"embeddable":true,"href":"https:\/\/agora.xtec.cat\/zerelsio\/wp-json\/wp\/v2\/comments?post=1537"}],"version-history":[{"count":6,"href":"https:\/\/agora.xtec.cat\/zerelsio\/wp-json\/wp\/v2\/pages\/1537\/revisions"}],"predecessor-version":[{"id":17642,"href":"https:\/\/agora.xtec.cat\/zerelsio\/wp-json\/wp\/v2\/pages\/1537\/revisions\/17642"}],"up":[{"embeddable":true,"href":"https:\/\/agora.xtec.cat\/zerelsio\/wp-json\/wp\/v2\/pages\/1533"}],"wp:attachment":[{"href":"https:\/\/agora.xtec.cat\/zerelsio\/wp-json\/wp\/v2\/media?parent=1537"}],"curies":[{"name":"wp","href":"https:\/\/api.w.org\/{rel}","templated":true}]}}