{"id":1535,"date":"2018-08-10T07:33:15","date_gmt":"2018-08-10T05:33:15","guid":{"rendered":"http:\/\/agora.xtec.cat\/zerelsio\/?page_id=1535"},"modified":"2025-07-16T10:47:12","modified_gmt":"2025-07-16T08:47:12","slug":"catala","status":"publish","type":"page","link":"https:\/\/agora.xtec.cat\/zerelsio\/ambits\/linguistic\/catala\/","title":{"rendered":"Catal\u00e0"},"content":{"rendered":"<p><a href=\"https:\/\/agora.xtec.cat\/zerelsio\/wp-content\/uploads\/usu567\/2025\/07\/cooltext485687808167408.png\"><img loading=\"lazy\" decoding=\"async\" class=\"alignnone size-full wp-image-17493\" src=\"https:\/\/agora.xtec.cat\/zerelsio\/wp-content\/uploads\/usu567\/2025\/07\/cooltext485687808167408.png\" alt=\"\" width=\"802\" height=\"141\" srcset=\"https:\/\/agora.xtec.cat\/zerelsio\/wp-content\/uploads\/usu567\/2025\/07\/cooltext485687808167408.png 802w, https:\/\/agora.xtec.cat\/zerelsio\/wp-content\/uploads\/usu567\/2025\/07\/cooltext485687808167408-300x53.png 300w, https:\/\/agora.xtec.cat\/zerelsio\/wp-content\/uploads\/usu567\/2025\/07\/cooltext485687808167408-768x135.png 768w\" sizes=\"auto, (max-width: 802px) 100vw, 802px\" \/><\/a><\/p>\n<p>&nbsp;<\/p>\n<h3><span style=\"color: #800080;\">Sabers, compet\u00e8ncies espec\u00edfiques i criteris d&#8217;avaluaci\u00f3:<\/span><\/h3>\n<p><iframe loading=\"lazy\" src=\"https:\/\/drive.google.com\/file\/d\/12z5c6-yuksGsbZXXU6tDFuXSkZ46vw-D\/preview\" width=\"640\" height=\"480\"><\/iframe><\/p>\n<h3><span style=\"color: #800080;\">Programacions:<\/span><\/h3>\n<p><span style=\"color: #ff0000;\">Manca actualitzar!<\/span><\/p>\n<p><iframe loading=\"lazy\" src=\"https:\/\/drive.google.com\/file\/d\/1XzmYBpygeuWrJAPXOnRcJDJl38NY_89Q\/preview\" width=\"640\" height=\"480\"><\/iframe><br \/>\n<iframe loading=\"lazy\" src=\"https:\/\/drive.google.com\/file\/d\/1QZhArYqKCKgyU6YuwD72q_thgDHlEXIp\/preview\" width=\"640\" height=\"480\"><\/iframe><\/p>\n<table style=\"height: 341px; width: 92.5434%;\" width=\"480\">\n<tbody>\n<tr>\n<td style=\"width: 20.3346%;\">\n<h3><span style=\"color: #ff0000;\">1r Trimestre<\/span><\/h3>\n<\/td>\n<td style=\"width: 20.8494%; text-align: center;\">\n<h3><a href=\"https:\/\/drive.google.com\/file\/d\/1l0kP7tPLCmYWRvGdVubjsatRfIgaXstS\/view?usp=drive_link\">Unitat 1<\/a><\/h3>\n<\/td>\n<td style=\"width: 18.9189%; text-align: center;\">\n<h3><a href=\"https:\/\/drive.google.com\/file\/d\/1IxqzzXp6zj2St6WZaGOr-pLh-_Q69TMC\/view?usp=drive_link\">Unitat 2<\/a><\/h3>\n<\/td>\n<td style=\"width: 18.9189%; text-align: center;\">\n<h3><a href=\"https:\/\/drive.google.com\/file\/d\/1NdYkynMYyAmqU-FmmgQ74ZzsWSvhgjCR\/view?usp=drive_link\">Unitat 3<\/a><\/h3>\n<\/td>\n<td style=\"width: 19.9485%; text-align: center;\">\n<h3><a href=\"https:\/\/drive.google.com\/file\/d\/1auxlVw4UGwphq-SCbBMp5euDeuz4p5Ft\/view?usp=drive_link\">Unitat 4<\/a><\/h3>\n<\/td>\n<\/tr>\n<tr>\n<td style=\"width: 20.3346%;\">\n<h3><span style=\"color: #ffff00;\">2n Trimestre<\/span><\/h3>\n<\/td>\n<td style=\"width: 20.8494%; text-align: center;\">\n<h3><a href=\"https:\/\/docs.google.com\/document\/d\/1svLiNo9GQO-sIahjO-Dfb6uWsQMUo-gL\/edit?usp=sharing&amp;ouid=118351204923126758752&amp;rtpof=true&amp;sd=true\">Unitat 5<\/a><\/h3>\n<\/td>\n<td style=\"width: 18.9189%; text-align: center;\">\n<h3>Unitat 6<\/h3>\n<\/td>\n<td style=\"width: 18.9189%; text-align: center;\">\n<h3>Unitat 7<\/h3>\n<\/td>\n<td style=\"width: 19.9485%; text-align: center;\">\n<h3>Unitat 8<\/h3>\n<\/td>\n<\/tr>\n<tr>\n<td style=\"width: 20.3346%;\">\n<h3><span style=\"color: #00ff00;\">3r Trimestre<\/span><\/h3>\n<\/td>\n<td style=\"width: 20.8494%; text-align: center;\">\n<h3>Unitat 9<\/h3>\n<\/td>\n<td style=\"width: 18.9189%; text-align: center;\">\n<h3>Unitat 10<\/h3>\n<\/td>\n<td style=\"width: 18.9189%; text-align: center;\">\n<h3>Unitat 11<\/h3>\n<\/td>\n<td style=\"width: 19.9485%; text-align: center;\">\n<h3>Unitat 12<\/h3>\n<\/td>\n<\/tr>\n<\/tbody>\n<\/table>\n<h3><span style=\"color: #800080;\">DUA<\/span><\/h3>\n<table style=\"height: 540px; width: 111.524%;\" width=\"480\">\n<tbody>\n<tr style=\"height: 251px;\">\n<td style=\"width: 20.3346%; height: 251px;\"><span style=\"color: #ff0000;\">1r Trimestre<\/span><\/td>\n<td style=\"width: 20.8494%; text-align: center; height: 251px;\"><iframe loading=\"lazy\" src=\"https:\/\/drive.google.com\/file\/d\/112ANDANJZeCF4WeMljty_vVe73lc9ysc\/preview\" width=\"240\" height=\"120\"><\/iframe><br \/>\n<iframe loading=\"lazy\" src=\"https:\/\/drive.google.com\/file\/d\/1D8_c0Zc-bAyMKEAD-T9ALtBvqBTo-3be\/preview\" width=\"240\" height=\"120\"><\/iframe><\/td>\n<td style=\"width: 12.7358%; text-align: center; height: 251px;\"><iframe loading=\"lazy\" src=\"https:\/\/drive.google.com\/file\/d\/1Ohl-nlR5BOsad9cVknEV-bFVqYGNk-gE\/preview\" width=\"240\" height=\"120\"><\/iframe><\/td>\n<td style=\"width: 46.7957%; text-align: center; height: 251px;\"><iframe loading=\"lazy\" title=\"PA\u00cdS DE XAUXA. PICTOGRAMES: CAN\u00c7\u00d3 DE TARDOR\" src=\"https:\/\/www.youtube.com\/embed\/PKH0Y_85NjQ\" width=\"240&quot;\" height=\"120\" frameborder=\"0\" allowfullscreen=\"allowfullscreen\"><\/iframe><\/p>\n<h6 class=\"vc_custom_heading\"><a href=\"https:\/\/www.paisdexauxa.com\/wp-content\/uploads\/CAN\u00c7\u00d3-DE-TARDOR-1.pdf\" target=\" _blank\" rel=\"noopener\">CAN\u00c7\u00d3 DE TARDOR<br \/>\n(descarregar pictogrames)<\/a><\/h6>\n<\/td>\n<td style=\"width: 2.66308%; text-align: center; height: 251px;\"><iframe loading=\"lazy\" title=\"PA\u00cdS DE XAUXA. PICTOGRAMES. ELS OFICIS\" src=\"https:\/\/www.youtube.com\/embed\/pltn90YJu5k\" width=\"240\" height=\"120\" frameborder=\"0\" allowfullscreen=\"allowfullscreen\"><\/iframe><\/p>\n<h6 class=\"vc_custom_heading\"><a href=\"https:\/\/www.paisdexauxa.com\/wp-content\/uploads\/ELS-OFICIS-PICTOGRAMES.pdf\" target=\" _blank\" rel=\"noopener\">ELS OFICIS<br \/>\n(descarregar pictogrames)<\/a><\/h6>\n<p><iframe loading=\"lazy\" src=\"https:\/\/drive.google.com\/file\/d\/1h6pzyRMClnIugS3HvyRLIYaagFREPr_4\/preview\" width=\"240\" height=\"120\"><\/iframe><\/td>\n<\/tr>\n<tr style=\"height: 96px;\">\n<td style=\"width: 20.3346%; height: 96px;\"><span style=\"color: #ffff00;\">2n Trimestre<\/span><\/td>\n<td style=\"width: 20.8494%; text-align: center; height: 96px;\"><\/td>\n<td style=\"width: 12.7358%; text-align: center; height: 96px;\"><\/td>\n<td style=\"width: 46.7957%; text-align: center; height: 96px;\"><\/td>\n<td style=\"width: 2.66308%; text-align: center; height: 96px;\"><\/td>\n<\/tr>\n<tr style=\"height: 96px;\">\n<td style=\"width: 20.3346%; height: 96px;\"><span style=\"color: #00ff00;\">3r Trimestre<\/span><\/td>\n<td style=\"width: 20.8494%; text-align: center; height: 96px;\"><\/td>\n<td style=\"width: 12.7358%; text-align: center; height: 96px;\"><\/td>\n<td style=\"width: 46.7957%; text-align: center; height: 96px;\"><\/td>\n<td style=\"width: 2.66308%; text-align: center; height: 96px;\"><\/td>\n<\/tr>\n<\/tbody>\n<\/table>\n<h3><span style=\"color: #993366;\">Graella g\u00e8neres textuals<\/span><\/h3>\n<p><iframe loading=\"lazy\" src=\"https:\/\/drive.google.com\/file\/d\/1vnepgQ0Rl-o1RHDL68GzQYlsc4VJK_Wr\/preview\" width=\"640\" height=\"480\"><\/iframe><\/p>\n<h3><span style=\"color: #993366;\">KID d&#8217;escriptura<\/span><\/h3>\n<p><iframe loading=\"lazy\" src=\"https:\/\/drive.google.com\/file\/d\/1qJGm6JsyqdTUaxRJXh0RMtCgpuvZgivm\/preview\" width=\"640\" height=\"480\"><\/iframe><\/p>\n<h3><span style=\"color: #008000;\">M\u00e9s M\u00f3n ortogr\u00e0fic<\/span><\/h3>\n<p><iframe loading=\"lazy\" src=\"https:\/\/drive.google.com\/file\/d\/1_jOxf3Xi_NzlwUzRPuyHuZtj0HuHrLuQ\/preview\" width=\"640\" height=\"480\"><\/iframe><\/p>\n<table style=\"height: 308px;\" width=\"872\">\n<tbody>\n<tr>\n<td style=\"width: 149px;\">\n<h3><span style=\"color: #ff0000;\">1r Trimestre<\/span><\/h3>\n<\/td>\n<td style=\"width: 213px;\">\n<h4><a href=\"https:\/\/drive.google.com\/open?id=1ptOtS4YHEHkdVJ1951K8WQ8r86RKJvn8\">1.- S\u00edl\u2022labes i accentuaci\u00f3<\/a><\/h4>\n<\/td>\n<td style=\"width: 216px;\">\n<h4><a href=\"https:\/\/drive.google.com\/open?id=1avL91_mr7AAFDBSKaI4qyCL4GZ22ykGP\">2.- Vocals (I)<\/a><\/h4>\n<\/td>\n<td style=\"width: 282px;\">\n<h4><a href=\"https:\/\/drive.google.com\/open?id=1avL91_mr7AAFDBSKaI4qyCL4GZ22ykGP\">3.- Vocals (II)<\/a><\/h4>\n<\/td>\n<\/tr>\n<tr>\n<td style=\"width: 149px;\">\n<h3><span style=\"color: #ffff00;\">2n Trimestre<\/span><\/h3>\n<\/td>\n<td style=\"width: 213px;\">\n<h4><a href=\"https:\/\/drive.google.com\/open?id=18TyrzomehcaVyLLQWspxP9CJ-uMRRfWs\">4.- Consonants (I)<\/a><\/h4>\n<\/td>\n<td style=\"width: 216px;\">\n<h4><a href=\"https:\/\/drive.google.com\/open?id=18TyrzomehcaVyLLQWspxP9CJ-uMRRfWs\">5.- Consonants (II)<\/a><\/h4>\n<\/td>\n<td style=\"width: 282px;\">\n<h4><a href=\"https:\/\/drive.google.com\/open?id=18TyrzomehcaVyLLQWspxP9CJ-uMRRfWs\">6.- Consonants (III)<\/a><\/h4>\n<\/td>\n<\/tr>\n<tr>\n<td style=\"width: 149px;\">\n<h3><span style=\"color: #00ff00;\">3r Trimestre<\/span><\/h3>\n<\/td>\n<td style=\"width: 213px;\">\n<h4><a href=\"https:\/\/drive.google.com\/open?id=18TyrzomehcaVyLLQWspxP9CJ-uMRRfWs\">6.- Consonants (III)<\/a><\/h4>\n<h4><a href=\"https:\/\/drive.google.com\/open?id=1NZUTlvk8MPsccxq2LMk_qiO5gCFAD5TZ\">7.- Ap\u00f2strof i signes de puntuaci\u00f3<\/a><\/h4>\n<\/td>\n<td style=\"width: 216px;\">\n<h4><a href=\"https:\/\/drive.google.com\/open?id=1WyqG3DvBRtBefRjKGLm5FYsK76plfH8w\">8.- Abreviatures, sigles i s\u00edmbols<\/a><\/h4>\n<\/td>\n<td style=\"width: 282px;\">\n<h4><\/h4>\n<\/td>\n<\/tr>\n<\/tbody>\n<\/table>\n<p><iframe loading=\"lazy\" src=\"https:\/\/drive.google.com\/file\/d\/1b7AnGFZeKEGLRwk8wgBHX3RrcTe5UzSz\/preview\" width=\"640\" height=\"480\"><\/iframe><\/p>\n<h3><span style=\"color: #008000;\">Comunicaci\u00f3 oral<\/span><\/h3>\n<p><a href=\"https:\/\/drive.google.com\/drive\/folders\/1-WNX7-bqpCad8iB04I-Mzr_DMKN2AL80?usp=sharing\">Carpeta drive. Curs 2021\/2022<\/a>.<\/p>\n<p>Activitat del &#8220;<a href=\"https:\/\/agora.xtec.cat\/zerelsio\/activitats\/jo-us-explico\/\">Jo us explico<\/a>&#8220;. Projecte d&#8217;innovaci\u00f3. Tenim la paraula.<br \/>\n<a href=\"https:\/\/drive.google.com\/open?id=1QjTJElH9AuGDooaPxYtvzR5or7xhBFrj\">Pauta<\/a>.<\/p>\n<h3><span style=\"color: #008000;\">Comprensi\u00f3 lectora<\/span><\/h3>\n<p>Acords de lectura, formaci\u00f3 ILEC<br \/>\n<a href=\"https:\/\/agora.xtec.cat\/zerelsio\/projectes\/ilec\/\">https:\/\/agora.xtec.cat\/zerelsio\/projectes\/ilec\/<\/a><\/p>\n<p><iframe loading=\"lazy\" src=\"https:\/\/drive.google.com\/file\/d\/197Evas5S773916gb5fknzHTu4cYuwu5O\/preview\" width=\"640\" height=\"480\"><\/iframe><br \/>\n<iframe loading=\"lazy\" src=\"https:\/\/drive.google.com\/file\/d\/15mHHqd7ucJ86eGI1Jgpz4QMEiSLbXpfN\/preview\" width=\"640\" height=\"480\"><\/iframe><br \/>\n<a href=\"https:\/\/drive.google.com\/open?id=11FGuNQoMwNdsXfRl7NkanSFbI7aXgQP4\">Proves de comprensi\u00f3 lectora<\/a> a la carpeta del drive.<\/p>\n<h3><span style=\"color: #008000;\">Expressi\u00f3 escrita<\/span><\/h3>\n<p><iframe loading=\"lazy\" src=\"https:\/\/drive.google.com\/file\/d\/1xCO_3g6vERydTQBEfgYuU2_cPqwlBlur\/preview\" width=\"640\" height=\"480\"><\/iframe><br \/>\n<iframe loading=\"lazy\" src=\"https:\/\/drive.google.com\/file\/d\/1NCC7YriDtirLKj_vPbEFQZYwKvRgPLdZ\/preview\" width=\"640\" height=\"480\"><\/iframe><br \/>\n<iframe loading=\"lazy\" src=\"https:\/\/drive.google.com\/file\/d\/1s7Gg6EJb-gNrmo_QLfhp-rn3pmxO9LIT\/preview\" width=\"640\" height=\"480\"><\/iframe><\/p>\n<h3><span style=\"color: #800080;\">Carpeta al drive:<\/span><\/h3>\n<p><a href=\"https:\/\/drive.google.com\/drive\/folders\/15z7-khx83d76A2p-mczaniuNot3aYjQl?usp=share_link\">Carpeta catal\u00e0 al drive 2022\/2023<\/a><a href=\"https:\/\/drive.google.com\/drive\/folders\/1w_NwQtV8gI4uPRooT4W2N3gMy4TkOM4V?usp=sharing\"><br \/>\nCarpeta catal\u00e0 al drive 2018\/2019<\/a><\/p>\n<h3><span style=\"color: #800080;\">Cursos anteriors:<\/span><\/h3>\n<ul>\n<li><a href=\"https:\/\/agora.xtec.cat\/zerelsio\/curs-2018-2019\/catala-primaria-curs-2018-2019\/\">Curs 2018\/2019<\/a><\/li>\n<\/ul>\n<h3><span style=\"color: #800080;\">Recursos:<\/span><\/h3>\n<p><a href=\"http:\/\/xtec.gencat.cat\/ca\/recursos\/catala\/\">XTEC<\/a><br \/>\n<a href=\"http:\/\/xtec.gencat.cat\/ca\/curriculum\/sep\/lectura-escriptura\/\">SEP<\/a><br \/>\n<a href=\"http:\/\/www.edu365.cat\/primaria\/muds\/catala\/\">EDU365.CAT<\/a><br \/>\n<a href=\"http:\/\/llengua.gencat.cat\/ca\/el-catala\/\">GENCAT<\/a><br \/>\n<a href=\"http:\/\/www.xtec.cat\/~msolduga\/menu\/finestra\/indexcatala.htm\">Armari de llengua<\/a><\/p>\n<p><a href=\"https:\/\/www.softcatala.org\/diccionari-de-sinonims\/\">Diccionaris sin\u00f2nims<\/a>. <a href=\"https:\/\/www.elpuntavui.cat\/serveis\/diccionaris\/sinonims.html\">2<\/a>.<\/p>\n<h3><span style=\"color: #800080;\">Jocs:<\/span><\/h3>\n<p><a href=\"https:\/\/agora.xtec.cat\/zerelsio\/espais\/presentacions\/bibliozerelsio\/\"><img loading=\"lazy\" decoding=\"async\" class=\"\" src=\"http:\/\/agora.xtec.cat\/zerelsio\/wp-content\/uploads\/usu567\/2018\/08\/biblioelsio-1.jpg\" alt=\"\" width=\"552\" height=\"350\" \/><\/a><\/p>\n<p><a href=\"https:\/\/agora.xtec.cat\/zerelsio\/espais\/presentacions\/endevinalles\/\"><img decoding=\"async\" src=\"http:\/\/agora.xtec.cat\/zerelsio\/wp-content\/uploads\/usu567\/2018\/08\/endevinalles.jpg\" alt=\"\" \/><\/a><\/p>\n<p><a href=\"https:\/\/agora.xtec.cat\/zerelsio\/espais\/presentacions\/endevinalles\/\"><img decoding=\"async\" src=\"http:\/\/agora.xtec.cat\/zerelsio\/wp-content\/uploads\/usu567\/2018\/08\/embarbussaments.jpg\" alt=\"\" \/><\/a><\/p>\n<p><a href=\"https:\/\/agora.xtec.cat\/zerelsio\/espais\/presentacions\/frases-celebres\/\"><img decoding=\"async\" src=\"http:\/\/agora.xtec.cat\/zerelsio\/wp-content\/uploads\/usu567\/2018\/08\/frases_celebres.png\" alt=\"\" \/><\/a><\/p>\n","protected":false},"excerpt":{"rendered":"<p><a href=\"https:\/\/agora.xtec.cat\/zerelsio\/wp-content\/uploads\/usu567\/2025\/07\/cooltext485687808167408.png\"><\/a><br \/>\n&nbsp;<br \/>\nSabers, compet\u00e8ncies espec\u00edfiques i criteris d&#8217;avaluaci\u00f3:<\/p>\n<p>Programacions:<br \/>\nManca actualitzar!<\/p>\n<p>1r Trimestre<\/p>\n<p><a href=\"https:\/\/drive.google.com\/file\/d\/1l0kP7tPLCmYWRvGdVubjsatRfIgaXstS\/view?usp=drive_link\">Unitat 1<\/a><\/p>\n<p><a href=\"https:\/\/drive.google.com\/file\/d\/1IxqzzXp6zj2St6WZaGOr-pLh-_Q69TMC\/view?usp=drive_link\">Unitat 2<\/a><\/p>\n<p><a href=\"https:\/\/drive.google.com\/file\/d\/1NdYkynMYyAmqU-FmmgQ74ZzsWSvhgjCR\/view?usp=drive_link\">Unitat 3<\/a><\/p>\n<p><a href=\"https:\/\/drive.google.com\/file\/d\/1auxlVw4UGwphq-SCbBMp5euDeuz4p5Ft\/view?usp=drive_link\">Unitat 4<\/a><\/p>\n<p>2n Trimestre<\/p>\n<p><a href=\"https:\/\/docs.google.com\/document\/d\/1svLiNo9GQO-sIahjO-Dfb6uWsQMUo-gL\/edit?usp=sharing&amp;ouid=118351204923126758752&amp;rtpof=true&amp;sd=true\">Unitat 5<\/a><\/p>\n<p>Unitat 6<\/p>\n<p>Unitat 7<\/p>\n<p>Unitat 8<\/p>\n<p>3r Trimestre<\/p>\n<p>Unitat 9<\/p>\n<p>Unitat 10<\/p>\n<p>Unitat 11<\/p>\n<p>Unitat 12<\/p>\n<p>DUA<\/p>\n<p>1r Trimestre<\/p>\n<p><a href=\"https:\/\/www.paisdexauxa.com\/wp-content\/uploads\/CAN\u00c7\u00d3-DE-TARDOR-1.pdf\" target=\" _blank\" rel=\"noopener\">CAN\u00c7\u00d3 DE TARDOR<br \/>\n(descarregar pictogrames)<\/a><\/p>\n<p><a href=\"https:\/\/www.paisdexauxa.com\/wp-content\/uploads\/ELS-OFICIS-PICTOGRAMES.pdf\" target=\" _blank\" rel=\"noopener\">ELS OFICIS<br \/>\n(descarregar pictogrames)<\/a><\/p>\n<p>2n Trimestre<\/p>\n<p>3r Trimestre<\/p>\n<p>Graella g\u00e8neres&hellip;  <a href=\"https:\/\/agora.xtec.cat\/zerelsio\/ambits\/linguistic\/catala\/\" title=\"Read Catal\u00e0\">Llegeix m\u00e9s\u00bb<\/a><\/p>\n","protected":false},"author":3,"featured_media":0,"parent":1533,"menu_order":1,"comment_status":"closed","ping_status":"closed","template":"page-templates\/side-menu.php","meta":{"_bbp_topic_count":0,"_bbp_reply_count":0,"_bbp_total_topic_count":0,"_bbp_total_reply_count":0,"_bbp_voice_count":0,"_bbp_anonymous_reply_count":0,"_bbp_topic_count_hidden":0,"_bbp_reply_count_hidden":0,"_bbp_forum_subforum_count":0,"footnotes":""},"class_list":["post-1535","page","type-page","status-publish","hentry"],"post_mailing_queue_ids":[],"_links":{"self":[{"href":"https:\/\/agora.xtec.cat\/zerelsio\/wp-json\/wp\/v2\/pages\/1535","targetHints":{"allow":["GET"]}}],"collection":[{"href":"https:\/\/agora.xtec.cat\/zerelsio\/wp-json\/wp\/v2\/pages"}],"about":[{"href":"https:\/\/agora.xtec.cat\/zerelsio\/wp-json\/wp\/v2\/types\/page"}],"author":[{"embeddable":true,"href":"https:\/\/agora.xtec.cat\/zerelsio\/wp-json\/wp\/v2\/users\/3"}],"replies":[{"embeddable":true,"href":"https:\/\/agora.xtec.cat\/zerelsio\/wp-json\/wp\/v2\/comments?post=1535"}],"version-history":[{"count":6,"href":"https:\/\/agora.xtec.cat\/zerelsio\/wp-json\/wp\/v2\/pages\/1535\/revisions"}],"predecessor-version":[{"id":17639,"href":"https:\/\/agora.xtec.cat\/zerelsio\/wp-json\/wp\/v2\/pages\/1535\/revisions\/17639"}],"up":[{"embeddable":true,"href":"https:\/\/agora.xtec.cat\/zerelsio\/wp-json\/wp\/v2\/pages\/1533"}],"wp:attachment":[{"href":"https:\/\/agora.xtec.cat\/zerelsio\/wp-json\/wp\/v2\/media?parent=1535"}],"curies":[{"name":"wp","href":"https:\/\/api.w.org\/{rel}","templated":true}]}}