{"id":1533,"date":"2018-08-10T07:32:50","date_gmt":"2018-08-10T05:32:50","guid":{"rendered":"http:\/\/agora.xtec.cat\/zerelsio\/?page_id=1533"},"modified":"2025-04-10T16:21:42","modified_gmt":"2025-04-10T14:21:42","slug":"linguistic","status":"publish","type":"page","link":"https:\/\/agora.xtec.cat\/zerelsio\/ambits\/linguistic\/","title":{"rendered":"Ling\u00fc\u00edstic"},"content":{"rendered":"<h3><span style=\"color: #ff0000;\"><em><span style=\"font-family: Arial, Helvetica, sans-serif; font-size: medium;\">&#8220;Tota llengua \u00e9s un temple, en el qual hi ha tancada, com un relicari,\u00a0<\/span><\/em><span style=\"font-family: Arial, Helvetica, sans-serif; font-size: medium;\"><em>l&#8217;\u00e0nima de qui parla&#8221;<\/em> <\/span><\/span><span style=\"color: #000000; font-family: Arial, Helvetica, sans-serif; font-size: medium;\">Oliver Wendell Holmes<\/span><\/h3>\n<h3><span style=\"color: #ff0000; font-family: Arial, Helvetica, sans-serif; font-size: medium;\"><em>&#8220;Empra el llenguatge que vulguis i mai podr\u00e0s expressar sin\u00f3 all\u00f2 que ets&#8221;<br \/>\n<\/em><span style=\"color: #000000;\">Ralph W. Emerson<\/span><\/span><\/h3>\n<h3><span style=\"color: #0066cc; font-family: Arial, Helvetica, sans-serif; font-size: medium;\"><span style=\"color: #ff0000;\"><em>&#8220;El m\u00f3n \u00e9s un mosaic de visions i cada visi\u00f3 \u00e9s explicada per una llengua. Cada vegada que desapareix una llengua, desapareix una visi\u00f3 del m\u00f3n&#8221;<\/em><\/span><br \/>\n<span style=\"color: #000000;\">David Crystal<\/span><\/span><\/h3>\n<p><iframe loading=\"lazy\" title=\"Parlar i escriure\" src=\"https:\/\/www.youtube.com\/embed\/Jd9fClFWp68\" width=\"853\" height=\"480\" frameborder=\"0\" allowfullscreen=\"allowfullscreen\"><\/iframe><\/p>\n<p><a href=\"https:\/\/projectes.xtec.cat\/acollidasuport\/portada\/26-de-setembre-dia-europeu-de-les-llengues\/\"><img loading=\"lazy\" decoding=\"async\" class=\"alignnone size-full wp-image-12378\" src=\"https:\/\/agora.xtec.cat\/zerelsio\/wp-content\/uploads\/usu567\/2023\/08\/Dia-europeu-de-les-llengues-768x168-1.jpg\" alt=\"\" width=\"768\" height=\"168\" srcset=\"https:\/\/agora.xtec.cat\/zerelsio\/wp-content\/uploads\/usu567\/2023\/08\/Dia-europeu-de-les-llengues-768x168-1.jpg 768w, https:\/\/agora.xtec.cat\/zerelsio\/wp-content\/uploads\/usu567\/2023\/08\/Dia-europeu-de-les-llengues-768x168-1-300x66.jpg 300w\" sizes=\"auto, (max-width: 768px) 100vw, 768px\" \/><\/a><\/p>\n<p><a href=\"https:\/\/projectes.xtec.cat\/acollidasuport\/portada\/21-febrer-dia-internacional-llengua-materna\/\"><img loading=\"lazy\" decoding=\"async\" class=\"alignnone size-full wp-image-12377\" src=\"https:\/\/agora.xtec.cat\/zerelsio\/wp-content\/uploads\/usu567\/2023\/08\/Dia-internacional-de-la-llengua-materna.png\" alt=\"\" width=\"450\" height=\"200\" srcset=\"https:\/\/agora.xtec.cat\/zerelsio\/wp-content\/uploads\/usu567\/2023\/08\/Dia-internacional-de-la-llengua-materna.png 450w, https:\/\/agora.xtec.cat\/zerelsio\/wp-content\/uploads\/usu567\/2023\/08\/Dia-internacional-de-la-llengua-materna-300x133.png 300w\" sizes=\"auto, (max-width: 450px) 100vw, 450px\" \/><\/a><\/p>\n<p><a href=\"https:\/\/blocs.xtec.cat\/llenguamaterna\/banc-didees\/\">https:\/\/blocs.xtec.cat\/llenguamaterna\/banc-didees\/<\/a><\/p>\n<p>21 de febrer.<\/p>\n<h3><span style=\"color: #00ff00;\">Orientacions<\/span><\/h3>\n<p><a href=\"https:\/\/projectes.xtec.cat\/nou-curriculum\/orientacions-curriculars\/orientacions-curriculars-llengua-primaria\">https:\/\/projectes.xtec.cat\/nou-curriculum\/orientacions-curriculars\/orientacions-curriculars-llengua-primaria<\/a>\/<\/p>\n<h3><span style=\"color: #00ff00;\">Normativa<\/span><\/h3>\n<p>El Decret 91\/2024, de 14 de maig, del r\u00e8gim ling\u00fc\u00edstic:<\/p>\n<p><a href=\"https:\/\/portaldogc.gencat.cat\/utilsEADOP\/PDF\/9164\/2028613.pdf\">https:\/\/portaldogc.gencat.cat\/utilsEADOP\/PDF\/9164\/2028613.pdf<\/a><\/p>\n<h3><span style=\"color: #00ff00;\">Comunicaci\u00f3 oral<\/span><\/h3>\n<p><iframe loading=\"lazy\" src=\"https:\/\/drive.google.com\/file\/d\/1vnh6NmqR-xKNXibWI1TurWaPTwhIherU\/preview\" width=\"640\" height=\"480\"><\/iframe><\/p>\n<h3><span style=\"color: #00ff00;\">Lectura<\/span><\/h3>\n<p><iframe loading=\"lazy\" src=\"https:\/\/drive.google.com\/file\/d\/1yjMcsbJQkaiTTyiCi-FKMVTpkFdK8KDS\/preview\" width=\"640\" height=\"480\"><\/iframe><br \/>\n<iframe loading=\"lazy\" src=\"https:\/\/drive.google.com\/file\/d\/1RyVq8A4pQpt6LZUHrzvrZkZnKtvu0OIU\/preview\" width=\"640\" height=\"480\"><\/iframe><\/p>\n<p><a href=\"https:\/\/ateneu.xtec.cat\/wikiform\/wikiexport\/fic\/cco\/ccp03\/index\"><img decoding=\"async\" class=\"mediacenter img-responsive\" title=\"La lectura a l'escola. Ensenyament i aprenentatge de la lectura (3-12 anys)\" src=\"https:\/\/ateneu.xtec.cat\/wikiform\/wikiexport\/_media\/fic\/cco\/ccp03\/fic_ail.jpg?w=600&amp;tok=face53\" alt=\"La lectura a l'escola. Ensenyament i aprenentatge de la lectura (3-12 anys)\" width=\"600\" \/><\/a><\/p>\n<p><a href=\"https:\/\/ateneu.xtec.cat\/wikiform\/wikiexport\/fic\/cco\/plec1\/index\"><img decoding=\"async\" class=\"mediacenter img-responsive\" title=\"Pla de lectura de centre\" src=\"https:\/\/ateneu.xtec.cat\/wikiform\/wikiexport\/_media\/fic\/cco\/plec1\/imatge_fic_plec.jpg?w=600&amp;tok=a8369b\" alt=\"Pla de lectura de centre\" width=\"600\" \/><\/a><\/p>\n<p>Acords formaci\u00f3 <a href=\"https:\/\/agora.xtec.cat\/zerelsio\/projectes\/ilec\/\">ILEC<\/a>.<\/p>\n<h3><span style=\"color: #00ff00;\">Escriptura<\/span><\/h3>\n<p>&#8220;L&#8217;escriptura \u00e9s important, perqu\u00e8 \u00e9s important fora de l&#8217;escola&#8221;. <a href=\"https:\/\/eligeeducar.cl\/9-frases-emilia-ferreiro-aprendizaje-los-ninos-la-lectoescritura\">Emilia Ferreiro<\/a>.<\/p>\n<p>Aprendre a escriure \u00e9s aprendre a pensar.<\/p>\n<p><a href=\"https:\/\/serveiseducatius.xtec.cat\/cerdanya\/formacio\/materials-de-formacio\/ensenyar-a-escriure-al-segle-xxi\/\">Ensenyar a escriure al S XXI<\/a>. Daniel Cassany.<\/p>\n<p><span style=\"color: #800080;\">Dec\u00e0leg de l&#8217;escriptura. <a href=\"http:\/\/xtec.gencat.cat\/web\/.content\/projectes\/escriptura\/ara-escric\/eines-per-al-professorat\/decaleg-descriptura\/documents\/DEC_Gencat_10.pdf\">Felipe Zayas<\/a>.<br \/>\n<\/span><\/p>\n<p><a href=\"http:\/\/xtec.gencat.cat\/ca\/projectes\/escriptura\/ara-escric\/eines-per-al-professorat\/decaleg-descriptura\/\"><img decoding=\"async\" class=\"img-responsive\" src=\"http:\/\/xtec.gencat.cat\/web\/.content\/projectes\/escriptura\/ara-escric\/eines-per-al-professorat\/decaleg-descriptura\/imatges\/decaleg_escriptura_quadrat.fw.png_1595044798.png\" alt=\"\" \/><\/a><\/p>\n<p><a href=\"https:\/\/ateneu.xtec.cat\/wikiform\/wikiexport\/fic\/cco\/cco01\/index\"><img decoding=\"async\" class=\"mediacenter img-responsive\" src=\"https:\/\/ateneu.xtec.cat\/wikiform\/wikiexport\/_media\/fic\/dir\/prim-cco.png?w=600&amp;tok=6e3459\" alt=\"\" width=\"600\" \/><\/a><\/p>\n<p><a href=\"https:\/\/ateneu.xtec.cat\/wikiform\/wikiexport\/fic\/cco\/cco03\/index\"><img decoding=\"async\" class=\"mediacenter img-responsive\" src=\"https:\/\/ateneu.xtec.cat\/wikiform\/wikiexport\/_media\/fic\/cco\/cco03\/imatge_index.png?w=600&amp;tok=69ab25\" alt=\"\" width=\"600\" \/><\/a><\/p>\n<p><iframe loading=\"lazy\" src=\"https:\/\/drive.google.com\/file\/d\/1RhCjvC8WGLl1f7tRQDEEhW48FrKl-pqe\/preview\" width=\"640\" height=\"480\"><\/iframe><\/p>\n<h3><span style=\"color: #ff0000;\">Recursos<\/span><\/h3>\n<p><a href=\"http:\/\/xtec.gencat.cat\/ca\/curriculum\/primaria\/competencies-basiques-ambits\/ambit-linguistic\/\">http:\/\/xtec.gencat.cat\/ca\/curriculum\/primaria\/competencies-basiques-ambits\/ambit-linguistic\/<\/a><br \/>\n<a href=\"https:\/\/www.observatoireplurilinguisme.eu\/portalingua\/www10.gencat.net\/casa_llengues\/AppJava\/ca\/diversitat\/diversitat\/llengues_mon.html\">https:\/\/www.observatoireplurilinguisme.eu\/portalingua\/www10.gencat.net\/casa_llengues\/AppJava\/ca\/diversitat\/diversitat\/llengues_mon.html<\/a><\/p>\n<h3><span style=\"color: #ff0000;\">Criteris ortografia<\/span><\/h3>\n<p><iframe loading=\"lazy\" src=\"https:\/\/drive.google.com\/file\/d\/1b7AnGFZeKEGLRwk8wgBHX3RrcTe5UzSz\/preview\" width=\"640\" height=\"480\"><\/iframe><\/p>\n<h3><span style=\"color: #ff0000;\">Pautes llibres i treballs<\/span><\/h3>\n<p><iframe loading=\"lazy\" src=\"https:\/\/drive.google.com\/file\/d\/1pF911DAX3-tz99KwDah-UuQZS3n2onTX\/preview\" width=\"640\" height=\"480\"><\/iframe><\/p>\n<h3><span style=\"color: #ff0000;\">Com referenciar fonts d&#8217;informaci\u00f3?<\/span><\/h3>\n<p><a href=\"http:\/\/www.xtec.cat\/iesb7\/departs\/experim\/documents\/com_referenciar_les_fonts_d%27informacio.pdf\">http:\/\/www.xtec.cat\/iesb7\/departs\/experim\/documents\/com_referenciar_les_fonts_d%27informacio.pdf<\/a><\/p>\n","protected":false},"excerpt":{"rendered":"<p>&#8220;Tota llengua \u00e9s un temple, en el qual hi ha tancada, com un relicari,\u00a0l&#8217;\u00e0nima de qui parla&#8221; Oliver Wendell Holmes<br \/>\n&#8220;Empra el llenguatge que vulguis i mai podr\u00e0s expressar sin\u00f3 all\u00f2 que ets&#8221;<br \/>\nRalph W. Emerson<br \/>\n&#8220;El m\u00f3n \u00e9s un mosaic de visions i cada visi\u00f3 \u00e9s explicada&hellip;  <a href=\"https:\/\/agora.xtec.cat\/zerelsio\/ambits\/linguistic\/\" title=\"Read Ling\u00fc\u00edstic\">Llegeix m\u00e9s\u00bb<\/a><\/p>\n","protected":false},"author":3,"featured_media":0,"parent":1069,"menu_order":1,"comment_status":"closed","ping_status":"closed","template":"page-templates\/side-menu.php","meta":{"_bbp_topic_count":0,"_bbp_reply_count":0,"_bbp_total_topic_count":0,"_bbp_total_reply_count":0,"_bbp_voice_count":0,"_bbp_anonymous_reply_count":0,"_bbp_topic_count_hidden":0,"_bbp_reply_count_hidden":0,"_bbp_forum_subforum_count":0,"footnotes":""},"class_list":["post-1533","page","type-page","status-publish","hentry"],"post_mailing_queue_ids":[],"_links":{"self":[{"href":"https:\/\/agora.xtec.cat\/zerelsio\/wp-json\/wp\/v2\/pages\/1533","targetHints":{"allow":["GET"]}}],"collection":[{"href":"https:\/\/agora.xtec.cat\/zerelsio\/wp-json\/wp\/v2\/pages"}],"about":[{"href":"https:\/\/agora.xtec.cat\/zerelsio\/wp-json\/wp\/v2\/types\/page"}],"author":[{"embeddable":true,"href":"https:\/\/agora.xtec.cat\/zerelsio\/wp-json\/wp\/v2\/users\/3"}],"replies":[{"embeddable":true,"href":"https:\/\/agora.xtec.cat\/zerelsio\/wp-json\/wp\/v2\/comments?post=1533"}],"version-history":[{"count":6,"href":"https:\/\/agora.xtec.cat\/zerelsio\/wp-json\/wp\/v2\/pages\/1533\/revisions"}],"predecessor-version":[{"id":17102,"href":"https:\/\/agora.xtec.cat\/zerelsio\/wp-json\/wp\/v2\/pages\/1533\/revisions\/17102"}],"up":[{"embeddable":true,"href":"https:\/\/agora.xtec.cat\/zerelsio\/wp-json\/wp\/v2\/pages\/1069"}],"wp:attachment":[{"href":"https:\/\/agora.xtec.cat\/zerelsio\/wp-json\/wp\/v2\/media?parent=1533"}],"curies":[{"name":"wp","href":"https:\/\/api.w.org\/{rel}","templated":true}]}}