{"id":1525,"date":"2018-08-10T07:29:47","date_gmt":"2018-08-10T05:29:47","guid":{"rendered":"http:\/\/agora.xtec.cat\/zerelsio\/?page_id=1525"},"modified":"2025-07-16T10:26:02","modified_gmt":"2025-07-16T08:26:02","slug":"parlem-ne","status":"publish","type":"page","link":"https:\/\/agora.xtec.cat\/zerelsio\/sisenes-hores\/parlem-ne\/","title":{"rendered":"Parlem-ne!"},"content":{"rendered":"<p><a href=\"https:\/\/agora.xtec.cat\/zerelsio\/wp-content\/uploads\/usu567\/2025\/07\/cooltext485687808167408.png\"><img loading=\"lazy\" decoding=\"async\" class=\"alignnone size-full wp-image-17493\" src=\"https:\/\/agora.xtec.cat\/zerelsio\/wp-content\/uploads\/usu567\/2025\/07\/cooltext485687808167408.png\" alt=\"\" width=\"802\" height=\"141\" srcset=\"https:\/\/agora.xtec.cat\/zerelsio\/wp-content\/uploads\/usu567\/2025\/07\/cooltext485687808167408.png 802w, https:\/\/agora.xtec.cat\/zerelsio\/wp-content\/uploads\/usu567\/2025\/07\/cooltext485687808167408-300x53.png 300w, https:\/\/agora.xtec.cat\/zerelsio\/wp-content\/uploads\/usu567\/2025\/07\/cooltext485687808167408-768x135.png 768w\" sizes=\"auto, (max-width: 802px) 100vw, 802px\" \/><\/a><\/p>\n<p><iframe loading=\"lazy\" src=\"https:\/\/drive.google.com\/file\/d\/1POvj6N_jf1wID1MgLGo8mS9jiwudsfSa\/preview\" width=\"640\" height=\"480\"><\/iframe><br \/>\n<iframe loading=\"lazy\" src=\"https:\/\/drive.google.com\/file\/d\/1Jjduc8s5nnZbP2zJJRfneMq6IykoVac2\/preview\" width=\"640\" height=\"480\"><span data-mce-type=\"bookmark\" style=\"display: inline-block; width: 0px; overflow: hidden; line-height: 0;\" class=\"mce_SELRES_start\">\ufeff<\/span><span data-mce-type=\"bookmark\" style=\"display: inline-block; width: 0px; overflow: hidden; line-height: 0;\" class=\"mce_SELRES_start\">\ufeff<\/span><span data-mce-type=\"bookmark\" style=\"display: inline-block; width: 0px; overflow: hidden; line-height: 0;\" class=\"mce_SELRES_start\">\ufeff<\/span><span data-mce-type=\"bookmark\" style=\"display: inline-block; width: 0px; overflow: hidden; line-height: 0;\" class=\"mce_SELRES_start\">\ufeff<\/span><span data-mce-type=\"bookmark\" style=\"display: inline-block; width: 0px; overflow: hidden; line-height: 0;\" class=\"mce_SELRES_start\">\ufeff<\/span><\/iframe><br \/>\n<iframe loading=\"lazy\" src=\"https:\/\/drive.google.com\/file\/d\/1IhLpR3lCmvP2R5YXT2Be9rU5bcbYBjMj\/preview\" width=\"640\" height=\"480\"><\/iframe><\/p>\n<h1><span style=\"color: #ff0000;\">REVISTA DIGITAL<\/span><\/h1>\n<p><iframe loading=\"lazy\" src=\"https:\/\/drive.google.com\/file\/d\/1S4Acor1ieezAlb06x4EztTpdHRPO0H4f\/preview\" width=\"640\" height=\"480\"><\/iframe><\/p>\n<h1><span style=\"color: #ff0000;\">ACTIVITATS TUTORIA<\/span><\/h1>\n<p><iframe loading=\"lazy\" src=\"https:\/\/drive.google.com\/file\/d\/1qtafV7g7alU2q4PFZZ1W-q_JjvqXfPk9\/preview\" width=\"640\" height=\"480\"><\/iframe><\/p>\n<h1><span style=\"color: #ff0000;\">ORIENTACIONS PER A L&#8217;ACCI\u00d3 TUTORIAL<\/span><\/h1>\n<p><iframe loading=\"lazy\" src=\"https:\/\/drive.google.com\/file\/d\/1v4xwOEPjXQhDF-NW9QH44a3O4K34HBvz\/preview\" width=\"640\" height=\"480\"><\/iframe><\/p>\n<p><a href=\"https:\/\/drive.google.com\/drive\/folders\/1LYK92BcCs8NuA4sHjJQCWf6g33-K96WK?usp=share_link\">Drive<\/a><\/p>\n<p><a href=\"https:\/\/agora.xtec.cat\/zerelsio\/projectes\/school-to-school\/\"><img decoding=\"async\" src=\"https:\/\/agora.xtec.cat\/zerelsio\/wp-content\/uploads\/usu567\/2019\/03\/2school.jpg\" \/><\/a><\/p>\n<p><a href=\"https:\/\/drive.google.com\/drive\/folders\/1-oAq6ODfyzsdz6Q1bWpT0DF_-6eWd6UP?usp=sharing\">Carpeta drive. Curs 2021\/2022<\/a>.<br \/>\n<a href=\"https:\/\/drive.google.com\/drive\/folders\/1e4zjMqUqWgrS66pglzsbCV7QilRrfDJd?usp=sharing\">Carpeta drive. Curs 2020\/2021.<\/a><br \/>\n<a href=\"https:\/\/drive.google.com\/open?id=1tAB2hh2ocjHWLCPvqH2zbfhSNhxkSBS2\">Carpeta drive. Curs 2019\/2020<\/a>.<br \/>\n<a href=\"https:\/\/drive.google.com\/drive\/folders\/10QPtGJaiyc540fmm5WKPbffyJaIcvZJK?usp=sharing\">Carpeta drive. Curs 2018\/2019<\/a>.<br \/>\n<a href=\"http:\/\/www.ccma.cat\/tv3\/alacarta\/els-camins-mes-perillosos-per-anar-a-lescola\/camins-per-anar-a-lescola-de-la-devi-la-kritika-i-lolivier\/video\/5574824\/\">Camins per anar a l&#8217;escola de la Devi, la Kritika i l&#8217;Olivier<\/a>. 21\/09\/2018<br \/>\nAquest cop acompanyem la Devi de l&#8217;\u00cdndia, la Kritika del Nepal i l&#8217;Olivier de Mali pels camins d&#8217;anar a l&#8217;escola. S\u00f3n tres camins molt diferents, plegats de perills, aventures i experi\u00e8ncies, que tenen un \u00fanic objectiu: arribar a l&#8217;escola i adquirir coneixements per poder prosperar a la vida.<br \/>\n<a href=\"http:\/\/blocs.xtec.cat\/zerelsio\/parlem-ne\/\">Curs anterior<\/a>.<\/p>\n","protected":false},"excerpt":{"rendered":"<p><a href=\"https:\/\/agora.xtec.cat\/zerelsio\/wp-content\/uploads\/usu567\/2025\/07\/cooltext485687808167408.png\"><\/a><\/p>\n<p>\ufeff\ufeff\ufeff\ufeff\ufeff<\/p>\n<p>REVISTA DIGITAL<\/p>\n<p>ACTIVITATS TUTORIA<\/p>\n<p>ORIENTACIONS PER A L&#8217;ACCI\u00d3 TUTORIAL<\/p>\n<p><a href=\"https:\/\/drive.google.com\/drive\/folders\/1LYK92BcCs8NuA4sHjJQCWf6g33-K96WK?usp=share_link\">Drive<\/a><br \/>\n<a href=\"https:\/\/agora.xtec.cat\/zerelsio\/projectes\/school-to-school\/\"><\/a><br \/>\n<a href=\"https:\/\/drive.google.com\/drive\/folders\/1-oAq6ODfyzsdz6Q1bWpT0DF_-6eWd6UP?usp=sharing\">Carpeta drive. Curs 2021\/2022<\/a>.<br \/>\n<a href=\"https:\/\/drive.google.com\/drive\/folders\/1e4zjMqUqWgrS66pglzsbCV7QilRrfDJd?usp=sharing\">Carpeta drive. Curs 2020\/2021.<\/a><br \/>\n<a href=\"https:\/\/drive.google.com\/open?id=1tAB2hh2ocjHWLCPvqH2zbfhSNhxkSBS2\">Carpeta drive. Curs 2019\/2020<\/a>.<br \/>\n<a href=\"https:\/\/drive.google.com\/drive\/folders\/10QPtGJaiyc540fmm5WKPbffyJaIcvZJK?usp=sharing\">Carpeta drive. Curs 2018\/2019<\/a>.<br \/>\n<a href=\"http:\/\/www.ccma.cat\/tv3\/alacarta\/els-camins-mes-perillosos-per-anar-a-lescola\/camins-per-anar-a-lescola-de-la-devi-la-kritika-i-lolivier\/video\/5574824\/\">Camins per anar a l&#8217;escola de la Devi, la Kritika i l&#8217;Olivier<\/a>. 21\/09\/2018<br \/>\nAquest cop acompanyem la Devi de l&#8217;\u00cdndia,&hellip;  <a href=\"https:\/\/agora.xtec.cat\/zerelsio\/sisenes-hores\/parlem-ne\/\" title=\"Read Parlem-ne!\">Llegeix m\u00e9s\u00bb<\/a><\/p>\n","protected":false},"author":3,"featured_media":0,"parent":1081,"menu_order":20,"comment_status":"closed","ping_status":"closed","template":"","meta":{"_bbp_topic_count":0,"_bbp_reply_count":0,"_bbp_total_topic_count":0,"_bbp_total_reply_count":0,"_bbp_voice_count":0,"_bbp_anonymous_reply_count":0,"_bbp_topic_count_hidden":0,"_bbp_reply_count_hidden":0,"_bbp_forum_subforum_count":0,"footnotes":""},"class_list":["post-1525","page","type-page","status-publish","hentry"],"post_mailing_queue_ids":[],"_links":{"self":[{"href":"https:\/\/agora.xtec.cat\/zerelsio\/wp-json\/wp\/v2\/pages\/1525","targetHints":{"allow":["GET"]}}],"collection":[{"href":"https:\/\/agora.xtec.cat\/zerelsio\/wp-json\/wp\/v2\/pages"}],"about":[{"href":"https:\/\/agora.xtec.cat\/zerelsio\/wp-json\/wp\/v2\/types\/page"}],"author":[{"embeddable":true,"href":"https:\/\/agora.xtec.cat\/zerelsio\/wp-json\/wp\/v2\/users\/3"}],"replies":[{"embeddable":true,"href":"https:\/\/agora.xtec.cat\/zerelsio\/wp-json\/wp\/v2\/comments?post=1525"}],"version-history":[{"count":6,"href":"https:\/\/agora.xtec.cat\/zerelsio\/wp-json\/wp\/v2\/pages\/1525\/revisions"}],"predecessor-version":[{"id":17635,"href":"https:\/\/agora.xtec.cat\/zerelsio\/wp-json\/wp\/v2\/pages\/1525\/revisions\/17635"}],"up":[{"embeddable":true,"href":"https:\/\/agora.xtec.cat\/zerelsio\/wp-json\/wp\/v2\/pages\/1081"}],"wp:attachment":[{"href":"https:\/\/agora.xtec.cat\/zerelsio\/wp-json\/wp\/v2\/media?parent=1525"}],"curies":[{"name":"wp","href":"https:\/\/api.w.org\/{rel}","templated":true}]}}