{"id":14621,"date":"2024-07-14T21:21:04","date_gmt":"2024-07-14T19:21:04","guid":{"rendered":"https:\/\/agora.xtec.cat\/zerelsio\/?page_id=14621"},"modified":"2024-12-06T13:13:59","modified_gmt":"2024-12-06T12:13:59","slug":"tea-trastorn-de-lespectre-autista","status":"publish","type":"page","link":"https:\/\/agora.xtec.cat\/zerelsio\/tea-trastorn-de-lespectre-autista\/","title":{"rendered":"TEA, Trastorn de l&#8217;Espectre Autista"},"content":{"rendered":"<h1><span style=\"color: #ff00ff;\">Informaci\u00f3<\/span><\/h1>\n<p><a href=\"https:\/\/agora.xtec.cat\/zerelsio\/general\/xerrada-formativa-del-cretdic\/\"><img loading=\"lazy\" decoding=\"async\" class=\"alignnone size-full wp-image-13015\" src=\"https:\/\/agora.xtec.cat\/zerelsio\/wp-content\/uploads\/usu567\/2023\/12\/autisme.png\" alt=\"\" width=\"630\" height=\"348\" srcset=\"https:\/\/agora.xtec.cat\/zerelsio\/wp-content\/uploads\/usu567\/2023\/12\/autisme.png 630w, https:\/\/agora.xtec.cat\/zerelsio\/wp-content\/uploads\/usu567\/2023\/12\/autisme-300x166.png 300w\" sizes=\"auto, (max-width: 630px) 100vw, 630px\" \/><\/a><\/p>\n<blockquote class=\"wp-embedded-content\" data-secret=\"zJF4VudT0a\"><p><a href=\"https:\/\/diarieducacio.cat\/extra\/2024\/07\/10\/submergeix-te-en-el-tea-un-mon-magic-i-bastant-desconegut-i-fes-lo-amb-opospills\/\">Submergeix-te en el TEA, un m\u00f3n m\u00e0gic i bastant desconegut, i fes-lo amb Opospills<\/a><\/p><\/blockquote>\n<p><iframe loading=\"lazy\" class=\"wp-embedded-content\" sandbox=\"allow-scripts\" security=\"restricted\" style=\"position: absolute; clip: rect(1px, 1px, 1px, 1px);\" title=\"&#8220;Submergeix-te en el TEA, un m\u00f3n m\u00e0gic i bastant desconegut, i fes-lo amb Opospills&#8221; &#8212; Extra Educaci\u00f3\" src=\"https:\/\/diarieducacio.cat\/extra\/2024\/07\/10\/submergeix-te-en-el-tea-un-mon-magic-i-bastant-desconegut-i-fes-lo-amb-opospills\/embed\/#?secret=f1lS42R7mB#?secret=zJF4VudT0a\" data-secret=\"zJF4VudT0a\" width=\"500\" height=\"282\" frameborder=\"0\" marginwidth=\"0\" marginheight=\"0\" scrolling=\"no\"><\/iframe><\/p>\n<h1><span style=\"color: #ff00ff;\">Can\u00e7ons amb pictogrames<\/span><\/h1>\n<blockquote class=\"wp-embedded-content\" data-secret=\"HiF604ME8H\"><p><a href=\"https:\/\/paisdexauxa.com\/pictogrames\/\">PICTOGRAMES<\/a><\/p><\/blockquote>\n<p><iframe loading=\"lazy\" class=\"wp-embedded-content\" sandbox=\"allow-scripts\" security=\"restricted\" style=\"position: absolute; clip: rect(1px, 1px, 1px, 1px);\" title=\"&#8220;PICTOGRAMES&#8221; &#8212; PA\u00cdS DE XAUXA\" src=\"https:\/\/paisdexauxa.com\/pictogrames\/embed\/#?secret=8aoL4qyyJz#?secret=HiF604ME8H\" data-secret=\"HiF604ME8H\" width=\"500\" height=\"282\" frameborder=\"0\" marginwidth=\"0\" marginheight=\"0\" scrolling=\"no\"><\/iframe><\/p>\n<h1><span style=\"color: #ff00ff;\">Altres<\/span><\/h1>\n<blockquote class=\"wp-embedded-content\" data-secret=\"bQdO41GKXm\"><p><a href=\"https:\/\/natibergada.cat\/els-pictogrames\/\">Els pictogrames: del joc a la comunicaci\u00f3<\/a><\/p><\/blockquote>\n<p><iframe loading=\"lazy\" class=\"wp-embedded-content\" sandbox=\"allow-scripts\" security=\"restricted\" style=\"position: absolute; clip: rect(1px, 1px, 1px, 1px);\" title=\"&#8220;Els pictogrames: del joc a la comunicaci\u00f3&#8221; &#8212; Nati Bergad\u00e0\" src=\"https:\/\/natibergada.cat\/els-pictogrames\/embed\/#?secret=11BjKlHOhK#?secret=bQdO41GKXm\" data-secret=\"bQdO41GKXm\" width=\"500\" height=\"282\" frameborder=\"0\" marginwidth=\"0\" marginheight=\"0\" scrolling=\"no\"><\/iframe><\/p>\n<h1><span style=\"color: #ff00ff;\">Maletes pedag\u00f2giques<\/span><\/h1>\n<p><a href=\"https:\/\/sites.google.com\/xtec.cat\/som-visuals\/p%C3%A0gina-inicial\"><img loading=\"lazy\" decoding=\"async\" class=\"alignnone size-full wp-image-14642\" src=\"https:\/\/agora.xtec.cat\/zerelsio\/wp-content\/uploads\/usu567\/2024\/07\/visuals.png\" alt=\"\" width=\"500\" height=\"453\" srcset=\"https:\/\/agora.xtec.cat\/zerelsio\/wp-content\/uploads\/usu567\/2024\/07\/visuals.png 500w, https:\/\/agora.xtec.cat\/zerelsio\/wp-content\/uploads\/usu567\/2024\/07\/visuals-300x272.png 300w\" sizes=\"auto, (max-width: 500px) 100vw, 500px\" \/><\/a><\/p>\n<p>SE Noguera.<\/p>\n<h1><span style=\"color: #ff00ff;\">Recursos<\/span><\/h1>\n<div class=\"padlet-embed\" style=\"border: 1px solid rgba(0,0,0,0.1); border-radius: 2px; box-sizing: border-box; overflow: hidden; position: relative; width: 100%; background: #F4F4F4;\">\n<p style=\"padding: 0; margin: 0;\"><iframe style=\"width: 100%; height: 608px; display: block; padding: 0; margin: 0;\" src=\"https:\/\/padlet.com\/embed\/w3draamciy8zh0hu\" frameborder=\"0\"><\/iframe><\/p>\n<div style=\"display: flex; align-items: center; justify-content: end; margin: 0; height: 28px;\">\n<div style=\"display: flex; align-items: center;\"><img loading=\"lazy\" decoding=\"async\" style=\"padding: 0; margin: 0; background: 0 0; border: none; box-shadow: none;\" src=\"https:\/\/padlet.net\/embeds\/made_with_padlet_2022.png\" alt=\"Fet amb Padlet\" width=\"114\" height=\"28\" \/><\/div>\n<\/div>\n<\/div>\n<p><a href=\"https:\/\/blocs.xtec.cat\/elracoespecial\/\">https:\/\/blocs.xtec.cat\/elracoespecial\/<\/a><br \/>\nRecursos llengua, matem\u00e0tiques&#8230;<\/p>\n<p><a href=\"https:\/\/arasaac.org\/\">https:\/\/arasaac.org\/<\/a><br \/>\nPictogrames.<\/p>\n<p><a href=\"https:\/\/www.soyvisual.org\/\">https:\/\/www.soyvisual.org\/<\/a><\/p>\n<p>Cont\u00e9 activitats interactives per al desenvolupament del llenguatge.<\/p>\n<p><a href=\"https:\/\/apps.apple.com\/es\/app\/niki-agenda\/id588716014\">https:\/\/apps.apple.com\/es\/app\/niki-agenda\/id588716014<\/a><\/p>\n<p>Ofereix un calendari diari o setmanal per a organitzar les activitats.<\/p>\n<blockquote class=\"wp-embedded-content\" data-secret=\"C86CbD14rg\"><p><a href=\"https:\/\/fundacionorange.es\/aplicaciones\/teayudo-a-jugar\/\">TEAyudo a jugar<\/a><\/p><\/blockquote>\n<p><iframe loading=\"lazy\" class=\"wp-embedded-content\" sandbox=\"allow-scripts\" security=\"restricted\" style=\"position: absolute; clip: rect(1px, 1px, 1px, 1px);\" title=\"\u00abTEAyudo a jugar\u00bb \u2014 Fundaci\u00f3n Orange\" src=\"https:\/\/fundacionorange.es\/aplicaciones\/teayudo-a-jugar\/embed\/#?secret=VAVV2oy2kw#?secret=C86CbD14rg\" data-secret=\"C86CbD14rg\" width=\"500\" height=\"282\" frameborder=\"0\" marginwidth=\"0\" marginheight=\"0\" scrolling=\"no\"><\/iframe><\/p>\n<p>Afavoreix la inclusi\u00f3 educativa i social.<\/p>\n<blockquote class=\"wp-embedded-content\" data-secret=\"LEuouMkkzN\"><p><a href=\"https:\/\/fundacionorange.es\/aplicaciones\/emoplay\/\">EmoPLAY<\/a><\/p><\/blockquote>\n<p><iframe loading=\"lazy\" class=\"wp-embedded-content\" sandbox=\"allow-scripts\" security=\"restricted\" style=\"position: absolute; clip: rect(1px, 1px, 1px, 1px);\" title=\"\u00abEmoPLAY\u00bb \u2014 Fundaci\u00f3n Orange\" src=\"https:\/\/fundacionorange.es\/aplicaciones\/emoplay\/embed\/#?secret=niKHD7DzVA#?secret=LEuouMkkzN\" data-secret=\"LEuouMkkzN\" width=\"500\" height=\"282\" frameborder=\"0\" marginwidth=\"0\" marginheight=\"0\" scrolling=\"no\"><\/iframe><\/p>\n<p>Ha estat creada per a ajudar nens i nenes a recon\u00e8ixer emocions.<\/p>\n<p><iframe class=\"wp-embedded-content\" sandbox=\"allow-scripts\" security=\"restricted\" title=\"Opospills - Recurso TEA\" src=\"https:\/\/zo9vetg7qed.typeform.com\/to\/wbGikcpB?typeform-embed=oembed&#038;typeform-medium=embed-oembed&#038;typeform-source=diarieducacio.cat&#038;maxwidth=500&#038;maxheight=750&#038;dnt=1&#038;format=json#?secret=aJG2ffxage\" data-secret=\"aJG2ffxage\"><\/iframe><\/p>\n<p><a href=\"https:\/\/teaponent.cat\/\">https:\/\/teaponent.cat\/<\/a><\/p>\n<p><a href=\"https:\/\/planetateaaula.blogspot.com\/2017\/09\/rutina-del-calendario.html\">https:\/\/planetateaaula.blogspot.com\/2017\/09\/rutina-del-calendario.html<\/a><\/p>\n","protected":false},"excerpt":{"rendered":"<p>Informaci\u00f3<br \/>\n<a href=\"https:\/\/agora.xtec.cat\/zerelsio\/general\/xerrada-formativa-del-cretdic\/\"><\/a><br \/>\n<a href=\"https:\/\/diarieducacio.cat\/extra\/2024\/07\/10\/submergeix-te-en-el-tea-un-mon-magic-i-bastant-desconegut-i-fes-lo-amb-opospills\/\">Submergeix-te en el TEA, un m\u00f3n m\u00e0gic i bastant desconegut, i fes-lo amb Opospills<\/a><\/p>\n<p>Can\u00e7ons amb pictogrames<br \/>\n<a href=\"https:\/\/paisdexauxa.com\/pictogrames\/\">PICTOGRAMES<\/a><\/p>\n<p>Altres<br \/>\n<a href=\"https:\/\/natibergada.cat\/els-pictogrames\/\">Els pictogrames: del joc a la comunicaci\u00f3<\/a><\/p>\n<p>Maletes pedag\u00f2giques<br \/>\n<a href=\"https:\/\/sites.google.com\/xtec.cat\/som-visuals\/p%C3%A0gina-inicial\"><\/a><br \/>\nSE Noguera.<br \/>\nRecursos<\/p>\n<p><a href=\"https:\/\/blocs.xtec.cat\/elracoespecial\/\">https:\/\/blocs.xtec.cat\/elracoespecial\/<\/a><br \/>\nRecursos llengua, matem\u00e0tiques&#8230;<br \/>\n<a href=\"https:\/\/arasaac.org\/\">https:\/\/arasaac.org\/<\/a><br \/>\nPictogrames.<br \/>\n<a href=\"https:\/\/www.soyvisual.org\/\">https:\/\/www.soyvisual.org\/<\/a><br \/>\nCont\u00e9 activitats interactives per al desenvolupament del llenguatge.<br \/>\n<a href=\"https:\/\/apps.apple.com\/es\/app\/niki-agenda\/id588716014\">https:\/\/apps.apple.com\/es\/app\/niki-agenda\/id588716014<\/a><br \/>\nOfereix un calendari diari&hellip;  <a href=\"https:\/\/agora.xtec.cat\/zerelsio\/tea-trastorn-de-lespectre-autista\/\" title=\"Read TEA, Trastorn de l&#8217;Espectre Autista\">Llegeix m\u00e9s\u00bb<\/a><\/p>\n","protected":false},"author":3,"featured_media":0,"parent":0,"menu_order":0,"comment_status":"closed","ping_status":"closed","template":"","meta":{"_bbp_topic_count":0,"_bbp_reply_count":0,"_bbp_total_topic_count":0,"_bbp_total_reply_count":0,"_bbp_voice_count":0,"_bbp_anonymous_reply_count":0,"_bbp_topic_count_hidden":0,"_bbp_reply_count_hidden":0,"_bbp_forum_subforum_count":0,"footnotes":""},"class_list":["post-14621","page","type-page","status-publish","hentry"],"post_mailing_queue_ids":[],"_links":{"self":[{"href":"https:\/\/agora.xtec.cat\/zerelsio\/wp-json\/wp\/v2\/pages\/14621","targetHints":{"allow":["GET"]}}],"collection":[{"href":"https:\/\/agora.xtec.cat\/zerelsio\/wp-json\/wp\/v2\/pages"}],"about":[{"href":"https:\/\/agora.xtec.cat\/zerelsio\/wp-json\/wp\/v2\/types\/page"}],"author":[{"embeddable":true,"href":"https:\/\/agora.xtec.cat\/zerelsio\/wp-json\/wp\/v2\/users\/3"}],"replies":[{"embeddable":true,"href":"https:\/\/agora.xtec.cat\/zerelsio\/wp-json\/wp\/v2\/comments?post=14621"}],"version-history":[{"count":6,"href":"https:\/\/agora.xtec.cat\/zerelsio\/wp-json\/wp\/v2\/pages\/14621\/revisions"}],"predecessor-version":[{"id":15755,"href":"https:\/\/agora.xtec.cat\/zerelsio\/wp-json\/wp\/v2\/pages\/14621\/revisions\/15755"}],"wp:attachment":[{"href":"https:\/\/agora.xtec.cat\/zerelsio\/wp-json\/wp\/v2\/media?parent=14621"}],"curies":[{"name":"wp","href":"https:\/\/api.w.org\/{rel}","templated":true}]}}