{"id":12871,"date":"2023-11-21T15:33:12","date_gmt":"2023-11-21T14:33:12","guid":{"rendered":"https:\/\/agora.xtec.cat\/zerelsio\/?page_id=12871"},"modified":"2024-04-13T09:00:02","modified_gmt":"2024-04-13T07:00:02","slug":"recursos","status":"publish","type":"page","link":"https:\/\/agora.xtec.cat\/zerelsio\/ambits\/digital\/recursos\/","title":{"rendered":"Recursos"},"content":{"rendered":"<h1><span style=\"color: #ff0000;\"><strong>Banc d\u2019imatges<\/strong><\/span><\/h1>\n<p><strong><a title=\"BANCO DE IMAGENES I SONIDOS\" href=\"https:\/\/procomun.intef.es\/\" target=\"_blank\" rel=\"noopener\">Banc d&#8217;imatges i sons<\/a><\/strong><br \/>\nBanc d\u2019imatges i sons d\u2019\u00fas lliure del Ministeri d\u2019Educaci\u00f3.<\/p>\n<p><strong><a href=\"http:\/\/www.xtec.net\/dnee\/mic\/\" target=\"_blank\" rel=\"noopener\">Magatzem d\u2019icones catalanes<\/a><\/strong><br \/>\nIcones classificades en diferents \u00e0mbits i adaptades a la realitat catalana.<\/p>\n<p><a href=\"https:\/\/www.flickr.com\/\" target=\"_blank\" rel=\"noopener\"><strong>Flickr<\/strong><\/a><br \/>\nImatges al portal Flickr. No \u00e9s necessari registrar-se, encara que ho digui.<\/p>\n<p><strong><a href=\"http:\/\/compfight.com\/\" target=\"_blank\" rel=\"noopener\">Compfight<\/a><\/strong><br \/>\nPermet establir criteris de filtratge.<\/p>\n<p><strong><a title=\"cercador d'imatges per colors\" href=\"http:\/\/labs.tineye.com\/multicolr#results\" target=\"_blank\" rel=\"noopener\">Cercador d\u2019imatges per colors<\/a><\/strong><br \/>\nBusca imatges amb els colors que seleccionats pr\u00e8viament.<\/p>\n<p><strong><a href=\"https:\/\/www.freeimages.com\/\">Freeimatges.com<\/a><\/strong><br \/>\n<span style=\"font-family: inherit; font-size: 1em;\">Portal d\u2019imatges gratu\u00eft. Les pots cercar per temes<\/span><\/p>\n<h1><span style=\"color: #ff0000;\"><strong>Bancs de sons<\/strong><\/span><\/h1>\n<p><strong><a title=\"BANCO DE IMAGENES I SONIDOS\" href=\"https:\/\/procomun.intef.es\/\" target=\"_blank\" rel=\"noopener\">Banc d&#8217;imatges i sons<\/a><\/strong><br \/>\nBanc d\u2019imatges i sons d\u2019\u00fas lliure del Ministeri d&#8217;Educaci\u00f3.<\/p>\n<p><strong><a href=\"http:\/\/freeplaymusic.com\/\" target=\"_blank\" rel=\"noopener\">Freeplaymusic<\/a><\/strong><br \/>\n\u00c0mplia biblioteca sonora de diferents estils i g\u00e8neres musicals: 6993 pistes d&#8217;\u00e0udio lliures per descarregar.<\/p>\n<p><strong><a title=\"elongsound. sons gratuits\" href=\"http:\/\/www.elongsound.com\/sonidos-gratis.html\" target=\"_blank\" rel=\"noopener\">ElongSound<\/a><br \/>\n<\/strong>T\u00e9 efectes de so de carrers i altres ambients.<\/p>\n<p><strong><a href=\"http:\/\/www.universal-soundbank.com\/\" target=\"_blank\" rel=\"noopener\">UniversalSoundbank.com<\/a><\/strong><br \/>\nWeb francesa que cont\u00e9 sons, m\u00fasica i sons instrumentals.<\/p>\n<p><strong><a href=\"http:\/\/www.findsounds.com\/\">Findsounds.com<\/a>\u00a0<\/strong><br \/>\nT\u00e9 material en\u00a0<a href=\"http:\/\/www.findsounds.com\/typesGerman.html\">alemany<\/a>, <a href=\"http:\/\/www.findsounds.com\/typesSpanish.html\">espanyol<\/a>,\u00a0<a href=\"http:\/\/www.findsounds.com\/typesFrench.html\">franc\u00e8s<\/a>,\u00a0<a href=\"http:\/\/www.findsounds.com\/typesPortuguese.html\">portugu\u00e8s<\/a>, entre d\u2019altres idiomes.<\/p>\n<h1><span style=\"color: #ff0000;\"><strong>Banc de v\u00eddeos<\/strong><\/span><\/h1>\n<p><strong><a href=\"https:\/\/www.ccma.cat\/tv3\/sx3\/infok\/\" target=\"_blank\" rel=\"noopener\">INFOK<\/a><br \/>\n<\/strong><span style=\"font-family: inherit; font-size: 1em;\">Varietat de v\u00eddeos.<\/span><\/p>\n<p><strong><a href=\"http:\/\/www.edu3.cat\/\" target=\"_blank\" rel=\"noopener\">edu3.cat<\/a><\/strong><br \/>\nPortal de recursos multim\u00e8dia del Departament d\u2019Educaci\u00f3 i la Corporaci\u00f3 Catalana de Mitjans Audiovisuals.<\/p>\n<p><strong><a title=\"youtube.com\/education\" href=\"http:\/\/www.youtube.com\/education\" target=\"_blank\" rel=\"noopener\">YouTube. Education<\/a><\/strong><br \/>\nServei de v\u00eddeos de Youtube classificats per nivells i temes. Els v\u00eddeos estan seleccionats en funci\u00f3 de la seva aplicaci\u00f3 did\u00e0ctica.<\/p>\n<p><a title=\"youtube teachers\" href=\"http:\/\/www.youtube.com\/teachers\" target=\"_blank\" rel=\"noopener\"><strong>Youtube.Teachers\u00a0<\/strong><\/a>Inclou m\u00e9s de 700.000 v\u00eddeos educatius d\u2019alta qualitat. Hi ha v\u00eddeos des de la astrof\u00edsica fins a la zoologia.<\/p>\n<p><strong><a href=\"http:\/\/www.teachertube.com\/\" target=\"_blank\" rel=\"noopener\">TeacherTube<\/a><\/strong><br \/>\nV\u00eddeos de car\u00e0cter educatiu, majorit\u00e0riament en angl\u00e8s.<\/p>\n<p style=\"text-align: justify;\"><strong><a title=\"como funcionan las cosas\" href=\"http:\/\/www.youtube.com\/playlist?list=PL687CA85771A4D7D2\" target=\"_blank\" rel=\"noopener\">Como funcionan las cosas<\/a><br \/>\n<\/strong>Sobre la s\u00e8rie animada sobre la tecnologia\u2026 V\u00eddeos animats sobre el funcionament de les m\u00e0quina. Ara nom\u00e9s n&#8217;hi ha tres.<\/p>\n<p><strong><a title=\"docuciencia\" href=\"http:\/\/www.docuciencia.es\/\" target=\"_blank\" rel=\"noopener\">Docuciencia<\/a><\/strong><br \/>\nBloc de divulgaci\u00f3 cient\u00edfica amb els m\u00e9s importants documentals cient\u00edfics (en castell\u00e0).<\/p>\n<p style=\"text-align: justify;\"><a title=\"The Periodic Table of Videos\" href=\"http:\/\/www.periodicvideos.com\/#\" target=\"_blank\" rel=\"noopener\"><strong>The Periodic Table Of Videos<\/strong><\/a><br \/>\nProjecte de la Universitat de Nottigham entorn dels elements qu\u00edmics. Han redissenyat la taula peri\u00f2dica en una versi\u00f3 web on cada element cont\u00e9 un v\u00eddeo explicatiu de las caracter\u00edstiques, propietats i les seves aplicacions.<\/p>\n<p><strong><a title=\"histotube\" href=\"http:\/\/histotube.blogspot.com.es\/\" target=\"_blank\" rel=\"noopener\">Histotube.cat<\/a><\/strong><br \/>\nPortal de v\u00eddeos d\u2019hist\u00f2ria i patrimoni en llengua catalana.<\/p>\n<p style=\"text-align: justify;\"><a title=\"Arxiu del NO-DO\" href=\"http:\/\/www.rtve.es\/filmoteca\/no-do\/\" target=\"_blank\" rel=\"noopener\"><strong>NO-DO\u00a0\u00a0<\/strong><\/a><br \/>\nNO-DO, noticies i documentals de l&#8217;arxiu hist\u00f2ric de la Filmoteca Espanyola. Tots els v\u00eddeos del NO-DO en RTVE.es<\/p>\n<h1><strong><span style=\"color: #ff0000;\">Diccionaris en l\u00ednia<\/span><\/strong><\/h1>\n<p><a href=\"https:\/\/www.diccionari.cat\/index-de-lamines\">https:\/\/www.diccionari.cat\/index-de-lamines<\/a><br \/>\nDiccionari il\u00b7lustrat en angl\u00e8s.<\/p>\n<h1><span style=\"color: #ff0000;\"><strong>IA<\/strong><\/span><\/h1>\n<p><a href=\"https:\/\/projectes.xtec.cat\/ia\/\" target=\"_blank\" rel=\"noopener\">https:\/\/projectes.xtec.cat\/ia\/<\/a><br \/>\nIntel\u00b7lig\u00e8ncia artificial a les aules.<\/p>\n<h1><span style=\"color: #ff0000;\"><strong>General<\/strong><\/span><\/h1>\n<p><a href=\"https:\/\/blocs.xtec.cat\/recursosdigitalsnoguera\/\">https:\/\/sites.google.com\/xtec.cat\/einesgoogl\/inici?authuser=0<\/a><br \/>\nEines Google.<\/p>\n<p><a href=\"https:\/\/blocs.xtec.cat\/recursosdigitalsnoguera\/\">Biblioteca de Recursos de la Noguera<\/a><br \/>\nClassificats per temes.<\/p>\n<p><a href=\"https:\/\/biblioteca.institutmenendezypelayo.cat\/eines\/\" target=\"_blank\" rel=\"noopener\">https:\/\/biblioteca.institutmenendezypelayo.cat\/eines\/<\/a><br \/>\nEines \u00fatils per fer treballs, tasques escolars i docents.<\/p>\n","protected":false},"excerpt":{"rendered":"<p>Banc d\u2019imatges<br \/>\n<a title=\"BANCO DE IMAGENES I SONIDOS\" href=\"https:\/\/procomun.intef.es\/\" target=\"_blank\" rel=\"noopener\">Banc d&#8217;imatges i sons<\/a><br \/>\nBanc d\u2019imatges i sons d\u2019\u00fas lliure del Ministeri d\u2019Educaci\u00f3.<br \/>\n<a href=\"http:\/\/www.xtec.net\/dnee\/mic\/\" target=\"_blank\" rel=\"noopener\">Magatzem d\u2019icones catalanes<\/a><br \/>\nIcones classificades en diferents \u00e0mbits i adaptades a la realitat catalana.<br \/>\n<a href=\"https:\/\/www.flickr.com\/\" target=\"_blank\" rel=\"noopener\">Flickr<\/a><br \/>\nImatges al portal Flickr. No \u00e9s necessari&hellip;  <a href=\"https:\/\/agora.xtec.cat\/zerelsio\/ambits\/digital\/recursos\/\" title=\"Read Recursos\">Llegeix m\u00e9s\u00bb<\/a><\/p>\n","protected":false},"author":3,"featured_media":0,"parent":1557,"menu_order":0,"comment_status":"closed","ping_status":"closed","template":"","meta":{"_bbp_topic_count":0,"_bbp_reply_count":0,"_bbp_total_topic_count":0,"_bbp_total_reply_count":0,"_bbp_voice_count":0,"_bbp_anonymous_reply_count":0,"_bbp_topic_count_hidden":0,"_bbp_reply_count_hidden":0,"_bbp_forum_subforum_count":0,"footnotes":""},"class_list":["post-12871","page","type-page","status-publish","hentry"],"post_mailing_queue_ids":[],"_links":{"self":[{"href":"https:\/\/agora.xtec.cat\/zerelsio\/wp-json\/wp\/v2\/pages\/12871","targetHints":{"allow":["GET"]}}],"collection":[{"href":"https:\/\/agora.xtec.cat\/zerelsio\/wp-json\/wp\/v2\/pages"}],"about":[{"href":"https:\/\/agora.xtec.cat\/zerelsio\/wp-json\/wp\/v2\/types\/page"}],"author":[{"embeddable":true,"href":"https:\/\/agora.xtec.cat\/zerelsio\/wp-json\/wp\/v2\/users\/3"}],"replies":[{"embeddable":true,"href":"https:\/\/agora.xtec.cat\/zerelsio\/wp-json\/wp\/v2\/comments?post=12871"}],"version-history":[{"count":7,"href":"https:\/\/agora.xtec.cat\/zerelsio\/wp-json\/wp\/v2\/pages\/12871\/revisions"}],"predecessor-version":[{"id":13723,"href":"https:\/\/agora.xtec.cat\/zerelsio\/wp-json\/wp\/v2\/pages\/12871\/revisions\/13723"}],"up":[{"embeddable":true,"href":"https:\/\/agora.xtec.cat\/zerelsio\/wp-json\/wp\/v2\/pages\/1557"}],"wp:attachment":[{"href":"https:\/\/agora.xtec.cat\/zerelsio\/wp-json\/wp\/v2\/media?parent=12871"}],"curies":[{"name":"wp","href":"https:\/\/api.w.org\/{rel}","templated":true}]}}