{"id":12712,"date":"2023-11-07T07:10:53","date_gmt":"2023-11-07T06:10:53","guid":{"rendered":"https:\/\/agora.xtec.cat\/zerelsio\/?page_id=12712"},"modified":"2024-12-06T12:32:09","modified_gmt":"2024-12-06T11:32:09","slug":"formacio-cocobe","status":"publish","type":"page","link":"https:\/\/agora.xtec.cat\/zerelsio\/projectes\/projecte-de-convivencia\/formacio-cocobe\/","title":{"rendered":"Formaci\u00f3 COCOBE"},"content":{"rendered":"<h1><span style=\"color: #00ff00;\"><a href=\"https:\/\/agora.xtec.cat\/zerelsio\/wp-content\/uploads\/usu567\/2024\/06\/curs2024_2025.png\"><img loading=\"lazy\" decoding=\"async\" class=\"alignnone size-full wp-image-14402\" src=\"https:\/\/agora.xtec.cat\/zerelsio\/wp-content\/uploads\/usu567\/2024\/06\/curs2024_2025.png\" alt=\"\" width=\"728\" height=\"125\" srcset=\"https:\/\/agora.xtec.cat\/zerelsio\/wp-content\/uploads\/usu567\/2024\/06\/curs2024_2025.png 728w, https:\/\/agora.xtec.cat\/zerelsio\/wp-content\/uploads\/usu567\/2024\/06\/curs2024_2025-300x52.png 300w\" sizes=\"auto, (max-width: 728px) 100vw, 728px\" \/><\/a><\/span><\/h1>\n<ul>\n<li>\n<h3><span style=\"color: #ff0000;\">9001110519 Aprofundiment\u00a0sobre\u00a0viol\u00e8ncies\u00a0pel Coordinador\/a coeducaci\u00f3, conviv\u00e8ncia i benestar<\/span><\/h3>\n<\/li>\n<\/ul>\n<h1><span style=\"color: #800080;\">Informaci\u00f3<\/span><\/h1>\n<p><iframe loading=\"lazy\" src=\"https:\/\/drive.google.com\/file\/d\/1udJTYXaJtXDYFGx7q0SXvbuAj342updi\/preview\" width=\"640\" height=\"480\"><\/iframe><br \/>\n<iframe loading=\"lazy\" src=\"https:\/\/drive.google.com\/file\/d\/1p9PR1Xw-d1JM-HOmsfdHu59vKw3-leUS\/preview\" width=\"640\" height=\"480\"><\/iframe><\/p>\n<h1><span style=\"color: #800080;\">M\u00f2dul 1: 23\/10<\/span><\/h1>\n<p><iframe loading=\"lazy\" src=\"https:\/\/drive.google.com\/file\/d\/1q3FmXS9mHLVeY_nvWEcVnPS9nPe_a7Kq\/preview\" width=\"640\" height=\"480\"><\/iframe><\/p>\n<p><a href=\"https:\/\/drive.google.com\/drive\/folders\/1BlKUl15Kk1kkOxZmkeFO-3ilXbidct6o?usp=drive_link\">Carpeta drive<\/a>.<\/p>\n<h1><span style=\"color: #800080;\">M\u00f2dul 2: 30\/10<\/span><\/h1>\n<p><iframe loading=\"lazy\" src=\"https:\/\/drive.google.com\/file\/d\/1dnlU7egob3J748q29rLS8ptnltdcweKN\/preview\" width=\"640\" height=\"480\"><\/iframe><\/p>\n<p id=\"firstHeading\" class=\"firstHeading mw-first-heading\"><a href=\"http:\/\/Mary Ellen Wilson\"><span class=\"mw-page-title-main\">Mary Ellen Wilson<\/span><\/a><\/p>\n<p><a href=\"https:\/\/xtec.gencat.cat\/ca\/alumnat\/violencies\/material-i-recursos\/\">https:\/\/xtec.gencat.cat\/ca\/alumnat\/violencies\/material-i-recursos\/<\/a><\/p>\n<p><a href=\"https:\/\/drive.google.com\/drive\/folders\/1A4RR4xnFNPRByJByXq458atNulJaxWX6?usp=drive_link\">Carpeta drive<\/a><\/p>\n<h1><span style=\"color: #800080;\">M\u00f2dul 3: 19\/11<\/span><\/h1>\n<p><iframe loading=\"lazy\" src=\"https:\/\/drive.google.com\/file\/d\/1Z8n5zc-IBM5YyEK6UhOiu0IrKxSR6rWu\/preview\" width=\"640\" height=\"480\"><\/iframe><\/p>\n<p><iframe loading=\"lazy\" title=\"Prevenci\u00f3 i atenci\u00f3 de l'ab\u00fas sexual i infantil. Sentir que S\u00ed, sentir que No\" src=\"https:\/\/www.youtube.com\/embed\/tyrt92KwUak\" width=\"517\" height=\"238\" frameborder=\"0\" allowfullscreen=\"allowfullscreen\"><\/iframe><\/p>\n<p><a href=\"https:\/\/ajuntament.barcelona.cat\/infancia\/es\/canal\/sentir-que-si-sentir-que-no\">https:\/\/ajuntament.barcelona.cat\/infancia\/es\/canal\/sentir-que-si-sentir-que-no<\/a><\/p>\n<p><a href=\"https:\/\/dixit.gencat.cat\/web\/.content\/home\/04recursos\/02publicacions\/02publicacions_de_bsf\/04_familia_infancia_adolescencia\/marc-atencio-infants-adolescents-violencia-sexual\/2024.-Document-Marc-Barnahus.pdf\">https:\/\/dixit.gencat.cat\/web\/.content\/home\/04recursos\/02publicacions\/02publicacions_de_bsf\/04_familia_infancia_adolescencia\/marc-atencio-infants-adolescents-violencia-sexual\/2024.-Document-Marc-Barnahus.pdf<\/a><\/p>\n<h1><span style=\"color: #800080;\">M\u00f2dul 4: 26\/11<\/span><\/h1>\n<p><iframe loading=\"lazy\" src=\"https:\/\/drive.google.com\/file\/d\/1A9ch9bbjHcB_Wy0XU3Drnu5yui0TaslV\/preview\" width=\"640\" height=\"480\"><\/iframe><\/p>\n<p><a href=\"https:\/\/xtec.gencat.cat\/ca\/alumnat\/violencies\/pla-lelv-protocols\/\">https:\/\/xtec.gencat.cat\/ca\/alumnat\/violencies\/pla-lelv-protocols\/<\/a><\/p>\n<h1><span style=\"color: #00ff00;\">Formaci\u00f3 anterior<\/span><\/h1>\n<p><a href=\"https:\/\/agora.xtec.cat\/zerelsio\/wp-content\/uploads\/usu567\/2023\/11\/cocobe.png\"><img loading=\"lazy\" decoding=\"async\" class=\"alignnone size-full wp-image-12738\" src=\"https:\/\/agora.xtec.cat\/zerelsio\/wp-content\/uploads\/usu567\/2023\/11\/cocobe.png\" alt=\"\" width=\"736\" height=\"355\" srcset=\"https:\/\/agora.xtec.cat\/zerelsio\/wp-content\/uploads\/usu567\/2023\/11\/cocobe.png 736w, https:\/\/agora.xtec.cat\/zerelsio\/wp-content\/uploads\/usu567\/2023\/11\/cocobe-300x145.png 300w\" sizes=\"auto, (max-width: 736px) 100vw, 736px\" \/><\/a><\/p>\n<h1><span style=\"color: #00ff00;\">Objectius<\/span><\/h1>\n<ul style=\"list-style-type: square;\">\n<li>Con\u00e8ixer les funcions a desenvolupar de la nova figura coordinadora.<\/li>\n<li>Con\u00e8ixer el marc normatiu, protocols i accions a dur a terme en situacions de viol\u00e8ncia.<\/li>\n<li>Promoure el benestar de l&#8217;alumnat.<\/li>\n<li>Implementar propostes coeducadores i de conviv\u00e8ncia.<\/li>\n<\/ul>\n<p><a href=\"https:\/\/drive.google.com\/drive\/folders\/18XRE9_wzLrdgSj7NM5a1AFpt5KxleS-s?usp=sharing\">Carpeta materials sessions<\/a>.<\/p>\n<h2><span style=\"color: #ff0000;\">5a <\/span><span style=\"color: #ff0000;\">Sessi\u00f3: 29\/11 Benestar emocional<\/span><\/h2>\n<p><iframe loading=\"lazy\" src=\"https:\/\/drive.google.com\/file\/d\/13VIRG5Y-9Py_b7VKqrV2Jpp7-0n4pfCt\/preview\" width=\"640\" height=\"480\"><\/iframe><br \/>\n<iframe loading=\"lazy\" src=\"https:\/\/drive.google.com\/file\/d\/1urkyJ22sSRZHdMja-NdkQwpduMLS8Jvp\/preview\" width=\"640\" height=\"480\"><\/iframe><\/p>\n<h2><span style=\"color: #ff0000;\">4a <\/span><span style=\"color: #ff0000;\">Sessi\u00f3: 20\/11 Viol\u00e8ncies<\/span><\/h2>\n<p><iframe loading=\"lazy\" src=\"https:\/\/drive.google.com\/file\/d\/1RZbP75PLlwLIaa5ZcGZh3xN8QKyY8Ik2\/preview\" width=\"640\" height=\"480\"><\/iframe><\/p>\n<p><iframe loading=\"lazy\" src=\"https:\/\/drive.google.com\/file\/d\/1xTrOWFQo4KTiyNBgDf-kJZ6nLOqqegUg\/preview\" width=\"640\" height=\"480\"><\/iframe><\/p>\n<p><a href=\"https:\/\/agora.xtec.cat\/zerelsio\/wp-content\/uploads\/usu567\/2023\/11\/copa.png\"><img loading=\"lazy\" decoding=\"async\" class=\"alignnone size-full wp-image-12922\" src=\"https:\/\/agora.xtec.cat\/zerelsio\/wp-content\/uploads\/usu567\/2023\/11\/copa.png\" alt=\"\" width=\"220\" height=\"288\" \/><\/a>Gerro de Rubin.<\/p>\n<p>V\u00eddeos dibuixant el g\u00e8nere.<\/p>\n<p>V\u00eddeos introductoris sobre terminologia: <a href=\"http:\/\/www.dibgen.com\/index-ca.html\">Dibuixant el g\u00e8nere<\/a>.<br \/>\nTermcat. <a href=\"https:\/\/www.termcat.cat\/ca\/diccionaris-en-linia\/262\">Terminologia de la sexualitat i l\u2019erotisme<\/a>.<br \/>\nTermcat.<a href=\"https:\/\/www.termcat.cat\/ca\/diccionaris-en-linia\/256\"> Diccionari LGBT<\/a> (l\u00e8sbic, gai, bisexual, trans).<br \/>\nTermcat.<a href=\"https:\/\/www.termcat.cat\/ca\/diccionaris-en-linia\/223\"> Terminologia de les migracions<\/a>.<\/p>\n<h2><span style=\"color: #ff0000;\">3a <\/span><span style=\"color: #ff0000;\">Sessi\u00f3: 15\/11 Conviv\u00e8ncia positiva<\/span><\/h2>\n<p><iframe loading=\"lazy\" src=\"https:\/\/drive.google.com\/file\/d\/1ukqdBVeGropBzDnBQaAIW7nsDt9_0GJh\/preview\" width=\"640\" height=\"480\"><\/iframe><br \/>\n<iframe loading=\"lazy\" src=\"https:\/\/drive.google.com\/file\/d\/1MtobxRBLlEEoCHTnV4oUyCg6W4pGz0uh\/preview\" width=\"640\" height=\"480\"><\/iframe><br \/>\n<iframe loading=\"lazy\" src=\"https:\/\/drive.google.com\/file\/d\/1Va0r0HgnVfHqS0gVTj471D3R74tlH0Cl\/preview\" width=\"640\" height=\"480\"><\/iframe><br \/>\n<iframe loading=\"lazy\" src=\"https:\/\/drive.google.com\/file\/d\/1vo99CmjU6-CVt3AlJoHVaT471mfHy11v\/preview\" width=\"640\" height=\"480\"><\/iframe><\/p>\n<p><a href=\"https:\/\/xtec.gencat.cat\/web\/.content\/centres\/projeducatiu\/convivencia\/una-comunitat-educativa-restaurativa-i-resilient\/guia-per-al-desplegament-erg\/Guia-per-al-desplegament-ERG.pdf\">https:\/\/educacio.gencat.cat\/ca\/departament\/publicacions\/monografies\/guia-elaboracio-projecte-convivencia\/index.html<\/a><br \/>\nGuia PdC<\/p>\n<p><a href=\"https:\/\/xtec.gencat.cat\/web\/.content\/centres\/projeducatiu\/convivencia\/una-comunitat-educativa-restaurativa-i-resilient\/guia-per-al-desplegament-erg\/Guia-per-al-desplegament-ERG.pdf\">https:\/\/xtec.gencat.cat\/web\/.content\/centres\/projeducatiu\/convivencia\/una-comunitat-educativa-restaurativa-i-resilient\/guia-per-al-desplegament-erg\/Guia-per-al-desplegament-ERG.pdf<\/a><br \/>\nGuia comunitat restaurativa<\/p>\n<p><a href=\"https:\/\/xtec.gencat.cat\/ca\/centres\/projeducatiu\/convivencia\/una-comunitat-educativa-restaurativa-i-resilient\/petit-manual-erg-dossiers\/\">https:\/\/xtec.gencat.cat\/ca\/centres\/projeducatiu\/convivencia\/una-comunitat-educativa-restaurativa-i-resilient\/petit-manual-erg-dossiers\/<\/a><br \/>\n<span style=\"font-family: inherit; font-size: 1em;\">Manual<\/span><\/p>\n<p><a href=\"https:\/\/xtec.gencat.cat\/ca\/centres\/projeducatiu\/convivencia\/una-comunitat-educativa-restaurativa-i-resilient\/\">https:\/\/xtec.gencat.cat\/ca\/centres\/projeducatiu\/convivencia\/una-comunitat-educativa-restaurativa-i-resilient\/<\/a><\/p>\n<p><a href=\"https:\/\/xtec.gencat.cat\/ca\/innovacio\/programes_innovacio\/educacio-secundaria-obligatoria-i-batxillerat\/enfocament-restauratiu-global\/\">https:\/\/xtec.gencat.cat\/ca\/innovacio\/programes_innovacio\/educacio-secundaria-obligatoria-i-batxillerat\/enfocament-restauratiu-global\/<\/a><br \/>\nProjecte d&#8217;innovaci\u00f3 ERG (Enfocament Restauratiu Global)<\/p>\n<h2><span style=\"color: #ff0000;\">2a <\/span><span style=\"color: #ff0000;\">Sessi\u00f3: 08\/11 Coeducaci\u00f3<\/span><\/h2>\n<p><iframe loading=\"lazy\" src=\"https:\/\/drive.google.com\/file\/d\/1pzgu7PXZkuaWFTHa7mnKhZLL1AlGaF9_\/preview\" width=\"640\" height=\"480\"><\/iframe><br \/>\n<iframe loading=\"lazy\" src=\"https:\/\/drive.google.com\/file\/d\/1m9QT_Y3fseAS5BbzO6RHhQxrDgJ2dPmN\/preview\" width=\"640\" height=\"480\"><\/iframe><br \/>\n<iframe loading=\"lazy\" title=\"QU\u00c8 \u00c9S LA DIVERSITAT SEXUAL? EXPLICACI\u00d3 F\u00c0CIL\" src=\"https:\/\/www.youtube.com\/embed\/1QbTZYiQ6BA\" width=\"709\" height=\"399\" frameborder=\"0\" allowfullscreen=\"allowfullscreen\"><\/iframe><br \/>\n<iframe loading=\"lazy\" src=\"https:\/\/drive.google.com\/file\/d\/10yG1_1FBlSUs6GUym8pw2IuTJnfCa2YU\/preview\" width=\"640\" height=\"480\"><\/iframe><br \/>\n<iframe loading=\"lazy\" src=\"https:\/\/drive.google.com\/file\/d\/1toO2goYGgNrCpWn8HOhfij_EIzeRR1uH\/preview\" width=\"640\" height=\"480\"><\/iframe><br \/>\n<iframe loading=\"lazy\" src=\"https:\/\/drive.google.com\/file\/d\/1DSaM6A4-URxkgy7Bc99eFCS0oh4oqOQm\/preview\" width=\"640\" height=\"480\"><\/iframe><br \/>\n<iframe loading=\"lazy\" src=\"https:\/\/drive.google.com\/file\/d\/1GJdv8VtDFp6NjjDBpQnkH_WisgxI8bi8\/preview\" width=\"640\" height=\"480\"><\/iframe><\/p>\n<p><a href=\"https:\/\/agora.xtec.cat\/zerelsio\/projectes\/zer-coeducat\/\" target=\"_blank\" rel=\"noopener\">https:\/\/agora.xtec.cat\/zerelsio\/projectes\/zer-coeducat\/<\/a><\/p>\n<h2><span style=\"color: #ff0000;\">1a Sessi\u00f3: 02\/11 Contextualitzaci\u00f3<\/span><\/h2>\n<p><iframe loading=\"lazy\" src=\"https:\/\/drive.google.com\/file\/d\/1S1wlUGTdfgBvL1h0V-cjK4aQhE5xaW2T\/preview\" width=\"640\" height=\"480\"><\/iframe><\/p>\n<p><iframe loading=\"lazy\" src=\"https:\/\/drive.google.com\/file\/d\/1F23CcDlYWZYqSwqb6YuLxjLgcJUjmE34\/preview\" width=\"640\" height=\"480\"><\/iframe><\/p>\n<h1><span style=\"color: #00ff00;\">Jornada Benestar de l&#8217;Alumnat, <\/span><span style=\"color: #00ff00;\">23\/10 a Corbins.<\/span><\/h1>\n<ul>\n<li>\n<div><a href=\"https:\/\/objenv.gencat.cat\/v4\/public\/estadisticas\/link\/gencat_educacio\/406\/1\/218234\/1f4e063c74b3e9cd21023def990f4fc3\/\" target=\"_blank\" rel=\"noopener\" data-saferedirecturl=\"https:\/\/www.google.com\/url?q=https:\/\/objenv.gencat.cat\/v4\/public\/estadisticas\/link\/gencat_educacio\/406\/1\/218234\/1f4e063c74b3e9cd21023def990f4fc3\/&amp;source=gmail&amp;ust=1699453023649000&amp;usg=AOvVaw1rbe-zdn_T2cK2D7Edg7dO\">El benestar de l\u2019alumnat i les situacions de viol\u00e8ncia<\/a>\u00a0(document)<\/div>\n<\/li>\n<\/ul>\n<p><iframe loading=\"lazy\" src=\"https:\/\/drive.google.com\/file\/d\/1is0r4VVmmxUMEBjgF2uTqMhwd-emYt4Z\/preview\" width=\"640\" height=\"480\"><\/iframe><\/p>\n<ul>\n<li>\n<div><a href=\"https:\/\/objenv.gencat.cat\/v4\/public\/estadisticas\/link\/gencat_educacio\/412\/2\/218234\/8b12085a88b908a653126aacb03e724b\/\" target=\"_blank\" rel=\"noopener\" data-saferedirecturl=\"https:\/\/www.google.com\/url?q=https:\/\/objenv.gencat.cat\/v4\/public\/estadisticas\/link\/gencat_educacio\/412\/2\/218234\/8b12085a88b908a653126aacb03e724b\/&amp;source=gmail&amp;ust=1699940211575000&amp;usg=AOvVaw1k1a6MrvRcIoiIU44yuvfP\">Conversa amb Fran Villar \u201cEl benestar de l&#8217;alumnat i les situacions de viol\u00e8ncia\u201d<\/a> (v\u00eddeo)<\/div>\n<\/li>\n<\/ul>\n<p><iframe loading=\"lazy\" title=\"Conversa amb Fran Villar | El benestar de l'alumnat i les situacions de viol\u00e8ncia (Jornades COCOBE)\" src=\"https:\/\/www.youtube.com\/embed\/iHOmaulG9sc\" width=\"853\" height=\"480\" frameborder=\"0\" allowfullscreen=\"allowfullscreen\"><\/iframe><\/p>\n<p><a href=\"https:\/\/agora.xtec.cat\/zerelsio\/projectes\/projecte-de-convivencia\/\">https:\/\/agora.xtec.cat\/zerelsio\/projectes\/projecte-de-convivencia\/<\/a><\/p>\n","protected":false},"excerpt":{"rendered":"<p><a href=\"https:\/\/agora.xtec.cat\/zerelsio\/wp-content\/uploads\/usu567\/2024\/06\/curs2024_2025.png\"><\/a><\/p>\n<ul>\n<li>\n9001110519 Aprofundiment\u00a0sobre\u00a0viol\u00e8ncies\u00a0pel Coordinador\/a coeducaci\u00f3, conviv\u00e8ncia i benestar\n<\/li>\n<\/ul>\n<p>Informaci\u00f3<\/p>\n<p>M\u00f2dul 1: 23\/10<\/p>\n<p><a href=\"https:\/\/drive.google.com\/drive\/folders\/1BlKUl15Kk1kkOxZmkeFO-3ilXbidct6o?usp=drive_link\">Carpeta drive<\/a>.<br \/>\nM\u00f2dul 2: 30\/10<\/p>\n<p><a href=\"http:\/\/Mary Ellen Wilson\">Mary Ellen Wilson<\/a><br \/>\n<a href=\"https:\/\/xtec.gencat.cat\/ca\/alumnat\/violencies\/material-i-recursos\/\">https:\/\/xtec.gencat.cat\/ca\/alumnat\/violencies\/material-i-recursos\/<\/a><br \/>\n<a href=\"https:\/\/drive.google.com\/drive\/folders\/1A4RR4xnFNPRByJByXq458atNulJaxWX6?usp=drive_link\">Carpeta drive<\/a><br \/>\nM\u00f2dul 3: 19\/11<\/p>\n<p><a href=\"https:\/\/ajuntament.barcelona.cat\/infancia\/es\/canal\/sentir-que-si-sentir-que-no\">https:\/\/ajuntament.barcelona.cat\/infancia\/es\/canal\/sentir-que-si-sentir-que-no<\/a><br \/>\n<a href=\"https:\/\/dixit.gencat.cat\/web\/.content\/home\/04recursos\/02publicacions\/02publicacions_de_bsf\/04_familia_infancia_adolescencia\/marc-atencio-infants-adolescents-violencia-sexual\/2024.-Document-Marc-Barnahus.pdf\">https:\/\/dixit.gencat.cat\/web\/.content\/home\/04recursos\/02publicacions\/02publicacions_de_bsf\/04_familia_infancia_adolescencia\/marc-atencio-infants-adolescents-violencia-sexual\/2024.-Document-Marc-Barnahus.pdf<\/a><br \/>\nM\u00f2dul 4: 26\/11<\/p>\n<p><a href=\"https:\/\/xtec.gencat.cat\/ca\/alumnat\/violencies\/pla-lelv-protocols\/\">https:\/\/xtec.gencat.cat\/ca\/alumnat\/violencies\/pla-lelv-protocols\/<\/a><br \/>\nFormaci\u00f3 anterior<br \/>\n<a href=\"https:\/\/agora.xtec.cat\/zerelsio\/wp-content\/uploads\/usu567\/2023\/11\/cocobe.png\"><\/a><br \/>\nObjectius<\/p>\n<ul style=\"list-style-type: square;\">\n<li>Con\u00e8ixer les funcions a desenvolupar de la nova figura coordinadora.<\/li>\n<li>Con\u00e8ixer el marc normatiu,&hellip;  <a href=\"https:\/\/agora.xtec.cat\/zerelsio\/projectes\/projecte-de-convivencia\/formacio-cocobe\/\" title=\"Read Formaci\u00f3 COCOBE\">Llegeix m\u00e9s\u00bb<\/a><br \/>\n","protected":false},"author":3,"featured_media":0,"parent":1249,"menu_order":1,"comment_status":"closed","ping_status":"closed","template":"","meta":{"_bbp_topic_count":0,"_bbp_reply_count":0,"_bbp_total_topic_count":0,"_bbp_total_reply_count":0,"_bbp_voice_count":0,"_bbp_anonymous_reply_count":0,"_bbp_topic_count_hidden":0,"_bbp_reply_count_hidden":0,"_bbp_forum_subforum_count":0,"footnotes":""},"class_list":["post-12712","page","type-page","status-publish","hentry"],"post_mailing_queue_ids":[],"_links":{"self":[{"href":"https:\/\/agora.xtec.cat\/zerelsio\/wp-json\/wp\/v2\/pages\/12712","targetHints":{"allow":["GET"]}}],"collection":[{"href":"https:\/\/agora.xtec.cat\/zerelsio\/wp-json\/wp\/v2\/pages"}],"about":[{"href":"https:\/\/agora.xtec.cat\/zerelsio\/wp-json\/wp\/v2\/types\/page"}],"author":[{"embeddable":true,"href":"https:\/\/agora.xtec.cat\/zerelsio\/wp-json\/wp\/v2\/users\/3"}],"replies":[{"embeddable":true,"href":"https:\/\/agora.xtec.cat\/zerelsio\/wp-json\/wp\/v2\/comments?post=12712"}],"version-history":[{"count":6,"href":"https:\/\/agora.xtec.cat\/zerelsio\/wp-json\/wp\/v2\/pages\/12712\/revisions"}],"predecessor-version":[{"id":15754,"href":"https:\/\/agora.xtec.cat\/zerelsio\/wp-json\/wp\/v2\/pages\/12712\/revisions\/15754"}],"up":[{"embeddable":true,"href":"https:\/\/agora.xtec.cat\/zerelsio\/wp-json\/wp\/v2\/pages\/1249"}],"wp:attachment":[{"href":"https:\/\/agora.xtec.cat\/zerelsio\/wp-json\/wp\/v2\/media?parent=12712"}],"curies":[{"name":"wp","href":"https:\/\/api.w.org\/{rel}","templated":true}]}}