{"id":1249,"date":"2018-07-18T06:43:22","date_gmt":"2018-07-18T04:43:22","guid":{"rendered":"http:\/\/agora.xtec.cat\/zerelsio\/?page_id=1249"},"modified":"2024-08-09T20:00:40","modified_gmt":"2024-08-09T18:00:40","slug":"projecte-de-convivencia","status":"publish","type":"page","link":"https:\/\/agora.xtec.cat\/zerelsio\/projectes\/projecte-de-convivencia\/","title":{"rendered":"Projecte de conviv\u00e8ncia"},"content":{"rendered":"<p><a href=\"http:\/\/xtec.gencat.cat\/ca\/centres\/projeducatiu\/convivencia\/\"><img loading=\"lazy\" decoding=\"async\" class=\"alignnone wp-image-11420\" src=\"https:\/\/agora.xtec.cat\/zerelsio\/wp-content\/uploads\/usu567\/2023\/03\/mans.png\" alt=\"\" width=\"633\" height=\"608\" srcset=\"https:\/\/agora.xtec.cat\/zerelsio\/wp-content\/uploads\/usu567\/2023\/03\/mans.png 738w, https:\/\/agora.xtec.cat\/zerelsio\/wp-content\/uploads\/usu567\/2023\/03\/mans-300x288.png 300w\" sizes=\"auto, (max-width: 633px) 100vw, 633px\" \/><\/a><\/p>\n<p><a href=\"https:\/\/educacio.gencat.cat\/ca\/departament\/publicacions\/monografies\/guia-elaboracio-projecte-convivencia\/\">Guia per a l&#8217;elaboraci\u00f3 del Projecte de conviv\u00e8ncia. Departament d&#8217;Educaci\u00f3 (gencat.cat)<\/a><\/p>\n<p><iframe loading=\"lazy\" src=\"https:\/\/drive.google.com\/file\/d\/19lO-guayP6-ACmLCK_g8fn_zAgb9Vj6E\/preview\" width=\"640\" height=\"480\"><\/iframe><\/p>\n<h3><span style=\"color: #ff0000;\">Protocols per a la millora de la conviv\u00e8ncia<\/span><\/h3>\n<p><a href=\"https:\/\/xtec.gencat.cat\/ca\/centres\/projeducatiu\/convivencia\/protocols\/\">https:\/\/xtec.gencat.cat\/ca\/centres\/projeducatiu\/convivencia\/protocols\/<\/a><\/p>\n<p>Els protocols publicats fins al moment s\u00f3n:<\/p>\n<ul>\n<li><a href=\"http:\/\/xtec.gencat.cat\/ca\/centres\/projeducatiu\/convivencia\/protocols\/assetjament-escolar-persones-lgbti\/index.html\">Protocol de prevenci\u00f3, detecci\u00f3 i intervenci\u00f3 enfront l\u2019assetjament escolar a persones LGBTI<\/a><\/li>\n<\/ul>\n<ul>\n<li><a href=\"http:\/\/xtec.gencat.cat\/ca\/centres\/projeducatiu\/convivencia\/protocols\/assetjament-ciberassetjament-entre-iguals\/index.html\">Protocol de prevenci\u00f3, detecci\u00f3 i intervenci\u00f3 davant l&#8217;assetjament i el ciberassetjament entre iguals<\/a><\/li>\n<\/ul>\n<ul>\n<li><a href=\"http:\/\/xtec.gencat.cat\/ca\/centres\/projeducatiu\/convivencia\/protocols\/conductes-odi-i-discriminacio\/\">Protocol de prevenci\u00f3, detecci\u00f3 i intervenci\u00f3 davant conductes d&#8217;odi i discriminaci\u00f3<\/a><\/li>\n<\/ul>\n<ul>\n<li><a href=\"http:\/\/xtec.gencat.cat\/ca\/centres\/projeducatiu\/convivencia\/protocols\/conflicte-comissio-infraccio-penal\/index.html\">Protocol d&#8217;actuaci\u00f3 amb menors de catorze anys en situacions de conflicte o comissi\u00f3 d&#8217;una infracci\u00f3 penal<\/a><\/li>\n<\/ul>\n<ul>\n<li><a href=\"http:\/\/xtec.gencat.cat\/ca\/centres\/projeducatiu\/convivencia\/protocols\/conflictes-greus\/index.html\">Protocol d&#8217;intervenci\u00f3 en cas de conflicte greu<\/a><\/li>\n<\/ul>\n<ul>\n<li><a href=\"http:\/\/xtec.gencat.cat\/ca\/centres\/projeducatiu\/convivencia\/protocols\/maltractament-infantil-adolescent\/index.html\">Protocol de prevenci\u00f3, detecci\u00f3, notificaci\u00f3, derivaci\u00f3 i coordinaci\u00f3 de les situacions de maltractament infantil i adolescent en l&#8217;\u00e0mbit educatiu<\/a><\/li>\n<\/ul>\n<ul>\n<li><a href=\"http:\/\/xtec.gencat.cat\/ca\/centres\/projeducatiu\/convivencia\/protocols\/violencia-masclista\/index.html\">Protocol de prevenci\u00f3, detecci\u00f3 i intervenci\u00f3 davant la viol\u00e8ncia masclista entre l\u2019alumnat<\/a><\/li>\n<\/ul>\n<ul>\n<li><a href=\"http:\/\/xtec.gencat.cat\/ca\/centres\/projeducatiu\/convivencia\/protocols\/absentisme\/index.html\">Protocol d\u2019\u00e0mbit comunitari de prevenci\u00f3, detecci\u00f3 i intervenci\u00f3 davant situacions d\u2019absentisme<\/a><\/li>\n<\/ul>\n<ul>\n<li><a title=\"Protocol per a l\u2019atenci\u00f3 i acompanyament de l\u2019alumnat transg\u00e8nere en els centres educatius\" href=\"https:\/\/xtec.gencat.cat\/ca\/centres\/projeducatiu\/convivencia\/protocols\/atencio-acompanyament-alumnat-transgenere\/index.html\">Protocol per a l\u2019atenci\u00f3 i acompanyament de l\u2019alumnat transg\u00e8nere en els centres educatius<\/a><\/li>\n<li>\n<p class=\"NG-menu__title\"><a href=\"https:\/\/xtec.gencat.cat\/ca\/centres\/projeducatiu\/convivencia\/protocols\/\">Protocol d&#8217;actuaci\u00f3 davant de qualsevol tipus de viol\u00e8ncia en l&#8217;\u00e0mbit educatiu<\/a><\/p>\n<\/li>\n<li><a href=\"https:\/\/educacio.gencat.cat\/ca\/departament\/publicacions\/protocols\/atencio-acompanyament-alumnat-transgenere\/\">Protocol per a l&#8217;atenci\u00f3 i l&#8217;acompanyament de l&#8217;alumnat transg\u00e8nere als centres educatius<\/a><\/li>\n<\/ul>\n<p>Altres protocols es poden consultar a\u00a0<a href=\"https:\/\/espai.educacio.gencat.cat\/Pagines\/Inici.aspx\" target=\"_blank\" rel=\"noopener\" data-saferedirecturl=\"https:\/\/www.google.com\/url?q=https:\/\/espai.educacio.gencat.cat\/Pagines\/Inici.aspx&amp;source=gmail&amp;ust=1603257790459000&amp;usg=AFQjCNERyXt2gDWbhZ1WxcvxkoiAuZFcEg\">Cat\u00e0leg de protocols (Portal de centre)<\/a>.<\/p>\n<h3><span style=\"color: #ff0000;\">Planificaci\u00f3 del proc\u00e9s d&#8217;elaboraci\u00f3 del Projecte de conviv\u00e8ncia:<\/span><\/h3>\n<p><iframe loading=\"lazy\" src=\"https:\/\/drive.google.com\/file\/d\/112XVHiH4KhwpZoV4A0oLEnEfQY3yn4NR\/preview\" width=\"640\" height=\"480\"><\/iframe><br \/>\n<iframe loading=\"lazy\" src=\"https:\/\/drive.google.com\/file\/d\/1wKGjJUbR0L1ngIf2knXZKiEejXP7V6JL\/preview\" width=\"640\" height=\"480\"><\/iframe><\/p>\n<p><iframe loading=\"lazy\" src=\"https:\/\/drive.google.com\/file\/d\/13BwQk-RYL02L4r8mnUqs7Ki2P32Y450X\/preview\" width=\"640\" height=\"480\"><\/iframe><\/p>\n<p><a href=\"https:\/\/xtec.gencat.cat\/ca\/centres\/projeducatiu\/convivencia\/normativa\/\">https:\/\/xtec.gencat.cat\/ca\/centres\/projeducatiu\/convivencia\/normativa\/<\/a><\/p>\n<p><a href=\"https:\/\/xtec.gencat.cat\/ca\/centres\/projeducatiu\/convivencia\/normativa\/organitzacio\/\">https:\/\/xtec.gencat.cat\/ca\/centres\/projeducatiu\/convivencia\/normativa\/organitzacio\/<\/a><\/p>\n<p><a href=\"https:\/\/xtec.gencat.cat\/ca\/centres\/projeducatiu\/convivencia\/recursos\/orgacentre\/acollida\/\">https:\/\/xtec.gencat.cat\/ca\/centres\/projeducatiu\/convivencia\/recursos\/orgacentre\/acollida\/<\/a><\/p>\n<p><a href=\"https:\/\/xtec.gencat.cat\/ca\/projectes\/alumnat-origen-estranger\/alumnatnou\/acollida\/\">https:\/\/xtec.gencat.cat\/ca\/projectes\/alumnat-origen-estranger\/alumnatnou\/acollida\/<\/a><\/p>\n<h3><span style=\"color: #ff0000;\">Coordinaci\u00f3 Coeducaci\u00f3, Conviv\u00e8ncia i Benestar de l&#8217;Alumnat (COCOBE)<\/span><\/h3>\n<h3><span style=\"color: #ff0000;\">Normativa, curs 2024\/2025:<\/span><\/h3>\n<p><iframe loading=\"lazy\" src=\"https:\/\/drive.google.com\/file\/d\/1o4--jIxPwnri2ckbYWg2tma0yth4C2fI\/preview\" width=\"640\" height=\"480\"><\/iframe><br \/>\n<iframe loading=\"lazy\" src=\"https:\/\/drive.google.com\/file\/d\/1fsqzm8eTAyciiHau__iCYtlo9MYhvPjY\/preview\" width=\"640\" height=\"480\" allow=\"autoplay\"><\/iframe><\/p>\n<h5><a href=\"https:\/\/dogc.gencat.cat\/ca\/document-del-dogc\/?documentId=878543\">RESOLUCI\u00d3 EDU\/1753\/2020<\/a>, <span style=\"color: #ff0000;\">de 16 de juliol, per la qual es modifica la Resoluci\u00f3 ENS\/585\/2017, de 17 de mar\u00e7, per la qual s&#8217;estableix l&#8217;elaboraci\u00f3 i la implementaci\u00f3 del Projecte de Conviv\u00e8ncia en els centres educatius dins del marc del Projecte Educatiu de Centre<\/span>.<\/h5>\n<h1><span style=\"color: #00ff00;\">PLA ESCOLES LLIURES DE VIOL\u00c8NCIA (LELV)<\/span><\/h1>\n<p><a href=\"https:\/\/xtec.gencat.cat\/ca\/centres\/projeducatiu\/pla-escoles-lliures-de-violencies\/\">https:\/\/xtec.gencat.cat\/ca\/centres\/projeducatiu\/pla-escoles-lliures-de-violencies\/<\/a><\/p>\n<p><iframe loading=\"lazy\" src=\"https:\/\/drive.google.com\/file\/d\/1aBR52ukmzsmQt6BLCEVJSDMRZfu8QYXq\/preview\" width=\"640\" height=\"480\"><\/iframe><\/p>\n<p><iframe loading=\"lazy\" src=\"https:\/\/drive.google.com\/file\/d\/1wU1VX9osmO8DUqCxXBLUO0CRn7QKlNrf\/preview\" width=\"640\" height=\"480\"><\/iframe><\/p>\n<p><iframe loading=\"lazy\" src=\"https:\/\/drive.google.com\/file\/d\/1_26KC-m31k73mQXTui5rBe1cm3M5AtMp\/preview\" width=\"640\" height=\"480\"><\/iframe><\/p>\n<p><iframe loading=\"lazy\" src=\"https:\/\/drive.google.com\/file\/d\/1rEVDQO2OyZLPFHXm_pEyJAWitXDL172v\/preview\" width=\"640\" height=\"480\"><\/iframe><br \/>\n<iframe loading=\"lazy\" src=\"https:\/\/drive.google.com\/file\/d\/15EQwd_JuWa1J5oiwzCNkHAeWwAMcWz1t\/preview\" width=\"640\" height=\"480\"><\/iframe><br \/>\n<iframe loading=\"lazy\" src=\"https:\/\/drive.google.com\/file\/d\/1wi8hYmIQim4Ocuv0mBgpiQ4uKdtwn6VB\/preview\" width=\"640\" height=\"480\"><\/iframe><\/p>\n","protected":false},"excerpt":{"rendered":"<p><a href=\"http:\/\/xtec.gencat.cat\/ca\/centres\/projeducatiu\/convivencia\/\"><\/a><br \/>\n<a href=\"https:\/\/educacio.gencat.cat\/ca\/departament\/publicacions\/monografies\/guia-elaboracio-projecte-convivencia\/\">Guia per a l&#8217;elaboraci\u00f3 del Projecte de conviv\u00e8ncia. Departament d&#8217;Educaci\u00f3 (gencat.cat)<\/a><\/p>\n<p>Protocols per a la millora de la conviv\u00e8ncia<br \/>\n<a href=\"https:\/\/xtec.gencat.cat\/ca\/centres\/projeducatiu\/convivencia\/protocols\/\">https:\/\/xtec.gencat.cat\/ca\/centres\/projeducatiu\/convivencia\/protocols\/<\/a><br \/>\nEls protocols publicats fins al moment s\u00f3n:<\/p>\n<ul>\n<li><a href=\"http:\/\/xtec.gencat.cat\/ca\/centres\/projeducatiu\/convivencia\/protocols\/assetjament-escolar-persones-lgbti\/index.html\">Protocol de prevenci\u00f3, detecci\u00f3 i intervenci\u00f3 enfront l\u2019assetjament escolar a persones LGBTI<\/a><\/li>\n<\/ul>\n<ul>\n<li><a href=\"http:\/\/xtec.gencat.cat\/ca\/centres\/projeducatiu\/convivencia\/protocols\/assetjament-ciberassetjament-entre-iguals\/index.html\">Protocol de prevenci\u00f3, detecci\u00f3 i intervenci\u00f3&hellip;  <a href=\"https:\/\/agora.xtec.cat\/zerelsio\/projectes\/projecte-de-convivencia\/\" title=\"Read Projecte de conviv\u00e8ncia\">Llegeix m\u00e9s\u00bb<\/a><br \/>\n","protected":false},"author":3,"featured_media":0,"parent":992,"menu_order":7,"comment_status":"closed","ping_status":"closed","template":"page-templates\/side-menu.php","meta":{"_bbp_topic_count":0,"_bbp_reply_count":0,"_bbp_total_topic_count":0,"_bbp_total_reply_count":0,"_bbp_voice_count":0,"_bbp_anonymous_reply_count":0,"_bbp_topic_count_hidden":0,"_bbp_reply_count_hidden":0,"_bbp_forum_subforum_count":0,"footnotes":""},"class_list":["post-1249","page","type-page","status-publish","hentry"],"post_mailing_queue_ids":[],"_links":{"self":[{"href":"https:\/\/agora.xtec.cat\/zerelsio\/wp-json\/wp\/v2\/pages\/1249","targetHints":{"allow":["GET"]}}],"collection":[{"href":"https:\/\/agora.xtec.cat\/zerelsio\/wp-json\/wp\/v2\/pages"}],"about":[{"href":"https:\/\/agora.xtec.cat\/zerelsio\/wp-json\/wp\/v2\/types\/page"}],"author":[{"embeddable":true,"href":"https:\/\/agora.xtec.cat\/zerelsio\/wp-json\/wp\/v2\/users\/3"}],"replies":[{"embeddable":true,"href":"https:\/\/agora.xtec.cat\/zerelsio\/wp-json\/wp\/v2\/comments?post=1249"}],"version-history":[{"count":6,"href":"https:\/\/agora.xtec.cat\/zerelsio\/wp-json\/wp\/v2\/pages\/1249\/revisions"}],"predecessor-version":[{"id":14874,"href":"https:\/\/agora.xtec.cat\/zerelsio\/wp-json\/wp\/v2\/pages\/1249\/revisions\/14874"}],"up":[{"embeddable":true,"href":"https:\/\/agora.xtec.cat\/zerelsio\/wp-json\/wp\/v2\/pages\/992"}],"wp:attachment":[{"href":"https:\/\/agora.xtec.cat\/zerelsio\/wp-json\/wp\/v2\/media?parent=1249"}],"curies":[{"name":"wp","href":"https:\/\/api.w.org\/{rel}","templated":true}]}}