{"id":10815,"date":"2022-11-26T19:35:16","date_gmt":"2022-11-26T18:35:16","guid":{"rendered":"https:\/\/agora.xtec.cat\/zerelsio\/?page_id=10815"},"modified":"2024-08-09T20:17:45","modified_gmt":"2024-08-09T18:17:45","slug":"dia-internacional-per-eliminar-la-violencia-envers-les-dones","status":"publish","type":"page","link":"https:\/\/agora.xtec.cat\/zerelsio\/projectes\/zer-coeducat\/dia-internacional-per-eliminar-la-violencia-envers-les-dones\/","title":{"rendered":"Dia Internacional per Eliminar la Viol\u00e8ncia envers les Dones."},"content":{"rendered":"<h3>En el Dia Internacional per l&#8217;Eliminaci\u00f3 de la Viol\u00e8ncia contra les Dones, i aprofitant que estem realitzant el projecte, &#8220;<a href=\"https:\/\/blocs.xtec.cat\/butbloc\/2022\/11\/10\/la-reproduccio-i-la-diversitat-sexual\/\">La reproducci\u00f3 i la diversitat sexual<\/a>&#8220;; hem reflexionat sobre aquests cartells, que ens han arribat als centres:<br \/>\n<iframe loading=\"lazy\" src=\"https:\/\/drive.google.com\/file\/d\/13bzp5Cg0viXfDmm27l3QXx1nKVvuoAC_\/preview\" width=\"640\" height=\"480\"><\/iframe><br \/>\n<iframe loading=\"lazy\" src=\"https:\/\/drive.google.com\/file\/d\/14OU7oJmbTVi-Dki927a6f0yeMUmJYeAo\/preview\" width=\"640\" height=\"480\"><\/iframe><br \/>\n<iframe loading=\"lazy\" src=\"https:\/\/drive.google.com\/file\/d\/1hf9CTppYfBGwjyN4MQ_4UHIv_ukv7vWl\/preview\" width=\"640\" height=\"480\"><\/iframe><\/h3>\n<h3>Tamb\u00e9 hem fet una ullada als \u00faltims llibres adquirits, i molts els hem relacionat amb el tema; augmentant el rac\u00f3 violeta!<\/h3>\n<p><iframe loading=\"lazy\" src=\"https:\/\/player.vimeo.com\/video\/58309821?h=272b26209f\" width=\"640\" height=\"512\" frameborder=\"0\" allowfullscreen=\"allowfullscreen\"><\/iframe><\/p>\n<p><a href=\"https:\/\/vimeo.com\/58309821\">Aquest conte no s&#8217;ha acabat<\/a> from <a href=\"https:\/\/vimeo.com\/cuentistes\">Cuentistes<\/a> on <a href=\"https:\/\/vimeo.com\">Vimeo<\/a>.<\/p>\n<p><a href=\"https:\/\/agora.xtec.cat\/zerelsio\/wp-content\/uploads\/usu567\/2022\/11\/Raco-Violeta.jpg\"><img loading=\"lazy\" decoding=\"async\" class=\"alignnone size-full wp-image-10825\" src=\"https:\/\/agora.xtec.cat\/zerelsio\/wp-content\/uploads\/usu567\/2022\/11\/Raco-Violeta.jpg\" alt=\"\" width=\"118\" height=\"114\" \/><\/a><\/p>\n<h3><span style=\"color: #993366;\">Bibliografia<\/span><\/h3>\n<p><a href=\"https:\/\/escoles.fundesplai.org\/blog\/promocio-de-la-salut\/40-contes-per-la-igualtat-de-genere-i-la-violencia-zero-2-educacio-primaria\/\">https:\/\/escoles.fundesplai.org\/blog\/promocio-de-la-salut\/40-contes-per-la-igualtat-de-genere-i-la-violencia-zero-2-educacio-primaria\/<\/a><\/p>\n<p><a href=\"https:\/\/escoles.fundesplai.org\/blog\/petita-infancia\/40-contes-per-la-igualtat-de-genere-i-la-violencia-zero-educacio-infantil\/\" target=\"_blank\" rel=\"noopener\">https:\/\/escoles.fundesplai.org\/blog\/petita-infancia\/40-contes-per-la-igualtat-de-genere-i-la-violencia-zero-educacio-infantil\/<\/a><\/p>\n<p><a href=\"https:\/\/milleniumbeg.cultura.gencat.cat\/search~S70*cat\/?searchtype=h&amp;searcharg=raco+violeta%2a&amp;searchscope=70&amp;sortdropdown=t&amp;SORT=D&amp;extended=0&amp;SUBMIT=Cerca&amp;searchlimits=&amp;searchorigarg=hraco+violeta\">M\u00e9s<\/a>!<\/p>\n<h3><span style=\"color: #993366;\">Origen<\/span><\/h3>\n<p><a href=\"https:\/\/www.un.org\/es\/observances\/ending-violence-against-women-day\/background\">https:\/\/www.un.org\/es\/observances\/ending-violence-against-women-day\/background<\/a><\/p>\n<h3><span style=\"color: #993366;\">Recursos<\/span><\/h3>\n<p><a href=\"https:\/\/xtec.gencat.cat\/ca\/centres\/celebracions\/2022\/eliminacio-violencia-dones\/\">httpshttps:\/\/xtec.gencat.cat\/ca\/centres\/celebracions\/2022\/eliminacio-violencia-dones\/<\/a><\/p>\n<p><a href=\"https:\/\/igualtat.gencat.cat\/ca\/actualitat\/campanyes\/25n-dia-internacional-per-lerradicacio-de-la-violencia-vers-les-dones\/index.html\">https:\/\/igualtat.gencat.cat\/ca\/actualitat\/campanyes\/25n-dia-internacional-per-lerradicacio-de-la-violencia-vers-les-dones\/index.html<\/a><\/p>\n<p><a href=\"https:\/\/educacio.gencat.cat\/ca\/departament\/publicacions\/campanyes\/dia-internacional-eliminacio-violencia-envers-dones\/\">https:\/\/educacio.gencat.cat\/ca\/departament\/publicacions\/campanyes\/dia-internacional-eliminacio-violencia-envers-dones\/<\/a><\/p>\n<blockquote class=\"wp-embedded-content\" data-secret=\"z5lB05bZed\"><p><a href=\"https:\/\/serveiseducatius.xtec.cat\/baixllobregat6\/politicaeducativa\/dia-internacional-per-a-leliminacio-de-la-violencia-envers-les-dones-25-de-novembre\/\">Dia Internacional per a l\u2019Eliminaci\u00f3 de la Viol\u00e8ncia envers les Dones 25 de Novembre<\/a><\/p><\/blockquote>\n<p><iframe loading=\"lazy\" class=\"wp-embedded-content\" sandbox=\"allow-scripts\" security=\"restricted\" style=\"position: absolute; clip: rect(1px, 1px, 1px, 1px);\" title=\"&#8220;Dia Internacional per a l\u2019Eliminaci\u00f3 de la Viol\u00e8ncia envers les Dones 25 de Novembre&#8221; &#8212; SERVEI EDUCATIU BAIX LLOBREGAT VI\" src=\"https:\/\/serveiseducatius.xtec.cat\/baixllobregat6\/politicaeducativa\/dia-internacional-per-a-leliminacio-de-la-violencia-envers-les-dones-25-de-novembre\/embed\/#?secret=cqpih0jeBl#?secret=z5lB05bZed\" data-secret=\"z5lB05bZed\" width=\"500\" height=\"282\" frameborder=\"0\" marginwidth=\"0\" marginheight=\"0\" scrolling=\"no\"><\/iframe><\/p>\n<blockquote class=\"wp-embedded-content\" data-secret=\"OxfdZaDyrh\"><p><a href=\"https:\/\/serveiseducatius.xtec.cat\/noguera\/general\/25-de-novembre-dia-internacional-per-la-eliminacio-de-la-violencia-contra-les-dones\/\">25 de novembre, Dia Internacional per a l&#8217;Eliminaci\u00f3 de la Viol\u00e8ncia contra les dones<\/a><\/p><\/blockquote>\n<p><iframe loading=\"lazy\" class=\"wp-embedded-content\" sandbox=\"allow-scripts\" security=\"restricted\" style=\"position: absolute; clip: rect(1px, 1px, 1px, 1px);\" title=\"&#8220;25 de novembre, Dia Internacional per a l&#8217;Eliminaci\u00f3 de la Viol\u00e8ncia contra les dones&#8221; &#8212; Servei Educatiu de la Noguera\" src=\"https:\/\/serveiseducatius.xtec.cat\/noguera\/general\/25-de-novembre-dia-internacional-per-la-eliminacio-de-la-violencia-contra-les-dones\/embed\/#?secret=FlWjtykUXn#?secret=OxfdZaDyrh\" data-secret=\"OxfdZaDyrh\" width=\"500\" height=\"282\" frameborder=\"0\" marginwidth=\"0\" marginheight=\"0\" scrolling=\"no\"><\/iframe><\/p>\n","protected":false},"excerpt":{"rendered":"<p>En el Dia Internacional per l&#8217;Eliminaci\u00f3 de la Viol\u00e8ncia contra les Dones, i aprofitant que estem realitzant el projecte, &#8220;<a href=\"https:\/\/blocs.xtec.cat\/butbloc\/2022\/11\/10\/la-reproduccio-i-la-diversitat-sexual\/\">La reproducci\u00f3 i la diversitat sexual<\/a>&#8220;; hem reflexionat sobre aquests cartells, que ens han arribat als centres:<\/p>\n<p>Tamb\u00e9 hem fet una ullada als \u00faltims llibres adquirits,&hellip;  <a href=\"https:\/\/agora.xtec.cat\/zerelsio\/projectes\/zer-coeducat\/dia-internacional-per-eliminar-la-violencia-envers-les-dones\/\" title=\"Read Dia Internacional per Eliminar la Viol\u00e8ncia envers les Dones.\">Llegeix m\u00e9s\u00bb<\/a><\/p>\n","protected":false},"author":3,"featured_media":0,"parent":7626,"menu_order":0,"comment_status":"closed","ping_status":"closed","template":"","meta":{"_bbp_topic_count":0,"_bbp_reply_count":0,"_bbp_total_topic_count":0,"_bbp_total_reply_count":0,"_bbp_voice_count":0,"_bbp_anonymous_reply_count":0,"_bbp_topic_count_hidden":0,"_bbp_reply_count_hidden":0,"_bbp_forum_subforum_count":0,"footnotes":""},"class_list":["post-10815","page","type-page","status-publish","hentry"],"post_mailing_queue_ids":[],"_links":{"self":[{"href":"https:\/\/agora.xtec.cat\/zerelsio\/wp-json\/wp\/v2\/pages\/10815","targetHints":{"allow":["GET"]}}],"collection":[{"href":"https:\/\/agora.xtec.cat\/zerelsio\/wp-json\/wp\/v2\/pages"}],"about":[{"href":"https:\/\/agora.xtec.cat\/zerelsio\/wp-json\/wp\/v2\/types\/page"}],"author":[{"embeddable":true,"href":"https:\/\/agora.xtec.cat\/zerelsio\/wp-json\/wp\/v2\/users\/3"}],"replies":[{"embeddable":true,"href":"https:\/\/agora.xtec.cat\/zerelsio\/wp-json\/wp\/v2\/comments?post=10815"}],"version-history":[{"count":5,"href":"https:\/\/agora.xtec.cat\/zerelsio\/wp-json\/wp\/v2\/pages\/10815\/revisions"}],"predecessor-version":[{"id":14891,"href":"https:\/\/agora.xtec.cat\/zerelsio\/wp-json\/wp\/v2\/pages\/10815\/revisions\/14891"}],"up":[{"embeddable":true,"href":"https:\/\/agora.xtec.cat\/zerelsio\/wp-json\/wp\/v2\/pages\/7626"}],"wp:attachment":[{"href":"https:\/\/agora.xtec.cat\/zerelsio\/wp-json\/wp\/v2\/media?parent=10815"}],"curies":[{"name":"wp","href":"https:\/\/api.w.org\/{rel}","templated":true}]}}