{"id":1069,"date":"2018-07-12T01:25:11","date_gmt":"2018-07-11T23:25:11","guid":{"rendered":"http:\/\/agora.xtec.cat\/zerelsio\/?page_id=1069"},"modified":"2025-07-16T10:42:40","modified_gmt":"2025-07-16T08:42:40","slug":"ambits","status":"publish","type":"page","link":"https:\/\/agora.xtec.cat\/zerelsio\/ambits\/","title":{"rendered":"\u00c0mbits"},"content":{"rendered":"<h4><a href=\"https:\/\/educacio.gencat.cat\/ca\/departament\/publicacions\/a-cop-ull\/\"><img loading=\"lazy\" decoding=\"async\" class=\"alignnone size-full wp-image-8337\" src=\"https:\/\/agora.xtec.cat\/zerelsio\/wp-content\/uploads\/usu567\/2021\/08\/Frato.jpg\" alt=\"\" width=\"475\" height=\"366\" srcset=\"https:\/\/agora.xtec.cat\/zerelsio\/wp-content\/uploads\/usu567\/2021\/08\/Frato.jpg 475w, https:\/\/agora.xtec.cat\/zerelsio\/wp-content\/uploads\/usu567\/2021\/08\/Frato-300x231.jpg 300w\" sizes=\"auto, (max-width: 475px) 100vw, 475px\" \/><\/a><\/h4>\n<h4 style=\"text-align: justify;\"><span style=\"color: #ff0000;\"><em>&#8220;Aprendre sense reflexionar \u00e9s malgastar energia&#8221;.\u00a0<\/em>Confuci.<\/span><\/h4>\n<h4 style=\"text-align: justify;\"><span style=\"color: #ff0000;\"><em>&#8220;L\u2019\u00fanica forma d\u2019ensenyar \u00e9s aprenent&#8221;. <\/em>Paulo Freire.<\/span><\/h4>\n<h4 style=\"text-align: justify;\"><span style=\"color: #ff0000;\"><em>&#8220;Si est\u00e0s planificant per a un any, sembra arr\u00f2s; si est\u00e0s planificant per a una d\u00e8cada, planta arbres; si est\u00e0s planificant per a una vida sencera, sembra educaci\u00f3&#8221;<\/em>. Proverbi xin\u00e8s<\/span><\/h4>\n<p><iframe loading=\"lazy\" src=\"https:\/\/drive.google.com\/file\/d\/1Zk3zasTvi8i7JtwFbLUsikGzLmdlxGxb\/preview\" width=\"640\" height=\"480\"><\/iframe><\/p>\n<p><a href=\"https:\/\/agora.xtec.cat\/zerelsio\/projectes\/nou-curriculum\/\"><img loading=\"lazy\" decoding=\"async\" class=\"alignnone size-full wp-image-13993\" src=\"https:\/\/agora.xtec.cat\/zerelsio\/wp-content\/uploads\/usu567\/2024\/04\/nou-curriculum.png\" alt=\"\" width=\"679\" height=\"259\" srcset=\"https:\/\/agora.xtec.cat\/zerelsio\/wp-content\/uploads\/usu567\/2024\/04\/nou-curriculum.png 679w, https:\/\/agora.xtec.cat\/zerelsio\/wp-content\/uploads\/usu567\/2024\/04\/nou-curriculum-300x114.png 300w\" sizes=\"auto, (max-width: 679px) 100vw, 679px\" \/><\/a><\/p>\n<p><span style=\"color: #000000;\">Qu\u00e8 han d&#8217;aprendre els\/les alumnes?<br \/>\nConeixements per comprendre, habilitats per actuar i actituds per comprometre\u2019s.<\/span><\/p>\n<p><iframe loading=\"lazy\" src=\"https:\/\/drive.google.com\/file\/d\/14uyO58N-5PITMVVvP0STOiItjGT22u3i\/preview\" width=\"640\" height=\"480\"><\/iframe><\/p>\n<p><img decoding=\"async\" src=\"http:\/\/agora.xtec.cat\/zerelsio\/wp-content\/uploads\/usu567\/2018\/08\/pedagogia.jpg\" \/><\/p>\n<p><em><span style=\"color: #0000ff;\"><a href=\"https:\/\/educacio.gencat.cat\/web\/.content\/home\/departament\/publicacions\/infografies\/escola-inclusiva-sistema-inclusiu.pdf\">Una escola per a tothom, un projecte per a\u00a0cadasc\u00fa<\/a>.<\/span><\/em><\/p>\n<p><em><span style=\"color: #0000ff;\"><a href=\"https:\/\/educacio.gencat.cat\/ca\/departament\/publicacions\/colleccions\/inclusio\/\">Materials per a la inclusi\u00f3<\/a>.<\/span><\/em><\/p>\n<p><em><span style=\"color: #0000ff;\"><a href=\"http:\/\/xtec.gencat.cat\/web\/.content\/alfresco\/d\/d\/workspace\/SpacesStore\/0065\/94f9e9dd-c90e-4848-9560-714db026a57f\/aspectes_basics_cb.pdf\"><em>Aprenentatge competencial, aprenentatge per a la vida<\/em><\/a><span style=\"color: #0000ff;\"><em>.\u00a0<\/em><\/span><\/span><\/em><\/p>\n<p><em><a href=\"http:\/\/ticotac.blogspot.com\/2010\/11\/aprenentatge-autentic-i-web-20.html\">Aprenentatge aut\u00e8ntic, aprenentatge experiencial<\/a><span style=\"color: #0000ff;\">.<\/span><\/em><\/p>\n<h4><span style=\"color: #0000ff;\">Avaluaci\u00f3: <a href=\"http:\/\/ateneu.xtec.cat\/wikiform\/wikiexport\/cursos\/curriculum\/inf_pri\/cape\/aval\/index\"><em>Avaluar per aprendre<\/em><\/a>.<\/span><\/h4>\n<p>Avaluar comporta recollir dades, analitzar-les i emetre judicis i prendre decisions.<\/p>\n<p><a href=\"http:\/\/xtec.gencat.cat\/ca\/curriculum\/primaria\/avaluacio\/\">http:\/\/xtec.gencat.cat\/ca\/curriculum\/primaria\/avaluacio\/<\/a><\/p>\n<p><a href=\"http:\/\/xtec.gencat.cat\/ca\/curriculum\/xarxacb\/avaluarperaprendre\">http:\/\/xtec.gencat.cat\/ca\/curriculum\/xarxacb\/avaluarperaprendre<\/a>\/<\/p>\n<h4><span style=\"color: #ff0000;\"><em>&#8220;Si esperes les condicions id\u00f2nies, mai es donaran&#8221;.\u00a0<\/em>Nelson Mandela.<br \/>\n<\/span><span style=\"color: #0000ff;\">Programar:\u00a0<a href=\"http:\/\/ateneu.xtec.cat\/wikiform\/wikiexport\/cursos\/curriculum\/inf_pri\/cape\/aval\/index\"><em>\u00c9s prendre decisions<\/em><\/a>.<\/span><\/h4>\n<p><a href=\"https:\/\/educacio.gencat.cat\/ca\/departament\/publicacions\/colleccions\/competencies-basiques\/primaria\/programacio-competencies-basiques\/\"><img loading=\"lazy\" decoding=\"async\" class=\"alignnone size-full wp-image-8343\" src=\"https:\/\/agora.xtec.cat\/zerelsio\/wp-content\/uploads\/usu567\/2021\/08\/programacio-competencies-basiques.jpg_2026732490.jpg\" alt=\"\" width=\"268\" height=\"377\" srcset=\"https:\/\/agora.xtec.cat\/zerelsio\/wp-content\/uploads\/usu567\/2021\/08\/programacio-competencies-basiques.jpg_2026732490.jpg 268w, https:\/\/agora.xtec.cat\/zerelsio\/wp-content\/uploads\/usu567\/2021\/08\/programacio-competencies-basiques.jpg_2026732490-213x300.jpg 213w\" sizes=\"auto, (max-width: 268px) 100vw, 268px\" \/><\/a><\/p>\n<p><a href=\"http:\/\/Qu\u00e8 han d'aprendre els\/les alumnes? Coneixements per comprendre, habilitats per actuar i actituds per comprometre\u2019s.\"><img loading=\"lazy\" decoding=\"async\" class=\"alignnone size-full wp-image-13997\" src=\"https:\/\/agora.xtec.cat\/zerelsio\/wp-content\/uploads\/usu567\/2024\/04\/situacions.aprenentatge-768x546-1.png\" alt=\"\" width=\"768\" height=\"546\" srcset=\"https:\/\/agora.xtec.cat\/zerelsio\/wp-content\/uploads\/usu567\/2024\/04\/situacions.aprenentatge-768x546-1.png 768w, https:\/\/agora.xtec.cat\/zerelsio\/wp-content\/uploads\/usu567\/2024\/04\/situacions.aprenentatge-768x546-1-300x213.png 300w\" sizes=\"auto, (max-width: 768px) 100vw, 768px\" \/><\/a><\/p>\n<h4><span style=\"color: #0000ff;\">Metodologies:\u00a0<\/span><a href=\"http:\/\/ateneu.xtec.cat\/wikiform\/wikiexport\/cursos\/curriculum\/inf_pri\/cape\/metod\"><em>Alumne\/a protagonista del seu aprenentatge<\/em><\/a><span style=\"color: #0000ff;\">.<\/span><\/h4>\n<p><a href=\"https:\/\/agora.xtec.cat\/zerelsio\/ambits\/metodologies\/\" target=\"_blank\" rel=\"noopener\">https:\/\/agora.xtec.cat\/zerelsio\/ambits\/metodologies\/<\/a><\/p>\n<p><img decoding=\"async\" class=\"mediacenter img-responsive\" title=\"aprenentatges_competencials.jpg\" src=\"http:\/\/ateneu.xtec.cat\/wikiform\/wikiexport\/_media\/cursos\/curriculum\/inf_pri\/cape\/prg\/aprenentatges_competencials.jpg?w=400&amp;tok=7f707b\" alt=\"aprenentatges_competencials.jpg\" width=\"400\" \/><\/p>\n<p><a href=\"http:\/\/xtec.gencat.cat\/ca\/curriculum\/sep\/estrametod\/\">http:\/\/xtec.gencat.cat\/ca\/curriculum\/sep\/estrametod\/<\/a><\/p>\n<p><span style=\"color: #99cc00;\"><strong>Treball cooperatiu<br \/>\n<\/strong><a href=\"http:\/\/blocs.xtec.cat\/msolduga\/treball-cooperatiu\/\">http:\/\/blocs.xtec.cat\/msolduga\/treball-cooperatiu\/<br \/>\n<\/a><a href=\"https:\/\/drive.google.com\/drive\/folders\/1zq8i4haHZpZVz1BvtcuTddHOQHX8TO4q?usp=sharing\">Carpeta al drive\u00a0<\/a><\/span><\/p>\n<p><span style=\"color: #99cc00;\"><strong>Treball per projectes<\/strong><\/span><br \/>\n<a href=\"http:\/\/xtec.gencat.cat\/ca\/curriculum\/xarxacb\/treball-projectes\/\">http:\/\/xtec.gencat.cat\/ca\/curriculum\/xarxacb\/treball-projectes\/<\/a><\/p>\n<p><span style=\"color: #99cc00;\"><strong>Aprenentatge basat en problemes<br \/>\n<\/strong><a href=\"http:\/\/recursosdidactics.org\/archives\/549\">http:\/\/recursosdidactics.org\/archives\/549<\/a><strong><br \/>\n<\/strong><\/span><a href=\"https:\/\/sites.google.com\/site\/propostesdidactiques\/APB\">https:\/\/sites.google.com\/site\/propostesdidactiques\/APB<\/a><\/p>\n<p><span style=\"color: #99cc00;\"><strong>Aprenentatge globalitzat<\/strong><\/span><br \/>\n<a href=\"https:\/\/natibergada.cat\/com-pots-millorar-aprenentatge-dels-teus-alumnes\">https:\/\/natibergada.cat\/com-pots-millorar-aprenentatge-dels-teus-alumnes<\/a><br \/>\n<a href=\"http:\/\/blocs.xtec.cat\/espaizer\/ii-jornada-juny-2018\/\">http:\/\/blocs.xtec.cat\/espaizer\/ii-jornada-juny-2018\/<\/a><\/p>\n<p><span style=\"color: #99cc00;\"><strong>Aprenentatge-servei<\/strong><\/span><br \/>\n<a href=\"http:\/\/xtec.gencat.cat\/ca\/comunitat\/serveicomunitari\/aprenentatgeservei\/\">http:\/\/xtec.gencat.cat\/ca\/comunitat\/serveicomunitari\/aprenentatgeservei\/<\/a><\/p>\n<p><span style=\"color: #99cc00;\"><strong>Aprenentatge entre iguals<\/strong><\/span><br \/>\n<a href=\"http:\/\/xtec.gencat.cat\/web\/.content\/alfresco\/d\/d\/workspace\/SpacesStore\/0091\/df6b6ac8-6646-4ebc-ab7b-9c1a77fe311d\/aprenentatge_entre_iguals.pdf\">http:\/\/xtec.gencat.cat\/web\/.content\/alfresco\/d\/d\/workspace\/SpacesStore\/0091\/df6b6ac8-6646-4ebc-ab7b-9c1a77fe311d\/aprenentatge_entre_iguals.pdf<\/a><\/p>\n<p><span style=\"color: #99cc00;\"><strong>Racons, tallers, ambients<\/strong><\/span><br \/>\n<a href=\"http:\/\/xtec.gencat.cat\/ca\/centres\/espais_escolars\/espais_mirada_estetica\/espai_generador_aprenentatge\/\">http:\/\/xtec.gencat.cat\/ca\/centres\/espais_escolars\/espais_mirada_estetica\/espai_generador_aprenentatge\/<\/a><br \/>\n<a href=\"http:\/\/www.xtec.cat\/~jmolar\/el_treball_per_racons.pdf\">http:\/\/www.xtec.cat\/~jmolar\/el_treball_per_racons.pdf<\/a><\/p>\n<p><span style=\"color: #99cc00;\"><strong>Ludificaci\u00f3 (gamificaci\u00f3)<\/strong><\/span><br \/>\n<a href=\"https:\/\/sites.google.com\/a\/xtec.cat\/seminari-tac-gracia-sarria-sant-gervasi\/zona-s-arxiu\/arxiu-propostes-i-recursos\/propostes-i-recursos\/gamificaciojociaprenentatge\"><em>&#8220;El joc \u00e9s la disfressa de l&#8217;aprenentatge&#8221;<\/em>. Francisco Mora.<\/a><\/p>\n<p><span style=\"color: #99cc00;\"><strong>Grups interactius<\/strong><\/span><br \/>\n<a href=\"http:\/\/reflexionseducat.blogspot.com\/2013\/03\/metodologies-del-sxxi-grups-interactius.html\">http:\/\/reflexionseducat.blogspot.com\/2013\/03\/metodologies-del-sxxi-grups-interactius.html<\/a><br \/>\n&#8230;<\/p>\n<h4><\/h4>\n","protected":false},"excerpt":{"rendered":"<p><a href=\"https:\/\/educacio.gencat.cat\/ca\/departament\/publicacions\/a-cop-ull\/\"><\/a><br \/>\n&#8220;Aprendre sense reflexionar \u00e9s malgastar energia&#8221;.\u00a0Confuci.<br \/>\n&#8220;L\u2019\u00fanica forma d\u2019ensenyar \u00e9s aprenent&#8221;. Paulo Freire.<br \/>\n&#8220;Si est\u00e0s planificant per a un any, sembra arr\u00f2s; si est\u00e0s planificant per a una d\u00e8cada, planta arbres; si est\u00e0s planificant per a una vida sencera, sembra educaci\u00f3&#8221;. Proverbi xin\u00e8s<\/p>\n<p><a href=\"https:\/\/agora.xtec.cat\/zerelsio\/projectes\/nou-curriculum\/\"><\/a><br \/>\nQu\u00e8 han d&#8217;aprendre&hellip;  <a href=\"https:\/\/agora.xtec.cat\/zerelsio\/ambits\/\" title=\"Read \u00c0mbits\">Llegeix m\u00e9s\u00bb<\/a><\/p>\n","protected":false},"author":1,"featured_media":0,"parent":0,"menu_order":0,"comment_status":"closed","ping_status":"closed","template":"page-templates\/side-menu.php","meta":{"_bbp_topic_count":0,"_bbp_reply_count":0,"_bbp_total_topic_count":0,"_bbp_total_reply_count":0,"_bbp_voice_count":0,"_bbp_anonymous_reply_count":0,"_bbp_topic_count_hidden":0,"_bbp_reply_count_hidden":0,"_bbp_forum_subforum_count":0,"footnotes":""},"class_list":["post-1069","page","type-page","status-publish","hentry"],"post_mailing_queue_ids":[],"_links":{"self":[{"href":"https:\/\/agora.xtec.cat\/zerelsio\/wp-json\/wp\/v2\/pages\/1069","targetHints":{"allow":["GET"]}}],"collection":[{"href":"https:\/\/agora.xtec.cat\/zerelsio\/wp-json\/wp\/v2\/pages"}],"about":[{"href":"https:\/\/agora.xtec.cat\/zerelsio\/wp-json\/wp\/v2\/types\/page"}],"author":[{"embeddable":true,"href":"https:\/\/agora.xtec.cat\/zerelsio\/wp-json\/wp\/v2\/users\/1"}],"replies":[{"embeddable":true,"href":"https:\/\/agora.xtec.cat\/zerelsio\/wp-json\/wp\/v2\/comments?post=1069"}],"version-history":[{"count":6,"href":"https:\/\/agora.xtec.cat\/zerelsio\/wp-json\/wp\/v2\/pages\/1069\/revisions"}],"predecessor-version":[{"id":17638,"href":"https:\/\/agora.xtec.cat\/zerelsio\/wp-json\/wp\/v2\/pages\/1069\/revisions\/17638"}],"wp:attachment":[{"href":"https:\/\/agora.xtec.cat\/zerelsio\/wp-json\/wp\/v2\/media?parent=1069"}],"curies":[{"name":"wp","href":"https:\/\/api.w.org\/{rel}","templated":true}]}}