{"id":1057,"date":"2018-07-12T01:17:40","date_gmt":"2018-07-11T23:17:40","guid":{"rendered":"http:\/\/agora.xtec.cat\/zerelsio\/?page_id=1057"},"modified":"2024-09-14T20:32:03","modified_gmt":"2024-09-14T18:32:03","slug":"qui-som","status":"publish","type":"page","link":"https:\/\/agora.xtec.cat\/zerelsio\/zer\/qui-som\/","title":{"rendered":"Qui som"},"content":{"rendered":"<p style=\"text-align: center;\">\r\n\t<div class=\"slideshow_container slideshow_container_style-light\" style=\"height: 600px; \" data-slideshow-id=\"7721\" data-style-name=\"style-light\" data-style-version=\"2.3.1\" data-settings=\"{&quot;animation&quot;:&quot;slide&quot;,&quot;slideSpeed&quot;:&quot;1&quot;,&quot;descriptionSpeed&quot;:&quot;0.4&quot;,&quot;intervalSpeed&quot;:&quot;8&quot;,&quot;slidesPerView&quot;:&quot;1&quot;,&quot;maxWidth&quot;:&quot;0&quot;,&quot;aspectRatio&quot;:&quot;3:1&quot;,&quot;height&quot;:&quot;600&quot;,&quot;imageBehaviour&quot;:&quot;crop&quot;,&quot;showDescription&quot;:&quot;true&quot;,&quot;hideDescription&quot;:&quot;true&quot;,&quot;preserveSlideshowDimensions&quot;:&quot;false&quot;,&quot;enableResponsiveness&quot;:&quot;true&quot;,&quot;play&quot;:&quot;false&quot;,&quot;loop&quot;:&quot;true&quot;,&quot;pauseOnHover&quot;:&quot;true&quot;,&quot;controllable&quot;:&quot;true&quot;,&quot;hideNavigationButtons&quot;:&quot;true&quot;,&quot;showPagination&quot;:&quot;true&quot;,&quot;hidePagination&quot;:&quot;true&quot;,&quot;controlPanel&quot;:&quot;true&quot;,&quot;hideControlPanel&quot;:&quot;true&quot;,&quot;waitUntilLoaded&quot;:&quot;true&quot;,&quot;showLoadingIcon&quot;:&quot;true&quot;,&quot;random&quot;:&quot;false&quot;,&quot;avoidFilter&quot;:&quot;true&quot;}\">\r\n\r\n\t\t\t\t\t<div class=\"slideshow_loading_icon\"><\/div>\r\n\t\t\r\n\t\t<div class=\"slideshow_content\" style=\"display: none;\">\r\n\r\n\t\t\t<div class=\"slideshow_view\">\r\n\t\t\t\t<div class=\"slideshow_slide slideshow_slide_image\">\r\n\t\t\t\t\t\t\t\t\t\t\t<img src=\"https:\/\/agora.xtec.cat\/zerelsio\/wp-content\/uploads\/usu567\/2022\/09\/educar-el-cor-aristotil.png\" alt=\"educar\" width=\"700\" height=\"608\" \/>\r\n\t\t\t\t\t\t\t\t\t\t<div class=\"slideshow_description_box slideshow_transparent\">\r\n\t\t\t\t\t\t<div class=\"slideshow_title\">educar-el-cor-aristotil<\/div>\t\t\t\t\t\t\t\t\t\t\t<\/div>\r\n\t\t\t\t<\/div>\r\n\r\n\t\t\t\t\t\t<div style=\"clear: both;\"><\/div><\/div><div class=\"slideshow_view\">\r\n\t\t\t\t<div class=\"slideshow_slide slideshow_slide_image\">\r\n\t\t\t\t\t\t\t\t\t\t\t<img src=\"https:\/\/agora.xtec.cat\/zerelsio\/wp-content\/uploads\/usu567\/2024\/09\/apren2.png\" alt=\"apren2\" width=\"742\" height=\"543\" \/>\r\n\t\t\t\t\t\t\t\t\t\t<div class=\"slideshow_description_box slideshow_transparent\">\r\n\t\t\t\t\t\t<div class=\"slideshow_title\">apren2<\/div>\t\t\t\t\t\t\t\t\t\t\t<\/div>\r\n\t\t\t\t<\/div>\r\n\r\n\t\t\t\t\t\t<div style=\"clear: both;\"><\/div><\/div><div class=\"slideshow_view\">\r\n\t\t\t\t<div class=\"slideshow_slide slideshow_slide_image\">\r\n\t\t\t\t\t\t\t\t\t\t\t<img src=\"https:\/\/agora.xtec.cat\/zerelsio\/wp-content\/uploads\/usu567\/2024\/09\/p_inici_puigverd.jpg\" alt=\"p_inici_puigverd\" width=\"867\" height=\"462\" \/>\r\n\t\t\t\t\t\t\t\t\t\t<div class=\"slideshow_description_box slideshow_transparent\">\r\n\t\t\t\t\t\t<div class=\"slideshow_title\">p_inici_puigverd<\/div>\t\t\t\t\t\t\t\t\t\t\t<\/div>\r\n\t\t\t\t<\/div>\r\n\r\n\t\t\t\t\t\t<div style=\"clear: both;\"><\/div><\/div><div class=\"slideshow_view\">\r\n\t\t\t\t<div class=\"slideshow_slide slideshow_slide_image\">\r\n\t\t\t\t\t\t\t\t\t\t\t<img src=\"https:\/\/agora.xtec.cat\/zerelsio\/wp-content\/uploads\/usu567\/2024\/09\/p_foto_grup_preixens.jpg\" alt=\"p_foto_grup_preixens\" width=\"1007\" height=\"456\" \/>\r\n\t\t\t\t\t\t\t\t\t\t<div class=\"slideshow_description_box slideshow_transparent\">\r\n\t\t\t\t\t\t<div class=\"slideshow_title\">p_foto_grup_preixens<\/div>\t\t\t\t\t\t\t\t\t\t\t<\/div>\r\n\t\t\t\t<\/div>\r\n\r\n\t\t\t\t\t\t<div style=\"clear: both;\"><\/div><\/div><div class=\"slideshow_view\">\r\n\t\t\t\t<div class=\"slideshow_slide slideshow_slide_image\">\r\n\t\t\t\t\t\t\t\t\t\t\t<img src=\"https:\/\/agora.xtec.cat\/zerelsio\/wp-content\/uploads\/usu567\/2024\/09\/butsenit3_inici.jpg\" alt=\"butsenit3_inici\" width=\"1600\" height=\"1200\" \/>\r\n\t\t\t\t\t\t\t\t\t\t<div class=\"slideshow_description_box slideshow_transparent\">\r\n\t\t\t\t\t\t<div class=\"slideshow_title\">butsenit3_inici<\/div>\t\t\t\t\t\t\t\t\t\t\t<\/div>\r\n\t\t\t\t<\/div>\r\n\r\n\t\t\t\t\t\t<div style=\"clear: both;\"><\/div><\/div><div class=\"slideshow_view\">\r\n\t\t\t\t<div class=\"slideshow_slide slideshow_slide_image\">\r\n\t\t\t\t\t\t\t\t\t\t\t<img src=\"https:\/\/agora.xtec.cat\/zerelsio\/wp-content\/uploads\/usu567\/2024\/09\/mestres_inici-scaled.jpg\" alt=\"mestres_inici\" width=\"2560\" height=\"1440\" \/>\r\n\t\t\t\t\t\t\t\t\t\t<div class=\"slideshow_description_box slideshow_transparent\">\r\n\t\t\t\t\t\t<div class=\"slideshow_title\">mestres_inici<\/div>\t\t\t\t\t\t\t\t\t\t\t<\/div>\r\n\t\t\t\t<\/div>\r\n\r\n\t\t\t\t\t\t<div style=\"clear: both;\"><\/div><\/div><div class=\"slideshow_view\">\r\n\t\t\t\t<div class=\"slideshow_slide slideshow_slide_image\">\r\n\t\t\t\t\t\t\t\t\t\t\t<img src=\"https:\/\/agora.xtec.cat\/zerelsio\/wp-content\/uploads\/usu567\/2024\/12\/pastorets2024-2.jpg\" alt=\"pastorets2024\" width=\"1731\" height=\"929\" \/>\r\n\t\t\t\t\t\t\t\t\t\t<div class=\"slideshow_description_box slideshow_transparent\">\r\n\t\t\t\t\t\t<div class=\"slideshow_title\">pastorets2024<\/div>\t\t\t\t\t\t\t\t\t\t\t<\/div>\r\n\t\t\t\t<\/div>\r\n\r\n\t\t\t\t\t\t<div style=\"clear: both;\"><\/div><\/div><div class=\"slideshow_view\">\r\n\t\t\t\t<div class=\"slideshow_slide slideshow_slide_image\">\r\n\t\t\t\t\t\t\t\t\t\t\t<img src=\"https:\/\/agora.xtec.cat\/zerelsio\/wp-content\/uploads\/usu567\/2025\/06\/IMG_1123.jpg\" alt=\"IMG_1123\" width=\"2016\" height=\"1017\" \/>\r\n\t\t\t\t\t\t\t\t\t\t<div class=\"slideshow_description_box slideshow_transparent\">\r\n\t\t\t\t\t\t<div class=\"slideshow_title\">IMG_1123<\/div>\t\t\t\t\t\t\t\t\t\t\t<\/div>\r\n\t\t\t\t<\/div>\r\n\r\n\t\t\t\t\t\t<div style=\"clear: both;\"><\/div><\/div>\r\n\t\t<\/div>\r\n\r\n\t\t<div class=\"slideshow_controlPanel slideshow_transparent\" style=\"display: none;\"><ul><li class=\"slideshow_togglePlay\" data-play-text=\"Visualitza\" data-pause-text=\"Pausa\"><\/li><\/ul><\/div>\r\n\r\n\t\t<div class=\"slideshow_button slideshow_previous slideshow_transparent\" role=\"button\" data-previous-text=\"Anterior\" style=\"display: none;\"><\/div>\r\n\t\t<div class=\"slideshow_button slideshow_next slideshow_transparent\" role=\"button\" data-next-text=\"Seg\u00fcent\" style=\"display: none;\"><\/div>\r\n\r\n\t\t<div class=\"slideshow_pagination\" style=\"display: none;\" data-go-to-text=\"V\u00e9s a la diapositiva\"><div class=\"slideshow_pagination_center\"><\/div><\/div>\r\n\r\n\t\t<!-- WordPress Slideshow Version 2.3.1 -->\r\n\r\n\t\t\t<\/div>\r\n\r\n<\/p>\n<p style=\"text-align: center;\">\u201cEduquem per fer de la persona un \u00e9sser hum\u00e0 m\u00e9s lliure, m\u00e9s capa\u00e7, m\u00e9s aut\u00f2nom, m\u00e9s solidari i m\u00e9s feli\u00e7\u201d.<br \/>\nMiquel Soler i Roca (pedagog)<\/p>\n<p style=\"text-align: center;\">&#8220;L&#8217;educador mediocre parla. El bon educador explica. L&#8217;educador superior demostra. El gran educador inspira&#8221;. \u2014 William Arthur Ward<\/p>\n<p style=\"text-align: center;\">FENT PINYA!<\/p>\n<h3><span style=\"color: #ff0000;\"><em>Un col\u00b7lectiu que potencia el nosaltres, per tal de compartir fortaleses i diluir\u00a0 mancances.<\/em><\/span><\/h3>\n<p><iframe loading=\"lazy\" title=\"5 Musicos Tocan Una Sola Guitarra\" src=\"https:\/\/www.youtube.com\/embed\/rJ0mVMEmIEM\" width=\"560\" height=\"315\" frameborder=\"0\" allowfullscreen=\"allowfullscreen\"><\/iframe><\/p>\n<h3><span style=\"color: #00ff00;\"><a href=\"http:\/\/xtec.gencat.cat\/ca\/centres\/projeducatiu\/convivencia\/una-comunitat-educativa-restaurativa-i-resilient\/\">Una comunitat educativa restaurativa i resilient<\/a>.<\/span><\/h3>\n<p>&nbsp;<\/p>\n<h4><span style=\"color: #ffcc00;\"><em>Si em preguntes quin \u00e9s el tresor m\u00e9s gran del m\u00f3n?<\/em><\/span><\/h4>\n<h4><span style=\"color: #ffcc00;\"><em>Jo et respondr\u00e9, s\u00f3n les persones, s\u00f3n les persones, s\u00f3n les persones.<\/em><\/span><\/h4>\n<p><em>(Proverbi maori)<\/em><\/p>\n","protected":false},"excerpt":{"rendered":"<p>\t\t\t\t\t\teducar-el-cor-aristotil\t\t\t\t\t\t\t\t\t\t\t<\/p>\n<p>\t\t\t\t\t\tapren2\t\t\t\t\t\t\t\t\t\t\t<\/p>\n<p>\t\t\t\t\t\tp_inici_puigverd\t\t\t\t\t\t\t\t\t\t\t<\/p>\n<p>\t\t\t\t\t\tp_foto_grup_preixens\t\t\t\t\t\t\t\t\t\t\t<\/p>\n<p>\t\t\t\t\t\tbutsenit3_inici\t\t\t\t\t\t\t\t\t\t\t<\/p>\n<p>\t\t\t\t\t\tmestres_inici\t\t\t\t\t\t\t\t\t\t\t<\/p>\n<p>\t\t\t\t\t\tpastorets2024\t\t\t\t\t\t\t\t\t\t\t<\/p>\n<p>\t\t\t\t\t\tIMG_1123\t\t\t\t\t\t\t\t\t\t\t<\/p>\n<ul>\n<li class=\"slideshow_togglePlay\" data-play-text=\"Visualitza\" data-pause-text=\"Pausa\"><\/li>\n<\/ul>\n<p>\u201cEduquem per fer de la persona un \u00e9sser hum\u00e0 m\u00e9s lliure, m\u00e9s capa\u00e7, m\u00e9s aut\u00f2nom, m\u00e9s solidari i m\u00e9s feli\u00e7\u201d.<br \/>\nMiquel Soler i Roca (pedagog)<br \/>\n&#8220;L&#8217;educador mediocre parla. El bon educador explica. L&#8217;educador superior demostra. El gran educador inspira&#8221;. \u2014 William Arthur Ward<br \/>\nFENT PINYA!<br \/>\nUn&hellip;  <a href=\"https:\/\/agora.xtec.cat\/zerelsio\/zer\/qui-som\/\" title=\"Read Qui som\">Llegeix m\u00e9s\u00bb<\/a><\/p>\n","protected":false},"author":1,"featured_media":0,"parent":19,"menu_order":3,"comment_status":"closed","ping_status":"closed","template":"page-templates\/side-menu.php","meta":{"_bbp_topic_count":0,"_bbp_reply_count":0,"_bbp_total_topic_count":0,"_bbp_total_reply_count":0,"_bbp_voice_count":0,"_bbp_anonymous_reply_count":0,"_bbp_topic_count_hidden":0,"_bbp_reply_count_hidden":0,"_bbp_forum_subforum_count":0,"footnotes":""},"class_list":["post-1057","page","type-page","status-publish","hentry"],"post_mailing_queue_ids":[],"_links":{"self":[{"href":"https:\/\/agora.xtec.cat\/zerelsio\/wp-json\/wp\/v2\/pages\/1057","targetHints":{"allow":["GET"]}}],"collection":[{"href":"https:\/\/agora.xtec.cat\/zerelsio\/wp-json\/wp\/v2\/pages"}],"about":[{"href":"https:\/\/agora.xtec.cat\/zerelsio\/wp-json\/wp\/v2\/types\/page"}],"author":[{"embeddable":true,"href":"https:\/\/agora.xtec.cat\/zerelsio\/wp-json\/wp\/v2\/users\/1"}],"replies":[{"embeddable":true,"href":"https:\/\/agora.xtec.cat\/zerelsio\/wp-json\/wp\/v2\/comments?post=1057"}],"version-history":[{"count":4,"href":"https:\/\/agora.xtec.cat\/zerelsio\/wp-json\/wp\/v2\/pages\/1057\/revisions"}],"predecessor-version":[{"id":15234,"href":"https:\/\/agora.xtec.cat\/zerelsio\/wp-json\/wp\/v2\/pages\/1057\/revisions\/15234"}],"up":[{"embeddable":true,"href":"https:\/\/agora.xtec.cat\/zerelsio\/wp-json\/wp\/v2\/pages\/19"}],"wp:attachment":[{"href":"https:\/\/agora.xtec.cat\/zerelsio\/wp-json\/wp\/v2\/media?parent=1057"}],"curies":[{"name":"wp","href":"https:\/\/api.w.org\/{rel}","templated":true}]}}