{"id":10132,"date":"2022-06-08T19:56:23","date_gmt":"2022-06-08T17:56:23","guid":{"rendered":"https:\/\/agora.xtec.cat\/zerelsio\/?page_id=10132"},"modified":"2025-04-14T09:33:24","modified_gmt":"2025-04-14T07:33:24","slug":"nou-curriculum","status":"publish","type":"page","link":"https:\/\/agora.xtec.cat\/zerelsio\/projectes\/nou-curriculum\/","title":{"rendered":"Nou Curr\u00edculum"},"content":{"rendered":"<p><a href=\"https:\/\/agora.xtec.cat\/zerelsio\/wp-content\/uploads\/usu567\/2024\/06\/curs2024_2025.png\"><img loading=\"lazy\" decoding=\"async\" class=\"alignnone size-full wp-image-14402\" src=\"https:\/\/agora.xtec.cat\/zerelsio\/wp-content\/uploads\/usu567\/2024\/06\/curs2024_2025.png\" alt=\"\" width=\"728\" height=\"125\" srcset=\"https:\/\/agora.xtec.cat\/zerelsio\/wp-content\/uploads\/usu567\/2024\/06\/curs2024_2025.png 728w, https:\/\/agora.xtec.cat\/zerelsio\/wp-content\/uploads\/usu567\/2024\/06\/curs2024_2025-300x52.png 300w\" sizes=\"auto, (max-width: 728px) 100vw, 728px\" \/><\/a><\/p>\n<blockquote class=\"wp-embedded-content\" data-secret=\"hzgcix8LYw\"><p><a href=\"https:\/\/projectes.xtec.cat\/nou-curriculum\/educacio-basica\/\">Educaci\u00f3 b\u00e0sica<\/a><\/p><\/blockquote>\n<p><iframe loading=\"lazy\" class=\"wp-embedded-content\" sandbox=\"allow-scripts\" security=\"restricted\" style=\"position: absolute; clip: rect(1px, 1px, 1px, 1px);\" title=\"&#8220;Educaci\u00f3 b\u00e0sica&#8221; &#8212; El nou curr\u00edculum\" src=\"https:\/\/projectes.xtec.cat\/nou-curriculum\/educacio-basica\/embed\/#?secret=DNg5HL0bG1#?secret=hzgcix8LYw\" data-secret=\"hzgcix8LYw\" width=\"500\" height=\"282\" frameborder=\"0\" marginwidth=\"0\" marginheight=\"0\" scrolling=\"no\"><\/iframe><\/p>\n<h1><span style=\"color: #ff0000;\">Situacions d&#8217;aprenentatge<\/span><\/h1>\n<p><a href=\"https:\/\/sites.google.com\/xtec.cat\/situaciodaprenentatge\/p%C3%A0gina-principal\">https:\/\/sites.google.com\/xtec.cat\/situaciodaprenentatge\/p%C3%A0gina-principal<\/a><\/p>\n<p><a href=\"https:\/\/projectes.xtec.cat\/nou-curriculum\/wp-content\/uploads\/usu2072\/2023\/01\/Orientacions-situacions-daprenentatge.pdf\">https:\/\/projectes.xtec.cat\/nou-curriculum\/wp-content\/uploads\/usu2072\/2023\/01\/Orientacions-situacions-daprenentatge.pdf<\/a><\/p>\n<blockquote class=\"wp-embedded-content\" data-secret=\"lqswWFwYvK\"><p><a href=\"https:\/\/projectes.xtec.cat\/nou-curriculum\/educacio-infantil\/situacions-aprenentatge-educacio-infantil\/\">Situacions d&#8217;aprenentatge d&#8217;educaci\u00f3 infantil<\/a><\/p><\/blockquote>\n<p><iframe loading=\"lazy\" class=\"wp-embedded-content\" sandbox=\"allow-scripts\" security=\"restricted\" style=\"position: absolute; clip: rect(1px, 1px, 1px, 1px);\" title=\"&#8220;Situacions d&#8217;aprenentatge d&#8217;educaci\u00f3 infantil&#8221; &#8212; El nou curr\u00edculum\" src=\"https:\/\/projectes.xtec.cat\/nou-curriculum\/educacio-infantil\/situacions-aprenentatge-educacio-infantil\/embed\/#?secret=t2hYTXn6Ka#?secret=lqswWFwYvK\" data-secret=\"lqswWFwYvK\" width=\"500\" height=\"282\" frameborder=\"0\" marginwidth=\"0\" marginheight=\"0\" scrolling=\"no\"><\/iframe><\/p>\n<blockquote class=\"wp-embedded-content\" data-secret=\"0zYa8dDvl8\"><p><a href=\"https:\/\/projectes.xtec.cat\/nou-curriculum\/educacio-basica\/situacions-aprenentatge\/\">Situacions d&#8217;aprenentatge d&#8217;educaci\u00f3 b\u00e0sica<\/a><\/p><\/blockquote>\n<p><iframe loading=\"lazy\" class=\"wp-embedded-content\" sandbox=\"allow-scripts\" security=\"restricted\" style=\"position: absolute; clip: rect(1px, 1px, 1px, 1px);\" title=\"&#8220;Situacions d&#8217;aprenentatge d&#8217;educaci\u00f3 b\u00e0sica&#8221; &#8212; El nou curr\u00edculum\" src=\"https:\/\/projectes.xtec.cat\/nou-curriculum\/educacio-basica\/situacions-aprenentatge\/embed\/#?secret=JAHqvNjnlV#?secret=0zYa8dDvl8\" data-secret=\"0zYa8dDvl8\" width=\"500\" height=\"282\" frameborder=\"0\" marginwidth=\"0\" marginheight=\"0\" scrolling=\"no\"><\/iframe><\/p>\n<p><a href=\"https:\/\/mediambient.gencat.cat\/ca\/05_ambits_dactuacio\/persones-i-natura\/centres-educatius\/aparador\/situacions-aprenentatge\/\">https:\/\/mediambient.gencat.cat\/ca\/05_ambits_dactuacio\/persones-i-natura\/centres-educatius\/aparador\/situacions-aprenentatge\/<\/a><\/p>\n<p><iframe loading=\"lazy\" src=\"https:\/\/drive.google.com\/file\/d\/1DGbeNFoiIn527Q7U5MAIxpM1tuMPbAF4\/preview\" width=\"640\" height=\"480\"><\/iframe><br \/>\n<a href=\"https:\/\/projectes.xtec.cat\/nou-curriculum\/\">https:\/\/projectes.xtec.cat\/nou-curriculum\/<\/a><a href=\"https:\/\/sites.google.com\/xtec.cat\/curriculumbasica\/\" target=\"_blank\" rel=\"noopener\"><br \/>\nhttps:\/\/sites.google.com\/xtec.cat\/curriculumbasica\/<\/a><\/p>\n<p><a href=\"https:\/\/sites.google.com\/xtec.cat\/curriculumbasica\/p%C3%A0gina-principal?authuser=0\">https:\/\/sites.google.com\/xtec.cat\/curriculumbasica\/p%C3%A0gina-principal?authuser=0<\/a><\/p>\n<p><a href=\"https:\/\/projectes.xtec.cat\/nou-curriculum\/educacio-basica\/les-competencies-transversals\/\">Compet\u00e8ncies tranversals<\/a>. <a href=\"https:\/\/www.canva.com\/design\/DAF-MI2Uiu4\/Sa5tTuwO-HRx5MUNz-MCOg\/view?utm_content=DAF-MI2Uiu4&amp;utm_campaign=designshare&amp;utm_medium=embeds&amp;utm_source=link\">Infografia<\/a>.<\/p>\n<p><a href=\"https:\/\/dogc.gencat.cat\/ca\/document-del-dogc\/?documentId=938401\">DECRET 175\/2022<\/a>, de 27 de setembre, d&#8217;ordenaci\u00f3 dels ensenyaments de l&#8217;educaci\u00f3 b\u00e0sica.<\/p>\n<h1><span style=\"color: #ff0000;\">Indicacions. Curs 2021\/2022<\/span><\/h1>\n<p><iframe loading=\"lazy\" src=\"https:\/\/drive.google.com\/file\/d\/1aT2T4g0z_kHd_GWxsvmh2wFJOH6Hlg4a\/preview\" width=\"640\" height=\"480\"><\/iframe><br \/>\n<iframe loading=\"lazy\" src=\"https:\/\/drive.google.com\/file\/d\/1dthd3F1NxFKtynznPQQ_2Muu_eYR7ZVH\/preview\" width=\"640\" height=\"480\"><\/iframe><\/p>\n<h1><span style=\"color: #ff0000;\">Formaci\u00f3. Curs 2021\/2022<\/span><\/h1>\n<p>Sessi\u00f31<br \/>\n<iframe loading=\"lazy\" src=\"https:\/\/drive.google.com\/file\/d\/1QaqyKexap1M-Ia8ya2m33j0OoFN89TYm\/preview\" width=\"640\" height=\"480\"><\/iframe><\/p>\n<p>Sessi\u00f3 2<br \/>\n<iframe loading=\"lazy\" src=\"https:\/\/drive.google.com\/file\/d\/13IhD4wlHTux_1cQKehAeISuI2dIys_rr\/preview\" width=\"640\" height=\"480\"><\/iframe><br \/>\nSessi\u00f3 3<br \/>\n<iframe loading=\"lazy\" src=\"https:\/\/drive.google.com\/file\/d\/1EQqIIcnRXtVIQCe6zXWm79N5FRLyV4vk\/preview\" width=\"640\" height=\"480\"><\/iframe><\/p>\n<div style=\"width: 100%;\">\n<div style=\"position: relative; padding-bottom: 50%; padding-top: 0; height: 0;\"><iframe loading=\"lazy\" style=\"position: absolute; top: 0; left: 0; width: 100%; height: 100%;\" title=\"PRESENTACI\u00d3 LOMLOE - COMP. DIGITAL\" src=\"https:\/\/view.genial.ly\/63c04f3056745e00112a973b\" width=\"1600px\" height=\"800px\" frameborder=\"0\" scrolling=\"yes\" allowfullscreen=\"allowfullscreen\"><\/iframe><\/div>\n<\/div>\n<div style=\"width: 100%;\">\n<div style=\"position: relative; padding-bottom: 56.25%; padding-top: 0; height: 0;\"><iframe loading=\"lazy\" style=\"position: absolute; top: 0; left: 0; width: 100%; height: 100%;\" title=\"curriculum'S QUIZ\" src=\"https:\/\/view.genial.ly\/6436faeffb4b730018591f50\" width=\"1200px\" height=\"675px\" frameborder=\"0\" scrolling=\"yes\" allowfullscreen=\"allowfullscreen\"><\/iframe><\/div>\n<\/div>\n<div style=\"width: 100%;\">\n<div style=\"position: relative; padding-bottom: 56.25%; padding-top: 0; height: 0;\"><iframe loading=\"lazy\" style=\"position: absolute; top: 0; left: 0; width: 100%; height: 100%;\" title=\"INFOGRAFIA CURRICULUM_2022\" src=\"https:\/\/view.genial.ly\/63551ab2eb74e8001799a62d\" width=\"1200px\" height=\"675px\" frameborder=\"0\" scrolling=\"yes\" allowfullscreen=\"allowfullscreen\"><\/iframe><\/div>\n<\/div>\n","protected":false},"excerpt":{"rendered":"<p><a href=\"https:\/\/agora.xtec.cat\/zerelsio\/wp-content\/uploads\/usu567\/2024\/06\/curs2024_2025.png\"><\/a><br \/>\n<a href=\"https:\/\/projectes.xtec.cat\/nou-curriculum\/educacio-basica\/\">Educaci\u00f3 b\u00e0sica<\/a><\/p>\n<p>Situacions d&#8217;aprenentatge<br \/>\n<a href=\"https:\/\/sites.google.com\/xtec.cat\/situaciodaprenentatge\/p%C3%A0gina-principal\">https:\/\/sites.google.com\/xtec.cat\/situaciodaprenentatge\/p%C3%A0gina-principal<\/a><br \/>\n<a href=\"https:\/\/projectes.xtec.cat\/nou-curriculum\/wp-content\/uploads\/usu2072\/2023\/01\/Orientacions-situacions-daprenentatge.pdf\">https:\/\/projectes.xtec.cat\/nou-curriculum\/wp-content\/uploads\/usu2072\/2023\/01\/Orientacions-situacions-daprenentatge.pdf<\/a><br \/>\n<a href=\"https:\/\/projectes.xtec.cat\/nou-curriculum\/educacio-infantil\/situacions-aprenentatge-educacio-infantil\/\">Situacions d&#8217;aprenentatge d&#8217;educaci\u00f3 infantil<\/a><\/p>\n<p><a href=\"https:\/\/projectes.xtec.cat\/nou-curriculum\/educacio-basica\/situacions-aprenentatge\/\">Situacions d&#8217;aprenentatge d&#8217;educaci\u00f3 b\u00e0sica<\/a><\/p>\n<p><a href=\"https:\/\/mediambient.gencat.cat\/ca\/05_ambits_dactuacio\/persones-i-natura\/centres-educatius\/aparador\/situacions-aprenentatge\/\">https:\/\/mediambient.gencat.cat\/ca\/05_ambits_dactuacio\/persones-i-natura\/centres-educatius\/aparador\/situacions-aprenentatge\/<\/a><\/p>\n<p><a href=\"https:\/\/projectes.xtec.cat\/nou-curriculum\/\">https:\/\/projectes.xtec.cat\/nou-curriculum\/<\/a><a href=\"https:\/\/sites.google.com\/xtec.cat\/curriculumbasica\/\" target=\"_blank\" rel=\"noopener\"><br \/>\nhttps:\/\/sites.google.com\/xtec.cat\/curriculumbasica\/<\/a><br \/>\n<a href=\"https:\/\/sites.google.com\/xtec.cat\/curriculumbasica\/p%C3%A0gina-principal?authuser=0\">https:\/\/sites.google.com\/xtec.cat\/curriculumbasica\/p%C3%A0gina-principal?authuser=0<\/a><br \/>\n<a href=\"https:\/\/projectes.xtec.cat\/nou-curriculum\/educacio-basica\/les-competencies-transversals\/\">Compet\u00e8ncies tranversals<\/a>. <a href=\"https:\/\/www.canva.com\/design\/DAF-MI2Uiu4\/Sa5tTuwO-HRx5MUNz-MCOg\/view?utm_content=DAF-MI2Uiu4&amp;utm_campaign=designshare&amp;utm_medium=embeds&amp;utm_source=link\">Infografia<\/a>.<br \/>\n<a href=\"https:\/\/dogc.gencat.cat\/ca\/document-del-dogc\/?documentId=938401\">DECRET 175\/2022<\/a>, de 27 de setembre, d&#8217;ordenaci\u00f3 dels ensenyaments de l&#8217;educaci\u00f3 b\u00e0sica.<br \/>\nIndicacions. Curs 2021\/2022<\/p>\n<p>Formaci\u00f3. Curs 2021\/2022<br \/>\nSessi\u00f31<\/p>\n<p>Sessi\u00f3 2<\/p>\n<p>Sessi\u00f3 3<\/p>\n","protected":false},"author":3,"featured_media":0,"parent":992,"menu_order":0,"comment_status":"closed","ping_status":"closed","template":"","meta":{"_bbp_topic_count":0,"_bbp_reply_count":0,"_bbp_total_topic_count":0,"_bbp_total_reply_count":0,"_bbp_voice_count":0,"_bbp_anonymous_reply_count":0,"_bbp_topic_count_hidden":0,"_bbp_reply_count_hidden":0,"_bbp_forum_subforum_count":0,"footnotes":""},"class_list":["post-10132","page","type-page","status-publish","hentry"],"post_mailing_queue_ids":[],"_links":{"self":[{"href":"https:\/\/agora.xtec.cat\/zerelsio\/wp-json\/wp\/v2\/pages\/10132","targetHints":{"allow":["GET"]}}],"collection":[{"href":"https:\/\/agora.xtec.cat\/zerelsio\/wp-json\/wp\/v2\/pages"}],"about":[{"href":"https:\/\/agora.xtec.cat\/zerelsio\/wp-json\/wp\/v2\/types\/page"}],"author":[{"embeddable":true,"href":"https:\/\/agora.xtec.cat\/zerelsio\/wp-json\/wp\/v2\/users\/3"}],"replies":[{"embeddable":true,"href":"https:\/\/agora.xtec.cat\/zerelsio\/wp-json\/wp\/v2\/comments?post=10132"}],"version-history":[{"count":6,"href":"https:\/\/agora.xtec.cat\/zerelsio\/wp-json\/wp\/v2\/pages\/10132\/revisions"}],"predecessor-version":[{"id":17109,"href":"https:\/\/agora.xtec.cat\/zerelsio\/wp-json\/wp\/v2\/pages\/10132\/revisions\/17109"}],"up":[{"embeddable":true,"href":"https:\/\/agora.xtec.cat\/zerelsio\/wp-json\/wp\/v2\/pages\/992"}],"wp:attachment":[{"href":"https:\/\/agora.xtec.cat\/zerelsio\/wp-json\/wp\/v2\/media?parent=10132"}],"curies":[{"name":"wp","href":"https:\/\/api.w.org\/{rel}","templated":true}]}}