{"id":1013,"date":"2018-07-11T19:19:02","date_gmt":"2018-07-11T17:19:02","guid":{"rendered":"http:\/\/agora.xtec.cat\/zerelsio\/?page_id=1013"},"modified":"2024-08-02T08:17:07","modified_gmt":"2024-08-02T06:17:07","slug":"projecte-linguistic","status":"publish","type":"page","link":"https:\/\/agora.xtec.cat\/zerelsio\/projectes\/projecte-educatiu\/projecte-linguistic\/","title":{"rendered":"Projecte ling\u00fc\u00edstic"},"content":{"rendered":"<p><iframe loading=\"lazy\" src=\"https:\/\/drive.google.com\/file\/d\/1E2-hXIQLmeBKeKeFvcs1wRgRryhl72-y\/preview\" width=\"640\" height=\"480\" allow=\"autoplay\"><\/iframe><br \/>\n<span style=\"color: #ff0000;\">Manca actualitzar!<\/span><br \/>\n<iframe loading=\"lazy\" src=\"https:\/\/drive.google.com\/file\/d\/1CQ0i2Zs3AzKkbZdV0cCdymYeQab2xTkU\/preview\" width=\"640\" height=\"480\" allow=\"autoplay\"><\/iframe><br \/>\n<iframe loading=\"lazy\" src=\"https:\/\/drive.google.com\/file\/d\/1c05mJGM_DTdtsnuvVHXkUn2zFVGFoF9C\/preview\" width=\"640\" height=\"480\" allow=\"autoplay\"><\/iframe><\/p>\n<h3><span style=\"color: #00ff00;\">Normativa<\/span><\/h3>\n<p><iframe loading=\"lazy\" src=\"https:\/\/drive.google.com\/file\/d\/1bnzJIFubo8cw8U4fnOzgr0aHe7iYv8I9\/preview\" width=\"640\" height=\"480\"><\/iframe><\/p>\n<p>El Decret 91\/2024, de 14 de maig, del r\u00e8gim ling\u00fc\u00edstic:<\/p>\n<p><a href=\"https:\/\/portaldogc.gencat.cat\/utilsEADOP\/PDF\/9164\/2028613.pdf\">https:\/\/portaldogc.gencat.cat\/utilsEADOP\/PDF\/9164\/2028613.pdf<\/a><\/p>\n<h3><span style=\"color: #00ff00;\">Altres<\/span><\/h3>\n<p><a href=\"https:\/\/xtec.gencat.cat\/ca\/projectes\/plurilinguisme\/sobre\/projecte-linguistic\/\">https:\/\/xtec.gencat.cat\/ca\/projectes\/plurilinguisme\/sobre\/projecte-linguistic\/<\/a><\/p>\n<p><a href=\"https:\/\/portaljuridic.gencat.cat\/ca\/detalls\/noticia\/us_llengues_oficials_centres_educatius\">https:\/\/portaljuridic.gencat.cat\/ca\/detalls\/noticia\/us_llengues_oficials_centres_educatius<\/a><\/p>\n<p><a href=\"https:\/\/portaljuridic.gencat.cat\/eli\/es-ct\/dl\/2022\/05\/30\/6\">https:\/\/portaljuridic.gencat.cat\/eli\/es-ct\/dl\/2022\/05\/30\/6<\/a><\/p>\n","protected":false},"excerpt":{"rendered":"<p>Manca actualitzar!<\/p>\n<p>Normativa<\/p>\n<p>El Decret 91\/2024, de 14 de maig, del r\u00e8gim ling\u00fc\u00edstic:<br \/>\n<a href=\"https:\/\/portaldogc.gencat.cat\/utilsEADOP\/PDF\/9164\/2028613.pdf\">https:\/\/portaldogc.gencat.cat\/utilsEADOP\/PDF\/9164\/2028613.pdf<\/a><br \/>\nAltres<br \/>\n<a href=\"https:\/\/xtec.gencat.cat\/ca\/projectes\/plurilinguisme\/sobre\/projecte-linguistic\/\">https:\/\/xtec.gencat.cat\/ca\/projectes\/plurilinguisme\/sobre\/projecte-linguistic\/<\/a><br \/>\n<a href=\"https:\/\/portaljuridic.gencat.cat\/ca\/detalls\/noticia\/us_llengues_oficials_centres_educatius\">https:\/\/portaljuridic.gencat.cat\/ca\/detalls\/noticia\/us_llengues_oficials_centres_educatius<\/a><br \/>\n<a href=\"https:\/\/portaljuridic.gencat.cat\/eli\/es-ct\/dl\/2022\/05\/30\/6\">https:\/\/portaljuridic.gencat.cat\/eli\/es-ct\/dl\/2022\/05\/30\/6<\/a><\/p>\n","protected":false},"author":1,"featured_media":0,"parent":1011,"menu_order":0,"comment_status":"closed","ping_status":"closed","template":"page-templates\/side-menu.php","meta":{"_bbp_topic_count":0,"_bbp_reply_count":0,"_bbp_total_topic_count":0,"_bbp_total_reply_count":0,"_bbp_voice_count":0,"_bbp_anonymous_reply_count":0,"_bbp_topic_count_hidden":0,"_bbp_reply_count_hidden":0,"_bbp_forum_subforum_count":0,"footnotes":""},"class_list":["post-1013","page","type-page","status-publish","hentry"],"post_mailing_queue_ids":[],"_links":{"self":[{"href":"https:\/\/agora.xtec.cat\/zerelsio\/wp-json\/wp\/v2\/pages\/1013","targetHints":{"allow":["GET"]}}],"collection":[{"href":"https:\/\/agora.xtec.cat\/zerelsio\/wp-json\/wp\/v2\/pages"}],"about":[{"href":"https:\/\/agora.xtec.cat\/zerelsio\/wp-json\/wp\/v2\/types\/page"}],"author":[{"embeddable":true,"href":"https:\/\/agora.xtec.cat\/zerelsio\/wp-json\/wp\/v2\/users\/1"}],"replies":[{"embeddable":true,"href":"https:\/\/agora.xtec.cat\/zerelsio\/wp-json\/wp\/v2\/comments?post=1013"}],"version-history":[{"count":6,"href":"https:\/\/agora.xtec.cat\/zerelsio\/wp-json\/wp\/v2\/pages\/1013\/revisions"}],"predecessor-version":[{"id":14834,"href":"https:\/\/agora.xtec.cat\/zerelsio\/wp-json\/wp\/v2\/pages\/1013\/revisions\/14834"}],"up":[{"embeddable":true,"href":"https:\/\/agora.xtec.cat\/zerelsio\/wp-json\/wp\/v2\/pages\/1011"}],"wp:attachment":[{"href":"https:\/\/agora.xtec.cat\/zerelsio\/wp-json\/wp\/v2\/media?parent=1013"}],"curies":[{"name":"wp","href":"https:\/\/api.w.org\/{rel}","templated":true}]}}