{"id":1008,"date":"2018-07-11T19:07:37","date_gmt":"2018-07-11T17:07:37","guid":{"rendered":"http:\/\/agora.xtec.cat\/zerelsio\/?page_id=1008"},"modified":"2025-07-18T10:36:13","modified_gmt":"2025-07-18T08:36:13","slug":"consell-escolar-2","status":"publish","type":"page","link":"https:\/\/agora.xtec.cat\/zerelsio\/zer\/consell-escolar-2\/","title":{"rendered":"Consell Escolar"},"content":{"rendered":"<p><a href=\"https:\/\/agora.xtec.cat\/zerelsio\/wp-content\/uploads\/usu567\/2025\/07\/cooltext485687808167408.png\"><img loading=\"lazy\" decoding=\"async\" class=\"alignnone size-full wp-image-17493\" src=\"https:\/\/agora.xtec.cat\/zerelsio\/wp-content\/uploads\/usu567\/2025\/07\/cooltext485687808167408.png\" alt=\"\" width=\"802\" height=\"141\" srcset=\"https:\/\/agora.xtec.cat\/zerelsio\/wp-content\/uploads\/usu567\/2025\/07\/cooltext485687808167408.png 802w, https:\/\/agora.xtec.cat\/zerelsio\/wp-content\/uploads\/usu567\/2025\/07\/cooltext485687808167408-300x53.png 300w, https:\/\/agora.xtec.cat\/zerelsio\/wp-content\/uploads\/usu567\/2025\/07\/cooltext485687808167408-768x135.png 768w\" sizes=\"auto, (max-width: 802px) 100vw, 802px\" \/><\/a><\/p>\n<h3><span style=\"color: #ff0000;\">ACORDS:<\/span><\/h3>\n<ul style=\"list-style-type: square;\">\n<li>\n<h3>Sessi\u00f3 1: 13\/10\/2025<\/h3>\n<\/li>\n<\/ul>\n<p>&nbsp;<\/p>\n<ul style=\"list-style-type: square;\">\n<li>\n<h3>Sessi\u00f3 2: 22\/01\/2026<\/h3>\n<\/li>\n<\/ul>\n<p>&nbsp;<\/p>\n<ul style=\"list-style-type: square;\">\n<li>\n<h3>Sessi\u00f3 3: 07\/06\/2026<\/h3>\n<\/li>\n<\/ul>\n<p>&nbsp;<\/p>\n<h3><span style=\"color: #ff0000;\">ACORDS CURSOS ANTERIORS:<\/span><\/h3>\n<p><iframe loading=\"lazy\" src=\"https:\/\/drive.google.com\/file\/d\/1wXgs-DTBcs7smSEBvt8_VoMvbe5R3UED\/preview\" width=\"640\" height=\"480\"><\/iframe><\/p>\n<ul style=\"list-style-type: square;\">\n<li>Acords curs 2025\/2026<\/li>\n<li><a href=\"https:\/\/agora.xtec.cat\/zerelsio\/curs-2024-2025\/acords-consell-escolar-curs-2024-2025\/\">Acords curs 2024\/2025<\/a>.<\/li>\n<li><span style=\"font-size: revert; color: initial;\"><a href=\"https:\/\/agora.xtec.cat\/zerelsio\/general\/acords-consell-escolar-curs-2023-2024\/\">Acords Curs 2023\/2024<\/a>.<\/span><\/li>\n<\/ul>\n<h3><span style=\"color: #ff0000;\">NORMATIVA:<\/span><\/h3>\n<p><iframe loading=\"lazy\" src=\"https:\/\/drive.google.com\/file\/d\/127fczPXZDyepUqU6USDn5xCf9D6Wkqbo\/preview\" width=\"640\" height=\"480\"><\/iframe><br \/>\n<iframe loading=\"lazy\" src=\"https:\/\/drive.google.com\/file\/d\/1Vsi119mGZKYrzilOj6VzrhuJHLQ-oH6H\/preview\" width=\"640\" height=\"480\"><\/iframe><\/p>\n<ul>\n<li><a href=\"http:\/\/LLEI ORG\u00c0NICA 2\/2006, de 3 de maig, d\u2019educa- ci\u00f3\">LLEI ORG\u00c0NICA 2\/2006<\/a>, de 3 de maig, d\u2019<a href=\"https:\/\/www.boe.es\/boe_catalan\/dias\/2006\/05\/16\/pdfs\/A01294-01341.pdf\">educaci\u00f3<\/a>.<br \/>\nEn l&#8217;article 56 s&#8217;estableix la seva composici\u00f3.<\/li>\n<li><a href=\"http:\/\/portaljuridic.gencat.cat\/ca\/pjur_ocults\/pjur_resultats_fitxa\/?action=fitxa&amp;mode=single&amp;documentId=480169&amp;language=ca_ES#fragment-1182449\">LLEI 12\/2009<\/a>, 10 de juliol, <a href=\"http:\/\/dogc.gencat.cat\/ca\/pdogc_canals_interns\/pdogc_resultats_fitxa\/?documentId=480169&amp;language=ca_ES&amp;action=fitxa\">LEC<\/a>.<br \/>\nEn els articles 148 i 152 s&#8217;estableix que el Consell Escolar \u00e9s l&#8217;\u00f2rgan de participaci\u00f3 de la comunitat escolar en el govern de la ZER.<\/li>\n<li><a href=\"http:\/\/portaljuridic.gencat.cat\/ca\/pjur_ocults\/pjur_resultats_fitxa\/?action=fitxa&amp;mode=single&amp;documentId=545262&amp;language=ca_ES\">DECRET 102\/2010<\/a>, de 3 d&#8217;agost, d&#8217;<a href=\"http:\/\/portaldogc.gencat.cat\/utilsEADOP\/PDF\/5686\/1108859.pdf\">autonomia<\/a> dels centres educatius.<br \/>\nEn l&#8217;article 28 es disposa la renovaci\u00f3 per meitats de les persones representants electes de cada sector cada dos anys; en el primer trimestre del curs.<\/li>\n<\/ul>\n<h3><span style=\"color: #ff0000;\">Eleccions:<\/span><\/h3>\n<ul>\n<li><span class=\"st\"><span class=\"st\"><a href=\"http:\/\/dogc.gencat.cat\/ca\/pdogc_canals_interns\/pdogc_resultats_fitxa\/?action=fitxa&amp;mode=single&amp;documentId=827818&amp;language=ca_ES\">Resoluci\u00f3 ENS\/2232\/2018<\/a>,calendari proc\u00e9s electoral per renovar els membres dels consells escolars.<\/span><\/span>&#8211; Inici del proc\u00e8s, 05\/11\/2018<br \/>\n<iframe loading=\"lazy\" src=\"https:\/\/drive.google.com\/file\/d\/1tI7A2gLOLCgXjxBAUGXpqrjxbNA49Epp\/preview\" width=\"640\" height=\"480\"><\/iframe><br \/>\n<iframe loading=\"lazy\" src=\"https:\/\/drive.google.com\/file\/d\/1-O52wcdwUEYx2ANIxnr94yR4wHAzHU4n\/preview\" width=\"640\" height=\"480\"><\/iframe><\/li>\n<\/ul>\n<p><strong>CALENDARI:<\/strong><br \/>\n&#8211; Composici\u00f3 de les meses electorals, 14\/11\/2018<br \/>\n&#8211; Votacions del 26 al 30\/11\/2018<br \/>\n&#8211; Constituci\u00f3 i presa de possessi\u00f3 dels seus membres, abans 21\/12\/2018<br \/>\n&#8211; Enviament acta autenticada, abans 14\/01\/2019<\/p>\n<h3><span style=\"color: #ff0000;\">Composici\u00f3:<\/span><\/h3>\n<p>Al Drive<\/p>\n<h3><span style=\"color: #ff0000;\">Actes al Moodle:<\/span><\/h3>\n<p><a href=\"https:\/\/agora.xtec.cat\/zerelsio\/moodle\/login\/index.php\">https:\/\/agora.xtec.cat\/zerelsio\/moodle\/login\/index.php<\/a><\/p>\n","protected":false},"excerpt":{"rendered":"<p><a href=\"https:\/\/agora.xtec.cat\/zerelsio\/wp-content\/uploads\/usu567\/2025\/07\/cooltext485687808167408.png\"><\/a><br \/>\nACORDS:<\/p>\n<ul style=\"list-style-type: square;\">\n<li>\nSessi\u00f3 1: 13\/10\/2025\n<\/li>\n<\/ul>\n<p>&nbsp;<\/p>\n<ul style=\"list-style-type: square;\">\n<li>\nSessi\u00f3 2: 22\/01\/2026\n<\/li>\n<\/ul>\n<p>&nbsp;<\/p>\n<ul style=\"list-style-type: square;\">\n<li>\nSessi\u00f3 3: 07\/06\/2026\n<\/li>\n<\/ul>\n<p>&nbsp;<br \/>\nACORDS CURSOS ANTERIORS:<\/p>\n<ul style=\"list-style-type: square;\">\n<li>Acords curs 2025\/2026<\/li>\n<li><a href=\"https:\/\/agora.xtec.cat\/zerelsio\/curs-2024-2025\/acords-consell-escolar-curs-2024-2025\/\">Acords curs 2024\/2025<\/a>.<\/li>\n<li><a href=\"https:\/\/agora.xtec.cat\/zerelsio\/general\/acords-consell-escolar-curs-2023-2024\/\">Acords Curs 2023\/2024<\/a>.<\/li>\n<\/ul>\n<p>NORMATIVA:<\/p>\n<ul>\n<li><a href=\"http:\/\/LLEI ORG\u00c0NICA 2\/2006, de 3 de maig, d\u2019educa- ci\u00f3\">LLEI ORG\u00c0NICA 2\/2006<\/a>, de 3 de maig, d\u2019<a href=\"https:\/\/www.boe.es\/boe_catalan\/dias\/2006\/05\/16\/pdfs\/A01294-01341.pdf\">educaci\u00f3<\/a>.<br \/>\nEn l&#8217;article 56&hellip;  <a href=\"https:\/\/agora.xtec.cat\/zerelsio\/zer\/consell-escolar-2\/\" title=\"Read Consell Escolar\">Llegeix m\u00e9s\u00bb<\/a><\/p>\n","protected":false},"author":1,"featured_media":0,"parent":19,"menu_order":10,"comment_status":"closed","ping_status":"closed","template":"page-templates\/side-menu.php","meta":{"_bbp_topic_count":0,"_bbp_reply_count":0,"_bbp_total_topic_count":0,"_bbp_total_reply_count":0,"_bbp_voice_count":0,"_bbp_anonymous_reply_count":0,"_bbp_topic_count_hidden":0,"_bbp_reply_count_hidden":0,"_bbp_forum_subforum_count":0,"footnotes":""},"class_list":["post-1008","page","type-page","status-publish","hentry"],"post_mailing_queue_ids":[],"_links":{"self":[{"href":"https:\/\/agora.xtec.cat\/zerelsio\/wp-json\/wp\/v2\/pages\/1008","targetHints":{"allow":["GET"]}}],"collection":[{"href":"https:\/\/agora.xtec.cat\/zerelsio\/wp-json\/wp\/v2\/pages"}],"about":[{"href":"https:\/\/agora.xtec.cat\/zerelsio\/wp-json\/wp\/v2\/types\/page"}],"author":[{"embeddable":true,"href":"https:\/\/agora.xtec.cat\/zerelsio\/wp-json\/wp\/v2\/users\/1"}],"replies":[{"embeddable":true,"href":"https:\/\/agora.xtec.cat\/zerelsio\/wp-json\/wp\/v2\/comments?post=1008"}],"version-history":[{"count":6,"href":"https:\/\/agora.xtec.cat\/zerelsio\/wp-json\/wp\/v2\/pages\/1008\/revisions"}],"predecessor-version":[{"id":17700,"href":"https:\/\/agora.xtec.cat\/zerelsio\/wp-json\/wp\/v2\/pages\/1008\/revisions\/17700"}],"up":[{"embeddable":true,"href":"https:\/\/agora.xtec.cat\/zerelsio\/wp-json\/wp\/v2\/pages\/19"}],"wp:attachment":[{"href":"https:\/\/agora.xtec.cat\/zerelsio\/wp-json\/wp\/v2\/media?parent=1008"}],"curies":[{"name":"wp","href":"https:\/\/api.w.org\/{rel}","templated":true}]}}