{"id":757,"date":"2020-04-09T11:24:47","date_gmt":"2020-04-09T09:24:47","guid":{"rendered":"http:\/\/agora.xtec.cat\/zerelsceps\/?page_id=757"},"modified":"2025-10-28T12:39:07","modified_gmt":"2025-10-28T11:39:07","slug":"estructura-organitzativa-equips-directius","status":"publish","type":"page","link":"https:\/\/agora.xtec.cat\/zerelsceps\/estructura-organitzativa-equips-directius\/","title":{"rendered":"Equips directius"},"content":{"rendered":"<p>La ZER Els Ceps compta amb un equip directiu de la ZER format pels c\u00e0rrecs unipersonals de direcci\u00f3, cap d&#8217;estudis i secretaria, i cadascuna de les dues escoles compta amb el seu propi equip directiu format pels c\u00e0rrecs unipersonals de direcci\u00f3 i secretaria.<\/p>\n<p><span style=\"text-decoration: underline;\"><strong>EQUIP DIRECTIU DE LA ZER ELS CEPS<br \/>\n<\/strong><\/span><\/p>\n<ul>\n<li><strong>DIRECTOR<\/strong><\/li>\n<\/ul>\n<p>Sergio Cortijo Gim\u00e9nez<\/p>\n<p>&nbsp;<\/p>\n<ul>\n<li><strong>CAP D&#8217;ESTUDIS<\/strong><\/li>\n<\/ul>\n<p>Marcos Sarabia Alonso<\/p>\n<p>Mestre a la ZER amb l&#8217;especialitat d&#8217;educaci\u00f3 f\u00edsica<\/p>\n<ul>\n<li><strong>SECRETARI<\/strong><\/li>\n<\/ul>\n<p>David Beneyto Franc\u00e8s<\/p>\n<p>Mestre a la ZER amb l&#8217;especialitat d&#8217;educaci\u00f3 infantil<\/p>\n<p><span style=\"text-decoration: underline;\"><strong>EQUIP DIRECTIU DE L&#8217;ESCOLA BERENGUER DE MONTOLIU<\/strong><\/span><\/p>\n<ul>\n<li><strong>DIRECTOR<\/strong><\/li>\n<\/ul>\n<p>Gerard Roig Llu\u00eds<\/p>\n<p>Mestre a l&#8217;Escola Berenguer de Montoliu amb l&#8217;especialitat d&#8217;educaci\u00f3 f\u00edsica<\/p>\n<ul>\n<li><strong>SECRET\u00c0RIA<\/strong><\/li>\n<\/ul>\n<p>J\u00falia Mart\u00ed Gonz\u00e1lez<\/p>\n<p>&nbsp;<\/p>\n<p><span style=\"text-decoration: underline;\"><strong>EQUIP DIRECTIU DE L&#8217;ESCOLA L&#8217;ESTEL<\/strong><\/span><\/p>\n<ul>\n<li><strong>DIRECTOR<\/strong><\/li>\n<\/ul>\n<p>Sergio Cortijo Gim\u00e9nez<\/p>\n<p>Mestre a l&#8217;Escola L&#8217;Estel amb l&#8217;especialitat d&#8217;educaci\u00f3 prim\u00e0ria<\/p>\n<p>Nomenament de direcci\u00f3 curs 2022-2023<\/p>\n<ul>\n<li><strong>SECRETARI<\/strong><\/li>\n<\/ul>\n<p>David Beneyto Frances<\/p>\n<p>Mestre a la ZER amb l&#8217;especialitat d&#8217;educaci\u00f3 infantil<\/p>\n<p>&nbsp;<\/p>\n","protected":false},"excerpt":{"rendered":"<p>La ZER Els Ceps compta amb un equip directiu de la ZER format pels c\u00e0rrecs unipersonals de direcci\u00f3, cap d&#8217;estudis i secretaria, i cadascuna de les dues escoles compta amb el seu propi equip directiu format pels c\u00e0rrecs unipersonals de direcci\u00f3 i secretaria. EQUIP DIRECTIU DE LA ZER ELS CEPS DIRECTOR Sergio Cortijo Gim\u00e9nez &nbsp; [&hellip;]<\/p>\n","protected":false},"author":1,"featured_media":0,"parent":0,"menu_order":0,"comment_status":"closed","ping_status":"closed","template":"","meta":{"_bbp_topic_count":0,"_bbp_reply_count":0,"_bbp_total_topic_count":0,"_bbp_total_reply_count":0,"_bbp_voice_count":0,"_bbp_anonymous_reply_count":0,"_bbp_topic_count_hidden":0,"_bbp_reply_count_hidden":0,"_bbp_forum_subforum_count":0,"site-sidebar-layout":"default","site-content-layout":"","ast-site-content-layout":"","site-content-style":"default","site-sidebar-style":"default","ast-global-header-display":"","ast-banner-title-visibility":"","ast-main-header-display":"","ast-hfb-above-header-display":"","ast-hfb-below-header-display":"","ast-hfb-mobile-header-display":"","site-post-title":"","ast-breadcrumbs-content":"","ast-featured-img":"","footer-sml-layout":"","theme-transparent-header-meta":"","adv-header-id-meta":"","stick-header-meta":"","header-above-stick-meta":"","header-main-stick-meta":"","header-below-stick-meta":"","astra-migrate-meta-layouts":"default","ast-page-background-enabled":"default","ast-page-background-meta":{"desktop":{"background-color":"var(--ast-global-color-4)","background-image":"","background-repeat":"repeat","background-position":"center center","background-size":"auto","background-attachment":"scroll","background-type":"","background-media":"","overlay-type":"","overlay-color":"","overlay-opacity":"","overlay-gradient":""},"tablet":{"background-color":"","background-image":"","background-repeat":"repeat","background-position":"center center","background-size":"auto","background-attachment":"scroll","background-type":"","background-media":"","overlay-type":"","overlay-color":"","overlay-opacity":"","overlay-gradient":""},"mobile":{"background-color":"","background-image":"","background-repeat":"repeat","background-position":"center center","background-size":"auto","background-attachment":"scroll","background-type":"","background-media":"","overlay-type":"","overlay-color":"","overlay-opacity":"","overlay-gradient":""}},"ast-content-background-meta":{"desktop":{"background-color":"var(--ast-global-color-5)","background-image":"","background-repeat":"repeat","background-position":"center center","background-size":"auto","background-attachment":"scroll","background-type":"","background-media":"","overlay-type":"","overlay-color":"","overlay-opacity":"","overlay-gradient":""},"tablet":{"background-color":"var(--ast-global-color-5)","background-image":"","background-repeat":"repeat","background-position":"center center","background-size":"auto","background-attachment":"scroll","background-type":"","background-media":"","overlay-type":"","overlay-color":"","overlay-opacity":"","overlay-gradient":""},"mobile":{"background-color":"var(--ast-global-color-5)","background-image":"","background-repeat":"repeat","background-position":"center center","background-size":"auto","background-attachment":"scroll","background-type":"","background-media":"","overlay-type":"","overlay-color":"","overlay-opacity":"","overlay-gradient":""}},"footnotes":""},"class_list":["post-757","page","type-page","status-publish","hentry"],"post_mailing_queue_ids":[],"_links":{"self":[{"href":"https:\/\/agora.xtec.cat\/zerelsceps\/wp-json\/wp\/v2\/pages\/757","targetHints":{"allow":["GET"]}}],"collection":[{"href":"https:\/\/agora.xtec.cat\/zerelsceps\/wp-json\/wp\/v2\/pages"}],"about":[{"href":"https:\/\/agora.xtec.cat\/zerelsceps\/wp-json\/wp\/v2\/types\/page"}],"author":[{"embeddable":true,"href":"https:\/\/agora.xtec.cat\/zerelsceps\/wp-json\/wp\/v2\/users\/1"}],"replies":[{"embeddable":true,"href":"https:\/\/agora.xtec.cat\/zerelsceps\/wp-json\/wp\/v2\/comments?post=757"}],"version-history":[{"count":5,"href":"https:\/\/agora.xtec.cat\/zerelsceps\/wp-json\/wp\/v2\/pages\/757\/revisions"}],"predecessor-version":[{"id":1169,"href":"https:\/\/agora.xtec.cat\/zerelsceps\/wp-json\/wp\/v2\/pages\/757\/revisions\/1169"}],"wp:attachment":[{"href":"https:\/\/agora.xtec.cat\/zerelsceps\/wp-json\/wp\/v2\/media?parent=757"}],"curies":[{"name":"wp","href":"https:\/\/api.w.org\/{rel}","templated":true}]}}