{"id":367,"date":"2015-07-23T15:21:30","date_gmt":"2015-07-23T13:21:30","guid":{"rendered":"http:\/\/agora.xtec.cat\/zerelscastells\/?page_id=367"},"modified":"2025-09-03T09:57:49","modified_gmt":"2025-09-03T07:57:49","slug":"qui-som-barbara","status":"publish","type":"page","link":"https:\/\/agora.xtec.cat\/zerelscastells\/escola-santabarbara\/qui-som-barbara\/","title":{"rendered":"Qui som"},"content":{"rendered":"\n<p>&nbsp;<\/p>\n\n\n\n<p><strong>ALUMNES<\/strong><\/p>\n\n\n\n<figure class=\"wp-block-table\"><table class=\"has-fixed-layout\"><tbody><tr><td>I3<\/td><td>&nbsp;<\/td><td>1<\/td><\/tr><tr><td>I4<\/td><td>&nbsp;<\/td><td>1<\/td><\/tr><tr><td>I5<\/td><td>&nbsp;<\/td><td>0<\/td><\/tr><tr><td>1r<\/td><td>&nbsp;<\/td><td>5<\/td><\/tr><tr><td>2n<\/td><td>&nbsp;<\/td><td>1<\/td><\/tr><tr><td>3r<\/td><td>&nbsp;<\/td><td>2<\/td><\/tr><tr><td>4t<\/td><td>&nbsp;<\/td><td>2<\/td><\/tr><tr><td>5\u00e8<\/td><td><\/td><td>2<\/td><\/tr><tr><td>6\u00e8<\/td><td>&nbsp;<\/td><td>4<\/td><\/tr><\/tbody><\/table><\/figure>\n\n\n\n<p><strong>MESTRES<\/strong><\/p>\n\n\n\n<figure class=\"wp-block-table\"><table class=\"has-fixed-layout\"><tbody><tr><td>EI<\/td><td>M. Dolors Puig<\/td><td>Tutora infantil\n<p>Directora<\/p>\n<\/td><\/tr><tr><td>EP<\/td><td>Francesc Xavier Jurado<\/td><td>Tutor<\/td><\/tr><tr><td>EF\u00edsica<\/td><td>Ferran Cervell\u00f3<\/td><td>&nbsp;<\/td><\/tr><tr><td>M\u00fasica<\/td><td>Berta Iglesias<\/td><td>&nbsp;<\/td><\/tr><tr><td>Angl\u00e8s<\/td><td>Anna Castany<\/td><td>Directora ZER<\/td><\/tr><tr><td>EEspecial<\/td><td>Eva Trepat<\/td><td>&nbsp;<\/td><\/tr><\/tbody><\/table><\/figure>\n","protected":false},"excerpt":{"rendered":"<p>&nbsp; ALUMNES I3 &nbsp; 1 I4 &nbsp; 1 I5 &nbsp; 0 1r &nbsp; 5 2n &nbsp; 1 3r &nbsp; 2 4t &nbsp; 2 5\u00e8 2 6\u00e8 &nbsp; 4 MESTRES EI M. Dolors Puig Tutora infantil Directora EP Francesc Xavier Jurado Tutor EF\u00edsica Ferran Cervell\u00f3 &nbsp; M\u00fasica Berta Iglesias &nbsp; Angl\u00e8s Anna Castany Directora ZER EEspecial [&hellip;]<\/p>\n","protected":false},"author":1,"featured_media":0,"parent":270,"menu_order":10,"comment_status":"closed","ping_status":"closed","template":"","meta":{"_bbp_topic_count":0,"_bbp_reply_count":0,"_bbp_total_topic_count":0,"_bbp_total_reply_count":0,"_bbp_voice_count":0,"_bbp_anonymous_reply_count":0,"_bbp_topic_count_hidden":0,"_bbp_reply_count_hidden":0,"_bbp_forum_subforum_count":0,"site-sidebar-layout":"default","site-content-layout":"","ast-site-content-layout":"default","site-content-style":"default","site-sidebar-style":"default","ast-global-header-display":"","ast-banner-title-visibility":"","ast-main-header-display":"","ast-hfb-above-header-display":"","ast-hfb-below-header-display":"","ast-hfb-mobile-header-display":"","site-post-title":"","ast-breadcrumbs-content":"","ast-featured-img":"","footer-sml-layout":"","theme-transparent-header-meta":"","adv-header-id-meta":"","stick-header-meta":"","header-above-stick-meta":"","header-main-stick-meta":"","header-below-stick-meta":"","astra-migrate-meta-layouts":"set","ast-page-background-enabled":"default","ast-page-background-meta":{"desktop":{"background-color":"var(--ast-global-color-4)","background-image":"","background-repeat":"repeat","background-position":"center center","background-size":"auto","background-attachment":"scroll","background-type":"","background-media":"","overlay-type":"","overlay-color":"","overlay-opacity":"","overlay-gradient":""},"tablet":{"background-color":"","background-image":"","background-repeat":"repeat","background-position":"center center","background-size":"auto","background-attachment":"scroll","background-type":"","background-media":"","overlay-type":"","overlay-color":"","overlay-opacity":"","overlay-gradient":""},"mobile":{"background-color":"","background-image":"","background-repeat":"repeat","background-position":"center center","background-size":"auto","background-attachment":"scroll","background-type":"","background-media":"","overlay-type":"","overlay-color":"","overlay-opacity":"","overlay-gradient":""}},"ast-content-background-meta":{"desktop":{"background-color":"var(--ast-global-color-5)","background-image":"","background-repeat":"repeat","background-position":"center center","background-size":"auto","background-attachment":"scroll","background-type":"","background-media":"","overlay-type":"","overlay-color":"","overlay-opacity":"","overlay-gradient":""},"tablet":{"background-color":"var(--ast-global-color-5)","background-image":"","background-repeat":"repeat","background-position":"center center","background-size":"auto","background-attachment":"scroll","background-type":"","background-media":"","overlay-type":"","overlay-color":"","overlay-opacity":"","overlay-gradient":""},"mobile":{"background-color":"var(--ast-global-color-5)","background-image":"","background-repeat":"repeat","background-position":"center center","background-size":"auto","background-attachment":"scroll","background-type":"","background-media":"","overlay-type":"","overlay-color":"","overlay-opacity":"","overlay-gradient":""}},"footnotes":""},"class_list":["post-367","page","type-page","status-publish","hentry"],"post_mailing_queue_ids":[],"_links":{"self":[{"href":"https:\/\/agora.xtec.cat\/zerelscastells\/wp-json\/wp\/v2\/pages\/367","targetHints":{"allow":["GET"]}}],"collection":[{"href":"https:\/\/agora.xtec.cat\/zerelscastells\/wp-json\/wp\/v2\/pages"}],"about":[{"href":"https:\/\/agora.xtec.cat\/zerelscastells\/wp-json\/wp\/v2\/types\/page"}],"author":[{"embeddable":true,"href":"https:\/\/agora.xtec.cat\/zerelscastells\/wp-json\/wp\/v2\/users\/1"}],"replies":[{"embeddable":true,"href":"https:\/\/agora.xtec.cat\/zerelscastells\/wp-json\/wp\/v2\/comments?post=367"}],"version-history":[{"count":5,"href":"https:\/\/agora.xtec.cat\/zerelscastells\/wp-json\/wp\/v2\/pages\/367\/revisions"}],"predecessor-version":[{"id":8649,"href":"https:\/\/agora.xtec.cat\/zerelscastells\/wp-json\/wp\/v2\/pages\/367\/revisions\/8649"}],"up":[{"embeddable":true,"href":"https:\/\/agora.xtec.cat\/zerelscastells\/wp-json\/wp\/v2\/pages\/270"}],"wp:attachment":[{"href":"https:\/\/agora.xtec.cat\/zerelscastells\/wp-json\/wp\/v2\/media?parent=367"}],"curies":[{"name":"wp","href":"https:\/\/api.w.org\/{rel}","templated":true}]}}