{"id":272,"date":"2015-07-20T13:10:37","date_gmt":"2015-07-20T11:10:37","guid":{"rendered":"http:\/\/agora.xtec.cat\/zerelscastells\/?page_id=272"},"modified":"2025-07-09T00:19:54","modified_gmt":"2025-07-08T22:19:54","slug":"qui-som-baumeta","status":"publish","type":"page","link":"https:\/\/agora.xtec.cat\/zerelscastells\/escola-baumeta\/qui-som-baumeta\/","title":{"rendered":"Qui som"},"content":{"rendered":"\n<p>&nbsp;<\/p>\n\n\n\n<p><strong>ALUMNES CURS 2025-2026<\/strong><\/p>\n\n\n\n<figure class=\"wp-block-table\"><table class=\"has-fixed-layout\"><tbody><tr><td>i1<\/td><td>2<\/td><\/tr><tr><td>i2<\/td><td>2<\/td><\/tr><tr><td>i3<\/td><td>4<\/td><\/tr><tr><td>i4<\/td><td>1<\/td><\/tr><tr><td>i5<\/td><td>3<\/td><\/tr><tr><td>1r<\/td><td>2<\/td><\/tr><tr><td>2n<\/td><td>3<\/td><\/tr><tr><td>3r<\/td><td>2<\/td><\/tr><tr><td>4t<\/td><td>2<\/td><\/tr><tr><td>5\u00e8<\/td><td>0<\/td><\/tr><tr><td>6\u00e8<\/td><td>1<\/td><\/tr><\/tbody><\/table><\/figure>\n\n\n\n<p><strong>MESTRES CURS 2025-2026<\/strong><\/p>\n\n\n\n<figure class=\"wp-block-table\"><table class=\"has-fixed-layout\"><tbody><tr><td>Infantil<\/td><td>M\u00f2nica Teixid\u00f3<\/td><td>&nbsp;<\/td><\/tr><tr><td>Prim\u00e0ria<\/td><td>Anna Bonamaison<\/td><td>Directora Baumeta &nbsp;&#8211; Cap d&#8217;estudis ZER<\/td><\/tr><tr><td>E F\u00edsica<\/td><td>&nbsp;<\/td><td>&nbsp;<\/td><\/tr><tr><td>M\u00fasica<\/td><td>&nbsp;<\/td><td>&nbsp;<\/td><\/tr><tr><td>Angl\u00e8s<\/td><td>Anna Castany<\/td><td>Directora ZER<\/td><\/tr><tr><td>E Especial<\/td><td>Eva Trepat<\/td><td>&nbsp;<\/td><\/tr><\/tbody><\/table><\/figure>\n","protected":false},"excerpt":{"rendered":"<p>&nbsp; ALUMNES CURS 2025-2026 i1 2 i2 2 i3 4 i4 1 i5 3 1r 2 2n 3 3r 2 4t 2 5\u00e8 0 6\u00e8 1 MESTRES CURS 2025-2026 Infantil M\u00f2nica Teixid\u00f3 &nbsp; Prim\u00e0ria Anna Bonamaison Directora Baumeta &nbsp;&#8211; Cap d&#8217;estudis ZER E F\u00edsica &nbsp; &nbsp; M\u00fasica &nbsp; &nbsp; Angl\u00e8s Anna Castany Directora ZER E [&hellip;]<\/p>\n","protected":false},"author":1,"featured_media":0,"parent":266,"menu_order":10,"comment_status":"closed","ping_status":"closed","template":"","meta":{"_bbp_topic_count":0,"_bbp_reply_count":0,"_bbp_total_topic_count":0,"_bbp_total_reply_count":0,"_bbp_voice_count":0,"_bbp_anonymous_reply_count":0,"_bbp_topic_count_hidden":0,"_bbp_reply_count_hidden":0,"_bbp_forum_subforum_count":0,"site-sidebar-layout":"default","site-content-layout":"","ast-site-content-layout":"default","site-content-style":"default","site-sidebar-style":"default","ast-global-header-display":"","ast-banner-title-visibility":"","ast-main-header-display":"","ast-hfb-above-header-display":"","ast-hfb-below-header-display":"","ast-hfb-mobile-header-display":"","site-post-title":"","ast-breadcrumbs-content":"","ast-featured-img":"","footer-sml-layout":"","theme-transparent-header-meta":"","adv-header-id-meta":"","stick-header-meta":"","header-above-stick-meta":"","header-main-stick-meta":"","header-below-stick-meta":"","astra-migrate-meta-layouts":"set","ast-page-background-enabled":"default","ast-page-background-meta":{"desktop":{"background-color":"var(--ast-global-color-4)","background-image":"","background-repeat":"repeat","background-position":"center center","background-size":"auto","background-attachment":"scroll","background-type":"","background-media":"","overlay-type":"","overlay-color":"","overlay-opacity":"","overlay-gradient":""},"tablet":{"background-color":"","background-image":"","background-repeat":"repeat","background-position":"center center","background-size":"auto","background-attachment":"scroll","background-type":"","background-media":"","overlay-type":"","overlay-color":"","overlay-opacity":"","overlay-gradient":""},"mobile":{"background-color":"","background-image":"","background-repeat":"repeat","background-position":"center center","background-size":"auto","background-attachment":"scroll","background-type":"","background-media":"","overlay-type":"","overlay-color":"","overlay-opacity":"","overlay-gradient":""}},"ast-content-background-meta":{"desktop":{"background-color":"var(--ast-global-color-5)","background-image":"","background-repeat":"repeat","background-position":"center center","background-size":"auto","background-attachment":"scroll","background-type":"","background-media":"","overlay-type":"","overlay-color":"","overlay-opacity":"","overlay-gradient":""},"tablet":{"background-color":"var(--ast-global-color-5)","background-image":"","background-repeat":"repeat","background-position":"center center","background-size":"auto","background-attachment":"scroll","background-type":"","background-media":"","overlay-type":"","overlay-color":"","overlay-opacity":"","overlay-gradient":""},"mobile":{"background-color":"var(--ast-global-color-5)","background-image":"","background-repeat":"repeat","background-position":"center center","background-size":"auto","background-attachment":"scroll","background-type":"","background-media":"","overlay-type":"","overlay-color":"","overlay-opacity":"","overlay-gradient":""}},"footnotes":""},"class_list":["post-272","page","type-page","status-publish","hentry"],"post_mailing_queue_ids":[],"_links":{"self":[{"href":"https:\/\/agora.xtec.cat\/zerelscastells\/wp-json\/wp\/v2\/pages\/272","targetHints":{"allow":["GET"]}}],"collection":[{"href":"https:\/\/agora.xtec.cat\/zerelscastells\/wp-json\/wp\/v2\/pages"}],"about":[{"href":"https:\/\/agora.xtec.cat\/zerelscastells\/wp-json\/wp\/v2\/types\/page"}],"author":[{"embeddable":true,"href":"https:\/\/agora.xtec.cat\/zerelscastells\/wp-json\/wp\/v2\/users\/1"}],"replies":[{"embeddable":true,"href":"https:\/\/agora.xtec.cat\/zerelscastells\/wp-json\/wp\/v2\/comments?post=272"}],"version-history":[{"count":4,"href":"https:\/\/agora.xtec.cat\/zerelscastells\/wp-json\/wp\/v2\/pages\/272\/revisions"}],"predecessor-version":[{"id":8518,"href":"https:\/\/agora.xtec.cat\/zerelscastells\/wp-json\/wp\/v2\/pages\/272\/revisions\/8518"}],"up":[{"embeddable":true,"href":"https:\/\/agora.xtec.cat\/zerelscastells\/wp-json\/wp\/v2\/pages\/266"}],"wp:attachment":[{"href":"https:\/\/agora.xtec.cat\/zerelscastells\/wp-json\/wp\/v2\/media?parent=272"}],"curies":[{"name":"wp","href":"https:\/\/api.w.org\/{rel}","templated":true}]}}