{"id":19,"date":"2014-09-17T14:56:56","date_gmt":"2014-09-17T14:56:56","guid":{"rendered":"http:\/\/agora.xtec.cat\/zerelscastells\/?page_id=19"},"modified":"2025-07-09T00:41:42","modified_gmt":"2025-07-08T22:41:42","slug":"zer","status":"publish","type":"page","link":"https:\/\/agora.xtec.cat\/zerelscastells\/zer\/","title":{"rendered":"ZER"},"content":{"rendered":"<p>La ZER Els Castells es troba situada al nord-est de la comarca d\u2019Osona, a la subcomarca El Bisaura, i est\u00e0 formada per les 2 escoles dels municipis de Santa Maria de Besora i Vidr\u00e0. La dist\u00e0ncia m\u00e0xima entre les escoles \u00e9s de 8km.<\/p>\n<p>El Departament d\u2019Ensenyament de la Generalitat de Catalunya ratifica oficialment la ZER Els Castells l\u201911 de juny de 1999, integrada pels centres: CEIP Santa B\u00e0rbara de Vidr\u00e0,\u00a0 CEIP Comtes de Lacambra de les Masies de Voltreg\u00e0, CEIP el Rocal de Montesquiu i\u00a0 CEIP de Santa Maria de Besora de Santa Maria de Besora.<\/p>\n<p>El curs 2013-14 l\u2019escola de Vinyoles deixa de formar part de la ZER, la qual queda formada per tres escoles: El Rocal (Montesquiu), La Baumeta (Santa Maria de Besora) i Santa B\u00e0rbara (Vidr\u00e0), i la seu de la ZER es trasllada a Montesquiu.<\/p>\n<p>El curs 2022-23 l&#8217;escola de Montesquiu deixa de formar part de la ZER, la qual queda formada per les escoles Santa B\u00e0rbara de Vidr\u00e0 i La Baumeta de Santa Maria de Besora.<\/p>\n<p style=\"text-align: center;\"><strong>El 2025 celebrem els 25 anys de la ZER.<\/strong><\/p>\n<p><img loading=\"lazy\" decoding=\"async\" class=\"aligncenter size-medium wp-image-8497\" src=\"https:\/\/agora.xtec.cat\/zerelscastells\/wp-content\/uploads\/usu1247\/2025\/07\/IMG-20250613-WA0002-300x225.jpg\" alt=\"\" width=\"300\" height=\"225\" srcset=\"https:\/\/agora.xtec.cat\/zerelscastells\/wp-content\/uploads\/usu1247\/2025\/07\/IMG-20250613-WA0002-300x225.jpg 300w, https:\/\/agora.xtec.cat\/zerelscastells\/wp-content\/uploads\/usu1247\/2025\/07\/IMG-20250613-WA0002-1024x768.jpg 1024w, https:\/\/agora.xtec.cat\/zerelscastells\/wp-content\/uploads\/usu1247\/2025\/07\/IMG-20250613-WA0002-768x576.jpg 768w, https:\/\/agora.xtec.cat\/zerelscastells\/wp-content\/uploads\/usu1247\/2025\/07\/IMG-20250613-WA0002-1536x1152.jpg 1536w, https:\/\/agora.xtec.cat\/zerelscastells\/wp-content\/uploads\/usu1247\/2025\/07\/IMG-20250613-WA0002.jpg 2040w\" sizes=\"auto, (max-width: 300px) 100vw, 300px\" \/><\/p>\n","protected":false},"excerpt":{"rendered":"<p>La ZER Els Castells es troba situada al nord-est de la comarca d\u2019Osona, a la subcomarca El Bisaura, i est\u00e0 formada per les 2 escoles dels municipis de Santa Maria de Besora i Vidr\u00e0. La dist\u00e0ncia m\u00e0xima entre les escoles \u00e9s de 8km. El Departament d\u2019Ensenyament de la Generalitat de Catalunya ratifica oficialment la ZER [&hellip;]<\/p>\n","protected":false},"author":1,"featured_media":0,"parent":0,"menu_order":1,"comment_status":"closed","ping_status":"closed","template":"","meta":{"_bbp_topic_count":0,"_bbp_reply_count":0,"_bbp_total_topic_count":0,"_bbp_total_reply_count":0,"_bbp_voice_count":0,"_bbp_anonymous_reply_count":0,"_bbp_topic_count_hidden":0,"_bbp_reply_count_hidden":0,"_bbp_forum_subforum_count":0,"site-sidebar-layout":"default","site-content-layout":"","ast-site-content-layout":"default","site-content-style":"default","site-sidebar-style":"default","ast-global-header-display":"","ast-banner-title-visibility":"","ast-main-header-display":"","ast-hfb-above-header-display":"","ast-hfb-below-header-display":"","ast-hfb-mobile-header-display":"","site-post-title":"","ast-breadcrumbs-content":"","ast-featured-img":"","footer-sml-layout":"","theme-transparent-header-meta":"","adv-header-id-meta":"","stick-header-meta":"","header-above-stick-meta":"","header-main-stick-meta":"","header-below-stick-meta":"","astra-migrate-meta-layouts":"set","ast-page-background-enabled":"default","ast-page-background-meta":{"desktop":{"background-color":"var(--ast-global-color-4)","background-image":"","background-repeat":"repeat","background-position":"center center","background-size":"auto","background-attachment":"scroll","background-type":"","background-media":"","overlay-type":"","overlay-color":"","overlay-opacity":"","overlay-gradient":""},"tablet":{"background-color":"","background-image":"","background-repeat":"repeat","background-position":"center center","background-size":"auto","background-attachment":"scroll","background-type":"","background-media":"","overlay-type":"","overlay-color":"","overlay-opacity":"","overlay-gradient":""},"mobile":{"background-color":"","background-image":"","background-repeat":"repeat","background-position":"center center","background-size":"auto","background-attachment":"scroll","background-type":"","background-media":"","overlay-type":"","overlay-color":"","overlay-opacity":"","overlay-gradient":""}},"ast-content-background-meta":{"desktop":{"background-color":"var(--ast-global-color-5)","background-image":"","background-repeat":"repeat","background-position":"center center","background-size":"auto","background-attachment":"scroll","background-type":"","background-media":"","overlay-type":"","overlay-color":"","overlay-opacity":"","overlay-gradient":""},"tablet":{"background-color":"var(--ast-global-color-5)","background-image":"","background-repeat":"repeat","background-position":"center center","background-size":"auto","background-attachment":"scroll","background-type":"","background-media":"","overlay-type":"","overlay-color":"","overlay-opacity":"","overlay-gradient":""},"mobile":{"background-color":"var(--ast-global-color-5)","background-image":"","background-repeat":"repeat","background-position":"center center","background-size":"auto","background-attachment":"scroll","background-type":"","background-media":"","overlay-type":"","overlay-color":"","overlay-opacity":"","overlay-gradient":""}},"footnotes":""},"class_list":["post-19","page","type-page","status-publish","hentry"],"post_mailing_queue_ids":[],"_links":{"self":[{"href":"https:\/\/agora.xtec.cat\/zerelscastells\/wp-json\/wp\/v2\/pages\/19","targetHints":{"allow":["GET"]}}],"collection":[{"href":"https:\/\/agora.xtec.cat\/zerelscastells\/wp-json\/wp\/v2\/pages"}],"about":[{"href":"https:\/\/agora.xtec.cat\/zerelscastells\/wp-json\/wp\/v2\/types\/page"}],"author":[{"embeddable":true,"href":"https:\/\/agora.xtec.cat\/zerelscastells\/wp-json\/wp\/v2\/users\/1"}],"replies":[{"embeddable":true,"href":"https:\/\/agora.xtec.cat\/zerelscastells\/wp-json\/wp\/v2\/comments?post=19"}],"version-history":[{"count":4,"href":"https:\/\/agora.xtec.cat\/zerelscastells\/wp-json\/wp\/v2\/pages\/19\/revisions"}],"predecessor-version":[{"id":8521,"href":"https:\/\/agora.xtec.cat\/zerelscastells\/wp-json\/wp\/v2\/pages\/19\/revisions\/8521"}],"wp:attachment":[{"href":"https:\/\/agora.xtec.cat\/zerelscastells\/wp-json\/wp\/v2\/media?parent=19"}],"curies":[{"name":"wp","href":"https:\/\/api.w.org\/{rel}","templated":true}]}}