{"id":1079,"date":"2017-10-30T23:00:43","date_gmt":"2017-10-30T22:00:43","guid":{"rendered":"http:\/\/agora.xtec.cat\/zerelscastells\/?page_id=1079"},"modified":"2025-07-09T00:56:47","modified_gmt":"2025-07-08T22:56:47","slug":"xarxa-de-competencies-basiques","status":"publish","type":"page","link":"https:\/\/agora.xtec.cat\/zerelscastells\/zer\/xarxa-de-competencies-basiques\/","title":{"rendered":"Xarxa de Compet\u00e8ncies B\u00e0siques"},"content":{"rendered":"<div style=\"display: block; margin-top: 5px; margin-right: auto; margin-bottom: 0px; text-align: left;\"><b><span style=\"color: #ff9900; font-size: x-large; background-color: #ffffff;\">ACTIVITATS de la ZER Els Castells<\/span>\u00a0<\/b> \u00a0 \u00a0 \u00a0 \u00a0 \u00a0<a style=\"font-size: 10pt;\" href=\"https:\/\/sites.google.com\/a\/xtec.cat\/zer_elscastells\/home\/xcb-zer-els-castells\/Logo%20xCB%20petit.jpg?attredirects=0\"><img decoding=\"async\" src=\"https:\/\/sites.google.com\/a\/xtec.cat\/zer_elscastells\/home\/xcb-zer-els-castells\/Logo%20xCB%20petit.jpg\" border=\"0\" \/><\/a><\/div>\n<div style=\"display: block; margin-top: 5px; margin-right: auto; margin-bottom: 0px; text-align: left;\"><\/div>\n<div style=\"display: block; margin-top: 5px; margin-right: auto; margin-bottom: 0px; text-align: left;\"><\/div>\n<div style=\"display: block; margin-top: 5px; margin-right: auto; margin-bottom: 0px; text-align: left;\">Participem en la Xarxa de Compet\u00e8ncies B\u00e0siques amb grups de docents d&#8217;escoles i instituts d&#8217;arreu de Catalunya.<\/div>\n<div style=\"display: block; margin-top: 5px; margin-right: auto; margin-bottom: 0px; text-align: left;\"><\/div>\n<div style=\"display: block; margin-top: 5px; margin-right: auto; margin-bottom: 0px; text-align: left;\">\n<p style=\"margin: 0.4em 0px; padding: 0px; border: 0px none; list-style: none; color: #000000; line-height: 1.3em; font-size: 12.3199996948242px; font-family: arial,helvetica,sans-serif; background-color: #ffffff;\">&#8220;La Xarxa CB est\u00e0 formada per un equip de docents que desenvolupen el treball per compet\u00e8ncies als seus centres, elaboren instruments de suport per orientar els processos de reflexi\u00f3 i la gesti\u00f3 del curr\u00edculum per compet\u00e8ncies b\u00e0siques i comparteixen processos d&#8217;autoavaluaci\u00f3.&#8221;<\/p>\n<\/div>\n<div><b style=\"font-size: 13.3333px;\"><span style=\"color: #ff9900;\">Curs 2021-2022<\/span><\/b><b style=\"color: #990000; font-size: 13.3333px;\">\u00a0<\/b><b style=\"color: #990000; font-size: 13.3333px;\"><span style=\"color: #000000;\">Avaluaci\u00f3<\/span><\/b><\/div>\n<div><\/div>\n<div><b style=\"font-size: 13.3333px;\"><span style=\"color: #ff9900;\">Curs 2020-2021<\/span><\/b><b style=\"color: #990000; font-size: 13.3333px;\">\u00a0<\/b><b style=\"font-size: 13.3333px;\"><span style=\"color: #000000;\">Avaluaci\u00f3<\/span><\/b><\/div>\n<div><\/div>\n<div><\/div>\n<div><b style=\"font-size: 13.3333px;\"><span style=\"color: #ff9900;\">Curs 2019-2020<\/span><\/b><b style=\"color: #990000; font-size: 13.3333px;\"> Avaluaci\u00f3<\/b><\/div>\n<div><\/div>\n<div style=\"display: block; margin-top: 5px; margin-right: auto; margin-bottom: 0px; text-align: left;\"><b style=\"font-size: 13.3333px;\"><span style=\"color: #ff9900;\">\u00a0<\/span><\/b><\/div>\n<div><b style=\"font-size: 13.3333px;\"><span style=\"color: #ff9900;\">Curs 2018-2019<\/span><\/b><b style=\"color: #990000; font-size: 13.3333px;\">\u00a0<\/b><b style=\"font-size: 13.3333px;\"><span style=\"color: #000000;\">Treball per projectes<\/span><\/b><\/div>\n<div><\/div>\n<div><\/div>\n<div><b style=\"font-size: 13.3333px;\"><span style=\"color: #ff9900;\">Curs 2017-2018 <\/span><\/b><b style=\"font-size: 13.3333px;\"><span style=\"color: #000000;\">Treball per projectes<\/span><\/b><\/div>\n<div><\/div>\n<div style=\"display: block; margin-top: 5px; margin-right: auto; margin-bottom: 0px; text-align: left;\"><b style=\"font-size: 13.3333px;\"><span style=\"color: #ff9900;\">Curs 2016-2017<\/span><\/b><b style=\"color: #990000; font-size: 13.3333px;\">\u00a0<\/b><b style=\"font-size: 13.3333px;\"><span style=\"color: #000000;\">Treball per projectes<\/span><\/b><\/div>\n<div style=\"display: block; margin-top: 5px; margin-right: auto; margin-bottom: 0px; text-align: left;\"><\/div>\n<div style=\"display: block; margin-top: 5px; margin-right: auto; margin-bottom: 0px; text-align: left;\"><a href=\"http:\/\/blocs.xtec.cat\/xcbprojecte227\/\" target=\"_blank\" rel=\"noopener noreferrer\">Les emocions a trav\u00e9s de l&#8217;art <\/a>Projecte compartit a les tres escoles a tots els nivells d&#8217;infantil i de prim\u00e0ria.<\/div>\n<div style=\"display: block; margin-top: 5px; margin-right: auto; margin-bottom: 0px; text-align: left;\"><\/div>\n<div style=\"display: block; margin-top: 5px; margin-right: auto; margin-bottom: 0px; text-align: left;\"><span style=\"background-color: #ffffff;\"><b style=\"font-size: 13.3333px;\"><span style=\"color: #ff9900;\">Curs 2015-2016<\/span><\/b><b style=\"color: #990000; font-size: 13.3333px;\"> <\/b><b style=\"font-size: 13.3333px;\"><span style=\"color: #000000;\">Treball per projectes<\/span><\/b><\/span><\/div>\n<div style=\"display: block; margin-top: 5px; margin-right: auto; margin-bottom: 0px; text-align: left;\"><\/div>\n<div style=\"display: block; margin-top: 5px; margin-right: auto; margin-bottom: 0px; text-align: left;\"><a href=\"https:\/\/blocs.xtec.cat\/xcbprojecte107\/category\/naturalesa\/qui-som\/\">Els castells del Bisaura<\/a> \u00a0Projecte compartit a les tres escoles a tots els nivells d&#8217;infantil i prim\u00e0ria.<\/div>\n<div style=\"display: block; margin-top: 5px; margin-right: auto; margin-bottom: 0px; text-align: left;\"><\/div>\n<div style=\"display: block; margin-top: 5px; margin-right: auto; margin-bottom: 0px; text-align: left;\"><b style=\"background-color: #ffffff;\"><span style=\"color: #ff9900;\">Curs 2014-2015<\/span> <span style=\"color: #000000;\">Activitats d&#8217;avaluaci\u00f3 formativa<\/span><\/b><\/div>\n<div style=\"display: block; margin-top: 5px; margin-right: auto; margin-bottom: 0px; text-align: left;\"><\/div>\n<div style=\"display: block; margin-top: 5px; margin-right: auto; margin-bottom: 0px; text-align: left;\"><a href=\"https:\/\/sites.google.com\/a\/xtec.cat\/zer_elscastells\/home\/xcb-zer-els-castells\/fem-fotos\">Fem fotos<\/a>, activitat d&#8217;educaci\u00f3 infantil<\/div>\n<div style=\"display: block; margin-top: 5px; margin-right: auto; margin-bottom: 0px; text-align: left;\"><\/div>\n<div style=\"display: block; margin-top: 5px; margin-right: auto; margin-bottom: 0px; text-align: left;\"><a href=\"https:\/\/sites.google.com\/a\/xtec.cat\/zer_elscastells\/el-rocal\/activitats\/cicle-inicial-el-rocal\">Enregistrament de lectures i textos<\/a>, activitat de cicle inicial<\/div>\n<div style=\"display: block; margin-top: 5px; margin-right: auto; margin-bottom: 0px; text-align: left;\"><\/div>\n<div style=\"display: block; margin-top: 5px; margin-right: auto; margin-bottom: 0px; text-align: left;\"><a href=\"https:\/\/sites.google.com\/a\/xtec.cat\/zer_elscastells\/musica\/endevinallesmusicals\">Endevinalles musicals<\/a>, activitat de cicle mitj\u00e0<\/div>\n<div style=\"display: block; margin-top: 5px; margin-right: auto; margin-bottom: 0px; text-align: left;\"><\/div>\n<div style=\"display: block; margin-top: 5px; margin-right: auto; margin-bottom: 0px; text-align: left;\"><a href=\"https:\/\/sites.google.com\/a\/xtec.cat\/zer_elscastells\/el-rocal\/activitats\/cicle-superior-el-rocal\">L&#8217;auca de la Fira de la nou<\/a>, activitat de cicle superior<\/div>\n<div style=\"display: block; margin-top: 5px; margin-right: auto; margin-bottom: 0px; text-align: left;\"><\/div>\n<div style=\"display: block; margin-top: 5px; margin-right: auto; margin-bottom: 0px; text-align: left;\"><\/div>\n<div style=\"display: block; margin-top: 5px; margin-right: auto; margin-bottom: 0px; text-align: left;\"><b style=\"font-size: 13.3333px;\"><span style=\"color: #ff9900; font-size: x-large; background-color: #ffffff;\">ACTIVITATS d&#8217;altres centres<\/span><\/b><\/div>\n<div style=\"display: block; margin-top: 5px; margin-right: auto; margin-bottom: 0px; text-align: left;\">\n<div style=\"display: block; text-align: left;\"><a href=\"http:\/\/sinapsi.skills.cat\/xcb-projectes\" target=\"_blank\" rel=\"noopener noreferrer\"><img loading=\"lazy\" decoding=\"async\" src=\"https:\/\/sites.google.com\/a\/xtec.cat\/zer_elscastells\/home\/xcb-zer-els-castells\/treballprojectes.jpg\" alt=\"Projectes de la Xarxa de Compet\u00e8ncies B\u00e0siques\" width=\"400\" height=\"57\" border=\"0\" \/><\/a><\/div>\n<\/div>\n<div style=\"display: block; margin-top: 5px; margin-right: auto; margin-bottom: 0px; text-align: left;\"><\/div>\n<div style=\"display: block; margin-top: 5px; margin-right: auto; margin-bottom: 0px; text-align: left;\"><\/div>\n<div style=\"display: block; margin-top: 5px; margin-right: auto; margin-bottom: 0px; text-align: left;\"><\/div>\n<div style=\"display: block; text-align: left;\"><\/div>\n<div style=\"display: block; text-align: left;\"><\/div>\n<div style=\"display: block; text-align: left;\"><\/div>\n","protected":false},"excerpt":{"rendered":"<p>ACTIVITATS de la ZER Els Castells\u00a0 \u00a0 \u00a0 \u00a0 \u00a0 \u00a0 Participem en la Xarxa de Compet\u00e8ncies B\u00e0siques amb grups de docents d&#8217;escoles i instituts d&#8217;arreu de Catalunya. &#8220;La Xarxa CB est\u00e0 formada per un equip de docents que desenvolupen el treball per compet\u00e8ncies als seus centres, elaboren instruments de suport per orientar els processos [&hellip;]<\/p>\n","protected":false},"author":3,"featured_media":0,"parent":19,"menu_order":60,"comment_status":"closed","ping_status":"closed","template":"","meta":{"_bbp_topic_count":0,"_bbp_reply_count":0,"_bbp_total_topic_count":0,"_bbp_total_reply_count":0,"_bbp_voice_count":0,"_bbp_anonymous_reply_count":0,"_bbp_topic_count_hidden":0,"_bbp_reply_count_hidden":0,"_bbp_forum_subforum_count":0,"site-sidebar-layout":"default","site-content-layout":"","ast-site-content-layout":"default","site-content-style":"default","site-sidebar-style":"default","ast-global-header-display":"","ast-banner-title-visibility":"","ast-main-header-display":"","ast-hfb-above-header-display":"","ast-hfb-below-header-display":"","ast-hfb-mobile-header-display":"","site-post-title":"","ast-breadcrumbs-content":"","ast-featured-img":"","footer-sml-layout":"","theme-transparent-header-meta":"","adv-header-id-meta":"","stick-header-meta":"","header-above-stick-meta":"","header-main-stick-meta":"","header-below-stick-meta":"","astra-migrate-meta-layouts":"set","ast-page-background-enabled":"default","ast-page-background-meta":{"desktop":{"background-color":"var(--ast-global-color-4)","background-image":"","background-repeat":"repeat","background-position":"center center","background-size":"auto","background-attachment":"scroll","background-type":"","background-media":"","overlay-type":"","overlay-color":"","overlay-opacity":"","overlay-gradient":""},"tablet":{"background-color":"","background-image":"","background-repeat":"repeat","background-position":"center center","background-size":"auto","background-attachment":"scroll","background-type":"","background-media":"","overlay-type":"","overlay-color":"","overlay-opacity":"","overlay-gradient":""},"mobile":{"background-color":"","background-image":"","background-repeat":"repeat","background-position":"center center","background-size":"auto","background-attachment":"scroll","background-type":"","background-media":"","overlay-type":"","overlay-color":"","overlay-opacity":"","overlay-gradient":""}},"ast-content-background-meta":{"desktop":{"background-color":"var(--ast-global-color-5)","background-image":"","background-repeat":"repeat","background-position":"center center","background-size":"auto","background-attachment":"scroll","background-type":"","background-media":"","overlay-type":"","overlay-color":"","overlay-opacity":"","overlay-gradient":""},"tablet":{"background-color":"var(--ast-global-color-5)","background-image":"","background-repeat":"repeat","background-position":"center center","background-size":"auto","background-attachment":"scroll","background-type":"","background-media":"","overlay-type":"","overlay-color":"","overlay-opacity":"","overlay-gradient":""},"mobile":{"background-color":"var(--ast-global-color-5)","background-image":"","background-repeat":"repeat","background-position":"center center","background-size":"auto","background-attachment":"scroll","background-type":"","background-media":"","overlay-type":"","overlay-color":"","overlay-opacity":"","overlay-gradient":""}},"footnotes":""},"class_list":["post-1079","page","type-page","status-publish","hentry"],"post_mailing_queue_ids":[],"_links":{"self":[{"href":"https:\/\/agora.xtec.cat\/zerelscastells\/wp-json\/wp\/v2\/pages\/1079","targetHints":{"allow":["GET"]}}],"collection":[{"href":"https:\/\/agora.xtec.cat\/zerelscastells\/wp-json\/wp\/v2\/pages"}],"about":[{"href":"https:\/\/agora.xtec.cat\/zerelscastells\/wp-json\/wp\/v2\/types\/page"}],"author":[{"embeddable":true,"href":"https:\/\/agora.xtec.cat\/zerelscastells\/wp-json\/wp\/v2\/users\/3"}],"replies":[{"embeddable":true,"href":"https:\/\/agora.xtec.cat\/zerelscastells\/wp-json\/wp\/v2\/comments?post=1079"}],"version-history":[{"count":3,"href":"https:\/\/agora.xtec.cat\/zerelscastells\/wp-json\/wp\/v2\/pages\/1079\/revisions"}],"predecessor-version":[{"id":8529,"href":"https:\/\/agora.xtec.cat\/zerelscastells\/wp-json\/wp\/v2\/pages\/1079\/revisions\/8529"}],"up":[{"embeddable":true,"href":"https:\/\/agora.xtec.cat\/zerelscastells\/wp-json\/wp\/v2\/pages\/19"}],"wp:attachment":[{"href":"https:\/\/agora.xtec.cat\/zerelscastells\/wp-json\/wp\/v2\/media?parent=1079"}],"curies":[{"name":"wp","href":"https:\/\/api.w.org\/{rel}","templated":true}]}}