{"id":2664,"date":"2021-03-10T11:31:27","date_gmt":"2021-03-10T10:31:27","guid":{"rendered":"http:\/\/agora.xtec.cat\/zerelromani\/?page_id=2664"},"modified":"2022-02-25T10:40:21","modified_gmt":"2022-02-25T09:40:21","slug":"preinscripcio-i-matricula","status":"publish","type":"page","link":"https:\/\/agora.xtec.cat\/zerelromani\/preinscripcio-i-matricula\/","title":{"rendered":"Preinscripci\u00f3 i matr\u00edcula"},"content":{"rendered":"<p><a href=\"https:\/\/agora.xtec.cat\/zerelromani\/wp-content\/uploads\/usu1551\/2022\/02\/preinscripcio.jpg\"><img loading=\"lazy\" decoding=\"async\" class=\"alignnone size-full wp-image-2964\" src=\"https:\/\/agora.xtec.cat\/zerelromani\/wp-content\/uploads\/usu1551\/2022\/02\/preinscripcio.jpg\" alt=\"\" width=\"584\" height=\"143\" srcset=\"https:\/\/agora.xtec.cat\/zerelromani\/wp-content\/uploads\/usu1551\/2022\/02\/preinscripcio.jpg 584w, https:\/\/agora.xtec.cat\/zerelromani\/wp-content\/uploads\/usu1551\/2022\/02\/preinscripcio-300x73.jpg 300w\" sizes=\"auto, (max-width: 584px) 100vw, 584px\" \/><\/a><a href=\"https:\/\/agora.xtec.cat\/zerelromani\/wp-content\/uploads\/usu1551\/2021\/03\/Preinscrippci\u00f3.jpg\"><img loading=\"lazy\" decoding=\"async\" class=\"wp-image-779 alignright\" src=\"https:\/\/agora.xtec.cat\/zerelromani\/wp-content\/uploads\/usu1551\/2016\/11\/logo-1.jpg\" alt=\"\" width=\"107\" height=\"122\" \/><\/a><\/p>\n<h1>\u00a0 \u00a0 \u00a0 \u00a0 \u00a0 \u00a0 \u00a0 \u00a0 \u00a0 \u00a0 \u00a0 \u00a02022-2023<\/h1>\n<h4><\/h4>\n<h4><\/h4>\n<h2 style=\"text-align: center;\">Preinscripci\u00f3 del curs 2022-2023<\/h2>\n<p>Benvolgudes fam\u00edlies,<\/p>\n<p>A continuaci\u00f3, us deixem la Informaci\u00f3 relativa a la preinscripci\u00f3 en refer\u00e8ncia al curs <strong>2022 \/ 2023<\/strong><\/p>\n<p>&nbsp;<\/p>\n<h5><b>Calendari de preinscripci\u00f3 i matr\u00edcula.\u00a0\u00a0<\/b><\/h5>\n<div class=\"wpb_text_column wpb_content_element \">\n<div class=\"wpb_wrapper\">\n<p>Educaci\u00f3 infantil de segon cicle i educaci\u00f3 prim\u00e0ria <strong>del 7 al 21 de mar\u00e7 de 2022<\/strong><\/p>\n<p>Trobar\u00e0s tota la informaci\u00f3 que necessites a la web de la Generalitat:\u00a0<a href=\"https:\/\/preinscripcio.gencat.cat\/ca\/inici\/\" target=\"_blank\" rel=\"noopener noreferrer\">Preinscripcio.gencat.cat<\/a><\/p>\n<\/div>\n<\/div>\n<h4><\/h4>\n<h4 class=\"wpb_text_column wpb_content_element \">Funcionament de la preinscripci\u00f3.<\/h4>\n<div class=\"wpb_text_column wpb_content_element \">\n<div class=\"wpb_wrapper\">\n<p><b>Sol\u00b7licitud:\u00a0<\/b>Quan l\u2019enlla\u00e7 estigui actiu el trobareu aqu\u00ed<\/p>\n<p><b>Novetats:\u00a0\u00a0<\/b><\/p>\n<ul>\n<li>A partir d\u2019aquest curs totes les sol\u00b7licituds s\u00f3n en format telem\u00e0tic, per tant,\u00a0no hi ha la\u00a0possibilitat de full de preinscripci\u00f3 en paper.<\/li>\n<li>No cal lliurar cap documentaci\u00f3 presencialment al centre educatiu que indiqueu en\u00a0 primera opci\u00f3.<\/li>\n<li>Hi ha dos tipus de sol\u00b7licitud:<\/li>\n<\/ul>\n<p><u>Electr\u00f2nica<\/u>: cal identificaci\u00f3 digital<\/p>\n<p><u>Suport inform\u00e0tic<\/u>: sense identificaci\u00f3 digital<\/p>\n<p>&nbsp;<\/p>\n<h4><b>Qu\u00e8 em cal per omplir la sol\u00b7licitud?\u00a0\u00a0<\/b><\/h4>\n<p>Hi ha dues opcions:<\/p>\n<ol>\n<li><strong>SOL\u00b7LICITUD ELECTR\u00d2NICA<\/strong><strong>:<\/strong>\u00a0Mitjan\u00e7ant certificat digital, com DNI electr\u00f2nic, Cl@ve,\u00a0 idCat, etc. Si no es disposa de cap certificat, us en podeu generar un de forma f\u00e0cil,\u00a0 l\u2019idCat M\u00f2bil, us expliquem com:<\/li>\n<\/ol>\n<blockquote><p>Cal complir els requisits seg\u00fcents:<\/p>\n<ul>\n<li>Ser major de 16 anys<\/li>\n<li>Disposar de DNI\/NIE\/Passaport\/Doc identificador d\u2019un pa\u00eds de la UE o targeta\u00a0 de resid\u00e8ncia comunit\u00e0ria<\/li>\n<li>Disposar d\u2019adre\u00e7a de correu electr\u00f2nic i un tel\u00e8fon m\u00f2bil a efectes\u00a0 d\u2019identificaci\u00f3 i contacte<\/li>\n<li>Targeta sanit\u00e0ria per la teva identificaci\u00f3<\/li>\n<\/ul>\n<p>Accediu a l\u2019adre\u00e7a\u00a0https:\/\/idcatmobil.seu.cat\/\u00a0i trobareu les instruccions pas a pas de\u00a0 com fer-ho.<\/p>\n<p>Per utilitzar l\u2019idCAT M\u00f2bil nom\u00e9s cal introduir el n\u00famero de document d\u2019identitat i el\u00a0 n\u00famero de tel\u00e8fon m\u00f2bil en el web on calgui identificar-se electr\u00f2nicament per fer un\u00a0 tr\u00e0mit. Tot seguit es rep un missatge al tel\u00e8fon, que cont\u00e9 una clau d\u2019acc\u00e9s per\u00a0 introduir-la en el web. En aquest cas, al tr\u00e0mit de sol\u00b7licitud de preinscripci\u00f3.<\/p>\n<p>Una vegada identificats, caldr\u00e0 entrar el\u00a0<i>n\u00famero d\u2019identificaci\u00f3 de l\u2019alumne\/a a RALC\u00a0<\/i>que us proporcionar\u00e0 l\u2019escola on est\u00e0 matriculat per poder recuperar les seves dades\u00a0 personals i acad\u00e8miques, omplir les prefer\u00e8ncies i enviar la sol\u00b7licitud. En la majoria de\u00a0 casos no caldr\u00e0 fer res m\u00e9s ni adjuntar cap tipus de documentaci\u00f3, donat que s\u2019haur\u00e0\u00a0 fet l\u2019intercanvi de validaci\u00f3 de les vostres dades amb totes les administracions\u00a0 implicades.<\/p><\/blockquote>\n<p>&nbsp;<\/p>\n<ol start=\"2\">\n<li><strong>SOL\u00b7LICITUD EN SUPORT INFORM\u00c0TIC<\/strong><strong>:<\/strong>\u00a0Caldr\u00e0 identificar l\u2019alumne\/a amb el seu\u00a0<i>n\u00fam.\u00a0 d\u2019Identificaci\u00f3 d\u2019alumne\u00a0<\/i>i omplir el formulari, a l\u2019enviar-ho es far\u00e0 l\u2019intercanvi de dades\u00a0 amb les administracions implicades i adjuntar escanejada o fotografiada la\u00a0 documentaci\u00f3 d\u2019identificaci\u00f3 i filiaci\u00f3 (DNI, llibre de fam\u00edlia, etc), juntament amb la\u00a0 que al\u00b7legueu a efectes de barems i que no s\u2019hagi pogut validar.<\/li>\n<\/ol>\n<p>&nbsp;<\/p>\n<h4><b>Puc presentar dues sol\u00b7licituds a dos centres diferents per uns mateixos estudis?\u00a0\u00a0<\/b><\/h4>\n<p>No, en cap cas. S\u2019ha de presentar una sola sol\u00b7licitud i indicar-hi per ordre de prefer\u00e8ncia els\u00a0 diferents centres als que us interessa inscriure la vostra filla o fill.<\/p>\n<p>&nbsp;<\/p>\n<h4><b>Si tinc dubtes omplint la sol\u00b7licitud on em puc adre\u00e7ar?\u00a0\u00a0<\/b><\/h4>\n<p>Podeu posar-vos en contacte telef\u00f2nic amb el centre que escolliu inscriure el vostre fill o filla\u00a0 en primera opci\u00f3, en horari d\u2019oficina, i us ajudaran a complimentar el proc\u00e9s.<\/p>\n<p>&nbsp;<\/p>\n<h4><b>Com puc saber els criteris pels barems i la seva puntuaci\u00f3?\u00a0\u00a0<\/b><\/h4>\n<p>Tota la <strong>informaci\u00f3 <\/strong>la trobareu recollida al portal web del Departament d\u2019Educaci\u00f3. Feu clic sobre la imatge per entrar-hi.<\/p>\n<p><a href=\"https:\/\/preinscripcio.gencat.cat\/ca\/inici\/\" target=\"_blank\" rel=\"noopener noreferrer\"><img loading=\"lazy\" decoding=\"async\" class=\"size-full wp-image-2675 aligncenter\" src=\"https:\/\/agora.xtec.cat\/zerelromani\/wp-content\/uploads\/usu1551\/2021\/03\/gencat.png\" alt=\"\" width=\"201\" height=\"201\" srcset=\"https:\/\/agora.xtec.cat\/zerelromani\/wp-content\/uploads\/usu1551\/2021\/03\/gencat.png 201w, https:\/\/agora.xtec.cat\/zerelromani\/wp-content\/uploads\/usu1551\/2021\/03\/gencat-150x150.png 150w\" sizes=\"auto, (max-width: 201px) 100vw, 201px\" \/><\/a><\/p>\n<h4><\/h4>\n<h4><b>Informacions i recomanacions:\u00a0\u00a0<\/b><\/h4>\n<ul>\n<li>Tenir fotografiada o escanejada la documentaci\u00f3 en el mateix dispositiu des d\u2019on es fa\u00a0 la sol\u00b7licitud.<\/li>\n<li>Demaneu al vostre centre actual el N\u00fam. d\u2019Identificaci\u00f3 de l\u2019alumne a RALC per poder\u00a0 lligar la sol\u00b7licitud al seu expedient acad\u00e8mic i personal.<\/li>\n<li>Cenyiu-vos al calendari establert, lliurar la sol\u00b7licitud o la documentaci\u00f3 fora de\u00a0 termini us fa perdre tots els drets d\u2019adscripci\u00f3 amb el risc que aix\u00f2 comporta de\u00a0 quedar-se sense pla\u00e7a al centre.<\/li>\n<\/ul>\n<\/div>\n<\/div>\n<table>\n<tbody>\n<tr>\n<td><a href=\"https:\/\/agora.xtec.cat\/zerelromani\/wp-content\/uploads\/usu1551\/2021\/03\/arroba.png\"><img loading=\"lazy\" decoding=\"async\" class=\"wp-image-2668 size-thumbnail alignleft\" src=\"https:\/\/agora.xtec.cat\/zerelromani\/wp-content\/uploads\/usu1551\/2021\/03\/arroba-150x150.png\" alt=\"\" width=\"150\" height=\"150\" \/><\/a><\/td>\n<td>\n<div class=\"wpb_text_column wpb_content_element \">\n<div class=\"wpb_wrapper\">\n<p style=\"text-align: center;\"><strong style=\"font-family: inherit; font-size: 1em;\">Correus de contacte<\/strong><\/p>\n<\/div>\n<\/div>\n<ul>\n<li>Correu <em>Escola La Colomina<\/em> (Montgai):\u00a0 \u00a0 \u00a0 c5003241@xtec.cat<\/li>\n<li>Correu <em>Escola Mare de D\u00e9u de la Guardiola<\/em> (La Sentiu):\u00a0 \u00a0 \u00a0c5000675@xtec.cat<\/li>\n<li>Correu <em>Escola Sol Naixent<\/em> (Cubells):\u00a0 \u00a0 \u00a0c5001436@xtec.cat<\/li>\n<li>Correu <em>Escola Mare de D\u00e9u del Puig de Mei\u00e0<\/em>:\u00a0 \u00a0 \u00a0c5005053@xtec.cat<\/li>\n<\/ul>\n<\/td>\n<\/tr>\n<tr>\n<td><\/td>\n<td><strong>\u00a0<\/strong><\/td>\n<\/tr>\n<tr>\n<td>&nbsp;<\/p>\n<p style=\"text-align: center;\"><strong><a href=\"https:\/\/agora.xtec.cat\/zerelromani\/wp-content\/uploads\/usu1551\/2021\/03\/tele\u0300fon.png\"><img loading=\"lazy\" decoding=\"async\" class=\"wp-image-2673 aligncenter\" src=\"https:\/\/agora.xtec.cat\/zerelromani\/wp-content\/uploads\/usu1551\/2021\/03\/tele\u0300fon-150x150.png\" alt=\"\" width=\"131\" height=\"131\" \/><\/a><\/strong><\/p>\n<\/td>\n<td>\n<p style=\"text-align: center;\"><strong>Tel\u00e8fons de contacte<\/strong><\/p>\n<ul>\n<li>Tel\u00e8fon Escola La Colomina (Montgai):\u00a0 \u00a0 \u00a0 973 430 131<\/li>\n<li>Tel\u00e8fon Escola Mare de D\u00e9u de la Guardiola (La Sentiu):\u00a0 \u00a0 \u00a0973 424 100<\/li>\n<li>Tel\u00e8fon Escola Sol Naixent (Cubells):\u00a0 \u00a0 \u00a0973 459 180<\/li>\n<li>Tel\u00e8fon Escola Mare de D\u00e9u del Puig de Mei\u00e0:\u00a0 \u00a0 \u00a0973 415 084<\/li>\n<\/ul>\n<\/td>\n<\/tr>\n<tr>\n<td><\/td>\n<td><\/td>\n<\/tr>\n<\/tbody>\n<\/table>\n<p>&nbsp;<\/p>\n<p>&nbsp;<\/p>\n","protected":false},"excerpt":{"rendered":"<p>\u00a0 \u00a0 \u00a0 \u00a0 \u00a0 \u00a0 \u00a0 \u00a0 \u00a0 \u00a0 \u00a0 \u00a02022-2023 Preinscripci\u00f3 del curs 2022-2023 Benvolgudes fam\u00edlies, A continuaci\u00f3, us deixem la Informaci\u00f3 relativa a la preinscripci\u00f3 en refer\u00e8ncia al curs 2022 \/ 2023 &nbsp; Calendari de preinscripci\u00f3 i matr\u00edcula.\u00a0\u00a0 Educaci\u00f3 infantil de segon cicle i educaci\u00f3 prim\u00e0ria del 7 al 21 de mar\u00e7 [&hellip;]<\/p>\n","protected":false},"author":21,"featured_media":0,"parent":0,"menu_order":0,"comment_status":"closed","ping_status":"closed","template":"","meta":{"_bbp_topic_count":0,"_bbp_reply_count":0,"_bbp_total_topic_count":0,"_bbp_total_reply_count":0,"_bbp_voice_count":0,"_bbp_anonymous_reply_count":0,"_bbp_topic_count_hidden":0,"_bbp_reply_count_hidden":0,"_bbp_forum_subforum_count":0,"site-sidebar-layout":"default","site-content-layout":"","ast-site-content-layout":"","site-content-style":"default","site-sidebar-style":"default","ast-global-header-display":"","ast-banner-title-visibility":"","ast-main-header-display":"","ast-hfb-above-header-display":"","ast-hfb-below-header-display":"","ast-hfb-mobile-header-display":"","site-post-title":"","ast-breadcrumbs-content":"","ast-featured-img":"","footer-sml-layout":"","theme-transparent-header-meta":"","adv-header-id-meta":"","stick-header-meta":"","header-above-stick-meta":"","header-main-stick-meta":"","header-below-stick-meta":"","astra-migrate-meta-layouts":"default","ast-page-background-enabled":"default","ast-page-background-meta":{"desktop":{"background-color":"var(--ast-global-color-4)","background-image":"","background-repeat":"repeat","background-position":"center center","background-size":"auto","background-attachment":"scroll","background-type":"","background-media":"","overlay-type":"","overlay-color":"","overlay-opacity":"","overlay-gradient":""},"tablet":{"background-color":"","background-image":"","background-repeat":"repeat","background-position":"center center","background-size":"auto","background-attachment":"scroll","background-type":"","background-media":"","overlay-type":"","overlay-color":"","overlay-opacity":"","overlay-gradient":""},"mobile":{"background-color":"","background-image":"","background-repeat":"repeat","background-position":"center center","background-size":"auto","background-attachment":"scroll","background-type":"","background-media":"","overlay-type":"","overlay-color":"","overlay-opacity":"","overlay-gradient":""}},"ast-content-background-meta":{"desktop":{"background-color":"var(--ast-global-color-5)","background-image":"","background-repeat":"repeat","background-position":"center center","background-size":"auto","background-attachment":"scroll","background-type":"","background-media":"","overlay-type":"","overlay-color":"","overlay-opacity":"","overlay-gradient":""},"tablet":{"background-color":"var(--ast-global-color-5)","background-image":"","background-repeat":"repeat","background-position":"center center","background-size":"auto","background-attachment":"scroll","background-type":"","background-media":"","overlay-type":"","overlay-color":"","overlay-opacity":"","overlay-gradient":""},"mobile":{"background-color":"var(--ast-global-color-5)","background-image":"","background-repeat":"repeat","background-position":"center center","background-size":"auto","background-attachment":"scroll","background-type":"","background-media":"","overlay-type":"","overlay-color":"","overlay-opacity":"","overlay-gradient":""}},"footnotes":""},"class_list":["post-2664","page","type-page","status-publish","hentry"],"post_mailing_queue_ids":[],"_links":{"self":[{"href":"https:\/\/agora.xtec.cat\/zerelromani\/wp-json\/wp\/v2\/pages\/2664","targetHints":{"allow":["GET"]}}],"collection":[{"href":"https:\/\/agora.xtec.cat\/zerelromani\/wp-json\/wp\/v2\/pages"}],"about":[{"href":"https:\/\/agora.xtec.cat\/zerelromani\/wp-json\/wp\/v2\/types\/page"}],"author":[{"embeddable":true,"href":"https:\/\/agora.xtec.cat\/zerelromani\/wp-json\/wp\/v2\/users\/21"}],"replies":[{"embeddable":true,"href":"https:\/\/agora.xtec.cat\/zerelromani\/wp-json\/wp\/v2\/comments?post=2664"}],"version-history":[{"count":4,"href":"https:\/\/agora.xtec.cat\/zerelromani\/wp-json\/wp\/v2\/pages\/2664\/revisions"}],"predecessor-version":[{"id":2986,"href":"https:\/\/agora.xtec.cat\/zerelromani\/wp-json\/wp\/v2\/pages\/2664\/revisions\/2986"}],"wp:attachment":[{"href":"https:\/\/agora.xtec.cat\/zerelromani\/wp-json\/wp\/v2\/media?parent=2664"}],"curies":[{"name":"wp","href":"https:\/\/api.w.org\/{rel}","templated":true}]}}