{"id":258,"date":"2015-07-20T12:40:06","date_gmt":"2015-07-20T11:40:06","guid":{"rendered":"http:\/\/agora.xtec.cat\/zerelromani\/?page_id=258"},"modified":"2026-02-23T13:48:07","modified_gmt":"2026-02-23T12:48:07","slug":"qui-som","status":"publish","type":"page","link":"https:\/\/agora.xtec.cat\/zerelromani\/zer\/qui-som\/","title":{"rendered":"Qui som"},"content":{"rendered":"<table style=\"height: 926px; width: 78.5006%;\" width=\"573\">\n<tbody>\n<tr style=\"height: 33px;\">\n<td style=\"text-align: center; height: 33px;\" colspan=\"2\"><strong>CLAUSTRE 2025-2026<\/strong><\/td>\n<\/tr>\n<tr style=\"height: 33px;\">\n<td style=\"text-align: left; height: 33px;\" colspan=\"2\"><strong>ESCOLA LA COLOMINA (Montgai)<\/strong><\/td>\n<\/tr>\n<tr style=\"height: 36px;\">\n<td style=\"height: 36px;\">T.E.I.<\/td>\n<td style=\"height: 36px;\"><\/td>\n<\/tr>\n<tr style=\"height: 33px;\">\n<td style=\"height: 33px;\">Tutora E.I. i C.I.<\/td>\n<td style=\"height: 33px;\"><\/td>\n<\/tr>\n<tr style=\"height: 33px;\">\n<td style=\"height: 33px;\">Tutora C.M. i C.S.<\/td>\n<td style=\"height: 33px;\">Directora d&#8217;escola<\/td>\n<\/tr>\n<tr style=\"height: 33px;\">\n<td style=\"height: 33px;\" colspan=\"2\"><strong>ESCOLA MARE DE D\u00c9U DE GUARDIOLA (La Sentiu)<\/strong><\/td>\n<\/tr>\n<tr style=\"height: 33px;\">\n<td style=\"height: 33px;\">T.E.I.<\/td>\n<td style=\"height: 33px;\"><\/td>\n<\/tr>\n<tr style=\"height: 33px;\">\n<td style=\"height: 33px;\">Tutora E.I. i C.I.<\/td>\n<td style=\"height: 33px;\">Directora de ZER i directora d&#8217;escola<\/td>\n<\/tr>\n<tr style=\"height: 33px;\">\n<td style=\"height: 33px;\">Tutora C.M. i C.S.<\/td>\n<td style=\"height: 33px;\"><\/td>\n<\/tr>\n<tr style=\"height: 33px;\">\n<td style=\"height: 33px;\" colspan=\"2\"><strong>ESCOLA SOL NAIXENT (Cubells)<\/strong><\/td>\n<\/tr>\n<tr style=\"height: 33px;\">\n<td style=\"height: 33px;\">T.E.I.<\/td>\n<td style=\"height: 33px;\"><\/td>\n<\/tr>\n<tr style=\"height: 33px;\">\n<td style=\"height: 33px;\">Tutora E.I. i C.I.<\/td>\n<td style=\"height: 33px;\"><\/td>\n<\/tr>\n<tr style=\"height: 33px;\">\n<td style=\"height: 33px;\">Tutor C.M. i C.S.<\/td>\n<td style=\"height: 33px;\">Directora d&#8217;escola i Cap d&#8217;estudis ZER<\/td>\n<\/tr>\n<tr style=\"height: 33px;\">\n<td style=\"height: 33px;\" colspan=\"2\"><strong>ESCOLA MARE DE D\u00c9U DEL PUIG DE MEI\u00c0 (Vilanova de Mei\u00e0)<\/strong><\/td>\n<\/tr>\n<tr style=\"height: 32px;\">\n<td style=\"height: 32px;\">T.E.I.<\/td>\n<td style=\"height: 32px;\"><\/td>\n<\/tr>\n<tr style=\"height: 33px;\">\n<td style=\"height: 33px;\">Tutora E.I. i C.I.<\/td>\n<td style=\"height: 33px;\">Directora d&#8217;escola<\/td>\n<\/tr>\n<tr style=\"height: 33px;\">\n<td style=\"height: 33px;\">Tutor\/a C.M. i C.S.<\/td>\n<td style=\"height: 33px;\"><\/td>\n<\/tr>\n<tr style=\"height: 33px;\">\n<td style=\"height: 33px;\" colspan=\"2\"><strong>MESTRES ITINERANTS<\/strong><\/td>\n<\/tr>\n<tr style=\"height: 33px;\">\n<td style=\"height: 33px;\">Itinerant Ed. Especial<\/td>\n<td style=\"height: 33px;\">Coordinador\\a LIC<\/td>\n<\/tr>\n<tr style=\"height: 33px;\">\n<td style=\"height: 33px;\">Itinerant Llengua Anglesa<\/td>\n<td style=\"height: 33px;\">Coordinador\\a Ed. Infantil<\/td>\n<\/tr>\n<tr style=\"height: 33px;\">\n<td style=\"height: 33px;\">Itinerant Llengua Anglesa<\/td>\n<td style=\"height: 33px;\">Coordinador\\a Prim\u00e0ria<\/td>\n<\/tr>\n<tr style=\"height: 33px;\">\n<td style=\"height: 33px;\">Itinerant Educaci\u00f3 F\u00edsica<\/td>\n<td style=\"height: 33px;\">Coordinador del Pla Catal\u00e0 de l&#8217;Esport<\/td>\n<\/tr>\n<tr style=\"height: 33px;\">\n<td style=\"height: 33px;\">Itinerant Educaci\u00f3 Musical<\/td>\n<td style=\"height: 33px;\">Secretari ZER\u00a0 i Coordinador TAC<\/td>\n<\/tr>\n<tr style=\"height: 33px;\">\n<td style=\"height: 33px;\">Itinerant de Prim\u00e0ria<\/td>\n<td style=\"height: 33px;\">Coordinador de Riscos Laborals<\/td>\n<\/tr>\n<tr style=\"height: 33px;\">\n<td style=\"height: 33px;\">Religi\u00f3 (La Sentiu)<\/td>\n<td style=\"height: 33px;\"><\/td>\n<\/tr>\n<tr>\n<td>Religi\u00f3 (Cubells)<\/td>\n<td><\/td>\n<\/tr>\n<tr style=\"height: 33px;\">\n<td style=\"height: 33px;\">Religi\u00f3 (Montgai)<\/td>\n<td style=\"height: 33px;\"><\/td>\n<\/tr>\n<tr style=\"height: 33px;\">\n<td style=\"height: 33px;\">Religi\u00f3 (Vilanova de Mei\u00e0)<\/td>\n<td style=\"height: 33px;\"><\/td>\n<\/tr>\n<tr style=\"height: 33px;\">\n<td style=\"height: 33px;\">Psicopedagog\\a<\/td>\n<td style=\"height: 33px;\"><\/td>\n<\/tr>\n<\/tbody>\n<\/table>\n<p>&nbsp;<\/p>\n","protected":false},"excerpt":{"rendered":"<p>CLAUSTRE 2025-2026 ESCOLA LA COLOMINA (Montgai) T.E.I. Tutora E.I. i C.I. Tutora C.M. i C.S. Directora d&#8217;escola ESCOLA MARE DE D\u00c9U DE GUARDIOLA (La Sentiu) T.E.I. Tutora E.I. i C.I. Directora de ZER i directora d&#8217;escola Tutora C.M. i C.S. ESCOLA SOL NAIXENT (Cubells) T.E.I. Tutora E.I. i C.I. Tutor C.M. i C.S. Directora d&#8217;escola [&hellip;]<\/p>\n","protected":false},"author":1,"featured_media":0,"parent":19,"menu_order":0,"comment_status":"closed","ping_status":"closed","template":"","meta":{"_bbp_topic_count":0,"_bbp_reply_count":0,"_bbp_total_topic_count":0,"_bbp_total_reply_count":0,"_bbp_voice_count":0,"_bbp_anonymous_reply_count":0,"_bbp_topic_count_hidden":0,"_bbp_reply_count_hidden":0,"_bbp_forum_subforum_count":0,"site-sidebar-layout":"default","site-content-layout":"","ast-site-content-layout":"default","site-content-style":"default","site-sidebar-style":"default","ast-global-header-display":"","ast-banner-title-visibility":"","ast-main-header-display":"","ast-hfb-above-header-display":"","ast-hfb-below-header-display":"","ast-hfb-mobile-header-display":"","site-post-title":"","ast-breadcrumbs-content":"","ast-featured-img":"","footer-sml-layout":"","theme-transparent-header-meta":"default","adv-header-id-meta":"","stick-header-meta":"","header-above-stick-meta":"","header-main-stick-meta":"","header-below-stick-meta":"","astra-migrate-meta-layouts":"set","ast-page-background-enabled":"default","ast-page-background-meta":{"desktop":{"background-color":"var(--ast-global-color-4)","background-image":"","background-repeat":"repeat","background-position":"center center","background-size":"auto","background-attachment":"scroll","background-type":"","background-media":"","overlay-type":"","overlay-color":"","overlay-opacity":"","overlay-gradient":""},"tablet":{"background-color":"","background-image":"","background-repeat":"repeat","background-position":"center center","background-size":"auto","background-attachment":"scroll","background-type":"","background-media":"","overlay-type":"","overlay-color":"","overlay-opacity":"","overlay-gradient":""},"mobile":{"background-color":"","background-image":"","background-repeat":"repeat","background-position":"center center","background-size":"auto","background-attachment":"scroll","background-type":"","background-media":"","overlay-type":"","overlay-color":"","overlay-opacity":"","overlay-gradient":""}},"ast-content-background-meta":{"desktop":{"background-color":"var(--ast-global-color-5)","background-image":"","background-repeat":"repeat","background-position":"center center","background-size":"auto","background-attachment":"scroll","background-type":"","background-media":"","overlay-type":"","overlay-color":"","overlay-opacity":"","overlay-gradient":""},"tablet":{"background-color":"var(--ast-global-color-5)","background-image":"","background-repeat":"repeat","background-position":"center center","background-size":"auto","background-attachment":"scroll","background-type":"","background-media":"","overlay-type":"","overlay-color":"","overlay-opacity":"","overlay-gradient":""},"mobile":{"background-color":"var(--ast-global-color-5)","background-image":"","background-repeat":"repeat","background-position":"center center","background-size":"auto","background-attachment":"scroll","background-type":"","background-media":"","overlay-type":"","overlay-color":"","overlay-opacity":"","overlay-gradient":""}},"footnotes":""},"class_list":["post-258","page","type-page","status-publish","hentry"],"post_mailing_queue_ids":[],"_links":{"self":[{"href":"https:\/\/agora.xtec.cat\/zerelromani\/wp-json\/wp\/v2\/pages\/258","targetHints":{"allow":["GET"]}}],"collection":[{"href":"https:\/\/agora.xtec.cat\/zerelromani\/wp-json\/wp\/v2\/pages"}],"about":[{"href":"https:\/\/agora.xtec.cat\/zerelromani\/wp-json\/wp\/v2\/types\/page"}],"author":[{"embeddable":true,"href":"https:\/\/agora.xtec.cat\/zerelromani\/wp-json\/wp\/v2\/users\/1"}],"replies":[{"embeddable":true,"href":"https:\/\/agora.xtec.cat\/zerelromani\/wp-json\/wp\/v2\/comments?post=258"}],"version-history":[{"count":9,"href":"https:\/\/agora.xtec.cat\/zerelromani\/wp-json\/wp\/v2\/pages\/258\/revisions"}],"predecessor-version":[{"id":3820,"href":"https:\/\/agora.xtec.cat\/zerelromani\/wp-json\/wp\/v2\/pages\/258\/revisions\/3820"}],"up":[{"embeddable":true,"href":"https:\/\/agora.xtec.cat\/zerelromani\/wp-json\/wp\/v2\/pages\/19"}],"wp:attachment":[{"href":"https:\/\/agora.xtec.cat\/zerelromani\/wp-json\/wp\/v2\/media?parent=258"}],"curies":[{"name":"wp","href":"https:\/\/api.w.org\/{rel}","templated":true}]}}