{"id":986,"date":"2016-07-06T10:54:51","date_gmt":"2016-07-06T09:54:51","guid":{"rendered":"http:\/\/agora.xtec.cat\/zerelllierca\/?page_id=986"},"modified":"2026-03-06T18:58:18","modified_gmt":"2026-03-06T17:58:18","slug":"funcionament","status":"publish","type":"page","link":"https:\/\/agora.xtec.cat\/zerelllierca\/zer\/funcionament\/","title":{"rendered":"Funcionament"},"content":{"rendered":"<p><span style=\"color: #800080;\"><strong>CONSELL ESCOLAR DE ZER<\/strong><\/span><\/p>\n<p>Est\u00e0 constitu\u00eft pels tres membres de l&#8217;Equip Directiu, els directors de les diferents escoles, dos mestres, cinc pares i un\u00a0representant de cada Ajuntament.<\/p>\n<p><span style=\"color: #800080;\"><strong>EQUIP DIRECTIU<\/strong><\/span><\/p>\n<p>L\u2019Equip directiu de <span style=\"color: #000000;\">ZER<\/span>\u00a0aglutina les mateixes funcions que\u00a0qualsevol equip directiu d\u2019un centre graduat, ara b\u00e9,\u00a0respectant la idiosincr\u00e0sia de cadascun del centres que formen la ZER.<\/p>\n<p>L\u2019equip directiu de\u00a0la nostra ZER\u00a0est\u00e0 format per els seg\u00fcents mestres:<\/p>\n<p><span style=\"color: #800080;\">Director<\/span><\/p>\n<p>Albert May\u00e0 &#8211;\u00a0 Mestre\u00a0 a l&#8217;escola Joan Roura i Parella<\/p>\n<p><span style=\"color: #800080;\">Cap d&#8217;estudis<\/span><\/p>\n<p>Marc Codinach- Tutor de CI\u00a0 a l&#8217;escola Joan Roura i Parella<\/p>\n<p><span style=\"color: #800080;\">Secret\u00e0ria<\/span><\/p>\n<p>Vanessa Ribero\u00a0 &#8211;\u00a0 Tutora de CM\u00a0 \u00a0a l&#8217;escola Mont C\u00f3s<\/p>\n<p><span style=\"color: #800080;\"><strong>CLAUSTRE<\/strong><\/span><\/p>\n<p>Est\u00e0 compost per tots els tutors juntament amb els mestres itinerants de les diferents especialitats. Es reuneix, normalment, una vegada al mes.<\/p>\n<p><span style=\"color: #800080;\"><strong>MESTRES ITINERANTS<\/strong><\/span><\/p>\n<p>S\u00f3n mestres de les diferents especialitats que van a les\u00a0 tres escoles.<\/p>\n<p><span style=\"color: #800080;\"><strong>MESTRES DE RELIGI\u00d3 CAT\u00d2LICA<\/strong><\/span><\/p>\n<p>A cada escola tamb\u00e9 \u00a0hi \u00a0ha el mestre de Religi\u00f3 Cat\u00f2lica.<\/p>\n<p><span style=\"color: #800080;\"><strong>ADMINISTRACI\u00d3<\/strong><\/span><\/p>\n<p>Tamb\u00e9 disposem d&#8217;una administratiu compartit amb l&#8217;escola Salvador Vilarrasa de Besal\u00fa.<\/p>\n<p><span style=\"color: #800080;\"><strong>CICLES<\/strong><\/span><\/p>\n<p>Els diferents cicles ( infantil, inicial, mitj\u00e0 tAi superior) i els mestres itinerants es troben una vegada cada quinze dies per coordinadar o tractar diferents aspectes que impliquen tota la ZER.<\/p>\n<p><span style=\"color: #800080;\"><strong>GRUPS DE TREBALL<\/strong><\/span><\/p>\n<p>Es constitueixen en funci\u00f3 de les necessitats o inquietuts del claustre. Per exemple: projecte ling\u00fc\u00edstic, mediaci\u00f3, inform\u00e0tica, jornades culturals, festa de la ZER,&#8230;<\/p>\n<p><span style=\"color: #800080;\"><strong>COORDINACIONS<\/strong><\/span><\/p>\n<ul>\n<li>Educaci\u00f3 Infantil<\/li>\n<li>Educaci\u00f3 Prim\u00e0ria<\/li>\n<li>Cicle Inicial<\/li>\n<li>Cicle Mitj\u00e0<\/li>\n<li>Cicle Superior<\/li>\n<li>Itinerants<\/li>\n<li>Inform\u00e0tica<\/li>\n<li>Riscos Laborals<\/li>\n<li>Llengua i cohesi\u00f3 social<\/li>\n<li>Activitats i serveis<\/li>\n<\/ul>\n<p><span style=\"color: #800080;\"><strong>SORTIDES<\/strong><\/span><\/p>\n<p>En solem realitzar una per trimestre, i sempre que ens \u00e9s possible, s\u00f3n a nivell de cicle, depenent del n\u00famero d&#8217;alumnes\u00a0dels grups classe.<\/p>\n<p><span style=\"color: #800080;\"><strong>JORNADES CULTURALS<\/strong><\/span><\/p>\n<p>Consisteixen en\u00a0treballar un eix transversal escollit pel claustre, durant dos dies del segon trimestre, en els que es deixa de banda l&#8217;horari i mat\u00e8ries normals\u00a0per a fer activitats\u00a0espec\u00edfiques del tema que es treballa. Hi ha activitats que es fan a nivell\u00a0de cicle i n&#8217;hi ha que es tracten a nivell de cada centre.<\/p>\n<ul>\n<li>FINS EL CURS 2000-2001 &#8211;\u00a0APRENEM DELS AVIS<\/li>\n<li>CURS 2001-2002 \u00a0&#8211;\u00a0GAUD\u00cd<\/li>\n<li>CURS 2002-2003 &#8211;\u00a0LA M\u00c0GIA<\/li>\n<li>CURS 2003-2004 &#8211;\u00a0DAL\u00cd<\/li>\n<li>CURS 2004-2005 &#8211;\u00a0EL M\u00d3N DEL CONTE<\/li>\n<li>CURS 2005-2006 &#8211;\u00a0MOZART<\/li>\n<li>CURS 2006-2007 &#8211;\u00a0EXPERIMENTEM<\/li>\n<li>CURS 2007-2008 &#8211;\u00a0GASTRONOMIA<\/li>\n<li>CURS 2008-2009 &#8211;\u00a0ASTRONOMIA<\/li>\n<li>CURS 2009-2010 &#8211;\u00a0EL C\u00d2MIC<\/li>\n<li>CURS 2010-2011 &#8211;\u00a0PREVENIR, AVISAR I SOC\u00d2RRER<\/li>\n<li>CURS 2011-2012 &#8211;\u00a0TOTS IGUALS, TOS DIFERENTS<\/li>\n<li>CURS 2012-2013 &#8211;\u00a0JUGANT APRENEM A VIURE<\/li>\n<li>CURS 2013-2014 &#8211;\u00a0APRENEM DELS AVIS<\/li>\n<li>CURS 2014-2015 &#8211;\u00a0LA LLUM<\/li>\n<li>CURS 2015-2016 &#8211; LES OLIMP\u00cdADES<\/li>\n<li>CURS 2016-2017 &#8211; ENLLIERCA&#8217;T<\/li>\n<li>CURS 2017-2018 &#8211; UN JOC D&#8217;OUS<\/li>\n<li>CURS 2018-2019 &#8211; EL CINEMA<\/li>\n<li>CURS 2019-2020 &#8211; APRENEM \u00a0DELS AVIS (anul\u00b7lades per Confinament COVID 19)<\/li>\n<li>CURS 2020-2021 &#8211; TASTETS CULTURALS<\/li>\n<li>CURS 2021-2022 &#8211; BUFAR I FER AMPOLLES<\/li>\n<li>CURS 2022-2023 &#8211; APRENEM DELS AVIS<\/li>\n<li>CURS 2023-2024 &#8211; PROTEGIR, AVISAR I SOC\u00d2RRER<\/li>\n<li>CURS 2024-2025 &#8211; PETITS CIENT\u00cdFICS, GRANS DESCOBRIMENTS<\/li>\n<li>CURS 2025-2026- ARQUITECTURA I ART BRUT. GAUD\u00cd VERSUS GARRELL.<\/li>\n<\/ul>\n<p><span style=\"color: #800080;\"><strong>TALLERS<\/strong><\/span><\/p>\n<p>Durant tot el curs es programen\u00a0diferents sessions de tallers iguals per a tots els cicles de les escoles de la ZER.\u00a0Aix\u00f2 permet que tots els alumnes visquin un taller realitzat per a una persona professional.<\/p>\n<p><span style=\"color: #800080;\"><strong>FESTA DE ZER<\/strong><\/span><\/p>\n<p>Serveix com a cloenda del curs i cada\u00a0any s&#8217;organitza per escoles i grup de mestres itinerants de manera rotat\u00f2ria. Per altra banda \u00e9s una jornada festiva per a tots els alumnes i mestres de la ZER.<\/p>\n<p><span style=\"color: #800080;\"><strong>WEB<\/strong><\/span><\/p>\n<p>Aquesta web l&#8217;ha gestionada\u00a0 Pep Puigdemont (mestre d&#8217;educaci\u00f3 musical de la ZER) fins el curs 2024-2025.\u00a0 A partir del\u00a0 del curs 2025-2026\u00a0 \u00e9s gestionada per la comissi\u00f3 digital de\u00a0 la ZER.\u00a0 Si observeu alguna errada feu-nos-ho saber\u00a0 a <a href=\"mailto:b7007452@xtec.cat\">b7007452@xtec.cat<\/a><\/p>\n","protected":false},"excerpt":{"rendered":"<p>CONSELL ESCOLAR DE ZER Est\u00e0 constitu\u00eft pels tres membres de l&#8217;Equip Directiu, els directors de les diferents escoles, dos mestres, cinc pares i un\u00a0representant de cada Ajuntament. EQUIP DIRECTIU L\u2019Equip directiu de ZER\u00a0aglutina les mateixes funcions que\u00a0qualsevol equip directiu d\u2019un centre graduat, ara b\u00e9,\u00a0respectant la idiosincr\u00e0sia de cadascun del centres que formen la ZER. L\u2019equip [&hellip;]<\/p>\n","protected":false},"author":1,"featured_media":0,"parent":19,"menu_order":4,"comment_status":"closed","ping_status":"closed","template":"","meta":{"_bbp_topic_count":0,"_bbp_reply_count":0,"_bbp_total_topic_count":0,"_bbp_total_reply_count":0,"_bbp_voice_count":0,"_bbp_anonymous_reply_count":0,"_bbp_topic_count_hidden":0,"_bbp_reply_count_hidden":0,"_bbp_forum_subforum_count":0,"site-sidebar-layout":"default","site-content-layout":"","ast-site-content-layout":"default","site-content-style":"default","site-sidebar-style":"default","ast-global-header-display":"","ast-banner-title-visibility":"","ast-main-header-display":"","ast-hfb-above-header-display":"","ast-hfb-below-header-display":"","ast-hfb-mobile-header-display":"","site-post-title":"","ast-breadcrumbs-content":"","ast-featured-img":"","footer-sml-layout":"","theme-transparent-header-meta":"","adv-header-id-meta":"","stick-header-meta":"","header-above-stick-meta":"","header-main-stick-meta":"","header-below-stick-meta":"","astra-migrate-meta-layouts":"set","ast-page-background-enabled":"default","ast-page-background-meta":{"desktop":{"background-color":"var(--ast-global-color-4)","background-image":"","background-repeat":"repeat","background-position":"center center","background-size":"auto","background-attachment":"scroll","background-type":"","background-media":"","overlay-type":"","overlay-color":"","overlay-opacity":"","overlay-gradient":""},"tablet":{"background-color":"","background-image":"","background-repeat":"repeat","background-position":"center center","background-size":"auto","background-attachment":"scroll","background-type":"","background-media":"","overlay-type":"","overlay-color":"","overlay-opacity":"","overlay-gradient":""},"mobile":{"background-color":"","background-image":"","background-repeat":"repeat","background-position":"center center","background-size":"auto","background-attachment":"scroll","background-type":"","background-media":"","overlay-type":"","overlay-color":"","overlay-opacity":"","overlay-gradient":""}},"ast-content-background-meta":{"desktop":{"background-color":"var(--ast-global-color-5)","background-image":"","background-repeat":"repeat","background-position":"center center","background-size":"auto","background-attachment":"scroll","background-type":"","background-media":"","overlay-type":"","overlay-color":"","overlay-opacity":"","overlay-gradient":""},"tablet":{"background-color":"var(--ast-global-color-5)","background-image":"","background-repeat":"repeat","background-position":"center center","background-size":"auto","background-attachment":"scroll","background-type":"","background-media":"","overlay-type":"","overlay-color":"","overlay-opacity":"","overlay-gradient":""},"mobile":{"background-color":"var(--ast-global-color-5)","background-image":"","background-repeat":"repeat","background-position":"center center","background-size":"auto","background-attachment":"scroll","background-type":"","background-media":"","overlay-type":"","overlay-color":"","overlay-opacity":"","overlay-gradient":""}},"footnotes":""},"class_list":["post-986","page","type-page","status-publish","hentry"],"post_mailing_queue_ids":[],"_links":{"self":[{"href":"https:\/\/agora.xtec.cat\/zerelllierca\/wp-json\/wp\/v2\/pages\/986","targetHints":{"allow":["GET"]}}],"collection":[{"href":"https:\/\/agora.xtec.cat\/zerelllierca\/wp-json\/wp\/v2\/pages"}],"about":[{"href":"https:\/\/agora.xtec.cat\/zerelllierca\/wp-json\/wp\/v2\/types\/page"}],"author":[{"embeddable":true,"href":"https:\/\/agora.xtec.cat\/zerelllierca\/wp-json\/wp\/v2\/users\/1"}],"replies":[{"embeddable":true,"href":"https:\/\/agora.xtec.cat\/zerelllierca\/wp-json\/wp\/v2\/comments?post=986"}],"version-history":[{"count":6,"href":"https:\/\/agora.xtec.cat\/zerelllierca\/wp-json\/wp\/v2\/pages\/986\/revisions"}],"predecessor-version":[{"id":18598,"href":"https:\/\/agora.xtec.cat\/zerelllierca\/wp-json\/wp\/v2\/pages\/986\/revisions\/18598"}],"up":[{"embeddable":true,"href":"https:\/\/agora.xtec.cat\/zerelllierca\/wp-json\/wp\/v2\/pages\/19"}],"wp:attachment":[{"href":"https:\/\/agora.xtec.cat\/zerelllierca\/wp-json\/wp\/v2\/media?parent=986"}],"curies":[{"name":"wp","href":"https:\/\/api.w.org\/{rel}","templated":true}]}}