{"id":966,"date":"2016-09-30T18:26:54","date_gmt":"2016-09-30T17:26:54","guid":{"rendered":"http:\/\/agora.xtec.cat\/zerelllierca\/?page_id=966"},"modified":"2025-11-19T20:06:51","modified_gmt":"2025-11-19T19:06:51","slug":"claustre","status":"publish","type":"page","link":"https:\/\/agora.xtec.cat\/zerelllierca\/zer\/claustre\/","title":{"rendered":"Claustre"},"content":{"rendered":"<p><strong><span style=\"color: #008000;\">MONTAGUT I OIX<\/span><\/strong><\/p>\n<p><span style=\"color: #008000;\">Escola Mont C\u00f3s<\/span><\/p>\n<ul>\n<li>L\u00eddia Bagaria<\/li>\n<li>Vanessa Canalias<\/li>\n<li>M\u00f2nica Feu<\/li>\n<li>Carme Font<\/li>\n<li>Ariadna Garolera<\/li>\n<li>Carme Guix<\/li>\n<li>L\u00eddia Guti\u00e9rrez<\/li>\n<li>Marta Masanella<\/li>\n<li>Mireia Masdevall<\/li>\n<li>Vanessa Rivero<\/li>\n<li>Toni S\u00e1nchez<\/li>\n<li>Dolors Serra (TEI)<\/li>\n<\/ul>\n<p><span style=\"color: #ffcc00;\"><strong>TORTELL\u00c0 I SALES DE LLIERCA<\/strong><\/span><\/p>\n<p><span style=\"color: #ffcc00;\">Escola Joan Roura i Parella<\/span><\/p>\n<ul>\n<li>Coral Brosa<\/li>\n<li>Marc Codinach<\/li>\n<li>In\u00e9s Coromina<\/li>\n<li>Anna Figueras<\/li>\n<li>J\u00falia Garc\u00eda<\/li>\n<li>Maisa Jim\u00e9nez<\/li>\n<li>Albert May\u00e0<\/li>\n<li>Joel Moreno<\/li>\n<\/ul>\n<p><strong><span style=\"color: #3366ff;\">ARGELAGUER<\/span><\/strong><\/p>\n<p><span style=\"color: #3366ff;\">Escola \u00a0Montpalau<\/span><\/p>\n<ul>\n<li>Dolors Gim\u00e9nez<\/li>\n<li>Laia Junyent<\/li>\n<li>Gl\u00f2ria Llad\u00f3s<\/li>\n<li>Marta Rojo<\/li>\n<li>Nat\u00e0lia Tubella<\/li>\n<\/ul>\n<p><strong><span style=\"color: #800080;\">MESTRES ITINERANTS<\/span><\/strong><\/p>\n<p><strong>Educaci\u00f3 Especial<\/strong><\/p>\n<p>Imma Juanola<\/p>\n<p><strong>Llengua Anglesa<\/strong><\/p>\n<p>Ant\u00f2nia Graboleda<\/p>\n<p><strong>Educaci\u00f3 Musical\u00a0\u00a0<\/strong><\/p>\n<p>Josep Puigdemont<\/p>\n<p>Neus Cros<\/p>\n<p><strong>Educaci\u00f3 F\u00edsica<\/strong><\/p>\n<p>Laia R\u00fabies<\/p>\n<p>Pau Portils<\/p>\n<p><strong>RELIGI\u00d3 CAT\u00d2LICA<\/strong><\/p>\n<p><span style=\"color: #0000ff;\">Escola\u00a0\u00a0Montpalau (Argelaguer)<\/span><\/p>\n<p>Gladis Routier<\/p>\n<p><span style=\"color: #ffcc00; font-family: inherit; font-size: 1em;\">Escola Joan Roura i Parella (Tortell\u00e0)<\/span><\/p>\n<p>Yolanda Casero<\/p>\n<p><span style=\"color: #008000;\">Escola\u00a0Mont C\u00f3s (Montagut)<\/span><\/p>\n<p>Yolanda Casero<\/p>\n<p><strong><span style=\"color: #ff6600;\">ADMINISTRATIVA ZER<\/span><\/strong><\/p>\n<p>M\u00f2nica Agust\u00ed<\/p>\n","protected":false},"excerpt":{"rendered":"<p>MONTAGUT I OIX Escola Mont C\u00f3s L\u00eddia Bagaria Vanessa Canalias M\u00f2nica Feu Carme Font Ariadna Garolera Carme Guix L\u00eddia Guti\u00e9rrez Marta Masanella Mireia Masdevall Vanessa Rivero Toni S\u00e1nchez Dolors Serra (TEI) TORTELL\u00c0 I SALES DE LLIERCA Escola Joan Roura i Parella Coral Brosa Marc Codinach In\u00e9s Coromina Anna Figueras J\u00falia Garc\u00eda Maisa Jim\u00e9nez Albert May\u00e0 [&hellip;]<\/p>\n","protected":false},"author":1,"featured_media":0,"parent":19,"menu_order":4,"comment_status":"closed","ping_status":"closed","template":"page-templates\/side-menu.php","meta":{"_bbp_topic_count":0,"_bbp_reply_count":0,"_bbp_total_topic_count":0,"_bbp_total_reply_count":0,"_bbp_voice_count":0,"_bbp_anonymous_reply_count":0,"_bbp_topic_count_hidden":0,"_bbp_reply_count_hidden":0,"_bbp_forum_subforum_count":0,"site-sidebar-layout":"default","site-content-layout":"","ast-site-content-layout":"","site-content-style":"default","site-sidebar-style":"default","ast-global-header-display":"","ast-banner-title-visibility":"","ast-main-header-display":"","ast-hfb-above-header-display":"","ast-hfb-below-header-display":"","ast-hfb-mobile-header-display":"","site-post-title":"","ast-breadcrumbs-content":"","ast-featured-img":"","footer-sml-layout":"","theme-transparent-header-meta":"","adv-header-id-meta":"","stick-header-meta":"","header-above-stick-meta":"","header-main-stick-meta":"","header-below-stick-meta":"","astra-migrate-meta-layouts":"default","ast-page-background-enabled":"default","ast-page-background-meta":{"desktop":{"background-color":"var(--ast-global-color-4)","background-image":"","background-repeat":"repeat","background-position":"center center","background-size":"auto","background-attachment":"scroll","background-type":"","background-media":"","overlay-type":"","overlay-color":"","overlay-opacity":"","overlay-gradient":""},"tablet":{"background-color":"","background-image":"","background-repeat":"repeat","background-position":"center center","background-size":"auto","background-attachment":"scroll","background-type":"","background-media":"","overlay-type":"","overlay-color":"","overlay-opacity":"","overlay-gradient":""},"mobile":{"background-color":"","background-image":"","background-repeat":"repeat","background-position":"center center","background-size":"auto","background-attachment":"scroll","background-type":"","background-media":"","overlay-type":"","overlay-color":"","overlay-opacity":"","overlay-gradient":""}},"ast-content-background-meta":{"desktop":{"background-color":"var(--ast-global-color-5)","background-image":"","background-repeat":"repeat","background-position":"center center","background-size":"auto","background-attachment":"scroll","background-type":"","background-media":"","overlay-type":"","overlay-color":"","overlay-opacity":"","overlay-gradient":""},"tablet":{"background-color":"var(--ast-global-color-5)","background-image":"","background-repeat":"repeat","background-position":"center center","background-size":"auto","background-attachment":"scroll","background-type":"","background-media":"","overlay-type":"","overlay-color":"","overlay-opacity":"","overlay-gradient":""},"mobile":{"background-color":"var(--ast-global-color-5)","background-image":"","background-repeat":"repeat","background-position":"center center","background-size":"auto","background-attachment":"scroll","background-type":"","background-media":"","overlay-type":"","overlay-color":"","overlay-opacity":"","overlay-gradient":""}},"footnotes":""},"class_list":["post-966","page","type-page","status-publish","hentry"],"post_mailing_queue_ids":[],"_links":{"self":[{"href":"https:\/\/agora.xtec.cat\/zerelllierca\/wp-json\/wp\/v2\/pages\/966","targetHints":{"allow":["GET"]}}],"collection":[{"href":"https:\/\/agora.xtec.cat\/zerelllierca\/wp-json\/wp\/v2\/pages"}],"about":[{"href":"https:\/\/agora.xtec.cat\/zerelllierca\/wp-json\/wp\/v2\/types\/page"}],"author":[{"embeddable":true,"href":"https:\/\/agora.xtec.cat\/zerelllierca\/wp-json\/wp\/v2\/users\/1"}],"replies":[{"embeddable":true,"href":"https:\/\/agora.xtec.cat\/zerelllierca\/wp-json\/wp\/v2\/comments?post=966"}],"version-history":[{"count":6,"href":"https:\/\/agora.xtec.cat\/zerelllierca\/wp-json\/wp\/v2\/pages\/966\/revisions"}],"predecessor-version":[{"id":18260,"href":"https:\/\/agora.xtec.cat\/zerelllierca\/wp-json\/wp\/v2\/pages\/966\/revisions\/18260"}],"up":[{"embeddable":true,"href":"https:\/\/agora.xtec.cat\/zerelllierca\/wp-json\/wp\/v2\/pages\/19"}],"wp:attachment":[{"href":"https:\/\/agora.xtec.cat\/zerelllierca\/wp-json\/wp\/v2\/media?parent=966"}],"curies":[{"name":"wp","href":"https:\/\/api.w.org\/{rel}","templated":true}]}}