{"id":579,"date":"2016-02-22T13:43:21","date_gmt":"2016-02-22T12:43:21","guid":{"rendered":"http:\/\/agora.xtec.cat\/zerelllierca\/?page_id=579"},"modified":"2019-09-16T13:34:27","modified_gmt":"2019-09-16T11:34:27","slug":"presentacio","status":"publish","type":"page","link":"https:\/\/agora.xtec.cat\/zerelllierca\/zer\/presentacio\/","title":{"rendered":"Presentaci\u00f3"},"content":{"rendered":"<p>El Claustre de professors\/es de la ZER El Llierca us d\u00f3na la benvinguda. Primer de tot, potser seria bo explicar qu\u00e8 \u00e9s una ZER. Doncs b\u00e9, les sigles ZER volen dir Zona Escolar Rural.<\/p>\n<p>Les zones escolars rurals (ZER) s\u00f3n institucions escolars de car\u00e0cter p\u00fablic formades per l\u2019agrupaci\u00f3 de centres d&#8217;educaci\u00f3 infantil i prim\u00e0ria que es constitueixen amb la finalitat d\u2019oferir el servei d\u2019ensenyament en condicions de major qualitat en zones de baixa demografia escolar.<\/p>\n<p>La zona escolar rural t\u00e9 consideraci\u00f3 de centre educatiu \u00fanic amb les caracter\u00edstiques i els efectes que es determinen en el <a href=\"http:\/\/dogc.gencat.cat\/ca\/pdogc_canals_interns\/pdogc_resultats_fitxa\/?documentId=545262&amp;language=ca_ES&amp;action=fitxa\" target=\"_blank\" rel=\"noopener noreferrer\">Decret 102\/2010, de 3 d\u2019agost d\u2019autonomia dels centres educatius<\/a>, sense perjudici de respectar la identitat jur\u00eddica de cadascuna de les escoles que la integren.<\/p>\n<p>El motiu de la creaci\u00f3 d\u2019una ZER rau en el fet de que els centres amb pocs alumnes no poden tenir mestres especialistes propis (educaci\u00f3 f\u00edsica, llengua anglesa, educaci\u00f3 musical i educaci\u00f3 especial).<\/p>\n<p>El nom de la nostra ZER prov\u00e9 del riu \u201cLlierca\u201d, afluent del Fluvi\u00e0, que travessa la zona on ens trobem.<\/p>\n<p><a href=\"http:\/\/agora.xtec.cat\/zerelllierca\/wp-content\/uploads\/usu1250\/2016\/11\/pont_llierca_albert_vazquez.jpg\"><img loading=\"lazy\" decoding=\"async\" class=\"size-full wp-image-1430 aligncenter\" src=\"http:\/\/agora.xtec.cat\/zerelllierca\/wp-content\/uploads\/usu1250\/2016\/11\/pont_llierca_albert_vazquez.jpg\" alt=\"pont_llierca_albert_vazquez\" width=\"960\" height=\"720\" srcset=\"https:\/\/agora.xtec.cat\/zerelllierca\/wp-content\/uploads\/usu1250\/2016\/11\/pont_llierca_albert_vazquez.jpg 960w, https:\/\/agora.xtec.cat\/zerelllierca\/wp-content\/uploads\/usu1250\/2016\/11\/pont_llierca_albert_vazquez-300x225.jpg 300w, https:\/\/agora.xtec.cat\/zerelllierca\/wp-content\/uploads\/usu1250\/2016\/11\/pont_llierca_albert_vazquez-768x576.jpg 768w, https:\/\/agora.xtec.cat\/zerelllierca\/wp-content\/uploads\/usu1250\/2016\/11\/pont_llierca_albert_vazquez-200x150.jpg 200w\" sizes=\"auto, (max-width: 960px) 100vw, 960px\" \/><\/a><\/p>\n<p>&nbsp;<\/p>\n<p>El fet de formar part d\u2019una ZER ens permet l\u2019organitzaci\u00f3 i planificaci\u00f3 d&#8217;activitats pedag\u00f2giques de forma conjunta entre els quatre centres: sortides, jornades culturals, grups de treball, &#8230; Aix\u00ed mateix, podem disposar d\u2019un material que un sol centre no podria tenir mai.<\/p>\n<p><a href=\"http:\/\/agora.xtec.cat\/zerelllierca\/wp-content\/uploads\/usu1250\/2015\/11\/minilogozer.png\"><img loading=\"lazy\" decoding=\"async\" class=\"size-full wp-image-565 aligncenter\" src=\"http:\/\/agora.xtec.cat\/zerelllierca\/wp-content\/uploads\/usu1250\/2015\/11\/minilogozer.png\" alt=\"ZER EL LLIERCA\" width=\"162\" height=\"70\" \/><\/a><\/p>\n<p>&nbsp;<\/p>\n<p>El logotip de la ZER dissenyat per Pep Puigdemont (amb l&#8217;ajut del dibuixant i pintor\u00a0 Toni Tort) i aprovat pel claustre de ZER simbolitza el Pont del Llierca que \u00e9s el nexe d&#8217;uni\u00f3 de les quatre escoles una de cada color. Si es mira el dibuix de lluny tamb\u00e9 simbolitza un cotxe o vehicle, eina de treball dels mestres itinerants.<\/p>\n<p>Fins el curs 2018-2019 ha estat formada per les escoles: Mont C\u00f3s (Montagut-Oix), Joan Roura i Parella (Tortell\u00e0 i Sales de LLierca), Montpalau (Argelaguer) i Les Escomes (Sant Jaume de Llierca).<\/p>\n<p>A partir del curs 2019-2020 es modifica la ZER\u00a0 i\u00a0 l&#8217;escola\u00a0 Les Escomes (Sant Jaume de Llierca). deixa de formar-.ne part.<\/p>\n<p>El\u00a0 claustre de la ZER\u00a0 modifica el logotip.<\/p>\n<p><a href=\"https:\/\/agora.xtec.cat\/zerelllierca\/wp-content\/uploads\/usu1250\/2019\/09\/2019-zerlogo.jpg\"><img loading=\"lazy\" decoding=\"async\" class=\"wp-image-11033 aligncenter\" src=\"https:\/\/agora.xtec.cat\/zerelllierca\/wp-content\/uploads\/usu1250\/2019\/09\/2019-zerlogo-1024x579.jpg\" alt=\"\" width=\"202\" height=\"114\" srcset=\"https:\/\/agora.xtec.cat\/zerelllierca\/wp-content\/uploads\/usu1250\/2019\/09\/2019-zerlogo-1024x579.jpg 1024w, https:\/\/agora.xtec.cat\/zerelllierca\/wp-content\/uploads\/usu1250\/2019\/09\/2019-zerlogo-300x170.jpg 300w, https:\/\/agora.xtec.cat\/zerelllierca\/wp-content\/uploads\/usu1250\/2019\/09\/2019-zerlogo-768x435.jpg 768w\" sizes=\"auto, (max-width: 202px) 100vw, 202px\" \/><\/a><\/p>\n<p>&nbsp;<\/p>\n<p>Actualment\u00a0 les escoles que formen la ZER\u00a0 El LLierca\u00a0 s\u00f3n:<\/p>\n<p>Mont C\u00f3s (Montagut-Oix), Joan Roura i Parella (Tortell\u00e0 i Sales de LLierca), Montpalau (Argelaguer)<\/p>\n<p>Si ens voleu con\u00e8ixer millor &#8230; cliqueu, cliqueu que us ensenyarem casa nostra!<\/p>\n","protected":false},"excerpt":{"rendered":"<p>El Claustre de professors\/es de la ZER El Llierca us d\u00f3na la benvinguda. Primer de tot, potser seria bo explicar qu\u00e8 \u00e9s una ZER. Doncs b\u00e9, les sigles ZER volen dir Zona Escolar Rural. Les zones escolars rurals (ZER) s\u00f3n institucions escolars de car\u00e0cter p\u00fablic formades per l\u2019agrupaci\u00f3 de centres d&#8217;educaci\u00f3 infantil i prim\u00e0ria que [&hellip;]<\/p>\n","protected":false},"author":1,"featured_media":0,"parent":19,"menu_order":1,"comment_status":"closed","ping_status":"closed","template":"page-templates\/side-menu.php","meta":{"_bbp_topic_count":0,"_bbp_reply_count":0,"_bbp_total_topic_count":0,"_bbp_total_reply_count":0,"_bbp_voice_count":0,"_bbp_anonymous_reply_count":0,"_bbp_topic_count_hidden":0,"_bbp_reply_count_hidden":0,"_bbp_forum_subforum_count":0,"site-sidebar-layout":"default","site-content-layout":"","ast-site-content-layout":"","site-content-style":"default","site-sidebar-style":"default","ast-global-header-display":"","ast-banner-title-visibility":"","ast-main-header-display":"","ast-hfb-above-header-display":"","ast-hfb-below-header-display":"","ast-hfb-mobile-header-display":"","site-post-title":"","ast-breadcrumbs-content":"","ast-featured-img":"","footer-sml-layout":"","theme-transparent-header-meta":"","adv-header-id-meta":"","stick-header-meta":"","header-above-stick-meta":"","header-main-stick-meta":"","header-below-stick-meta":"","astra-migrate-meta-layouts":"default","ast-page-background-enabled":"default","ast-page-background-meta":{"desktop":{"background-color":"var(--ast-global-color-4)","background-image":"","background-repeat":"repeat","background-position":"center center","background-size":"auto","background-attachment":"scroll","background-type":"","background-media":"","overlay-type":"","overlay-color":"","overlay-opacity":"","overlay-gradient":""},"tablet":{"background-color":"","background-image":"","background-repeat":"repeat","background-position":"center center","background-size":"auto","background-attachment":"scroll","background-type":"","background-media":"","overlay-type":"","overlay-color":"","overlay-opacity":"","overlay-gradient":""},"mobile":{"background-color":"","background-image":"","background-repeat":"repeat","background-position":"center center","background-size":"auto","background-attachment":"scroll","background-type":"","background-media":"","overlay-type":"","overlay-color":"","overlay-opacity":"","overlay-gradient":""}},"ast-content-background-meta":{"desktop":{"background-color":"var(--ast-global-color-5)","background-image":"","background-repeat":"repeat","background-position":"center center","background-size":"auto","background-attachment":"scroll","background-type":"","background-media":"","overlay-type":"","overlay-color":"","overlay-opacity":"","overlay-gradient":""},"tablet":{"background-color":"var(--ast-global-color-5)","background-image":"","background-repeat":"repeat","background-position":"center center","background-size":"auto","background-attachment":"scroll","background-type":"","background-media":"","overlay-type":"","overlay-color":"","overlay-opacity":"","overlay-gradient":""},"mobile":{"background-color":"var(--ast-global-color-5)","background-image":"","background-repeat":"repeat","background-position":"center center","background-size":"auto","background-attachment":"scroll","background-type":"","background-media":"","overlay-type":"","overlay-color":"","overlay-opacity":"","overlay-gradient":""}},"footnotes":""},"class_list":["post-579","page","type-page","status-publish","hentry"],"post_mailing_queue_ids":[],"_links":{"self":[{"href":"https:\/\/agora.xtec.cat\/zerelllierca\/wp-json\/wp\/v2\/pages\/579","targetHints":{"allow":["GET"]}}],"collection":[{"href":"https:\/\/agora.xtec.cat\/zerelllierca\/wp-json\/wp\/v2\/pages"}],"about":[{"href":"https:\/\/agora.xtec.cat\/zerelllierca\/wp-json\/wp\/v2\/types\/page"}],"author":[{"embeddable":true,"href":"https:\/\/agora.xtec.cat\/zerelllierca\/wp-json\/wp\/v2\/users\/1"}],"replies":[{"embeddable":true,"href":"https:\/\/agora.xtec.cat\/zerelllierca\/wp-json\/wp\/v2\/comments?post=579"}],"version-history":[{"count":4,"href":"https:\/\/agora.xtec.cat\/zerelllierca\/wp-json\/wp\/v2\/pages\/579\/revisions"}],"predecessor-version":[{"id":11072,"href":"https:\/\/agora.xtec.cat\/zerelllierca\/wp-json\/wp\/v2\/pages\/579\/revisions\/11072"}],"up":[{"embeddable":true,"href":"https:\/\/agora.xtec.cat\/zerelllierca\/wp-json\/wp\/v2\/pages\/19"}],"wp:attachment":[{"href":"https:\/\/agora.xtec.cat\/zerelllierca\/wp-json\/wp\/v2\/media?parent=579"}],"curies":[{"name":"wp","href":"https:\/\/api.w.org\/{rel}","templated":true}]}}