{"id":6517,"date":"2025-06-23T13:13:17","date_gmt":"2025-06-23T11:13:17","guid":{"rendered":"https:\/\/agora.xtec.cat\/zereljonc\/?page_id=6517"},"modified":"2025-06-23T19:23:20","modified_gmt":"2025-06-23T17:23:20","slug":"categoria-zer-el-jonc","status":"publish","type":"page","link":"https:\/\/agora.xtec.cat\/zereljonc\/categoria-zer-el-jonc\/","title":{"rendered":"ZER El Jonc"},"content":{"rendered":"<p><strong>QUI SOM?<\/strong><\/p>\n<p><span style=\"font-weight: 400;\">La <\/span><b>ZER El Jonc<\/b><span style=\"font-weight: 400;\"> es va fundar el curs <\/span><b>1996-97<\/b><span style=\"font-weight: 400;\">, i estava formada per quatre escoles: L&#8217;escola La R\u00e0pita, l&#8217;Escola de Sant Lloren\u00e7 de Montgai, l&#8217;Escola de Camarasa i finalment l&#8217;Escola de Vallfogona de Balaguer, la qual va esdevenir la seu administrativa. L&#8217;elecci\u00f3 del seu nom guardava i guarda relaci\u00f3 amb la planta que creix prop del riu Segre, el qual\u00a0 passa per aquestes poblacions.<\/span><\/p>\n<p><span style=\"font-weight: 400;\">No va ser per\u00f2 fins al <\/span><b>13 d\u2019octubre del 1997<\/b><span style=\"font-weight: 400;\"> que es va publicar al DOGC n\u00ba 2494 la creaci\u00f3 de la ZER El Jonc de manera oficial. Aquell mateix any, el qual s&#8217;iniciava el curs 1997\/98, es va tancar l&#8217;escola de Sant Lloren\u00e7 de Montgai per manca d&#8217;alumnes.<\/span><\/p>\n<p><span style=\"font-weight: 400;\">Anys m\u00e9s tard i tamb\u00e9 per manca d&#8217;alumnat va haver de tancar l\u2019Escola \u00c0ngel Guimer\u00e0 de La R\u00e0pita (el curs 2002-03), quedant soles les escoles Salvador Espriu de Vallfogona de Balaguer i l&#8217;Escola de Camarasa durant 2 cursos (2003-04 i 2004-05). Fou a final d&#8217;aquest curs (2004-05) que es va incorporar a la ZER l&#8217;Escola Joan Ros Porta de\u00a0 Men\u00e0rguens.<\/span><\/p>\n<p><span style=\"font-weight: 400;\">Gr\u00e0cies a la lluita de les fam\u00edlies de La R\u00e0pita el curs 2005-06 es reobre l&#8217;Escola i la ZER torna a tenir 4 escoles.<\/span><\/p>\n<p><span style=\"font-weight: 400;\">Per\u00f2 el curs <\/span><b>2012-13<\/b><span style=\"font-weight: 400;\"> i donat l&#8217;augment continu d&#8217;alumnat de l&#8217;Escola de Vallfogona de Balaguer, el Departament d&#8217;Ensenyament convid\u00e0 a aquesta escola a &#8220;segregar-se&#8221; de la ZER i esdevenir centre propi. D&#8217;aquesta manera la ZER es qued\u00e0 de nou amb 3 escoles, a m\u00e9s d&#8217;obligar a fer el canvi de la seu que va recaure en l&#8217;Escola Dos Rius de Camarasa.<\/span><\/p>\n<p><span style=\"font-weight: 400;\">Aix\u00ed doncs el curs <\/span><b>2013-14<\/b><span style=\"font-weight: 400;\"> s&#8217;inicia un nou cam\u00ed que arriba fins a la composici\u00f3 actual de la nostra ZER.<\/span><\/p>\n<p><span style=\"font-weight: 400;\">Podr\u00edem dir que ha estat una ZER molt canviant!<\/span><\/p>\n<p><span style=\"text-decoration: underline;\"><strong>ESCOLES DE LA ZER<\/strong><\/span><\/p>\n<h3><a href=\"https:\/\/agora.xtec.cat\/zereljonc\/wp-content\/uploads\/usu1184\/2025\/06\/DOS-RIUS.jpg\"><img loading=\"lazy\" decoding=\"async\" class=\"alignnone wp-image-6589\" src=\"https:\/\/agora.xtec.cat\/zereljonc\/wp-content\/uploads\/usu1184\/2025\/06\/DOS-RIUS.jpg\" alt=\"\" width=\"302\" height=\"226\" \/>\u00a0<\/a><\/h3>\n<p><strong>ESCOLA DOS RIUS<\/strong><\/p>\n<p>CAMARASA<\/p>\n<p><a href=\"https:\/\/agora.xtec.cat\/zereljonc\/wp-content\/uploads\/usu1184\/2025\/06\/ESCOLA-JOAN-ROS-I-PORTA.jpg\"><img loading=\"lazy\" decoding=\"async\" class=\"alignnone wp-image-6588\" src=\"https:\/\/agora.xtec.cat\/zereljonc\/wp-content\/uploads\/usu1184\/2025\/06\/ESCOLA-JOAN-ROS-I-PORTA.jpg\" alt=\"\" width=\"288\" height=\"216\" \/><\/a><\/p>\n<p><strong>ESCOLA JOAN ROS I PORTA<\/strong><\/p>\n<p>MEN\u00c0RGUENS<\/p>\n<p><a href=\"https:\/\/agora.xtec.cat\/zereljonc\/wp-content\/uploads\/usu1184\/2025\/06\/escola-La-Rapita.jpg\"><img loading=\"lazy\" decoding=\"async\" class=\"alignnone wp-image-6483\" src=\"https:\/\/agora.xtec.cat\/zereljonc\/wp-content\/uploads\/usu1184\/2025\/06\/escola-La-Rapita-300x86.jpg\" alt=\"\" width=\"489\" height=\"140\" srcset=\"https:\/\/agora.xtec.cat\/zereljonc\/wp-content\/uploads\/usu1184\/2025\/06\/escola-La-Rapita-300x86.jpg 300w, https:\/\/agora.xtec.cat\/zereljonc\/wp-content\/uploads\/usu1184\/2025\/06\/escola-La-Rapita-768x221.jpg 768w, https:\/\/agora.xtec.cat\/zereljonc\/wp-content\/uploads\/usu1184\/2025\/06\/escola-La-Rapita.jpg 1000w\" sizes=\"auto, (max-width: 489px) 100vw, 489px\" \/><\/a><\/p>\n<p><strong>ESCOLA LA R\u00c0PITA<\/strong><\/p>\n<p>LA R\u00c0PITA<\/p>\n","protected":false},"excerpt":{"rendered":"<p>QUI SOM? La ZER El Jonc es va fundar el curs 1996-97, i estava formada per quatre escoles: L&#8217;escola La R\u00e0pita, l&#8217;Escola de Sant Lloren\u00e7 de Montgai, l&#8217;Escola de Camarasa i finalment l&#8217;Escola de Vallfogona de Balaguer, la qual va esdevenir la seu administrativa. L&#8217;elecci\u00f3 del seu nom guardava i guarda relaci\u00f3 amb la planta [&hellip;]<\/p>\n","protected":false},"author":1,"featured_media":0,"parent":0,"menu_order":0,"comment_status":"closed","ping_status":"closed","template":"","meta":{"_bbp_topic_count":0,"_bbp_reply_count":0,"_bbp_total_topic_count":0,"_bbp_total_reply_count":0,"_bbp_voice_count":0,"_bbp_anonymous_reply_count":0,"_bbp_topic_count_hidden":0,"_bbp_reply_count_hidden":0,"_bbp_forum_subforum_count":0,"site-sidebar-layout":"default","site-content-layout":"","ast-site-content-layout":"default","site-content-style":"default","site-sidebar-style":"default","ast-global-header-display":"","ast-banner-title-visibility":"","ast-main-header-display":"","ast-hfb-above-header-display":"","ast-hfb-below-header-display":"","ast-hfb-mobile-header-display":"","site-post-title":"","ast-breadcrumbs-content":"","ast-featured-img":"","footer-sml-layout":"","theme-transparent-header-meta":"default","adv-header-id-meta":"","stick-header-meta":"","header-above-stick-meta":"","header-main-stick-meta":"","header-below-stick-meta":"","astra-migrate-meta-layouts":"set","ast-page-background-enabled":"default","ast-page-background-meta":{"desktop":{"background-color":"var(--ast-global-color-4)","background-image":"","background-repeat":"repeat","background-position":"center center","background-size":"auto","background-attachment":"scroll","background-type":"","background-media":"","overlay-type":"","overlay-color":"","overlay-opacity":"","overlay-gradient":""},"tablet":{"background-color":"","background-image":"","background-repeat":"repeat","background-position":"center center","background-size":"auto","background-attachment":"scroll","background-type":"","background-media":"","overlay-type":"","overlay-color":"","overlay-opacity":"","overlay-gradient":""},"mobile":{"background-color":"","background-image":"","background-repeat":"repeat","background-position":"center center","background-size":"auto","background-attachment":"scroll","background-type":"","background-media":"","overlay-type":"","overlay-color":"","overlay-opacity":"","overlay-gradient":""}},"ast-content-background-meta":{"desktop":{"background-color":"var(--ast-global-color-5)","background-image":"","background-repeat":"repeat","background-position":"center center","background-size":"auto","background-attachment":"scroll","background-type":"","background-media":"","overlay-type":"","overlay-color":"","overlay-opacity":"","overlay-gradient":""},"tablet":{"background-color":"var(--ast-global-color-5)","background-image":"","background-repeat":"repeat","background-position":"center center","background-size":"auto","background-attachment":"scroll","background-type":"","background-media":"","overlay-type":"","overlay-color":"","overlay-opacity":"","overlay-gradient":""},"mobile":{"background-color":"var(--ast-global-color-5)","background-image":"","background-repeat":"repeat","background-position":"center center","background-size":"auto","background-attachment":"scroll","background-type":"","background-media":"","overlay-type":"","overlay-color":"","overlay-opacity":"","overlay-gradient":""}},"footnotes":""},"class_list":["post-6517","page","type-page","status-publish","hentry"],"post_mailing_queue_ids":[],"_links":{"self":[{"href":"https:\/\/agora.xtec.cat\/zereljonc\/wp-json\/wp\/v2\/pages\/6517","targetHints":{"allow":["GET"]}}],"collection":[{"href":"https:\/\/agora.xtec.cat\/zereljonc\/wp-json\/wp\/v2\/pages"}],"about":[{"href":"https:\/\/agora.xtec.cat\/zereljonc\/wp-json\/wp\/v2\/types\/page"}],"author":[{"embeddable":true,"href":"https:\/\/agora.xtec.cat\/zereljonc\/wp-json\/wp\/v2\/users\/1"}],"replies":[{"embeddable":true,"href":"https:\/\/agora.xtec.cat\/zereljonc\/wp-json\/wp\/v2\/comments?post=6517"}],"version-history":[{"count":2,"href":"https:\/\/agora.xtec.cat\/zereljonc\/wp-json\/wp\/v2\/pages\/6517\/revisions"}],"predecessor-version":[{"id":6591,"href":"https:\/\/agora.xtec.cat\/zereljonc\/wp-json\/wp\/v2\/pages\/6517\/revisions\/6591"}],"wp:attachment":[{"href":"https:\/\/agora.xtec.cat\/zereljonc\/wp-json\/wp\/v2\/media?parent=6517"}],"curies":[{"name":"wp","href":"https:\/\/api.w.org\/{rel}","templated":true}]}}