{"id":847,"date":"2020-03-18T06:46:35","date_gmt":"2020-03-18T05:46:35","guid":{"rendered":"http:\/\/agora.xtec.cat\/zerelfrancoli\/?page_id=847"},"modified":"2026-03-05T12:34:53","modified_gmt":"2026-03-05T11:34:53","slug":"acords-consell-escolar","status":"publish","type":"page","link":"https:\/\/agora.xtec.cat\/zerelfrancoli\/consell-escolar\/acords-consell-escolar\/","title":{"rendered":"Acords Consell Escolar"},"content":{"rendered":"<h4>Normativa<\/h4>\n<p>La Llei 19\/2014, del 29 de desembre, de transpar\u00e8ncia, acc\u00e9s a la informaci\u00f3 p\u00fablica i bon govern (en endavant, LTAIPBG), va entrar en vigor l\u20191 de juliol de 2015. Aquesta Llei regula les obligacions de publicitat activa de les administracions p\u00fabliques i detalla la informaci\u00f3 que s\u2019ha de publicar de forma obligat\u00f2ria al portal de la Transpar\u00e8ncia de la Generalitat de Catalunya. Tamb\u00e9 estableix el dret d\u2019acc\u00e9s a la informaci\u00f3 p\u00fablica per part de la ciutadania i crea la Comissi\u00f3 de Garantia del Dret d\u2019Acc\u00e9s a la Informaci\u00f3 P\u00fablica (GAIP), que \u00e9s l\u2019encarregada de vetllar pel compliment i les garanties del dret d\u2019acc\u00e9s a la informaci\u00f3 p\u00fablica.<\/p>\n<p>En aquest \u00e0mbit, el Departament d\u2019Educaci\u00f3 ha aprovat la seva pol\u00edtica de\u00a0transpar\u00e8ncia i la Instrucci\u00f3 2\/2019, de 25 de febrer, per a la tramitaci\u00f3 de les\u00a0sol\u00b7licituds de dret d\u2019acc\u00e9s a la informaci\u00f3 p\u00fablica i al compliment de les obligacions de publicitat activa, obertura de dades p\u00fabliques, bon govern i participaci\u00f3 ciutadana, que\u00a0es regulen a la Llei esmentada de transpar\u00e8ncia, acc\u00e9s a la informaci\u00f3 p\u00fablica i bon\u00a0govern.<\/p>\n<p>Els centres educatius han de publicar al seu web els acords presos al Consell Escolar<\/p>\n<h4>Acords<\/h4>\n<ul>\n<li><a href=\"https:\/\/drive.google.com\/file\/d\/1d7TCeOLLlqaVEwWvhpL0RBML5e1_X85k\/view?usp=sharing\">Acords del Consell escolar del dia 16\/10\/2019<\/a><\/li>\n<li><a href=\"https:\/\/drive.google.com\/file\/d\/1WJ2BcNm1sx3PfYwr1cNpzJfTEmvZ8vQn\/view?usp=sharing\">Acords del Consell escolar del dia 05\/02\/2020<\/a><\/li>\n<li><a href=\"https:\/\/drive.google.com\/file\/d\/1GsPj6gwp5C9L1ukGmDLILkqkMgOvE7xC\/view?usp=sharing\">Acords del Consell escolar del dia 17\/06\/2020<\/a><\/li>\n<li><a href=\"https:\/\/agora.xtec.cat\/zerelfrancoli\/wp-content\/uploads\/usu1632\/2020\/10\/2020-09-16-Cert.-Acords-Z.pdf\">Acords del Consell escolar extraordinari del dia 16\/09\/2020<\/a><\/li>\n<li><a href=\"https:\/\/agora.xtec.cat\/zerelfrancoli\/wp-content\/uploads\/usu1632\/2020\/10\/2020-10-07-Cert.-Acords-Z.pdf\">Acords del Consell escolar del dia 07\/10\/2020<\/a><\/li>\n<li><a href=\"https:\/\/drive.google.com\/file\/d\/1NUN6HNjsr9XXvYFt2yZex0Ihs4S1nSkL\/view?usp=sharing\">Acords del Consell escolar del dia 03\/03\/2021<\/a><\/li>\n<li><a href=\"https:\/\/agora.xtec.cat\/zerelfrancoli\/wp-content\/uploads\/usu1632\/2021\/10\/2021-10-06-Cert.-Acords-Z.pdf\">Acords del Consell escolar del dia 06\/10\/2021<\/a><\/li>\n<li><a href=\"https:\/\/agora.xtec.cat\/zerelfrancoli\/wp-content\/uploads\/usu1632\/2022\/05\/2022-02-16-Cert.-Acords-Z.pdf\">Acords del Consell escolar del dia 16\/02\/22<\/a><\/li>\n<li><a href=\"https:\/\/agora.xtec.cat\/zerelfrancoli\/wp-content\/uploads\/usu1632\/2022\/06\/2022-06-15-Cert.-Acords-Z.pdf\">Acords del Consell escolar del dia 15\/06\/22<\/a><\/li>\n<li><a href=\"https:\/\/agora.xtec.cat\/zerelfrancoli\/wp-content\/uploads\/usu1632\/2022\/09\/2022-09-21-Cert.-Acords-Z.pdf\">Acords del Consell escolar del dia 21\/09\/22<\/a><\/li>\n<li><a href=\"https:\/\/agora.xtec.cat\/zerelfrancoli\/wp-content\/uploads\/usu1632\/2023\/03\/Acords-del-consell-escolar-del-dia-15-2-23.pdf\">Acords del Consell escolar del dia 15\/02\/23<\/a><\/li>\n<li><a href=\"https:\/\/agora.xtec.cat\/zerelfrancoli\/wp-content\/uploads\/usu1632\/2023\/06\/2023-06-14-Cert.-Acords-Z.pdf\">Acords del Consell escolar del dia 14\/06\/23<\/a><\/li>\n<li><a href=\"https:\/\/drive.google.com\/file\/d\/1d5fcA6cT08yqC87dLbnqFbLsxkPvEQsj\/view?usp=sharing\">Acords del Consell escolar del dia 20\/09\/23<\/a><\/li>\n<li><a href=\"https:\/\/drive.google.com\/file\/d\/1IBlQC4ZXAxFa7vH3t-VHMjbQ2Y1PS0An\/view?usp=sharing\">Acords del Consell escolar del dia 07\/02\/2024<\/a><\/li>\n<li><a href=\"https:\/\/drive.google.com\/file\/d\/1F5GakB35yfC9Uhqp62W_LrJDYjj2v6Qr\/view?usp=sharing\">Acords del Consell escolar del dia 12\/06\/2024<\/a><\/li>\n<li><a href=\"https:\/\/drive.google.com\/file\/d\/16hu83pclYuiVOM625TNuJ1nOsXAhyzJD\/view?usp=sharing\">Acords del Consell escolar del dia 18\/09\/2024<\/a><\/li>\n<li><a href=\"https:\/\/drive.google.com\/file\/d\/1qMJvWv4an5__1qFwoNoo91hPunLijFdc\/view?usp=sharing\">Acords del Consell escolar extraordinari del dia 15\/01\/2025<\/a><\/li>\n<li><a href=\"https:\/\/drive.google.com\/file\/d\/1w2T2ZClgkQ7bTw2G4OPNRMecAWxUUmE2\/view?usp=sharing\">Acords del Consell escolar extraordinari del dia 29\/01\/2025<\/a><\/li>\n<li><a href=\"https:\/\/drive.google.com\/file\/d\/1QLoARACB4fds5trBMlPe_NFcwyjqNo-2\/view?usp=sharing\">Acords del Consell escolar del dia 05\/02\/2025<\/a><\/li>\n<li><a href=\"https:\/\/drive.google.com\/file\/d\/1wG4oExFfWRoHMFLj_4ZAySqzpEstHt2Z\/view?usp=sharing\">Acords del Consell escolar extraordinari del dia 12\/03\/2025<\/a><\/li>\n<li><a href=\"https:\/\/drive.google.com\/file\/d\/12Y-Do5b3W23KgtrbmHCsB-RoQxhGgRQk\/view?usp=sharing\">Acords del Consell escolar del dia 11\/06\/2025<\/a><\/li>\n<li><a href=\"https:\/\/drive.google.com\/file\/d\/1VS697g34K0aLcuWjzr5p_LZ3HHbWNEqI\/view?usp=sharing\">Acords del consell escolar del dia 24\/09\/2025<\/a><\/li>\n<li><a href=\"https:\/\/drive.google.com\/file\/d\/1qg1noAKdHMxtc6eCaZVGVQ9qpxTAsDnz\/view?usp=sharing\">Acords del consell escolar del dia 04\/02\/2026<\/a><\/li>\n<\/ul>\n","protected":false},"excerpt":{"rendered":"<p>Normativa La Llei 19\/2014, del 29 de desembre, de transpar\u00e8ncia, acc\u00e9s a la informaci\u00f3 p\u00fablica i bon govern (en endavant, LTAIPBG), va entrar en vigor l\u20191 de juliol de 2015. Aquesta Llei regula les obligacions de publicitat activa de les administracions p\u00fabliques i detalla la informaci\u00f3 que s\u2019ha de publicar de forma obligat\u00f2ria al portal [&hellip;]<\/p>\n","protected":false},"author":1,"featured_media":0,"parent":43,"menu_order":0,"comment_status":"closed","ping_status":"closed","template":"","meta":{"_bbp_topic_count":0,"_bbp_reply_count":0,"_bbp_total_topic_count":0,"_bbp_total_reply_count":0,"_bbp_voice_count":0,"_bbp_anonymous_reply_count":0,"_bbp_topic_count_hidden":0,"_bbp_reply_count_hidden":0,"_bbp_forum_subforum_count":0,"site-sidebar-layout":"default","site-content-layout":"","ast-site-content-layout":"default","site-content-style":"default","site-sidebar-style":"default","ast-global-header-display":"","ast-banner-title-visibility":"","ast-main-header-display":"","ast-hfb-above-header-display":"","ast-hfb-below-header-display":"","ast-hfb-mobile-header-display":"","site-post-title":"","ast-breadcrumbs-content":"","ast-featured-img":"","footer-sml-layout":"","theme-transparent-header-meta":"default","adv-header-id-meta":"","stick-header-meta":"","header-above-stick-meta":"","header-main-stick-meta":"","header-below-stick-meta":"","astra-migrate-meta-layouts":"set","ast-page-background-enabled":"default","ast-page-background-meta":{"desktop":{"background-color":"var(--ast-global-color-4)","background-image":"","background-repeat":"repeat","background-position":"center center","background-size":"auto","background-attachment":"scroll","background-type":"","background-media":"","overlay-type":"","overlay-color":"","overlay-opacity":"","overlay-gradient":""},"tablet":{"background-color":"","background-image":"","background-repeat":"repeat","background-position":"center center","background-size":"auto","background-attachment":"scroll","background-type":"","background-media":"","overlay-type":"","overlay-color":"","overlay-opacity":"","overlay-gradient":""},"mobile":{"background-color":"","background-image":"","background-repeat":"repeat","background-position":"center center","background-size":"auto","background-attachment":"scroll","background-type":"","background-media":"","overlay-type":"","overlay-color":"","overlay-opacity":"","overlay-gradient":""}},"ast-content-background-meta":{"desktop":{"background-color":"var(--ast-global-color-5)","background-image":"","background-repeat":"repeat","background-position":"center center","background-size":"auto","background-attachment":"scroll","background-type":"","background-media":"","overlay-type":"","overlay-color":"","overlay-opacity":"","overlay-gradient":""},"tablet":{"background-color":"var(--ast-global-color-5)","background-image":"","background-repeat":"repeat","background-position":"center center","background-size":"auto","background-attachment":"scroll","background-type":"","background-media":"","overlay-type":"","overlay-color":"","overlay-opacity":"","overlay-gradient":""},"mobile":{"background-color":"var(--ast-global-color-5)","background-image":"","background-repeat":"repeat","background-position":"center center","background-size":"auto","background-attachment":"scroll","background-type":"","background-media":"","overlay-type":"","overlay-color":"","overlay-opacity":"","overlay-gradient":""}},"footnotes":""},"class_list":["post-847","page","type-page","status-publish","hentry"],"post_mailing_queue_ids":[],"_links":{"self":[{"href":"https:\/\/agora.xtec.cat\/zerelfrancoli\/wp-json\/wp\/v2\/pages\/847","targetHints":{"allow":["GET"]}}],"collection":[{"href":"https:\/\/agora.xtec.cat\/zerelfrancoli\/wp-json\/wp\/v2\/pages"}],"about":[{"href":"https:\/\/agora.xtec.cat\/zerelfrancoli\/wp-json\/wp\/v2\/types\/page"}],"author":[{"embeddable":true,"href":"https:\/\/agora.xtec.cat\/zerelfrancoli\/wp-json\/wp\/v2\/users\/1"}],"replies":[{"embeddable":true,"href":"https:\/\/agora.xtec.cat\/zerelfrancoli\/wp-json\/wp\/v2\/comments?post=847"}],"version-history":[{"count":8,"href":"https:\/\/agora.xtec.cat\/zerelfrancoli\/wp-json\/wp\/v2\/pages\/847\/revisions"}],"predecessor-version":[{"id":1324,"href":"https:\/\/agora.xtec.cat\/zerelfrancoli\/wp-json\/wp\/v2\/pages\/847\/revisions\/1324"}],"up":[{"embeddable":true,"href":"https:\/\/agora.xtec.cat\/zerelfrancoli\/wp-json\/wp\/v2\/pages\/43"}],"wp:attachment":[{"href":"https:\/\/agora.xtec.cat\/zerelfrancoli\/wp-json\/wp\/v2\/media?parent=847"}],"curies":[{"name":"wp","href":"https:\/\/api.w.org\/{rel}","templated":true}]}}