{"id":844,"date":"2020-03-18T06:46:35","date_gmt":"2020-03-18T05:46:35","guid":{"rendered":"http:\/\/agora.xtec.cat\/zerelfrancoli\/?page_id=844"},"modified":"2021-10-14T13:38:32","modified_gmt":"2021-10-14T11:38:32","slug":"normes-dorgannitzacio-i-funcionament","status":"publish","type":"page","link":"https:\/\/agora.xtec.cat\/zerelfrancoli\/normes-dorgannitzacio-i-funcionament\/","title":{"rendered":"Normes d&#8217;organitzaci\u00f3 i funcionament"},"content":{"rendered":"<header class=\"entry-header\">\n<h4 class=\"entry-title\">Normes d\u2019Organitzaci\u00f3 i Funcionament de Centre<\/h4>\n<\/header>\n<div class=\"entry-content\">\n<p>El projecte educatiu de ZER (PEZ) \u00e9s l\u2019element vertebrador de la ZER i de la seva activitat i, per tant, en determina l\u2019organitzaci\u00f3, la gesti\u00f3 i el funcionament. Correspon al centre educatiu determinar l\u2019estructura organitzativa pr\u00f2pia d\u2019acord amb \u00a0els objectius i criteris del seu projecte educatiu. L\u2019organitzaci\u00f3 no \u00e9s una finalitat en si mateixa, sin\u00f3 un instrument per desenvolupar i fer possible el projecte educatiu i, en \u00faltim terme, assolir l\u2019\u00e8xit educatiu. El projecte educatiu de ZER (PEZ) \u00e9s l\u2019element vertebrador del centre i de l\u2019activitat i, per tant, en determina l\u2019organitzaci\u00f3, la gesti\u00f3 i el funcionament. Correspon al centre educatiu determinar l\u2019estructura organitzativa pr\u00f2pia d\u2019acord amb els objectius i criteris del projecte educatiu. L\u2019organitzaci\u00f3 no \u00e9s una finalitat en si mateixa, sin\u00f3 un instrument per desenvolupar i fer possible el projecte educatiu i, en \u00faltim terme, assolir l\u2019\u00e8xit educatiu. Els centres educatius han d\u2019elaborar les normes d\u2019organitzaci\u00f3 i funcionament de ZER (NOFZ), d\u2019acord amb el que estableix el Decret 102\/2010, d\u2019autonomia dels centres educatius.<\/p>\n<p>Disposeu de les nostres NOFZ en el document adjunt que trobareu clicant <a href=\"https:\/\/agora.xtec.cat\/zerelfrancoli\/wp-content\/uploads\/usu1632\/2021\/10\/NOFZ-2021-10-06.pdf\">aqu\u00ed.<\/a><\/p>\n<\/div>\n","protected":false},"excerpt":{"rendered":"<p>Normes d\u2019Organitzaci\u00f3 i Funcionament de Centre El projecte educatiu de ZER (PEZ) \u00e9s l\u2019element vertebrador de la ZER i de la seva activitat i, per tant, en determina l\u2019organitzaci\u00f3, la gesti\u00f3 i el funcionament. Correspon al centre educatiu determinar l\u2019estructura organitzativa pr\u00f2pia d\u2019acord amb \u00a0els objectius i criteris del seu projecte educatiu. L\u2019organitzaci\u00f3 no \u00e9s [&hellip;]<\/p>\n","protected":false},"author":1,"featured_media":0,"parent":0,"menu_order":0,"comment_status":"closed","ping_status":"closed","template":"","meta":{"_bbp_topic_count":0,"_bbp_reply_count":0,"_bbp_total_topic_count":0,"_bbp_total_reply_count":0,"_bbp_voice_count":0,"_bbp_anonymous_reply_count":0,"_bbp_topic_count_hidden":0,"_bbp_reply_count_hidden":0,"_bbp_forum_subforum_count":0,"site-sidebar-layout":"default","site-content-layout":"","ast-site-content-layout":"","site-content-style":"default","site-sidebar-style":"default","ast-global-header-display":"","ast-banner-title-visibility":"","ast-main-header-display":"","ast-hfb-above-header-display":"","ast-hfb-below-header-display":"","ast-hfb-mobile-header-display":"","site-post-title":"","ast-breadcrumbs-content":"","ast-featured-img":"","footer-sml-layout":"","theme-transparent-header-meta":"","adv-header-id-meta":"","stick-header-meta":"","header-above-stick-meta":"","header-main-stick-meta":"","header-below-stick-meta":"","astra-migrate-meta-layouts":"default","ast-page-background-enabled":"default","ast-page-background-meta":{"desktop":{"background-color":"var(--ast-global-color-4)","background-image":"","background-repeat":"repeat","background-position":"center center","background-size":"auto","background-attachment":"scroll","background-type":"","background-media":"","overlay-type":"","overlay-color":"","overlay-opacity":"","overlay-gradient":""},"tablet":{"background-color":"","background-image":"","background-repeat":"repeat","background-position":"center center","background-size":"auto","background-attachment":"scroll","background-type":"","background-media":"","overlay-type":"","overlay-color":"","overlay-opacity":"","overlay-gradient":""},"mobile":{"background-color":"","background-image":"","background-repeat":"repeat","background-position":"center center","background-size":"auto","background-attachment":"scroll","background-type":"","background-media":"","overlay-type":"","overlay-color":"","overlay-opacity":"","overlay-gradient":""}},"ast-content-background-meta":{"desktop":{"background-color":"var(--ast-global-color-5)","background-image":"","background-repeat":"repeat","background-position":"center center","background-size":"auto","background-attachment":"scroll","background-type":"","background-media":"","overlay-type":"","overlay-color":"","overlay-opacity":"","overlay-gradient":""},"tablet":{"background-color":"var(--ast-global-color-5)","background-image":"","background-repeat":"repeat","background-position":"center center","background-size":"auto","background-attachment":"scroll","background-type":"","background-media":"","overlay-type":"","overlay-color":"","overlay-opacity":"","overlay-gradient":""},"mobile":{"background-color":"var(--ast-global-color-5)","background-image":"","background-repeat":"repeat","background-position":"center center","background-size":"auto","background-attachment":"scroll","background-type":"","background-media":"","overlay-type":"","overlay-color":"","overlay-opacity":"","overlay-gradient":""}},"footnotes":""},"class_list":["post-844","page","type-page","status-publish","hentry"],"post_mailing_queue_ids":[],"_links":{"self":[{"href":"https:\/\/agora.xtec.cat\/zerelfrancoli\/wp-json\/wp\/v2\/pages\/844","targetHints":{"allow":["GET"]}}],"collection":[{"href":"https:\/\/agora.xtec.cat\/zerelfrancoli\/wp-json\/wp\/v2\/pages"}],"about":[{"href":"https:\/\/agora.xtec.cat\/zerelfrancoli\/wp-json\/wp\/v2\/types\/page"}],"author":[{"embeddable":true,"href":"https:\/\/agora.xtec.cat\/zerelfrancoli\/wp-json\/wp\/v2\/users\/1"}],"replies":[{"embeddable":true,"href":"https:\/\/agora.xtec.cat\/zerelfrancoli\/wp-json\/wp\/v2\/comments?post=844"}],"version-history":[{"count":3,"href":"https:\/\/agora.xtec.cat\/zerelfrancoli\/wp-json\/wp\/v2\/pages\/844\/revisions"}],"predecessor-version":[{"id":1031,"href":"https:\/\/agora.xtec.cat\/zerelfrancoli\/wp-json\/wp\/v2\/pages\/844\/revisions\/1031"}],"wp:attachment":[{"href":"https:\/\/agora.xtec.cat\/zerelfrancoli\/wp-json\/wp\/v2\/media?parent=844"}],"curies":[{"name":"wp","href":"https:\/\/api.w.org\/{rel}","templated":true}]}}