{"id":305,"date":"2015-07-20T13:44:02","date_gmt":"2015-07-20T12:44:02","guid":{"rendered":"http:\/\/agora.xtec.cat\/zerelfrancoli\/?page_id=305"},"modified":"2020-06-25T13:37:06","modified_gmt":"2020-06-25T11:37:06","slug":"projecte-1","status":"publish","type":"page","link":"https:\/\/agora.xtec.cat\/zerelfrancoli\/zer\/documents\/projecte-1\/","title":{"rendered":"Projecte de direcci\u00f3"},"content":{"rendered":"<p>El projecte de direcci\u00f3 s\u2019inspira en el Projecte Educatiu de ZER (PEZ) i n\u2019\u00e9s la concreci\u00f3 per quatre anys.<\/p>\n<p>Concebem la direcci\u00f3 com una tasca orientada a estimular tots els recursos humans, pedag\u00f2gics i t\u00e8cnics per implementar el Projecte Educatiu de ZER i actualitzar-lo permanentment a partir de les reflexions, el debat i el consens entre mestres i fam\u00edlies. \u00c9s un projecte en qu\u00e8 els nens no s\u00f3n nom\u00e9s destinataris de l\u2019acci\u00f3 educativa sin\u00f3 que en s\u00f3n tamb\u00e9 part activa.<\/p>\n<p>Com a equip directiu podrem deixar l\u2019empremta personal en l\u2019exercici de la nostra responsabilitat, per\u00f2 tenim molt clar que les decisions de la direcci\u00f3 han de ser consensuades amb els coordinadors de cicle i el claustre, perqu\u00e8 entenem la feina d\u2019equip com el resultat del reconeixement de cadascun dels seus membres i de les seves respectives responsabilitats.<\/p>\n<p>A continuaci\u00f3 podeu consultar el projecte de direcci\u00f3 renovat i actualitzat el juny de 2020. El coneixement per part de tota la comunitat educativa del context, diagnosi, objectius, accions i avaluaci\u00f3 dels cursos vinents \u00e9s important per unificar les nostres actuacions i tenir present el projecte educatiu de centre.<\/p>\n<p>El projecte de direcci\u00f3 \u00e9s un document viu i din\u00e0mic que es concreta de manera anual a trav\u00e9s de les programacions generals cada curs escolar, en funci\u00f3 de les necessitats detectades.<\/p>\n<p><a href=\"https:\/\/agora.xtec.cat\/zerelfrancoli\/wp-content\/uploads\/usu1632\/2020\/06\/Projectedirecci\u00f3-ZERFrancol\u00ed2024.pdf\">Projecte de direcci\u00f3 ZER El Francol\u00ed 20-24<\/a><\/p>\n","protected":false},"excerpt":{"rendered":"<p>El projecte de direcci\u00f3 s\u2019inspira en el Projecte Educatiu de ZER (PEZ) i n\u2019\u00e9s la concreci\u00f3 per quatre anys. Concebem la direcci\u00f3 com una tasca orientada a estimular tots els recursos humans, pedag\u00f2gics i t\u00e8cnics per implementar el Projecte Educatiu de ZER i actualitzar-lo permanentment a partir de les reflexions, el debat i el consens [&hellip;]<\/p>\n","protected":false},"author":1,"featured_media":0,"parent":448,"menu_order":30,"comment_status":"closed","ping_status":"closed","template":"page-templates\/side-menu.php","meta":{"_bbp_topic_count":0,"_bbp_reply_count":0,"_bbp_total_topic_count":0,"_bbp_total_reply_count":0,"_bbp_voice_count":0,"_bbp_anonymous_reply_count":0,"_bbp_topic_count_hidden":0,"_bbp_reply_count_hidden":0,"_bbp_forum_subforum_count":0,"site-sidebar-layout":"default","site-content-layout":"","ast-site-content-layout":"","site-content-style":"default","site-sidebar-style":"default","ast-global-header-display":"","ast-banner-title-visibility":"","ast-main-header-display":"","ast-hfb-above-header-display":"","ast-hfb-below-header-display":"","ast-hfb-mobile-header-display":"","site-post-title":"","ast-breadcrumbs-content":"","ast-featured-img":"","footer-sml-layout":"","theme-transparent-header-meta":"","adv-header-id-meta":"","stick-header-meta":"","header-above-stick-meta":"","header-main-stick-meta":"","header-below-stick-meta":"","astra-migrate-meta-layouts":"default","ast-page-background-enabled":"default","ast-page-background-meta":{"desktop":{"background-color":"var(--ast-global-color-4)","background-image":"","background-repeat":"repeat","background-position":"center center","background-size":"auto","background-attachment":"scroll","background-type":"","background-media":"","overlay-type":"","overlay-color":"","overlay-opacity":"","overlay-gradient":""},"tablet":{"background-color":"","background-image":"","background-repeat":"repeat","background-position":"center center","background-size":"auto","background-attachment":"scroll","background-type":"","background-media":"","overlay-type":"","overlay-color":"","overlay-opacity":"","overlay-gradient":""},"mobile":{"background-color":"","background-image":"","background-repeat":"repeat","background-position":"center center","background-size":"auto","background-attachment":"scroll","background-type":"","background-media":"","overlay-type":"","overlay-color":"","overlay-opacity":"","overlay-gradient":""}},"ast-content-background-meta":{"desktop":{"background-color":"var(--ast-global-color-5)","background-image":"","background-repeat":"repeat","background-position":"center center","background-size":"auto","background-attachment":"scroll","background-type":"","background-media":"","overlay-type":"","overlay-color":"","overlay-opacity":"","overlay-gradient":""},"tablet":{"background-color":"var(--ast-global-color-5)","background-image":"","background-repeat":"repeat","background-position":"center center","background-size":"auto","background-attachment":"scroll","background-type":"","background-media":"","overlay-type":"","overlay-color":"","overlay-opacity":"","overlay-gradient":""},"mobile":{"background-color":"var(--ast-global-color-5)","background-image":"","background-repeat":"repeat","background-position":"center center","background-size":"auto","background-attachment":"scroll","background-type":"","background-media":"","overlay-type":"","overlay-color":"","overlay-opacity":"","overlay-gradient":""}},"footnotes":""},"class_list":["post-305","page","type-page","status-publish","hentry"],"post_mailing_queue_ids":[],"_links":{"self":[{"href":"https:\/\/agora.xtec.cat\/zerelfrancoli\/wp-json\/wp\/v2\/pages\/305","targetHints":{"allow":["GET"]}}],"collection":[{"href":"https:\/\/agora.xtec.cat\/zerelfrancoli\/wp-json\/wp\/v2\/pages"}],"about":[{"href":"https:\/\/agora.xtec.cat\/zerelfrancoli\/wp-json\/wp\/v2\/types\/page"}],"author":[{"embeddable":true,"href":"https:\/\/agora.xtec.cat\/zerelfrancoli\/wp-json\/wp\/v2\/users\/1"}],"replies":[{"embeddable":true,"href":"https:\/\/agora.xtec.cat\/zerelfrancoli\/wp-json\/wp\/v2\/comments?post=305"}],"version-history":[{"count":3,"href":"https:\/\/agora.xtec.cat\/zerelfrancoli\/wp-json\/wp\/v2\/pages\/305\/revisions"}],"predecessor-version":[{"id":927,"href":"https:\/\/agora.xtec.cat\/zerelfrancoli\/wp-json\/wp\/v2\/pages\/305\/revisions\/927"}],"up":[{"embeddable":true,"href":"https:\/\/agora.xtec.cat\/zerelfrancoli\/wp-json\/wp\/v2\/pages\/448"}],"wp:attachment":[{"href":"https:\/\/agora.xtec.cat\/zerelfrancoli\/wp-json\/wp\/v2\/media?parent=305"}],"curies":[{"name":"wp","href":"https:\/\/api.w.org\/{rel}","templated":true}]}}