{"id":1147,"date":"2023-06-13T14:33:00","date_gmt":"2023-06-13T12:33:00","guid":{"rendered":"https:\/\/agora.xtec.cat\/zerelfrancoli\/?page_id=1147"},"modified":"2023-06-14T12:44:15","modified_gmt":"2023-06-14T10:44:15","slug":"xandall-zer","status":"publish","type":"page","link":"https:\/\/agora.xtec.cat\/zerelfrancoli\/zer\/xandall-zer\/","title":{"rendered":"Xandall ZER"},"content":{"rendered":"<p><span style=\"font-weight: 400;\">Us presentem <strong>la dessuadora i samarreta<\/strong><\/span><span style=\"font-weight: 400;\"><strong> de la ZER El Francol\u00ed<\/strong>.<\/span><\/p>\n<p><img loading=\"lazy\" decoding=\"async\" class=\"aligncenter  wp-image-1155\" src=\"https:\/\/agora.xtec.cat\/zerelfrancoli\/wp-content\/uploads\/usu1632\/2023\/06\/xandall-300x152.jpg\" alt=\"\" width=\"434\" height=\"220\" srcset=\"https:\/\/agora.xtec.cat\/zerelfrancoli\/wp-content\/uploads\/usu1632\/2023\/06\/xandall-300x152.jpg 300w, https:\/\/agora.xtec.cat\/zerelfrancoli\/wp-content\/uploads\/usu1632\/2023\/06\/xandall.jpg 631w\" sizes=\"auto, (max-width: 434px) 100vw, 434px\" \/><\/p>\n<p><b>Botiga FRUIT &amp; Co Wear,\u00a0 de Valls<\/b><span style=\"font-weight: 400;\">. Es troba al carrer Anselm Clav\u00e9s 14.<\/span><\/p>\n<p><span style=\"font-weight: 400;\"> El tel\u00e8fon \u00e9s 977613539.<\/span><\/p>\n","protected":false},"excerpt":{"rendered":"<p>Us presentem la dessuadora i samarreta de la ZER El Francol\u00ed. Botiga FRUIT &amp; Co Wear,\u00a0 de Valls. Es troba al carrer Anselm Clav\u00e9s 14. El tel\u00e8fon \u00e9s 977613539.<\/p>\n","protected":false},"author":1,"featured_media":0,"parent":19,"menu_order":0,"comment_status":"closed","ping_status":"closed","template":"","meta":{"_bbp_topic_count":0,"_bbp_reply_count":0,"_bbp_total_topic_count":0,"_bbp_total_reply_count":0,"_bbp_voice_count":0,"_bbp_anonymous_reply_count":0,"_bbp_topic_count_hidden":0,"_bbp_reply_count_hidden":0,"_bbp_forum_subforum_count":0,"site-sidebar-layout":"default","site-content-layout":"","ast-site-content-layout":"","site-content-style":"default","site-sidebar-style":"default","ast-global-header-display":"","ast-banner-title-visibility":"","ast-main-header-display":"","ast-hfb-above-header-display":"","ast-hfb-below-header-display":"","ast-hfb-mobile-header-display":"","site-post-title":"","ast-breadcrumbs-content":"","ast-featured-img":"","footer-sml-layout":"","theme-transparent-header-meta":"","adv-header-id-meta":"","stick-header-meta":"","header-above-stick-meta":"","header-main-stick-meta":"","header-below-stick-meta":"","astra-migrate-meta-layouts":"default","ast-page-background-enabled":"default","ast-page-background-meta":{"desktop":{"background-color":"var(--ast-global-color-4)","background-image":"","background-repeat":"repeat","background-position":"center center","background-size":"auto","background-attachment":"scroll","background-type":"","background-media":"","overlay-type":"","overlay-color":"","overlay-opacity":"","overlay-gradient":""},"tablet":{"background-color":"","background-image":"","background-repeat":"repeat","background-position":"center center","background-size":"auto","background-attachment":"scroll","background-type":"","background-media":"","overlay-type":"","overlay-color":"","overlay-opacity":"","overlay-gradient":""},"mobile":{"background-color":"","background-image":"","background-repeat":"repeat","background-position":"center center","background-size":"auto","background-attachment":"scroll","background-type":"","background-media":"","overlay-type":"","overlay-color":"","overlay-opacity":"","overlay-gradient":""}},"ast-content-background-meta":{"desktop":{"background-color":"var(--ast-global-color-5)","background-image":"","background-repeat":"repeat","background-position":"center center","background-size":"auto","background-attachment":"scroll","background-type":"","background-media":"","overlay-type":"","overlay-color":"","overlay-opacity":"","overlay-gradient":""},"tablet":{"background-color":"var(--ast-global-color-5)","background-image":"","background-repeat":"repeat","background-position":"center center","background-size":"auto","background-attachment":"scroll","background-type":"","background-media":"","overlay-type":"","overlay-color":"","overlay-opacity":"","overlay-gradient":""},"mobile":{"background-color":"var(--ast-global-color-5)","background-image":"","background-repeat":"repeat","background-position":"center center","background-size":"auto","background-attachment":"scroll","background-type":"","background-media":"","overlay-type":"","overlay-color":"","overlay-opacity":"","overlay-gradient":""}},"footnotes":""},"class_list":["post-1147","page","type-page","status-publish","hentry"],"post_mailing_queue_ids":[],"_links":{"self":[{"href":"https:\/\/agora.xtec.cat\/zerelfrancoli\/wp-json\/wp\/v2\/pages\/1147","targetHints":{"allow":["GET"]}}],"collection":[{"href":"https:\/\/agora.xtec.cat\/zerelfrancoli\/wp-json\/wp\/v2\/pages"}],"about":[{"href":"https:\/\/agora.xtec.cat\/zerelfrancoli\/wp-json\/wp\/v2\/types\/page"}],"author":[{"embeddable":true,"href":"https:\/\/agora.xtec.cat\/zerelfrancoli\/wp-json\/wp\/v2\/users\/1"}],"replies":[{"embeddable":true,"href":"https:\/\/agora.xtec.cat\/zerelfrancoli\/wp-json\/wp\/v2\/comments?post=1147"}],"version-history":[{"count":3,"href":"https:\/\/agora.xtec.cat\/zerelfrancoli\/wp-json\/wp\/v2\/pages\/1147\/revisions"}],"predecessor-version":[{"id":1157,"href":"https:\/\/agora.xtec.cat\/zerelfrancoli\/wp-json\/wp\/v2\/pages\/1147\/revisions\/1157"}],"up":[{"embeddable":true,"href":"https:\/\/agora.xtec.cat\/zerelfrancoli\/wp-json\/wp\/v2\/pages\/19"}],"wp:attachment":[{"href":"https:\/\/agora.xtec.cat\/zerelfrancoli\/wp-json\/wp\/v2\/media?parent=1147"}],"curies":[{"name":"wp","href":"https:\/\/api.w.org\/{rel}","templated":true}]}}