{"id":684,"date":"2016-03-31T14:09:15","date_gmt":"2016-03-31T13:09:15","guid":{"rendered":"http:\/\/agora.xtec.cat\/zerelaia\/?page_id=684"},"modified":"2022-11-10T09:54:09","modified_gmt":"2022-11-10T08:54:09","slug":"auca-de-la-zer","status":"publish","type":"page","link":"https:\/\/agora.xtec.cat\/zerelaia\/zer\/auca-de-la-zer\/","title":{"rendered":"Auca de la ZER"},"content":{"rendered":"<h2 style=\"text-align: center;\"><\/h2>\n<table class=\" alignleft\" style=\"height: 1600px;\" width=\"802\" cellspacing=\"10\">\n<tbody>\n<tr>\n<td style=\"width: 400px;\"><img loading=\"lazy\" decoding=\"async\" class=\"alignnone size-full wp-image-687\" src=\"http:\/\/agora.xtec.cat\/zerelaia\/wp-content\/uploads\/usu1153\/2016\/03\/auca1.jpg\" alt=\"auca1\" width=\"356\" height=\"261\" srcset=\"https:\/\/agora.xtec.cat\/zerelaia\/wp-content\/uploads\/usu1153\/2016\/03\/auca1.jpg 356w, https:\/\/agora.xtec.cat\/zerelaia\/wp-content\/uploads\/usu1153\/2016\/03\/auca1-300x220.jpg 300w\" sizes=\"auto, (max-width: 356px) 100vw, 356px\" \/><\/td>\n<td><img loading=\"lazy\" decoding=\"async\" class=\"alignnone size-full wp-image-688\" src=\"http:\/\/agora.xtec.cat\/zerelaia\/wp-content\/uploads\/usu1153\/2016\/03\/auca2.jpg\" alt=\"auca2\" width=\"356\" height=\"261\" srcset=\"https:\/\/agora.xtec.cat\/zerelaia\/wp-content\/uploads\/usu1153\/2016\/03\/auca2.jpg 356w, https:\/\/agora.xtec.cat\/zerelaia\/wp-content\/uploads\/usu1153\/2016\/03\/auca2-300x220.jpg 300w\" sizes=\"auto, (max-width: 356px) 100vw, 356px\" \/><\/td>\n<\/tr>\n<tr>\n<td style=\"text-align: center;\">\n<h6 class=\"western\"><span style=\"color: #000000;\">L&#8217;any 1991, la necessitat ens va unir<\/span><\/h6>\n<h6 class=\"western\"><span style=\"color: #000000;\">i una ZER va sorgir.<\/span><\/h6>\n<\/td>\n<td style=\"text-align: center;\">\n<h6 class=\"western\"><span style=\"color: #000000;\">ZER &#8220;ELAIA&#8221; ens diem<\/span><\/h6>\n<h6 class=\"western\"><span style=\"color: #000000;\">i a Les Garrigues estem.<\/span><\/h6>\n<\/td>\n<\/tr>\n<tr>\n<td><img loading=\"lazy\" decoding=\"async\" class=\"alignnone size-full wp-image-689\" src=\"http:\/\/agora.xtec.cat\/zerelaia\/wp-content\/uploads\/usu1153\/2016\/03\/auca3.jpg\" alt=\"auca3\" width=\"356\" height=\"244\" srcset=\"https:\/\/agora.xtec.cat\/zerelaia\/wp-content\/uploads\/usu1153\/2016\/03\/auca3.jpg 356w, https:\/\/agora.xtec.cat\/zerelaia\/wp-content\/uploads\/usu1153\/2016\/03\/auca3-300x206.jpg 300w\" sizes=\"auto, (max-width: 356px) 100vw, 356px\" \/><\/td>\n<td><img loading=\"lazy\" decoding=\"async\" class=\"alignnone size-full wp-image-690\" src=\"http:\/\/agora.xtec.cat\/zerelaia\/wp-content\/uploads\/usu1153\/2016\/03\/auca4.jpg\" alt=\"auca4\" width=\"356\" height=\"261\" srcset=\"https:\/\/agora.xtec.cat\/zerelaia\/wp-content\/uploads\/usu1153\/2016\/03\/auca4.jpg 356w, https:\/\/agora.xtec.cat\/zerelaia\/wp-content\/uploads\/usu1153\/2016\/03\/auca4-300x220.jpg 300w\" sizes=\"auto, (max-width: 356px) 100vw, 356px\" \/><\/td>\n<\/tr>\n<tr>\n<td style=\"text-align: center;\">\n<h6 class=\"western\"><span style=\"color: #000000;\">La Granadella, Bellaguarda i Bovera s\u00f3n els pobles integrants,<\/span><\/h6>\n<h6 class=\"western\"><span style=\"color: #000000;\">configurant una &#8220;fam\u00edlia&#8221; dels m\u00e9s petits als m\u00e9s grans.<\/span><\/h6>\n<\/td>\n<td style=\"text-align: center;\">\n<h6 class=\"western\"><span style=\"color: #000000;\">En la ZER la cultura \u00e9s una eina principal,<\/span><\/h6>\n<h6 class=\"western\"><span style=\"color: #000000;\">aix\u00ed celebrem les tradicions com cal.<\/span><\/h6>\n<\/td>\n<\/tr>\n<tr>\n<td><img loading=\"lazy\" decoding=\"async\" class=\"alignnone size-full wp-image-691\" src=\"http:\/\/agora.xtec.cat\/zerelaia\/wp-content\/uploads\/usu1153\/2016\/03\/auca5.jpg\" alt=\"auca5\" width=\"356\" height=\"261\" srcset=\"https:\/\/agora.xtec.cat\/zerelaia\/wp-content\/uploads\/usu1153\/2016\/03\/auca5.jpg 356w, https:\/\/agora.xtec.cat\/zerelaia\/wp-content\/uploads\/usu1153\/2016\/03\/auca5-300x220.jpg 300w\" sizes=\"auto, (max-width: 356px) 100vw, 356px\" \/><\/td>\n<td><img loading=\"lazy\" decoding=\"async\" class=\"alignnone size-full wp-image-692\" src=\"http:\/\/agora.xtec.cat\/zerelaia\/wp-content\/uploads\/usu1153\/2016\/03\/auca6.jpg\" alt=\"auca6\" width=\"356\" height=\"261\" srcset=\"https:\/\/agora.xtec.cat\/zerelaia\/wp-content\/uploads\/usu1153\/2016\/03\/auca6.jpg 356w, https:\/\/agora.xtec.cat\/zerelaia\/wp-content\/uploads\/usu1153\/2016\/03\/auca6-300x220.jpg 300w\" sizes=\"auto, (max-width: 356px) 100vw, 356px\" \/><\/td>\n<\/tr>\n<tr>\n<td style=\"text-align: center;\">\n<h6 class=\"western\"><span style=\"color: #000000;\">Altres indrets volem descobrir.<\/span><\/h6>\n<h6 class=\"western\"><span style=\"color: #000000;\">Autob\u00fas, entrep\u00e0, motxilla &#8230; I a gaudir.<\/span><\/h6>\n<\/td>\n<td style=\"text-align: center;\">\n<h6 class=\"western\"><span style=\"color: #000000;\">La festa de la ZER \u00e9s tradici\u00f3,<\/span><\/h6>\n<h6 class=\"western\"><span style=\"color: #000000;\">no ho dubtis \u00e9s la millor!<\/span><\/h6>\n<\/td>\n<\/tr>\n<tr>\n<td><img loading=\"lazy\" decoding=\"async\" class=\"alignnone size-full wp-image-693\" src=\"http:\/\/agora.xtec.cat\/zerelaia\/wp-content\/uploads\/usu1153\/2016\/03\/auca7.jpg\" alt=\"auca7\" width=\"340\" height=\"341\" srcset=\"https:\/\/agora.xtec.cat\/zerelaia\/wp-content\/uploads\/usu1153\/2016\/03\/auca7.jpg 340w, https:\/\/agora.xtec.cat\/zerelaia\/wp-content\/uploads\/usu1153\/2016\/03\/auca7-150x150.jpg 150w, https:\/\/agora.xtec.cat\/zerelaia\/wp-content\/uploads\/usu1153\/2016\/03\/auca7-300x300.jpg 300w\" sizes=\"auto, (max-width: 340px) 100vw, 340px\" \/><\/td>\n<td><img loading=\"lazy\" decoding=\"async\" class=\"alignnone wp-image-694\" src=\"http:\/\/agora.xtec.cat\/zerelaia\/wp-content\/uploads\/usu1153\/2016\/03\/auca8.jpg\" alt=\"auca8\" width=\"399\" height=\"273\" srcset=\"https:\/\/agora.xtec.cat\/zerelaia\/wp-content\/uploads\/usu1153\/2016\/03\/auca8.jpg 356w, https:\/\/agora.xtec.cat\/zerelaia\/wp-content\/uploads\/usu1153\/2016\/03\/auca8-300x206.jpg 300w\" sizes=\"auto, (max-width: 399px) 100vw, 399px\" \/><\/td>\n<\/tr>\n<tr>\n<td style=\"text-align: center;\">\n<h6 class=\"western\"><span style=\"color: #000000;\">Visites a Museus, Biblioteques i Espectacles hem fet i farem,<\/span><\/h6>\n<h6 class=\"western\"><span style=\"color: #000000;\">la cultura en la ZER sempre est\u00e0 present.<\/span><\/h6>\n<\/td>\n<td style=\"text-align: center;\">\n<h6 class=\"western\"><span style=\"color: #000000;\">A la cultura ZER ens hi trobem i amb molt de gust t&#8217;acollirem.<\/span><\/h6>\n<\/td>\n<\/tr>\n<\/tbody>\n<\/table>\n<p>&nbsp;<\/p>\n<p>&nbsp;<\/p>\n<p>&nbsp;<\/p>\n<p>&nbsp;<\/p>\n<p>&nbsp;<\/p>\n<p>&nbsp;<\/p>\n<p>&nbsp;<\/p>\n<p>&nbsp;<\/p>\n<p>&nbsp;<\/p>\n","protected":false},"excerpt":{"rendered":"<p>L&#8217;any 1991, la necessitat ens va unir i una ZER va sorgir. ZER &#8220;ELAIA&#8221; ens diem i a Les Garrigues estem. La Granadella, Bellaguarda i Bovera s\u00f3n els pobles integrants, configurant una &#8220;fam\u00edlia&#8221; dels m\u00e9s petits als m\u00e9s grans. En la ZER la cultura \u00e9s una eina principal, aix\u00ed celebrem les tradicions com cal. Altres [&hellip;]<\/p>\n","protected":false},"author":1,"featured_media":0,"parent":19,"menu_order":2,"comment_status":"closed","ping_status":"closed","template":"page-templates\/side-menu.php","meta":{"_bbp_topic_count":0,"_bbp_reply_count":0,"_bbp_total_topic_count":0,"_bbp_total_reply_count":0,"_bbp_voice_count":0,"_bbp_anonymous_reply_count":0,"_bbp_topic_count_hidden":0,"_bbp_reply_count_hidden":0,"_bbp_forum_subforum_count":0,"site-sidebar-layout":"default","site-content-layout":"","ast-site-content-layout":"","site-content-style":"default","site-sidebar-style":"default","ast-global-header-display":"","ast-banner-title-visibility":"","ast-main-header-display":"","ast-hfb-above-header-display":"","ast-hfb-below-header-display":"","ast-hfb-mobile-header-display":"","site-post-title":"","ast-breadcrumbs-content":"","ast-featured-img":"","footer-sml-layout":"","theme-transparent-header-meta":"","adv-header-id-meta":"","stick-header-meta":"","header-above-stick-meta":"","header-main-stick-meta":"","header-below-stick-meta":"","astra-migrate-meta-layouts":"default","ast-page-background-enabled":"default","ast-page-background-meta":{"desktop":{"background-color":"var(--ast-global-color-4)","background-image":"","background-repeat":"repeat","background-position":"center center","background-size":"auto","background-attachment":"scroll","background-type":"","background-media":"","overlay-type":"","overlay-color":"","overlay-opacity":"","overlay-gradient":""},"tablet":{"background-color":"","background-image":"","background-repeat":"repeat","background-position":"center center","background-size":"auto","background-attachment":"scroll","background-type":"","background-media":"","overlay-type":"","overlay-color":"","overlay-opacity":"","overlay-gradient":""},"mobile":{"background-color":"","background-image":"","background-repeat":"repeat","background-position":"center center","background-size":"auto","background-attachment":"scroll","background-type":"","background-media":"","overlay-type":"","overlay-color":"","overlay-opacity":"","overlay-gradient":""}},"ast-content-background-meta":{"desktop":{"background-color":"var(--ast-global-color-5)","background-image":"","background-repeat":"repeat","background-position":"center center","background-size":"auto","background-attachment":"scroll","background-type":"","background-media":"","overlay-type":"","overlay-color":"","overlay-opacity":"","overlay-gradient":""},"tablet":{"background-color":"var(--ast-global-color-5)","background-image":"","background-repeat":"repeat","background-position":"center center","background-size":"auto","background-attachment":"scroll","background-type":"","background-media":"","overlay-type":"","overlay-color":"","overlay-opacity":"","overlay-gradient":""},"mobile":{"background-color":"var(--ast-global-color-5)","background-image":"","background-repeat":"repeat","background-position":"center center","background-size":"auto","background-attachment":"scroll","background-type":"","background-media":"","overlay-type":"","overlay-color":"","overlay-opacity":"","overlay-gradient":""}},"footnotes":""},"class_list":["post-684","page","type-page","status-publish","hentry"],"post_mailing_queue_ids":[],"_links":{"self":[{"href":"https:\/\/agora.xtec.cat\/zerelaia\/wp-json\/wp\/v2\/pages\/684","targetHints":{"allow":["GET"]}}],"collection":[{"href":"https:\/\/agora.xtec.cat\/zerelaia\/wp-json\/wp\/v2\/pages"}],"about":[{"href":"https:\/\/agora.xtec.cat\/zerelaia\/wp-json\/wp\/v2\/types\/page"}],"author":[{"embeddable":true,"href":"https:\/\/agora.xtec.cat\/zerelaia\/wp-json\/wp\/v2\/users\/1"}],"replies":[{"embeddable":true,"href":"https:\/\/agora.xtec.cat\/zerelaia\/wp-json\/wp\/v2\/comments?post=684"}],"version-history":[{"count":1,"href":"https:\/\/agora.xtec.cat\/zerelaia\/wp-json\/wp\/v2\/pages\/684\/revisions"}],"predecessor-version":[{"id":695,"href":"https:\/\/agora.xtec.cat\/zerelaia\/wp-json\/wp\/v2\/pages\/684\/revisions\/695"}],"up":[{"embeddable":true,"href":"https:\/\/agora.xtec.cat\/zerelaia\/wp-json\/wp\/v2\/pages\/19"}],"wp:attachment":[{"href":"https:\/\/agora.xtec.cat\/zerelaia\/wp-json\/wp\/v2\/media?parent=684"}],"curies":[{"name":"wp","href":"https:\/\/api.w.org\/{rel}","templated":true}]}}