{"id":258,"date":"2015-07-20T12:40:06","date_gmt":"2015-07-20T11:40:06","guid":{"rendered":"http:\/\/agora.xtec.cat\/zerelaia\/?page_id=258"},"modified":"2017-04-20T16:16:29","modified_gmt":"2017-04-20T14:16:29","slug":"qui-som","status":"publish","type":"page","link":"https:\/\/agora.xtec.cat\/zerelaia\/zer\/qui-som\/","title":{"rendered":"Qui som"},"content":{"rendered":"<p>Les zones escolars rurals (ZER) s\u00f3n institucions escolars de car\u00e0cter p\u00fablic formades per l\u2019agrupaci\u00f3 de centres d&#8217;educaci\u00f3 infantil i prim\u00e0ria que es constitueixen amb la finalitat d\u2019oferir el servei d\u2019ensenyament en condicions de major qualitat en zones de baixa demografia escolar.<\/p>\n<p>La zona escolar rural t\u00e9 consideraci\u00f3 de centre educatiu \u00fanic amb les caracter\u00edstiques i els efectes que es determinen en el <a href=\"http:\/\/dogc.gencat.cat\/ca\/pdogc_canals_interns\/pdogc_resultats_fitxa\/?documentId=545262&amp;language=ca_ES&amp;action=fitxa\" target=\"_blank\">Decret 102\/2010, de 3 d\u2019agost d\u2019autonomia dels centres educatius<\/a>, sense perjudici de respectar la identitat jur\u00eddica de cadascuna de les escoles que la integren.<\/p>\n<p>La ZER Elaia\u00a0t\u00e9 un projecte educatiu per a tots els centres que la integren, les mateixes normes d\u2019organitzaci\u00f3 i funcionament i la mateixa programaci\u00f3 general anual, que ha de respectar la singularitat de cadascuna de les escoles.<\/p>\n<p>La ZER Elaia est\u00e0 situada a l\u2019extrem sud-occidental de la comarca de Les Garrigues \u00e9s una zona escolar rural des del 8 de maig de 1991.<\/p>\n<p>Els tres pobles que integren\u00a0 la\u00a0 ZER Elaia s\u00f3n:<\/p>\n<ul>\n<li>Escola \u201cEls Set Focs\u201d de Bellaguarda<\/li>\n<li>Escola \u201cVallmajor\u201d de Bovera<\/li>\n<li>Escola de La Granadella.<\/li>\n<\/ul>\n<table>\n<tbody>\n<tr>\n<td><a href=\"http:\/\/agora.xtec.cat\/zerelaia\/wp-content\/uploads\/usu1153\/2015\/07\/bell3-2.jpg\"><img loading=\"lazy\" decoding=\"async\" class=\"alignnone size-full wp-image-854\" src=\"http:\/\/agora.xtec.cat\/zerelaia\/wp-content\/uploads\/usu1153\/2015\/07\/bell3-2.jpg\" alt=\"bell3-2\" width=\"320\" height=\"240\" srcset=\"https:\/\/agora.xtec.cat\/zerelaia\/wp-content\/uploads\/usu1153\/2015\/07\/bell3-2.jpg 320w, https:\/\/agora.xtec.cat\/zerelaia\/wp-content\/uploads\/usu1153\/2015\/07\/bell3-2-300x225.jpg 300w, https:\/\/agora.xtec.cat\/zerelaia\/wp-content\/uploads\/usu1153\/2015\/07\/bell3-2-200x150.jpg 200w\" sizes=\"auto, (max-width: 320px) 100vw, 320px\" \/><\/a><\/td>\n<td><a href=\"http:\/\/agora.xtec.cat\/zerelaia\/wp-content\/uploads\/usu1153\/2015\/07\/bov-2.jpeg\"><img loading=\"lazy\" decoding=\"async\" class=\"alignnone size-full wp-image-855\" src=\"http:\/\/agora.xtec.cat\/zerelaia\/wp-content\/uploads\/usu1153\/2015\/07\/bov-2.jpeg\" alt=\"bov-2\" width=\"300\" height=\"225\" srcset=\"https:\/\/agora.xtec.cat\/zerelaia\/wp-content\/uploads\/usu1153\/2015\/07\/bov-2.jpeg 300w, https:\/\/agora.xtec.cat\/zerelaia\/wp-content\/uploads\/usu1153\/2015\/07\/bov-2-200x150.jpeg 200w\" sizes=\"auto, (max-width: 300px) 100vw, 300px\" \/><\/a><\/td>\n<td><a href=\"http:\/\/agora.xtec.cat\/zerelaia\/wp-content\/uploads\/usu1153\/2015\/07\/granes-2.jpg\"><img loading=\"lazy\" decoding=\"async\" class=\"alignnone size-full wp-image-856\" src=\"http:\/\/agora.xtec.cat\/zerelaia\/wp-content\/uploads\/usu1153\/2015\/07\/granes-2.jpg\" alt=\"granes-2\" width=\"300\" height=\"226\" srcset=\"https:\/\/agora.xtec.cat\/zerelaia\/wp-content\/uploads\/usu1153\/2015\/07\/granes-2.jpg 300w, https:\/\/agora.xtec.cat\/zerelaia\/wp-content\/uploads\/usu1153\/2015\/07\/granes-2-200x150.jpg 200w\" sizes=\"auto, (max-width: 300px) 100vw, 300px\" \/><\/a><\/td>\n<\/tr>\n<tr>\n<td>\n<h6 style=\"text-align: center;\">Escola Els Set Focs<\/h6>\n<h6 style=\"text-align: center;\">Bellaguarda<\/h6>\n<h6><\/h6>\n<h6>C\/ Les Escoles, 7<\/h6>\n<h6>25163 Bellaguarda<\/h6>\n<h6>Tel 973124075<\/h6>\n<h6>c5003676@xtec.cat<\/h6>\n<\/td>\n<td>\n<h6 style=\"text-align: center;\">Escola Vallmajor<\/h6>\n<h6 style=\"text-align: center;\">Bovera<\/h6>\n<h6><\/h6>\n<h6>C\/ Les Escoles, 2<\/h6>\n<h6>25178 Bovera<\/h6>\n<h6>Tel 973133536<\/h6>\n<h6>c5001126@xtec.cat<\/h6>\n<\/td>\n<td>\n<h6 style=\"text-align: center;\">Escola de La GranadellaLa Granadella<\/h6>\n<h6><\/h6>\n<h6>Pla\u00e7a Joan Perucho, 3<\/h6>\n<h6>25177 La Granadella<\/h6>\n<h6>Tel 973133368<\/h6>\n<h6>c5001710@xtec.cat<\/h6>\n<\/td>\n<\/tr>\n<\/tbody>\n<\/table>\n","protected":false},"excerpt":{"rendered":"<p>Les zones escolars rurals (ZER) s\u00f3n institucions escolars de car\u00e0cter p\u00fablic formades per l\u2019agrupaci\u00f3 de centres d&#8217;educaci\u00f3 infantil i prim\u00e0ria que es constitueixen amb la finalitat d\u2019oferir el servei d\u2019ensenyament en condicions de major qualitat en zones de baixa demografia escolar. La zona escolar rural t\u00e9 consideraci\u00f3 de centre educatiu \u00fanic amb les caracter\u00edstiques i [&hellip;]<\/p>\n","protected":false},"author":2,"featured_media":0,"parent":19,"menu_order":1,"comment_status":"closed","ping_status":"closed","template":"page-templates\/side-menu.php","meta":{"_bbp_topic_count":0,"_bbp_reply_count":0,"_bbp_total_topic_count":0,"_bbp_total_reply_count":0,"_bbp_voice_count":0,"_bbp_anonymous_reply_count":0,"_bbp_topic_count_hidden":0,"_bbp_reply_count_hidden":0,"_bbp_forum_subforum_count":0,"site-sidebar-layout":"default","site-content-layout":"","ast-site-content-layout":"","site-content-style":"default","site-sidebar-style":"default","ast-global-header-display":"","ast-banner-title-visibility":"","ast-main-header-display":"","ast-hfb-above-header-display":"","ast-hfb-below-header-display":"","ast-hfb-mobile-header-display":"","site-post-title":"","ast-breadcrumbs-content":"","ast-featured-img":"","footer-sml-layout":"","theme-transparent-header-meta":"","adv-header-id-meta":"","stick-header-meta":"","header-above-stick-meta":"","header-main-stick-meta":"","header-below-stick-meta":"","astra-migrate-meta-layouts":"default","ast-page-background-enabled":"default","ast-page-background-meta":{"desktop":{"background-color":"var(--ast-global-color-4)","background-image":"","background-repeat":"repeat","background-position":"center center","background-size":"auto","background-attachment":"scroll","background-type":"","background-media":"","overlay-type":"","overlay-color":"","overlay-opacity":"","overlay-gradient":""},"tablet":{"background-color":"","background-image":"","background-repeat":"repeat","background-position":"center center","background-size":"auto","background-attachment":"scroll","background-type":"","background-media":"","overlay-type":"","overlay-color":"","overlay-opacity":"","overlay-gradient":""},"mobile":{"background-color":"","background-image":"","background-repeat":"repeat","background-position":"center center","background-size":"auto","background-attachment":"scroll","background-type":"","background-media":"","overlay-type":"","overlay-color":"","overlay-opacity":"","overlay-gradient":""}},"ast-content-background-meta":{"desktop":{"background-color":"var(--ast-global-color-5)","background-image":"","background-repeat":"repeat","background-position":"center center","background-size":"auto","background-attachment":"scroll","background-type":"","background-media":"","overlay-type":"","overlay-color":"","overlay-opacity":"","overlay-gradient":""},"tablet":{"background-color":"var(--ast-global-color-5)","background-image":"","background-repeat":"repeat","background-position":"center center","background-size":"auto","background-attachment":"scroll","background-type":"","background-media":"","overlay-type":"","overlay-color":"","overlay-opacity":"","overlay-gradient":""},"mobile":{"background-color":"var(--ast-global-color-5)","background-image":"","background-repeat":"repeat","background-position":"center center","background-size":"auto","background-attachment":"scroll","background-type":"","background-media":"","overlay-type":"","overlay-color":"","overlay-opacity":"","overlay-gradient":""}},"footnotes":""},"class_list":["post-258","page","type-page","status-publish","hentry"],"post_mailing_queue_ids":[],"_links":{"self":[{"href":"https:\/\/agora.xtec.cat\/zerelaia\/wp-json\/wp\/v2\/pages\/258","targetHints":{"allow":["GET"]}}],"collection":[{"href":"https:\/\/agora.xtec.cat\/zerelaia\/wp-json\/wp\/v2\/pages"}],"about":[{"href":"https:\/\/agora.xtec.cat\/zerelaia\/wp-json\/wp\/v2\/types\/page"}],"author":[{"embeddable":true,"href":"https:\/\/agora.xtec.cat\/zerelaia\/wp-json\/wp\/v2\/users\/2"}],"replies":[{"embeddable":true,"href":"https:\/\/agora.xtec.cat\/zerelaia\/wp-json\/wp\/v2\/comments?post=258"}],"version-history":[{"count":4,"href":"https:\/\/agora.xtec.cat\/zerelaia\/wp-json\/wp\/v2\/pages\/258\/revisions"}],"predecessor-version":[{"id":892,"href":"https:\/\/agora.xtec.cat\/zerelaia\/wp-json\/wp\/v2\/pages\/258\/revisions\/892"}],"up":[{"embeddable":true,"href":"https:\/\/agora.xtec.cat\/zerelaia\/wp-json\/wp\/v2\/pages\/19"}],"wp:attachment":[{"href":"https:\/\/agora.xtec.cat\/zerelaia\/wp-json\/wp\/v2\/media?parent=258"}],"curies":[{"name":"wp","href":"https:\/\/api.w.org\/{rel}","templated":true}]}}