{"id":1945,"date":"2022-04-07T10:54:44","date_gmt":"2022-04-07T08:54:44","guid":{"rendered":"https:\/\/agora.xtec.cat\/zerelaia\/?page_id=1945"},"modified":"2023-03-10T16:16:57","modified_gmt":"2023-03-10T15:16:57","slug":"comunicacio-de-la-comunitat-educativa","status":"publish","type":"page","link":"https:\/\/agora.xtec.cat\/zerelaia\/estrategia-digital-de-centre\/cultura-digital\/comunicacio-de-la-comunitat-educativa\/","title":{"rendered":"Comunicaci\u00f3 de la comunitat educativa"},"content":{"rendered":"<table style=\"border-collapse: collapse; width: 100%;\">\n<tbody>\n<tr>\n<td style=\"width: 100%; background-color: #55cd00;\">\n<h3 style=\"text-align: center;\"><span style=\"color: #000000;\"><strong>PORTAL DIGITAL<\/strong><\/span><\/h3>\n<\/td>\n<\/tr>\n<\/tbody>\n<\/table>\n<p>La ZER\u00a0disposa d&#8217;una web amb la informaci\u00f3 p\u00fablica. S&#8217;hi poden trobar informacions est\u00e0tiques, que es revisen peri\u00f2dicament (documentaci\u00f3 de les tres escoles que formen part de la ZER, calendari, enlla\u00e7os educatius, etc.) i articles din\u00e0mics sobre el que va succeint a la ZER dia a dia.<\/p>\n<p>Les tres escoles que en formen part tamb\u00e9 disposen d\u2019una web pr\u00f2pia.<\/p>\n<p>Aquestes webs s&#8217;han realitzat aprofitant el servei nodes que ofereix el Departament d&#8217;Educaci\u00f3.<\/p>\n<table style=\"height: 198px; width: 100%; border-collapse: collapse;\">\n<tbody>\n<tr style=\"height: 133px;\">\n<td style=\"width: 824px; height: 133px;\" colspan=\"3\"><a href=\"https:\/\/agora.xtec.cat\/zerelaia\/\" target=\"_blank\" rel=\"noopener\"><img loading=\"lazy\" decoding=\"async\" class=\"alignnone size-large wp-image-2008\" src=\"https:\/\/agora.xtec.cat\/zerelaia\/wp-content\/uploads\/usu1153\/2022\/04\/zer-1024x127.jpg\" alt=\"\" width=\"1024\" height=\"127\" srcset=\"https:\/\/agora.xtec.cat\/zerelaia\/wp-content\/uploads\/usu1153\/2022\/04\/zer-1024x127.jpg 1024w, https:\/\/agora.xtec.cat\/zerelaia\/wp-content\/uploads\/usu1153\/2022\/04\/zer-300x37.jpg 300w, https:\/\/agora.xtec.cat\/zerelaia\/wp-content\/uploads\/usu1153\/2022\/04\/zer-768x95.jpg 768w, https:\/\/agora.xtec.cat\/zerelaia\/wp-content\/uploads\/usu1153\/2022\/04\/zer.jpg 1342w\" sizes=\"auto, (max-width: 1024px) 100vw, 1024px\" \/><\/a><\/td>\n<\/tr>\n<tr style=\"height: 65px;\">\n<td style=\"width: 274.656px; height: 65px;\"><a href=\"https:\/\/agora.xtec.cat\/ceipelssetfocs\/\" target=\"_blank\" rel=\"noopener\"><img loading=\"lazy\" decoding=\"async\" class=\"alignnone size-large wp-image-2009\" src=\"https:\/\/agora.xtec.cat\/zerelaia\/wp-content\/uploads\/usu1153\/2022\/04\/be-1024x125.jpg\" alt=\"\" width=\"1024\" height=\"125\" srcset=\"https:\/\/agora.xtec.cat\/zerelaia\/wp-content\/uploads\/usu1153\/2022\/04\/be-1024x125.jpg 1024w, https:\/\/agora.xtec.cat\/zerelaia\/wp-content\/uploads\/usu1153\/2022\/04\/be-300x36.jpg 300w, https:\/\/agora.xtec.cat\/zerelaia\/wp-content\/uploads\/usu1153\/2022\/04\/be-768x93.jpg 768w, https:\/\/agora.xtec.cat\/zerelaia\/wp-content\/uploads\/usu1153\/2022\/04\/be.jpg 1348w\" sizes=\"auto, (max-width: 1024px) 100vw, 1024px\" \/><\/a><\/td>\n<td style=\"width: 274.656px; height: 65px;\"><a href=\"https:\/\/agora.xtec.cat\/ceipvallmajor\/\" target=\"_blank\" rel=\"noopener\"><img loading=\"lazy\" decoding=\"async\" class=\"alignnone size-large wp-image-2010\" src=\"https:\/\/agora.xtec.cat\/zerelaia\/wp-content\/uploads\/usu1153\/2022\/04\/bo-1024x124.jpg\" alt=\"\" width=\"1024\" height=\"124\" srcset=\"https:\/\/agora.xtec.cat\/zerelaia\/wp-content\/uploads\/usu1153\/2022\/04\/bo-1024x124.jpg 1024w, https:\/\/agora.xtec.cat\/zerelaia\/wp-content\/uploads\/usu1153\/2022\/04\/bo-300x36.jpg 300w, https:\/\/agora.xtec.cat\/zerelaia\/wp-content\/uploads\/usu1153\/2022\/04\/bo-768x93.jpg 768w, https:\/\/agora.xtec.cat\/zerelaia\/wp-content\/uploads\/usu1153\/2022\/04\/bo.jpg 1350w\" sizes=\"auto, (max-width: 1024px) 100vw, 1024px\" \/><\/a><\/td>\n<td style=\"width: 274.688px; height: 65px;\"><a href=\"https:\/\/agora.xtec.cat\/esclagranadella\/\" target=\"_blank\" rel=\"noopener\"><img loading=\"lazy\" decoding=\"async\" class=\"alignnone size-large wp-image-2011\" src=\"https:\/\/agora.xtec.cat\/zerelaia\/wp-content\/uploads\/usu1153\/2022\/04\/gra-1024x126.jpg\" alt=\"\" width=\"1024\" height=\"126\" srcset=\"https:\/\/agora.xtec.cat\/zerelaia\/wp-content\/uploads\/usu1153\/2022\/04\/gra-1024x126.jpg 1024w, https:\/\/agora.xtec.cat\/zerelaia\/wp-content\/uploads\/usu1153\/2022\/04\/gra-300x37.jpg 300w, https:\/\/agora.xtec.cat\/zerelaia\/wp-content\/uploads\/usu1153\/2022\/04\/gra-768x94.jpg 768w, https:\/\/agora.xtec.cat\/zerelaia\/wp-content\/uploads\/usu1153\/2022\/04\/gra.jpg 1338w\" sizes=\"auto, (max-width: 1024px) 100vw, 1024px\" \/><\/a><\/td>\n<\/tr>\n<\/tbody>\n<\/table>\n<table style=\"border-collapse: collapse; width: 100%;\">\n<tbody>\n<tr>\n<td style=\"width: 100%; background-color: #55cd00;\">\n<h3 style=\"text-align: center;\"><span style=\"color: #000000;\"><strong>COMUNICACI\u00d3 AMB LES FAM\u00cdLES<\/strong><\/span><\/h3>\n<\/td>\n<\/tr>\n<\/tbody>\n<\/table>\n<table style=\"height: 378px; width: 100%; border-collapse: collapse; border-style: solid; border-color: #ffffff;\">\n<tbody>\n<tr>\n<td style=\"width: 9.09091%; border-style: solid; border-color: #ffffff;\"><img loading=\"lazy\" decoding=\"async\" class=\"alignnone wp-image-2012\" src=\"https:\/\/agora.xtec.cat\/zerelaia\/wp-content\/uploads\/usu1153\/2022\/04\/correu.jpg\" alt=\"\" width=\"80\" height=\"86\" srcset=\"https:\/\/agora.xtec.cat\/zerelaia\/wp-content\/uploads\/usu1153\/2022\/04\/correu.jpg 889w, https:\/\/agora.xtec.cat\/zerelaia\/wp-content\/uploads\/usu1153\/2022\/04\/correu-280x300.jpg 280w, https:\/\/agora.xtec.cat\/zerelaia\/wp-content\/uploads\/usu1153\/2022\/04\/correu-768x823.jpg 768w\" sizes=\"auto, (max-width: 80px) 100vw, 80px\" \/><\/td>\n<td style=\"width: 90.7955%; border-style: solid; border-color: #ffffff;\">\n<h3 style=\"margin: 0cm; margin-bottom: .0001pt; line-height: normal; vertical-align: top;\"><strong><span lang=\"ca\" style=\"font-size: 12.0pt; color: windowtext; letter-spacing: .65pt;\">CORREU ELECTR\u00d2NIC<\/span><\/strong><\/h3>\n<p class=\"cdt4ke\" style=\"margin: 0cm; margin-bottom: .0001pt; vertical-align: top; box-sizing: border-box; font-variant-ligatures: none; outline: none; text-decoration: inherit; font-style: inherit;\"><span style=\"font-family: 'Arial','sans-serif';\">La majoria de les fam\u00edlies rep la informaci\u00f3 a trav\u00e9s del correu electr\u00f2nic.<\/span><\/p>\n<section id=\"h.47acdcd37b4b416_38\" class=\"yaqOZd\"><\/section>\n<\/td>\n<\/tr>\n<tr>\n<td style=\"width: 9.09091%; border-style: solid; border-color: #ffffff;\"><img loading=\"lazy\" decoding=\"async\" class=\"alignnone wp-image-2013\" src=\"https:\/\/agora.xtec.cat\/zerelaia\/wp-content\/uploads\/usu1153\/2022\/04\/wap-995x1024.jpg\" alt=\"\" width=\"73\" height=\"75\" srcset=\"https:\/\/agora.xtec.cat\/zerelaia\/wp-content\/uploads\/usu1153\/2022\/04\/wap-995x1024.jpg 995w, https:\/\/agora.xtec.cat\/zerelaia\/wp-content\/uploads\/usu1153\/2022\/04\/wap-291x300.jpg 291w, https:\/\/agora.xtec.cat\/zerelaia\/wp-content\/uploads\/usu1153\/2022\/04\/wap-768x791.jpg 768w, https:\/\/agora.xtec.cat\/zerelaia\/wp-content\/uploads\/usu1153\/2022\/04\/wap.jpg 1014w\" sizes=\"auto, (max-width: 73px) 100vw, 73px\" \/><\/td>\n<td style=\"width: 90.7955%; border-style: solid; border-color: #ffffff;\">\n<h5><strong><span lang=\"ca\" style=\"font-size: 12.0pt; color: windowtext; letter-spacing: .65pt;\">WHATSAPP<\/span><\/strong><\/h5>\n<p>Cada escola crea grups de \u00a0WhatsApp per aules. La ZER utilitza els grups en sortides com les col\u00f2nies.<\/td>\n<\/tr>\n<tr>\n<td style=\"width: 9.09091%; border-style: solid; border-color: #ffffff;\"><img loading=\"lazy\" decoding=\"async\" class=\"alignnone wp-image-2117\" src=\"https:\/\/agora.xtec.cat\/zerelaia\/wp-content\/uploads\/usu1153\/2022\/09\/telegram.png\" alt=\"\" width=\"76\" height=\"76\" \/><\/td>\n<td style=\"width: 90.7955%; border-style: solid; border-color: #ffffff;\">\n<h3 style=\"margin: 0cm; margin-bottom: .0001pt; line-height: normal; vertical-align: top;\"><strong><span lang=\"ca\" style=\"font-size: 12.0pt; color: windowtext; letter-spacing: .65pt;\">TELEGRAM<\/span><\/strong><\/h3>\n<p>Cada escola tindr\u00e0 un canal de Telegram.<\/td>\n<\/tr>\n<tr>\n<td style=\"width: 9.09091%; border-style: solid; border-color: #ffffff;\"><img loading=\"lazy\" decoding=\"async\" class=\"alignnone wp-image-2014\" src=\"https:\/\/agora.xtec.cat\/zerelaia\/wp-content\/uploads\/usu1153\/2022\/04\/calendari.jpg\" alt=\"\" width=\"71\" height=\"71\" srcset=\"https:\/\/agora.xtec.cat\/zerelaia\/wp-content\/uploads\/usu1153\/2022\/04\/calendari.jpg 400w, https:\/\/agora.xtec.cat\/zerelaia\/wp-content\/uploads\/usu1153\/2022\/04\/calendari-300x300.jpg 300w, https:\/\/agora.xtec.cat\/zerelaia\/wp-content\/uploads\/usu1153\/2022\/04\/calendari-150x150.jpg 150w\" sizes=\"auto, (max-width: 71px) 100vw, 71px\" \/><\/td>\n<td style=\"width: 90.7955%; border-style: solid; border-color: #ffffff;\">\n<h3 style=\"margin: 0cm; margin-bottom: .0001pt; line-height: normal; vertical-align: top;\"><strong><span lang=\"ca\" style=\"font-size: 12.0pt; color: windowtext; letter-spacing: .65pt;\">CALENDARI GOOGLE<\/span><\/strong><\/h3>\n<p class=\"cdt4ke\" style=\"vertical-align: top; margin: 10.0pt 0cm .0001pt 0cm;\"><span style=\"font-family: 'Arial','sans-serif';\">Al men\u00fa lateral de la p\u00e0gina web de la ZER, i de cada escola, hi ha un calendari amb les informacions i activitats que poden ser rellevants de posar en coneixement a la comunitat educativa.<\/span><\/p>\n<\/td>\n<\/tr>\n<\/tbody>\n<\/table>\n<p>&nbsp;<\/p>\n<table style=\"border-collapse: collapse; width: 100%;\">\n<tbody>\n<tr>\n<td style=\"width: 100%; background-color: #55cd00;\">\n<h3 style=\"text-align: center;\"><span style=\"color: #000000;\"><strong>COMUNICACI\u00d3 ENTRE EL PROFESSORAT I PERSONAL DE LA ZER\u00a0<\/strong><\/span><\/h3>\n<\/td>\n<\/tr>\n<\/tbody>\n<\/table>\n<table class=\" aligncenter\" style=\"height: 348px; width: 158.178%; border-collapse: collapse; border-style: solid; border-color: #ffffff;\">\n<tbody>\n<tr style=\"height: 81px;\">\n<td style=\"width: 12.1591%; height: 81px; border-style: solid; border-color: #ffffff;\"><img loading=\"lazy\" decoding=\"async\" class=\"\" src=\"https:\/\/agora.xtec.cat\/zerelaia\/wp-content\/uploads\/usu1153\/2022\/04\/correu.jpg\" width=\"71\" height=\"76\" \/><\/td>\n<td style=\"width: 131.364%; height: 81px; border-style: solid; border-color: #ffffff;\">\n<h3 style=\"margin: 0cm; margin-bottom: .0001pt; line-height: normal; vertical-align: top;\"><strong><span lang=\"ca\" style=\"font-size: 12.0pt; color: windowtext; letter-spacing: .65pt;\">CORREU ELECTR\u00d2NIC<\/span><\/strong><\/h3>\n<p><span class=\"C9DxTc \">Comunicacions del centre\u00a0<\/span><span class=\"C9DxTc \">i personal del centre.<\/span><\/td>\n<\/tr>\n<tr style=\"height: 87px;\">\n<td style=\"width: 12.1591%; height: 87px; border-style: solid; border-color: #ffffff;\"><img loading=\"lazy\" decoding=\"async\" class=\"alignnone wp-image-2117\" src=\"https:\/\/agora.xtec.cat\/zerelaia\/wp-content\/uploads\/usu1153\/2022\/09\/telegram.png\" alt=\"\" width=\"68\" height=\"68\" \/><\/td>\n<td style=\"width: 131.364%; height: 87px; border-style: solid; border-color: #ffffff;\">\n<h3 style=\"margin: 0cm; margin-bottom: .0001pt; line-height: normal; vertical-align: top;\"><strong><span lang=\"ca\" style=\"font-size: 12.0pt; color: windowtext; letter-spacing: .65pt;\">TELEGRAM<\/span><\/strong><\/h3>\n<p>Grup de Telegram conjunt de ZER.<\/td>\n<\/tr>\n<tr style=\"height: 100px;\">\n<td style=\"width: 12.1591%; height: 100px; border-style: solid; border-color: #ffffff;\"><a href=\"https:\/\/agora.xtec.cat\/zerelaia\/wp-content\/uploads\/usu1153\/2023\/03\/6f02a5b3e90af7092ac3927cc56c4781.jpg\"><img loading=\"lazy\" decoding=\"async\" class=\"alignnone wp-image-2491\" src=\"https:\/\/agora.xtec.cat\/zerelaia\/wp-content\/uploads\/usu1153\/2023\/03\/6f02a5b3e90af7092ac3927cc56c4781.jpg\" alt=\"\" width=\"81\" height=\"81\" \/><\/a><\/td>\n<td style=\"width: 131.364%; height: 100px; border-style: solid; border-color: #ffffff;\"><strong><span lang=\"ca\" style=\"font-size: 12.0pt; color: windowtext; letter-spacing: .65pt;\">TEL\u00c8FON\u00a0<\/span><\/strong><\/p>\n<p>Comunicacions directes amb el personal que treballa a la ZER.<\/td>\n<\/tr>\n<tr style=\"height: 86px;\">\n<td style=\"width: 12.1591%; height: 86px; border-style: solid; border-color: #ffffff;\"><img loading=\"lazy\" decoding=\"async\" class=\"alignnone wp-image-2014\" src=\"https:\/\/agora.xtec.cat\/zerelaia\/wp-content\/uploads\/usu1153\/2022\/04\/calendari.jpg\" alt=\"\" width=\"67\" height=\"67\" srcset=\"https:\/\/agora.xtec.cat\/zerelaia\/wp-content\/uploads\/usu1153\/2022\/04\/calendari.jpg 400w, https:\/\/agora.xtec.cat\/zerelaia\/wp-content\/uploads\/usu1153\/2022\/04\/calendari-300x300.jpg 300w, https:\/\/agora.xtec.cat\/zerelaia\/wp-content\/uploads\/usu1153\/2022\/04\/calendari-150x150.jpg 150w\" sizes=\"auto, (max-width: 67px) 100vw, 67px\" \/><\/td>\n<td style=\"width: 131.364%; height: 86px; border-style: solid; border-color: #ffffff;\">\n<h3 style=\"margin: 0cm; margin-bottom: .0001pt; line-height: normal; vertical-align: top;\"><strong><span lang=\"ca\" style=\"font-size: 12.0pt; color: windowtext; letter-spacing: .65pt;\">CALENDARI GOOGLE<\/span><\/strong><\/h3>\n<p>Calendari de Google per a les convocat\u00f2ries de reunions.<\/td>\n<\/tr>\n<\/tbody>\n<\/table>\n<p>&nbsp;<\/p>\n<table style=\"border-collapse: collapse; width: 100%;\">\n<tbody>\n<tr style=\"border-style: solid; background-color: #55cd00;\">\n<td style=\"width: 100%; text-align: center;\">\n<h3 style=\"text-align: center;\"><span style=\"color: #000000;\"><strong>COMUNICACI\u00d3 AMB L&#8217;ALUMNAT<\/strong><\/span><\/h3>\n<\/td>\n<\/tr>\n<\/tbody>\n<\/table>\n<table style=\"border-collapse: collapse; width: 100%; height: 129px;\">\n<tbody>\n<tr style=\"height: 62px;\">\n<td style=\"width: 11.8182%; height: 62px; border-style: solid; border-color: #ffffff;\"><a href=\"https:\/\/agora.xtec.cat\/zerelaia\/wp-content\/uploads\/usu1153\/2023\/03\/baixa-1.png\"><img loading=\"lazy\" decoding=\"async\" class=\"alignnone size-full wp-image-2495\" src=\"https:\/\/agora.xtec.cat\/zerelaia\/wp-content\/uploads\/usu1153\/2023\/03\/baixa-1.png\" alt=\"\" width=\"318\" height=\"159\" \/><\/a><\/td>\n<td style=\"width: 88.1818%; height: 129px; border-style: solid; border-color: #ffffff;\" rowspan=\"2\">Les comunicacions entre professorat i alumnat es realitzen a trav\u00e9s del correu del domini @zerelaia.cat i per l&#8217;EVA Google Classroom.<\/td>\n<\/tr>\n<tr style=\"height: 67px;\">\n<td style=\"width: 11.8182%; height: 67px; border-style: solid; border-color: #ffffff;\"><a href=\"https:\/\/accounts.google.com\/signin\/v2\/identifier?&amp;service=mail&amp;hd=zerelaia.cat&amp;sacu=1&amp;flowName=GlifWebSignIn&amp;flowEntry=AddSession\"><img loading=\"lazy\" decoding=\"async\" class=\"alignnone\" src=\"https:\/\/agora.xtec.cat\/ceip-santjordi-lleida\/wp-content\/uploads\/usu1393\/2022\/06\/maxresdefault-300x169.jpg\" alt=\"\" width=\"300\" height=\"169\" \/><\/a><\/td>\n<\/tr>\n<\/tbody>\n<\/table>\n","protected":false},"excerpt":{"rendered":"<p>PORTAL DIGITAL La ZER\u00a0disposa d&#8217;una web amb la informaci\u00f3 p\u00fablica. S&#8217;hi poden trobar informacions est\u00e0tiques, que es revisen peri\u00f2dicament (documentaci\u00f3 de les tres escoles que formen part de la ZER, calendari, enlla\u00e7os educatius, etc.) i articles din\u00e0mics sobre el que va succeint a la ZER dia a dia. Les tres escoles que en formen part [&hellip;]<\/p>\n","protected":false},"author":1,"featured_media":0,"parent":1921,"menu_order":6,"comment_status":"closed","ping_status":"closed","template":"page-templates\/side-menu.php","meta":{"_bbp_topic_count":0,"_bbp_reply_count":0,"_bbp_total_topic_count":0,"_bbp_total_reply_count":0,"_bbp_voice_count":0,"_bbp_anonymous_reply_count":0,"_bbp_topic_count_hidden":0,"_bbp_reply_count_hidden":0,"_bbp_forum_subforum_count":0,"site-sidebar-layout":"default","site-content-layout":"","ast-site-content-layout":"","site-content-style":"default","site-sidebar-style":"default","ast-global-header-display":"","ast-banner-title-visibility":"","ast-main-header-display":"","ast-hfb-above-header-display":"","ast-hfb-below-header-display":"","ast-hfb-mobile-header-display":"","site-post-title":"","ast-breadcrumbs-content":"","ast-featured-img":"","footer-sml-layout":"","theme-transparent-header-meta":"","adv-header-id-meta":"","stick-header-meta":"","header-above-stick-meta":"","header-main-stick-meta":"","header-below-stick-meta":"","astra-migrate-meta-layouts":"default","ast-page-background-enabled":"default","ast-page-background-meta":{"desktop":{"background-color":"var(--ast-global-color-4)","background-image":"","background-repeat":"repeat","background-position":"center center","background-size":"auto","background-attachment":"scroll","background-type":"","background-media":"","overlay-type":"","overlay-color":"","overlay-opacity":"","overlay-gradient":""},"tablet":{"background-color":"","background-image":"","background-repeat":"repeat","background-position":"center center","background-size":"auto","background-attachment":"scroll","background-type":"","background-media":"","overlay-type":"","overlay-color":"","overlay-opacity":"","overlay-gradient":""},"mobile":{"background-color":"","background-image":"","background-repeat":"repeat","background-position":"center center","background-size":"auto","background-attachment":"scroll","background-type":"","background-media":"","overlay-type":"","overlay-color":"","overlay-opacity":"","overlay-gradient":""}},"ast-content-background-meta":{"desktop":{"background-color":"var(--ast-global-color-5)","background-image":"","background-repeat":"repeat","background-position":"center center","background-size":"auto","background-attachment":"scroll","background-type":"","background-media":"","overlay-type":"","overlay-color":"","overlay-opacity":"","overlay-gradient":""},"tablet":{"background-color":"var(--ast-global-color-5)","background-image":"","background-repeat":"repeat","background-position":"center center","background-size":"auto","background-attachment":"scroll","background-type":"","background-media":"","overlay-type":"","overlay-color":"","overlay-opacity":"","overlay-gradient":""},"mobile":{"background-color":"var(--ast-global-color-5)","background-image":"","background-repeat":"repeat","background-position":"center center","background-size":"auto","background-attachment":"scroll","background-type":"","background-media":"","overlay-type":"","overlay-color":"","overlay-opacity":"","overlay-gradient":""}},"footnotes":""},"class_list":["post-1945","page","type-page","status-publish","hentry"],"post_mailing_queue_ids":[],"_links":{"self":[{"href":"https:\/\/agora.xtec.cat\/zerelaia\/wp-json\/wp\/v2\/pages\/1945","targetHints":{"allow":["GET"]}}],"collection":[{"href":"https:\/\/agora.xtec.cat\/zerelaia\/wp-json\/wp\/v2\/pages"}],"about":[{"href":"https:\/\/agora.xtec.cat\/zerelaia\/wp-json\/wp\/v2\/types\/page"}],"author":[{"embeddable":true,"href":"https:\/\/agora.xtec.cat\/zerelaia\/wp-json\/wp\/v2\/users\/1"}],"replies":[{"embeddable":true,"href":"https:\/\/agora.xtec.cat\/zerelaia\/wp-json\/wp\/v2\/comments?post=1945"}],"version-history":[{"count":1,"href":"https:\/\/agora.xtec.cat\/zerelaia\/wp-json\/wp\/v2\/pages\/1945\/revisions"}],"predecessor-version":[{"id":2007,"href":"https:\/\/agora.xtec.cat\/zerelaia\/wp-json\/wp\/v2\/pages\/1945\/revisions\/2007"}],"up":[{"embeddable":true,"href":"https:\/\/agora.xtec.cat\/zerelaia\/wp-json\/wp\/v2\/pages\/1921"}],"wp:attachment":[{"href":"https:\/\/agora.xtec.cat\/zerelaia\/wp-json\/wp\/v2\/media?parent=1945"}],"curies":[{"name":"wp","href":"https:\/\/api.w.org\/{rel}","templated":true}]}}