{"id":1937,"date":"2022-04-07T10:51:37","date_gmt":"2022-04-07T08:51:37","guid":{"rendered":"https:\/\/agora.xtec.cat\/zerelaia\/?page_id=1937"},"modified":"2023-03-23T09:57:01","modified_gmt":"2023-03-23T08:57:01","slug":"acollida-digital","status":"publish","type":"page","link":"https:\/\/agora.xtec.cat\/zerelaia\/estrategia-digital-de-centre\/cultura-digital\/acollida-digital\/","title":{"rendered":"Acolliment digital"},"content":{"rendered":"<p>El document t\u00e9 l\u2019objectiu com\u00fa d\u2019unificar criteris d\u2019actuaci\u00f3 per a l\u2019acolliment de les fam\u00edlies, l&#8217;alumat i professorat i que s\u2019incorpora als nostres centres en mat\u00e8ria de tecnologies de la informaci\u00f3 i les comunicacions (TIC).<\/p>\n<table style=\"border-collapse: collapse; width: 100%;\">\n<tbody>\n<tr>\n<td style=\"width: 100%; border-style: solid; background-color: #55cd00; border-color: #ffffff; text-align: center;\"><strong style=\"font-size: 1.6875em;\">FAM\u00cdLIES<\/strong><\/td>\n<\/tr>\n<tr>\n<td style=\"width: 100%; border-style: solid; border-color: #FFFFFF; background-color: #ffffff;\">\n<ul>\n<li class=\"western\"><span style=\"color: #000000;\"><span style=\"font-family: Arial, sans-serif;\"><span style=\"font-size: medium;\"><span lang=\"ca-ES\">Do<\/span><\/span><\/span><\/span><span style=\"color: #000000;\"><span style=\"font-family: Arial, sans-serif;\"><span style=\"font-size: medium;\"><span lang=\"ca-ES\">nar les autoritzacions: <\/span><\/span><\/span><\/span><\/li>\n<\/ul>\n<p class=\"western\" align=\"left\"><span style=\"color: #000000;\"><span style=\"font-family: Arial, sans-serif;\"><span style=\"font-size: medium;\"><span lang=\"ca-ES\">\u00a0 \u00a0 \u00a0 \u00a0 \u00a0 &#8211; <a href=\"https:\/\/drive.google.com\/file\/d\/1lTlzrVRbVN7xVfRQx2Vx9oRHGx7FcKgC\/view?usp=sharing\" target=\"_blank\" rel=\"noopener\">drets d&#8217;imatge<\/a> usos d&#8217;Internet. <\/span><\/span><\/span><\/span><\/p>\n<p class=\"western\" align=\"left\"><span style=\"color: #000000;\"><span style=\"font-family: Arial, sans-serif;\"><span style=\"font-size: medium;\"><span lang=\"ca-ES\">\u00a0 \u00a0 \u00a0 \u00a0 \u00a0 &#8211;<a href=\"https:\/\/drive.google.com\/file\/d\/1ccRpxo_Tbmge2An-Ejb3r5OkIt1rvw-a\/view?usp=sharing\" target=\"_blank\" rel=\"noopener\"> Usos internet<\/a>, xarxes socials i permisos de creaci\u00f3 del correu electr\u00f2nic propi de l&#8217;escola. <\/span><\/span><\/span><\/span><\/p>\n<ul>\n<li class=\"western\"><span style=\"color: #000000;\"><span style=\"font-family: Arial, sans-serif;\"><span style=\"font-size: medium;\"><span lang=\"ca-ES\">Presentar els apartats de la web de la <a href=\"https:\/\/agora.xtec.cat\/zerelaia\/\" target=\"_blank\" rel=\"noopener\">ZER<\/a> i de l\u2019escola a la reuni\u00f3 d&#8217;inici de curs i ajudar a subscriure\u2019s. <\/span><\/span><\/span><\/span><\/li>\n<li class=\"western\"><span style=\"color: #000000;\"><span style=\"font-family: Arial, sans-serif;\"><span style=\"font-size: medium;\"><span lang=\"ca-ES\">Ajudar a entrar als espais d&#8217;aula digitals del Google <a href=\"https:\/\/accounts.google.com\/signin\/v2\/identifier?&amp;service=mail&amp;hd=zerelaia.cat&amp;sacu=1&amp;flowName=GlifWebSignIn&amp;flowEntry=AddSession\" target=\"_blank\" rel=\"noopener\">Classroom<\/a> (<\/span><\/span><\/span><\/span><span style=\"color: #000000;\"><span style=\"font-family: Arial, sans-serif;\"><span style=\"font-size: medium;\"><span lang=\"ca-ES\">Prim\u00e0ria<\/span><\/span><\/span><\/span><span style=\"color: #000000;\"><span style=\"font-family: Arial, sans-serif;\"><span style=\"font-size: medium;\"><span lang=\"ca-ES\">).<\/span><\/span><\/span><\/span><\/li>\n<li class=\"western\"><span style=\"color: #000000;\"><span style=\"font-family: Arial, sans-serif;\"><span style=\"font-size: medium;\"><span lang=\"ca-ES\">En cas de cedir un dispositiu i\/o MIFI per a \u00fas dom\u00e8stic, les fam\u00edlies signaran el comprom\u00eds de bon \u00fas.<\/span><\/span><\/span><\/span><\/li>\n<\/ul>\n<\/td>\n<\/tr>\n<tr>\n<td style=\"width: 100%; background-color: #55cd00; border-style: solid; border-color: #ffffff; text-align: center;\"><strong style=\"font-size: 1.6875em;\">ALUMNES<\/strong><\/td>\n<\/tr>\n<tr>\n<td style=\"width: 100%; border-style: solid; border-color: #FFFFFF; background-color: #ffffff;\">\n<ul>\n<li class=\"western\"><span style=\"color: #000000;\"><span style=\"font-family: Arial, sans-serif;\"><span style=\"font-size: medium;\"><span lang=\"ca-ES\">Crear un correu electr\u00f2nic individual corporatiu de l\u2019escola .<\/span><\/span><\/span><\/span><\/li>\n<li class=\"western\"><span style=\"color: #000000;\"><span style=\"font-family: Arial, sans-serif;\"><span style=\"font-size: medium;\"><span lang=\"ca-ES\">Presentar i descriure els apartats de la web de l&#8217;escola i de la <a href=\"https:\/\/agora.xtec.cat\/zerelaia\/\" target=\"_blank\" rel=\"noopener\">ZER<\/a>.<\/span><\/span><\/span><\/span><\/li>\n<li class=\"western\"><span style=\"font-family: Arial, sans-serif;\"><span style=\"font-size: medium;\"><span lang=\"ca-ES\">En el cas de l&#8217;alumnat de cicle superior, preparar els port\u00e0tils (havent-los restablert pr\u00e8viament, esborrant qualsevol rastre d&#8217;usuaris anteriors), donar-los el nom d&#8217;usuari i el codi <\/span><\/span><\/span><span style=\"color: #000000;\"><span style=\"font-family: Arial, sans-serif;\"><span style=\"font-size: medium;\"><span lang=\"ca-ES\"><i>edu.gencat.cat <\/i><\/span><\/span><\/span><\/span><span style=\"color: #000000;\"><span style=\"font-family: Arial, sans-serif;\"><span style=\"font-size: medium;\"><span lang=\"ca-ES\">individual.<\/span><\/span><\/span><\/span><\/li>\n<li class=\"western\"><span style=\"font-family: Arial, sans-serif;\"><span style=\"font-size: medium;\"><span lang=\"ca-ES\">Ajudar a entrar a tots els espais d&#8217;aula digitals del Google <span style=\"color: #000000;\"><a href=\"https:\/\/accounts.google.com\/signin\/v2\/identifier?&amp;service=mail&amp;hd=zerelaia.cat&amp;sacu=1&amp;flowName=GlifWebSignIn&amp;flowEntry=AddSession\" target=\"_blank\" rel=\"noopener\">Classroom<\/a> <\/span> <\/span><\/span><\/span><span style=\"color: #000000;\"><span style=\"font-family: Arial, sans-serif;\"><span style=\"font-size: medium;\"><span lang=\"ca-ES\">(Prim\u00e0ria).<\/span><\/span><\/span><\/span><\/li>\n<\/ul>\n<\/td>\n<\/tr>\n<tr>\n<td style=\"width: 100%; border-style: solid; background-color: #55cd00; border-color: #ffffff; text-align: center;\"><strong style=\"font-size: 1.6875em;\">PROFESSORAT<\/strong><\/td>\n<\/tr>\n<tr>\n<td style=\"width: 100%; border-style: solid; border-color: #FFFFFF; background-color: #ffffff;\">\n<ul>\n<li class=\"western\"><span style=\"color: #000000;\"><span style=\"font-family: Arial, sans-serif;\"><span style=\"font-size: medium;\"><span lang=\"ca-ES\">Registrar les dades personals (nom i cognoms, correu xtec.cat, n\u00famero de tel\u00e8fon) en un document el qual es compartir\u00e0 amb el claustre al Drive de la ZER (carpeta Gesti\u00f3). Es crear\u00e0 cada inici de curs i quan hi hagi noves incorporacions. <\/span><\/span><\/span><\/span><\/li>\n<li class=\"western\"><span style=\"color: #000000;\"><span style=\"font-family: Arial, sans-serif;\"><span style=\"font-size: medium;\"><span lang=\"ca-ES\">Registrar el correu personal xtec.cat al Google Workspace de la ZER (drive, contactes, e-mail), per facilitar la recepci\u00f3 d&#8217;informacions i comunicacions. En cas de no disposar de correu xtec.cat, la direcci\u00f3 de l\u2019escola i\/o ZER s\u2019haur\u00e0 d\u2019encarregar de crear-ne un. <\/span><\/span><\/span><\/span><\/li>\n<li class=\"western\"><span style=\"color: #000000;\"><span style=\"font-family: Arial, sans-serif;\"><span style=\"font-size: medium;\"><span lang=\"ca-ES\">Descriure i acotar quins serveis utilitzem amb les diferents eines (correu electr\u00f2nic, WhatsApp, Telegram, calendaris, drive&#8230;).<\/span><\/span><\/span><\/span><\/li>\n<li class=\"western\"><span style=\"color: #000000;\"><span style=\"font-family: Arial, sans-serif;\"><span style=\"font-size: medium;\"><span lang=\"ca-ES\">Crear un correu electr\u00f2nic corporatiu de l\u2019escola i compartir les carpetes necess\u00e0ries.<\/span><\/span><\/span><\/span><\/li>\n<li class=\"western\"><span style=\"color: #000000;\"><span style=\"font-family: Arial, sans-serif;\"><span style=\"font-size: medium;\"><span lang=\"ca-ES\">Activar-la connexi\u00f3 wifi DOCENT, si la persona hi dona la conformitat. Informar de les diferents connexions WIFI que t<\/span><\/span><\/span><\/span><span style=\"color: #000000;\"><span style=\"font-family: Arial, sans-serif;\"><span style=\"font-size: medium;\"><span lang=\"ca-ES\">e<\/span><\/span><\/span><\/span><span style=\"color: #000000;\"><span style=\"font-family: Arial, sans-serif;\"><span style=\"font-size: medium;\"><span lang=\"ca-ES\"> l&#8217;escola.<\/span><\/span><\/span><\/span><\/li>\n<li class=\"western\"><span style=\"color: #000000;\"><span style=\"font-family: Arial, sans-serif;\"><span style=\"font-size: medium;\"><span lang=\"ca-ES\">Donar les claus dels comptes d\u2019usuari comuns de les escoles (sessions argo, prof).<\/span><\/span><\/span><\/span><\/li>\n<li class=\"western\"><span style=\"color: #000000;\"><span style=\"font-family: Arial, sans-serif;\"><span style=\"font-size: medium;\"><span lang=\"ca-ES\">Compartir els correus electr\u00f2nics de l&#8217;alumnat i els grups de correus dels grups classe.<\/span><\/span><\/span><\/span><\/li>\n<li class=\"western\"><span style=\"color: #000000;\"><span style=\"font-family: Arial, sans-serif;\"><span style=\"font-size: medium;\"><span lang=\"ca-ES\">Introduir a la persona docent als espais pertinents del Google <a href=\"https:\/\/accounts.google.com\/signin\/v2\/identifier?&amp;service=mail&amp;hd=zerelaia.cat&amp;sacu=1&amp;flowName=GlifWebSignIn&amp;flowEntry=AddSession\" target=\"_blank\" rel=\"noopener\">Classroom<\/a> .<\/span><\/span><\/span><\/span><\/li>\n<li class=\"western\"><span style=\"color: #000000;\"><span style=\"font-family: Arial, sans-serif;\"><span style=\"font-size: medium;\"><span lang=\"ca-ES\">La direcci\u00f3 de l\u2019escola i de la ZER ser\u00e0 l\u2019encarregada d\u2019entregar l\u2019ordinador del Departament. Tamb\u00e9 activar\u00e0 l&#8217;usuari. <\/span><\/span><\/span><\/span><\/li>\n<\/ul>\n<\/td>\n<\/tr>\n<\/tbody>\n<\/table>\n","protected":false},"excerpt":{"rendered":"<p>El document t\u00e9 l\u2019objectiu com\u00fa d\u2019unificar criteris d\u2019actuaci\u00f3 per a l\u2019acolliment de les fam\u00edlies, l&#8217;alumat i professorat i que s\u2019incorpora als nostres centres en mat\u00e8ria de tecnologies de la informaci\u00f3 i les comunicacions (TIC). FAM\u00cdLIES Donar les autoritzacions: \u00a0 \u00a0 \u00a0 \u00a0 \u00a0 &#8211; drets d&#8217;imatge usos d&#8217;Internet. \u00a0 \u00a0 \u00a0 \u00a0 \u00a0 &#8211; Usos [&hellip;]<\/p>\n","protected":false},"author":1,"featured_media":0,"parent":1921,"menu_order":4,"comment_status":"closed","ping_status":"closed","template":"page-templates\/side-menu.php","meta":{"_bbp_topic_count":0,"_bbp_reply_count":0,"_bbp_total_topic_count":0,"_bbp_total_reply_count":0,"_bbp_voice_count":0,"_bbp_anonymous_reply_count":0,"_bbp_topic_count_hidden":0,"_bbp_reply_count_hidden":0,"_bbp_forum_subforum_count":0,"site-sidebar-layout":"default","site-content-layout":"","ast-site-content-layout":"","site-content-style":"default","site-sidebar-style":"default","ast-global-header-display":"","ast-banner-title-visibility":"","ast-main-header-display":"","ast-hfb-above-header-display":"","ast-hfb-below-header-display":"","ast-hfb-mobile-header-display":"","site-post-title":"","ast-breadcrumbs-content":"","ast-featured-img":"","footer-sml-layout":"","theme-transparent-header-meta":"","adv-header-id-meta":"","stick-header-meta":"","header-above-stick-meta":"","header-main-stick-meta":"","header-below-stick-meta":"","astra-migrate-meta-layouts":"default","ast-page-background-enabled":"default","ast-page-background-meta":{"desktop":{"background-color":"var(--ast-global-color-4)","background-image":"","background-repeat":"repeat","background-position":"center center","background-size":"auto","background-attachment":"scroll","background-type":"","background-media":"","overlay-type":"","overlay-color":"","overlay-opacity":"","overlay-gradient":""},"tablet":{"background-color":"","background-image":"","background-repeat":"repeat","background-position":"center center","background-size":"auto","background-attachment":"scroll","background-type":"","background-media":"","overlay-type":"","overlay-color":"","overlay-opacity":"","overlay-gradient":""},"mobile":{"background-color":"","background-image":"","background-repeat":"repeat","background-position":"center center","background-size":"auto","background-attachment":"scroll","background-type":"","background-media":"","overlay-type":"","overlay-color":"","overlay-opacity":"","overlay-gradient":""}},"ast-content-background-meta":{"desktop":{"background-color":"var(--ast-global-color-5)","background-image":"","background-repeat":"repeat","background-position":"center center","background-size":"auto","background-attachment":"scroll","background-type":"","background-media":"","overlay-type":"","overlay-color":"","overlay-opacity":"","overlay-gradient":""},"tablet":{"background-color":"var(--ast-global-color-5)","background-image":"","background-repeat":"repeat","background-position":"center center","background-size":"auto","background-attachment":"scroll","background-type":"","background-media":"","overlay-type":"","overlay-color":"","overlay-opacity":"","overlay-gradient":""},"mobile":{"background-color":"var(--ast-global-color-5)","background-image":"","background-repeat":"repeat","background-position":"center center","background-size":"auto","background-attachment":"scroll","background-type":"","background-media":"","overlay-type":"","overlay-color":"","overlay-opacity":"","overlay-gradient":""}},"footnotes":""},"class_list":["post-1937","page","type-page","status-publish","hentry"],"post_mailing_queue_ids":[],"_links":{"self":[{"href":"https:\/\/agora.xtec.cat\/zerelaia\/wp-json\/wp\/v2\/pages\/1937","targetHints":{"allow":["GET"]}}],"collection":[{"href":"https:\/\/agora.xtec.cat\/zerelaia\/wp-json\/wp\/v2\/pages"}],"about":[{"href":"https:\/\/agora.xtec.cat\/zerelaia\/wp-json\/wp\/v2\/types\/page"}],"author":[{"embeddable":true,"href":"https:\/\/agora.xtec.cat\/zerelaia\/wp-json\/wp\/v2\/users\/1"}],"replies":[{"embeddable":true,"href":"https:\/\/agora.xtec.cat\/zerelaia\/wp-json\/wp\/v2\/comments?post=1937"}],"version-history":[{"count":1,"href":"https:\/\/agora.xtec.cat\/zerelaia\/wp-json\/wp\/v2\/pages\/1937\/revisions"}],"predecessor-version":[{"id":1988,"href":"https:\/\/agora.xtec.cat\/zerelaia\/wp-json\/wp\/v2\/pages\/1937\/revisions\/1988"}],"up":[{"embeddable":true,"href":"https:\/\/agora.xtec.cat\/zerelaia\/wp-json\/wp\/v2\/pages\/1921"}],"wp:attachment":[{"href":"https:\/\/agora.xtec.cat\/zerelaia\/wp-json\/wp\/v2\/media?parent=1937"}],"curies":[{"name":"wp","href":"https:\/\/api.w.org\/{rel}","templated":true}]}}