{"id":1935,"date":"2022-04-07T10:51:07","date_gmt":"2022-04-07T08:51:07","guid":{"rendered":"https:\/\/agora.xtec.cat\/zerelaia\/?page_id=1935"},"modified":"2023-03-23T09:42:52","modified_gmt":"2023-03-23T08:42:52","slug":"descripcio-de-serveis","status":"publish","type":"page","link":"https:\/\/agora.xtec.cat\/zerelaia\/estrategia-digital-de-centre\/cultura-digital\/descripcio-de-serveis\/","title":{"rendered":"Serveis digitals"},"content":{"rendered":"<section id=\"h.7ac45ff155f0a571_16\" class=\"yaqOZd\">\n<div class=\"mYVXT\">\n<div class=\"LS81yb VICjCf j5pSsc db35Fc\" tabindex=\"-1\">\n<div class=\"hJDwNd-AhqUyc-uQSCkd Ft7HRd-AhqUyc-uQSCkd purZT-AhqUyc-II5mzb ZcASvf-AhqUyc-II5mzb pSzOP-AhqUyc-qWD73c Ktthjf-AhqUyc-qWD73c JNdkSc SQVYQc\">\n<div class=\"JNdkSc-SmKAyb LkDMRd\">\n<div class=\"\">\n<div class=\"oKdM2c ZZyype Kzv0Me\">\n<div id=\"h.7ac45ff155f0a571_19\" class=\"hJDwNd-AhqUyc-uQSCkd Ft7HRd-AhqUyc-uQSCkd jXK9ad D2fZ2 zu5uec OjCsFc dmUFtb wHaque g5GTcb GNzUNc\">\n<div class=\"jXK9ad-SmKAyb\">\n<div class=\"tyJCtd mGzaTb Depvyb baZpAe\">\n<table style=\"width: 100%; border-collapse: collapse; border-style: solid; border-color: #ffffff; background-color: #ffffff;\">\n<tbody>\n<tr style=\"border-style: solid; background-color: #55cd00;\">\n<td style=\"width: 877.801px; text-align: left;\"><strong>EQUIPAMENT TAC<\/strong><\/td>\n<\/tr>\n<tr style=\"border-style: solid; border-color: #ffffff;\">\n<td style=\"width: 877.801px;\">\n<ul>\n<li>en totes les aules del centre es disposa de dispositius de projecci\u00f3.<\/li>\n<li>la majoria d&#8217;aules estan dotades amb pantalles digitals interactives.<\/li>\n<li>el centre t\u00e9 a disposici\u00f3 de l\u2019alumnat tauletes.<\/li>\n<li>\u00a0el professorat disposa d\u2019un ordinador port\u00e0til personal cedit pel Departament d\u2019Educaci\u00f3 i l\u2019alumnat de CS va ser dotat amb un Chromebook que gestionen des de l\u2019escola.<\/li>\n<\/ul>\n<\/td>\n<\/tr>\n<tr style=\"background-color: #55cd00; border-color: #fffff; border-style: solid;\">\n<td style=\"width: 877.801px;\"><strong>GOOGLE WORKSPACE FOR EDUCATION<\/strong><\/td>\n<\/tr>\n<tr style=\"border-style: solid; border-color: #ffffff;\">\n<td style=\"width: 877.801px;\">\n<ul>\n<li><span style=\"font-family: inherit; font-size: 1em;\">L\u2019entorn ens permet generar correus corporatius per alumnat i professorat i ens facilita la comunicaci\u00f3 a trav\u00e9s de Gmail.<\/span><\/li>\n<\/ul>\n<p><img loading=\"lazy\" decoding=\"async\" class=\"wp-image-30566 aligncenter\" src=\"https:\/\/agora.xtec.cat\/ceip-santjordi-lleida\/wp-content\/uploads\/usu1393\/2022\/06\/Gmail2020.logo_-300x81.png\" sizes=\"auto, (max-width: 300px) 100vw, 300px\" srcset=\"https:\/\/agora.xtec.cat\/ceip-santjordi-lleida\/wp-content\/uploads\/usu1393\/2022\/06\/Gmail2020.logo_-300x81.png 300w, https:\/\/agora.xtec.cat\/ceip-santjordi-lleida\/wp-content\/uploads\/usu1393\/2022\/06\/Gmail2020.logo_-768x209.png 768w, https:\/\/agora.xtec.cat\/ceip-santjordi-lleida\/wp-content\/uploads\/usu1393\/2022\/06\/Gmail2020.logo_.png 880w\" alt=\"\" width=\"159\" height=\"43\" \/><\/p>\n<ul>\n<li>L\u2019equip docent de la nostra escola utilitza el DRIVE (Workspace) com a eina de treball i magatzem. Les carpetes que hi tenim estan compartides amb tots els membres del Claustre, d&#8217;aquesta manera tothom hi te acc\u00e9s, tant per visualitzar com per editar-ne el contingut. <img loading=\"lazy\" decoding=\"async\" class=\"wp-image-30563 aligncenter\" src=\"https:\/\/agora.xtec.cat\/ceip-santjordi-lleida\/wp-content\/uploads\/usu1393\/2022\/06\/1200px-Google_Drive_icon_2020.svg_-150x150.png\" alt=\"\" width=\"78\" height=\"78\" \/><\/li>\n<\/ul>\n<\/td>\n<\/tr>\n<tr style=\"background-color: #55cd00;\">\n<td style=\"width: 877.801px;\"><strong>ESPAI VIRTUAL D&#8217;APRENENTATGE (EVA)<\/strong><\/td>\n<\/tr>\n<tr style=\"border-style: solid; border-color: #ffffff; background-color: #ffffff;\">\n<td style=\"width: 877.801px;\">\n<ul>\n<li>El professorat pot crear les seves aules virtuals amb Classroom.<\/li>\n<\/ul>\n<table class=\" aligncenter\" style=\"height: 283px; width: 47.9427%; border-collapse: collapse; border-style: solid; border-color: #ffffff; background-color: #ffffff;\">\n<tbody>\n<tr style=\"border-style: solid; border-color: #ffffff;\">\n<td style=\"width: 44.1026%; border-style: solid; border-color: #ffffff; background-color: #ffffff;\"><a href=\"https:\/\/accounts.google.com\/signin\/v2\/identifier?&amp;service=mail&amp;hd=zerelaia.cat&amp;sacu=1&amp;flowName=GlifWebSignIn&amp;flowEntry=AddSession\" target=\"_blank\" rel=\"noopener\"><img loading=\"lazy\" decoding=\"async\" class=\"aligncenter wp-image-30564\" style=\"font-family: inherit; font-size: 1em;\" src=\"https:\/\/agora.xtec.cat\/ceip-santjordi-lleida\/wp-content\/uploads\/usu1393\/2022\/06\/maxresdefault-300x169.jpg\" sizes=\"auto, (max-width: 300px) 100vw, 300px\" srcset=\"https:\/\/agora.xtec.cat\/ceip-santjordi-lleida\/wp-content\/uploads\/usu1393\/2022\/06\/maxresdefault-300x169.jpg 300w, https:\/\/agora.xtec.cat\/ceip-santjordi-lleida\/wp-content\/uploads\/usu1393\/2022\/06\/maxresdefault-1024x576.jpg 1024w, https:\/\/agora.xtec.cat\/ceip-santjordi-lleida\/wp-content\/uploads\/usu1393\/2022\/06\/maxresdefault-768x432.jpg 768w, https:\/\/agora.xtec.cat\/ceip-santjordi-lleida\/wp-content\/uploads\/usu1393\/2022\/06\/maxresdefault.jpg 1280w\" alt=\"\" width=\"174\" height=\"98\" \/><\/a><\/td>\n<td style=\"width: 55.3846%; border-style: solid; border-color: #ffffff; background-color: #ffffff;\"><a href=\"https:\/\/drive.google.com\/file\/d\/1R_1nvgGxpfuE0jXKxX0c7hTbQiv2Zhmu\/view?usp=sharing\" target=\"_blank\" rel=\"noopener\"><img loading=\"lazy\" decoding=\"async\" class=\"wp-image-2124 aligncenter\" src=\"https:\/\/agora.xtec.cat\/zerelaia\/wp-content\/uploads\/usu1153\/2022\/09\/Infografia-resum-classroom.jpg\" alt=\"\" width=\"133\" height=\"264\" \/><\/a><\/td>\n<\/tr>\n<\/tbody>\n<\/table>\n<\/td>\n<\/tr>\n<tr style=\"border-style: solid; background-color: #55cd00;\">\n<td style=\"width: 877.801px;\"><strong>ROB\u00d2TICA<\/strong><\/td>\n<\/tr>\n<tr>\n<td style=\"width: 877.801px; border-style: solid; border-color: #ffffff; background-color: #ffffff;\">La Rob\u00f2tica Educativa \u00e9s un sistema d\u2019ensenyament interdisciplinari amb un objectiu principal que es basa principalment\u00a0en qu\u00e8\u00a0els alumnes potenci\u00efn la seva creativitat i confian\u00e7a davant un repte\u00a0en qu\u00e8\u00a0el treball en equip, el lideratge, aprendre dels errors i\u00a0l\u2019emprenedoria\u00a0s\u00f3n important\u00edssims per poder superar els reptes proposats.<\/p>\n<p>Els alumnes hauran de crear, inventar, investigar, programar, per\u00f2 sobretot jugar, divertir-se i aprendre.<\/p>\n<ul>\n<li>Educaci\u00f3 Infantil i Cicle Inicial treballem la rob\u00f2tica i pensament computacional mitjan\u00e7ant l&#8217;\u00fas de Beebots i jocs.<\/li>\n<\/ul>\n<p><a href=\"https:\/\/agora.xtec.cat\/zerelaia\/wp-content\/uploads\/usu1153\/2023\/03\/beebot.jpg\"><img loading=\"lazy\" decoding=\"async\" class=\"wp-image-2548 aligncenter\" src=\"https:\/\/agora.xtec.cat\/zerelaia\/wp-content\/uploads\/usu1153\/2023\/03\/beebot-150x150.jpg\" alt=\"\" width=\"114\" height=\"114\" \/><\/a><\/p>\n<ul>\n<li>Cicle Mitj\u00e0 i Cicle Superior treballem el llenguatge computacional i la rob\u00f2tica mitjan\u00e7ant l&#8217;\u00fas de diferents recursos.<\/li>\n<\/ul>\n<table style=\"width: 100%; border-collapse: collapse; border-style: solid; border-color: #ffffff; background-color: #ffffff;\">\n<tbody>\n<tr>\n<td style=\"width: 20%; border-color: #ffffff; background-color: #ffffff; border-style: solid;\"><img loading=\"lazy\" decoding=\"async\" class=\"wp-image-2550 aligncenter\" src=\"https:\/\/agora.xtec.cat\/zerelaia\/wp-content\/uploads\/usu1153\/2023\/03\/edison.jpg\" alt=\"\" width=\"109\" height=\"109\" \/><\/td>\n<td style=\"width: 20%; border-style: solid; border-color: #ffffff; background-color: #ffffff;\"><img loading=\"lazy\" decoding=\"async\" class=\"size-full wp-image-2551 aligncenter\" src=\"https:\/\/agora.xtec.cat\/zerelaia\/wp-content\/uploads\/usu1153\/2023\/03\/legowedo.jpg\" alt=\"\" width=\"259\" height=\"195\" \/><\/td>\n<td style=\"width: 20%; border-style: solid; border-color: #ffffff; background-color: #ffffff;\"><img loading=\"lazy\" decoding=\"async\" class=\"size-full wp-image-2553 alignleft\" src=\"https:\/\/agora.xtec.cat\/zerelaia\/wp-content\/uploads\/usu1153\/2023\/03\/scratch.jpg\" alt=\"\" width=\"246\" height=\"205\" \/><\/td>\n<td style=\"width: 20%; border-style: solid; border-color: #ffffff; background-color: #ffffff;\"><img loading=\"lazy\" decoding=\"async\" class=\"size-medium wp-image-2555 alignleft\" src=\"https:\/\/agora.xtec.cat\/zerelaia\/wp-content\/uploads\/usu1153\/2023\/03\/code-300x158.png\" alt=\"\" width=\"300\" height=\"158\" \/><\/td>\n<td style=\"width: 20%; border-style: solid; border-color: #ffffff; background-color: #ffffff;\"><img loading=\"lazy\" decoding=\"async\" class=\"alignnone size-full wp-image-2552\" src=\"https:\/\/agora.xtec.cat\/zerelaia\/wp-content\/uploads\/usu1153\/2023\/03\/legospike.jpg\" alt=\"\" width=\"271\" height=\"186\" \/><\/td>\n<\/tr>\n<\/tbody>\n<\/table>\n<p>&nbsp;<\/td>\n<\/tr>\n<\/tbody>\n<\/table>\n<p style=\"text-align: center;\">\n<\/div>\n<\/div>\n<\/div>\n<\/div>\n<\/div>\n<\/div>\n<\/div>\n<\/div>\n<\/div>\n<\/section>\n","protected":false},"excerpt":{"rendered":"<p>EQUIPAMENT TAC en totes les aules del centre es disposa de dispositius de projecci\u00f3. la majoria d&#8217;aules estan dotades amb pantalles digitals interactives. el centre t\u00e9 a disposici\u00f3 de l\u2019alumnat tauletes. \u00a0el professorat disposa d\u2019un ordinador port\u00e0til personal cedit pel Departament d\u2019Educaci\u00f3 i l\u2019alumnat de CS va ser dotat amb un Chromebook que gestionen des [&hellip;]<\/p>\n","protected":false},"author":1,"featured_media":0,"parent":1921,"menu_order":1,"comment_status":"closed","ping_status":"closed","template":"page-templates\/side-menu.php","meta":{"_bbp_topic_count":0,"_bbp_reply_count":0,"_bbp_total_topic_count":0,"_bbp_total_reply_count":0,"_bbp_voice_count":0,"_bbp_anonymous_reply_count":0,"_bbp_topic_count_hidden":0,"_bbp_reply_count_hidden":0,"_bbp_forum_subforum_count":0,"site-sidebar-layout":"default","site-content-layout":"","ast-site-content-layout":"","site-content-style":"default","site-sidebar-style":"default","ast-global-header-display":"","ast-banner-title-visibility":"","ast-main-header-display":"","ast-hfb-above-header-display":"","ast-hfb-below-header-display":"","ast-hfb-mobile-header-display":"","site-post-title":"","ast-breadcrumbs-content":"","ast-featured-img":"","footer-sml-layout":"","theme-transparent-header-meta":"","adv-header-id-meta":"","stick-header-meta":"","header-above-stick-meta":"","header-main-stick-meta":"","header-below-stick-meta":"","astra-migrate-meta-layouts":"default","ast-page-background-enabled":"default","ast-page-background-meta":{"desktop":{"background-color":"var(--ast-global-color-4)","background-image":"","background-repeat":"repeat","background-position":"center center","background-size":"auto","background-attachment":"scroll","background-type":"","background-media":"","overlay-type":"","overlay-color":"","overlay-opacity":"","overlay-gradient":""},"tablet":{"background-color":"","background-image":"","background-repeat":"repeat","background-position":"center center","background-size":"auto","background-attachment":"scroll","background-type":"","background-media":"","overlay-type":"","overlay-color":"","overlay-opacity":"","overlay-gradient":""},"mobile":{"background-color":"","background-image":"","background-repeat":"repeat","background-position":"center center","background-size":"auto","background-attachment":"scroll","background-type":"","background-media":"","overlay-type":"","overlay-color":"","overlay-opacity":"","overlay-gradient":""}},"ast-content-background-meta":{"desktop":{"background-color":"var(--ast-global-color-5)","background-image":"","background-repeat":"repeat","background-position":"center center","background-size":"auto","background-attachment":"scroll","background-type":"","background-media":"","overlay-type":"","overlay-color":"","overlay-opacity":"","overlay-gradient":""},"tablet":{"background-color":"var(--ast-global-color-5)","background-image":"","background-repeat":"repeat","background-position":"center center","background-size":"auto","background-attachment":"scroll","background-type":"","background-media":"","overlay-type":"","overlay-color":"","overlay-opacity":"","overlay-gradient":""},"mobile":{"background-color":"var(--ast-global-color-5)","background-image":"","background-repeat":"repeat","background-position":"center center","background-size":"auto","background-attachment":"scroll","background-type":"","background-media":"","overlay-type":"","overlay-color":"","overlay-opacity":"","overlay-gradient":""}},"footnotes":""},"class_list":["post-1935","page","type-page","status-publish","hentry"],"post_mailing_queue_ids":[],"_links":{"self":[{"href":"https:\/\/agora.xtec.cat\/zerelaia\/wp-json\/wp\/v2\/pages\/1935","targetHints":{"allow":["GET"]}}],"collection":[{"href":"https:\/\/agora.xtec.cat\/zerelaia\/wp-json\/wp\/v2\/pages"}],"about":[{"href":"https:\/\/agora.xtec.cat\/zerelaia\/wp-json\/wp\/v2\/types\/page"}],"author":[{"embeddable":true,"href":"https:\/\/agora.xtec.cat\/zerelaia\/wp-json\/wp\/v2\/users\/1"}],"replies":[{"embeddable":true,"href":"https:\/\/agora.xtec.cat\/zerelaia\/wp-json\/wp\/v2\/comments?post=1935"}],"version-history":[{"count":0,"href":"https:\/\/agora.xtec.cat\/zerelaia\/wp-json\/wp\/v2\/pages\/1935\/revisions"}],"up":[{"embeddable":true,"href":"https:\/\/agora.xtec.cat\/zerelaia\/wp-json\/wp\/v2\/pages\/1921"}],"wp:attachment":[{"href":"https:\/\/agora.xtec.cat\/zerelaia\/wp-json\/wp\/v2\/media?parent=1935"}],"curies":[{"name":"wp","href":"https:\/\/api.w.org\/{rel}","templated":true}]}}