{"id":657,"date":"2019-05-29T09:41:39","date_gmt":"2019-05-29T07:41:39","guid":{"rendered":"http:\/\/agora.xtec.cat\/zerebre\/?page_id=657"},"modified":"2025-12-18T16:29:08","modified_gmt":"2025-12-18T15:29:08","slug":"documents","status":"publish","type":"page","link":"https:\/\/agora.xtec.cat\/zerebre\/documents\/","title":{"rendered":"Documents ZER"},"content":{"rendered":"<p>&nbsp;<\/p>\n<table style=\"height: 72px; width: 68.7565%;\" width=\"68.7565%\">\n<tbody>\n<tr style=\"height: 31px;\">\n<td style=\"width: 48.4812%; height: 31px;\">PEZ<\/td>\n<td style=\"width: 109.8%; height: 31px;\"><a href=\"https:\/\/drive.google.com\/file\/d\/1ueWDM6EBhR0aEDFfBMOzlHlDOghJ1fFl\/view\">PEZ\u00a0<\/a><\/td>\n<\/tr>\n<tr style=\"height: 31px;\">\n<td style=\"width: 48.4812%; height: 31px;\">NOFZ<\/td>\n<td style=\"width: 109.8%; height: 31px;\"><a href=\"https:\/\/drive.google.com\/file\/d\/1JupEgo0N9PIQHIpWQb6aMXIlboXQwr6i\/view\">NORMES D&#8217;ORGANITZACI\u00d3 I FUNCIONAMENT<\/a><\/td>\n<\/tr>\n<tr style=\"height: 31px;\">\n<td style=\"width: 48.4812%; height: 10px;\">PROJECTE LING\u00dc\u00cdSTIC<\/td>\n<td style=\"width: 109.8%; height: 10px;\"><a href=\"https:\/\/drive.google.com\/file\/d\/1SHQpu5izWPD42cv6l-yn9UkWfLKHytEH\/view\">PROJECTE LING\u00dc\u00cdSTIC<\/a><\/td>\n<\/tr>\n<tr>\n<td style=\"width: 48.4812%;\"><span class=\"C9DxTc \">PGA<\/span><span class=\"C9DxTc \">\u00a0\u00a0 \u00a0 \u00a0\u00a0<\/span><\/td>\n<td style=\"width: 109.8%;\"><a href=\"https:\/\/drive.google.com\/file\/d\/1c7JUNoHA-cC6-KOhc1GI-yqvGJ7OQJUv\/view\"><span class=\"C9DxTc \">PGA<\/span><span class=\"C9DxTc \">\u00a0\u00a0 \u00a0 \u00a0\u00a0<\/span><\/a><\/td>\n<\/tr>\n<\/tbody>\n<\/table>\n<p>&nbsp;<\/p>\n","protected":false},"excerpt":{"rendered":"<p>&nbsp; PEZ PEZ\u00a0 NOFZ NORMES D&#8217;ORGANITZACI\u00d3 I FUNCIONAMENT PROJECTE LING\u00dc\u00cdSTIC PROJECTE LING\u00dc\u00cdSTIC PGA\u00a0\u00a0 \u00a0 \u00a0\u00a0 PGA\u00a0\u00a0 \u00a0 \u00a0\u00a0 &nbsp;<\/p>\n","protected":false},"author":1,"featured_media":0,"parent":0,"menu_order":30,"comment_status":"closed","ping_status":"closed","template":"","meta":{"_bbp_topic_count":0,"_bbp_reply_count":0,"_bbp_total_topic_count":0,"_bbp_total_reply_count":0,"_bbp_voice_count":0,"_bbp_anonymous_reply_count":0,"_bbp_topic_count_hidden":0,"_bbp_reply_count_hidden":0,"_bbp_forum_subforum_count":0,"site-sidebar-layout":"default","site-content-layout":"","ast-site-content-layout":"default","site-content-style":"default","site-sidebar-style":"default","ast-global-header-display":"","ast-banner-title-visibility":"","ast-main-header-display":"","ast-hfb-above-header-display":"","ast-hfb-below-header-display":"","ast-hfb-mobile-header-display":"","site-post-title":"","ast-breadcrumbs-content":"","ast-featured-img":"","footer-sml-layout":"","theme-transparent-header-meta":"default","adv-header-id-meta":"","stick-header-meta":"","header-above-stick-meta":"","header-main-stick-meta":"","header-below-stick-meta":"","astra-migrate-meta-layouts":"set","ast-page-background-enabled":"default","ast-page-background-meta":{"desktop":{"background-color":"var(--ast-global-color-4)","background-image":"","background-repeat":"repeat","background-position":"center center","background-size":"auto","background-attachment":"scroll","background-type":"","background-media":"","overlay-type":"","overlay-color":"","overlay-opacity":"","overlay-gradient":""},"tablet":{"background-color":"","background-image":"","background-repeat":"repeat","background-position":"center center","background-size":"auto","background-attachment":"scroll","background-type":"","background-media":"","overlay-type":"","overlay-color":"","overlay-opacity":"","overlay-gradient":""},"mobile":{"background-color":"","background-image":"","background-repeat":"repeat","background-position":"center center","background-size":"auto","background-attachment":"scroll","background-type":"","background-media":"","overlay-type":"","overlay-color":"","overlay-opacity":"","overlay-gradient":""}},"ast-content-background-meta":{"desktop":{"background-color":"var(--ast-global-color-5)","background-image":"","background-repeat":"repeat","background-position":"center center","background-size":"auto","background-attachment":"scroll","background-type":"","background-media":"","overlay-type":"","overlay-color":"","overlay-opacity":"","overlay-gradient":""},"tablet":{"background-color":"var(--ast-global-color-5)","background-image":"","background-repeat":"repeat","background-position":"center center","background-size":"auto","background-attachment":"scroll","background-type":"","background-media":"","overlay-type":"","overlay-color":"","overlay-opacity":"","overlay-gradient":""},"mobile":{"background-color":"var(--ast-global-color-5)","background-image":"","background-repeat":"repeat","background-position":"center center","background-size":"auto","background-attachment":"scroll","background-type":"","background-media":"","overlay-type":"","overlay-color":"","overlay-opacity":"","overlay-gradient":""}},"footnotes":""},"class_list":["post-657","page","type-page","status-publish","hentry"],"post_mailing_queue_ids":[],"_links":{"self":[{"href":"https:\/\/agora.xtec.cat\/zerebre\/wp-json\/wp\/v2\/pages\/657","targetHints":{"allow":["GET"]}}],"collection":[{"href":"https:\/\/agora.xtec.cat\/zerebre\/wp-json\/wp\/v2\/pages"}],"about":[{"href":"https:\/\/agora.xtec.cat\/zerebre\/wp-json\/wp\/v2\/types\/page"}],"author":[{"embeddable":true,"href":"https:\/\/agora.xtec.cat\/zerebre\/wp-json\/wp\/v2\/users\/1"}],"replies":[{"embeddable":true,"href":"https:\/\/agora.xtec.cat\/zerebre\/wp-json\/wp\/v2\/comments?post=657"}],"version-history":[{"count":8,"href":"https:\/\/agora.xtec.cat\/zerebre\/wp-json\/wp\/v2\/pages\/657\/revisions"}],"predecessor-version":[{"id":6599,"href":"https:\/\/agora.xtec.cat\/zerebre\/wp-json\/wp\/v2\/pages\/657\/revisions\/6599"}],"wp:attachment":[{"href":"https:\/\/agora.xtec.cat\/zerebre\/wp-json\/wp\/v2\/media?parent=657"}],"curies":[{"name":"wp","href":"https:\/\/api.w.org\/{rel}","templated":true}]}}