{"id":266,"date":"2015-07-20T13:08:55","date_gmt":"2015-07-20T12:08:55","guid":{"rendered":"http:\/\/agora.xtec.cat\/zerebre\/?page_id=266"},"modified":"2025-12-10T16:35:09","modified_gmt":"2025-12-10T15:35:09","slug":"https-blocs-xtec-cat-escola1dabril","status":"publish","type":"page","link":"https:\/\/agora.xtec.cat\/zerebre\/https-blocs-xtec-cat-escola1dabril\/","title":{"rendered":"Escola 1   d&#8217;Abril"},"content":{"rendered":"<p>L&#8217;escola 1 d&#8217;Abril, es troba al municipi de La Palma d&#8217;Ebre, pertanyent a la comarca de la Ribera d&#8217;Ebre.<\/p>\n<p>\u00c9s una escola unit\u00e0ria, on l&#8217;alumnat est\u00e0 agrupat en dues tutories. Tamb\u00e9 compta amb llar rural (1 i 2 anys).<\/p>\n<p>Telef. del centre: 977819074<\/p>\n<p>Telef. Direcci\u00f3: 634777932<\/p>\n<p>Enlla\u00e7 a l&#8217;antic <a href=\"https:\/\/blocs.xtec.cat\/escola1dabril\/\">blog<\/a> de l&#8217;escola.<\/p>\n<p>&nbsp;<\/p>\n","protected":false},"excerpt":{"rendered":"<p>L&#8217;escola 1 d&#8217;Abril, es troba al municipi de La Palma d&#8217;Ebre, pertanyent a la comarca de la Ribera d&#8217;Ebre. \u00c9s una escola unit\u00e0ria, on l&#8217;alumnat est\u00e0 agrupat en dues tutories. Tamb\u00e9 compta amb llar rural (1 i 2 anys). Telef. del centre: 977819074 Telef. Direcci\u00f3: 634777932 Enlla\u00e7 a l&#8217;antic blog de l&#8217;escola. &nbsp;<\/p>\n","protected":false},"author":1,"featured_media":0,"parent":0,"menu_order":20,"comment_status":"closed","ping_status":"closed","template":"","meta":{"_bbp_topic_count":0,"_bbp_reply_count":0,"_bbp_total_topic_count":0,"_bbp_total_reply_count":0,"_bbp_voice_count":0,"_bbp_anonymous_reply_count":0,"_bbp_topic_count_hidden":0,"_bbp_reply_count_hidden":0,"_bbp_forum_subforum_count":0,"site-sidebar-layout":"default","site-content-layout":"","ast-site-content-layout":"","site-content-style":"default","site-sidebar-style":"default","ast-global-header-display":"","ast-banner-title-visibility":"","ast-main-header-display":"","ast-hfb-above-header-display":"","ast-hfb-below-header-display":"","ast-hfb-mobile-header-display":"","site-post-title":"","ast-breadcrumbs-content":"","ast-featured-img":"","footer-sml-layout":"","theme-transparent-header-meta":"","adv-header-id-meta":"","stick-header-meta":"","header-above-stick-meta":"","header-main-stick-meta":"","header-below-stick-meta":"","astra-migrate-meta-layouts":"default","ast-page-background-enabled":"default","ast-page-background-meta":{"desktop":{"background-color":"var(--ast-global-color-4)","background-image":"","background-repeat":"repeat","background-position":"center center","background-size":"auto","background-attachment":"scroll","background-type":"","background-media":"","overlay-type":"","overlay-color":"","overlay-opacity":"","overlay-gradient":""},"tablet":{"background-color":"","background-image":"","background-repeat":"repeat","background-position":"center center","background-size":"auto","background-attachment":"scroll","background-type":"","background-media":"","overlay-type":"","overlay-color":"","overlay-opacity":"","overlay-gradient":""},"mobile":{"background-color":"","background-image":"","background-repeat":"repeat","background-position":"center center","background-size":"auto","background-attachment":"scroll","background-type":"","background-media":"","overlay-type":"","overlay-color":"","overlay-opacity":"","overlay-gradient":""}},"ast-content-background-meta":{"desktop":{"background-color":"var(--ast-global-color-5)","background-image":"","background-repeat":"repeat","background-position":"center center","background-size":"auto","background-attachment":"scroll","background-type":"","background-media":"","overlay-type":"","overlay-color":"","overlay-opacity":"","overlay-gradient":""},"tablet":{"background-color":"var(--ast-global-color-5)","background-image":"","background-repeat":"repeat","background-position":"center center","background-size":"auto","background-attachment":"scroll","background-type":"","background-media":"","overlay-type":"","overlay-color":"","overlay-opacity":"","overlay-gradient":""},"mobile":{"background-color":"var(--ast-global-color-5)","background-image":"","background-repeat":"repeat","background-position":"center center","background-size":"auto","background-attachment":"scroll","background-type":"","background-media":"","overlay-type":"","overlay-color":"","overlay-opacity":"","overlay-gradient":""}},"footnotes":""},"class_list":["post-266","page","type-page","status-publish","hentry"],"post_mailing_queue_ids":[],"_links":{"self":[{"href":"https:\/\/agora.xtec.cat\/zerebre\/wp-json\/wp\/v2\/pages\/266","targetHints":{"allow":["GET"]}}],"collection":[{"href":"https:\/\/agora.xtec.cat\/zerebre\/wp-json\/wp\/v2\/pages"}],"about":[{"href":"https:\/\/agora.xtec.cat\/zerebre\/wp-json\/wp\/v2\/types\/page"}],"author":[{"embeddable":true,"href":"https:\/\/agora.xtec.cat\/zerebre\/wp-json\/wp\/v2\/users\/1"}],"replies":[{"embeddable":true,"href":"https:\/\/agora.xtec.cat\/zerebre\/wp-json\/wp\/v2\/comments?post=266"}],"version-history":[{"count":6,"href":"https:\/\/agora.xtec.cat\/zerebre\/wp-json\/wp\/v2\/pages\/266\/revisions"}],"predecessor-version":[{"id":6401,"href":"https:\/\/agora.xtec.cat\/zerebre\/wp-json\/wp\/v2\/pages\/266\/revisions\/6401"}],"wp:attachment":[{"href":"https:\/\/agora.xtec.cat\/zerebre\/wp-json\/wp\/v2\/media?parent=266"}],"curies":[{"name":"wp","href":"https:\/\/api.w.org\/{rel}","templated":true}]}}