{"id":2882,"date":"2025-07-22T10:22:22","date_gmt":"2025-07-22T08:22:22","guid":{"rendered":"https:\/\/agora.xtec.cat\/zercomtearnau\/?page_id=2882"},"modified":"2025-08-25T16:11:01","modified_gmt":"2025-08-25T14:11:01","slug":"quotes-de-la-zer-comte-arnau","status":"publish","type":"page","link":"https:\/\/agora.xtec.cat\/zercomtearnau\/quotes-de-la-zer-comte-arnau\/","title":{"rendered":"Quotes de la ZER Comte Arnau"},"content":{"rendered":"\n<p class=\"has-medium-font-size\"><strong>Material:<\/strong><br>Les quotes que us demanem a principi de curs consten de dues parts:<\/p>\n\n\n\n<ul class=\"wp-block-list\">\n<li><strong>Quota de ZER:&nbsp;<\/strong>S\u00f3n 80\u20ac per prim\u00e0ria i 50\u20ac per infantil.&nbsp; Es destinen al que expliquem a continuaci\u00f3:\n<ul class=\"wp-block-list\">\n<li><strong>Activitats <\/strong><\/li>\n\n\n\n<li><strong>Sortides <\/strong><\/li>\n\n\n\n<li><strong>Concursos i esdeveniments <\/strong><\/li>\n\n\n\n<li><strong>Xerrades i participacions.<\/strong><\/li>\n\n\n\n<li>Les col\u00f2nies i la nataci\u00f3 es pagaran a part.<\/li>\n\n\n\n<li>Les fam\u00edlies que no hagin pagat les quotes respectives no podran participar de les sortides i activitats. Aquestes s\u00f3n de car\u00e0cter lectiu.<\/li>\n\n\n\n<li>Si teniu problemes per abonar&nbsp; les quotes, us podeu posar en contacte amb les dues escoles: <br>Vallfogona: <a href=\"mailto:b7003537@xtec.cat\">b7003537@xtec.cat<\/a><br>N\u00faria Morer i Pi (Planoles): <a href=\"mailto:b7002764@xtec.cat\">b7002764@xtec.cat<\/a><\/li>\n\n\n\n<li>L&#8217;ingr\u00e9s d&#8217;aquesta quota s&#8217;ha de fer al n\u00famero de compte de la ZER: <strong>ES83 2100 8108 0523 0002 3322.<\/strong><\/li>\n<\/ul>\n<\/li>\n<\/ul>\n\n\n\n<ul class=\"wp-block-list\">\n<li><strong>Quota d&#8217;escola:&nbsp;<\/strong>S\u00f3n 70&nbsp;\u20ac per la Comunitat de grans, 90 per la Comunitat de mitjans i 60 per la Comunitat de petits. Es destinen al que expliquem a continuaci\u00f3:\n<ul class=\"wp-block-list\">\n<li><strong>Material fungible:<\/strong>&nbsp;agenda, carpeta, arxivadors, llibretes, llapis, bol\u00edgrafs, estoig, pintures, plastilina, vernissos, fulls, fulls de colors, fulls de dibuix, gomets, retoladors gruixuts, pinzells, cartolines, coles, tisores, paper d\u2019embalar, paper de xarol, paper Pinotxo, paper metal\u00b7litzat, aquarel\u00b7les, eines per modelar plastilina i motlles, punxons, felpes, fang, cinta adhesiva, fundes de pl\u00e0stic, adaptadors per a escriptura, fotoc\u00f2pies, enquadernacions, plastificacions, \u2026<\/li>\n\n\n\n<li><strong>Material did\u00e0ctic:<\/strong>&nbsp;Projectes, reprografia, rob\u00f2tica, llic\u00e8ncies digitals, plataformes d\u2019aprenentatge, material audiovisual, ambients, racons, jocs did\u00e0ctics, llibres de text, quaderns did\u00e0ctics, eines pedag\u00f2giques, materials TIC, diccionaris, instruments, joguines i carpetes d\u2019aprenentatge. (Alguns materials seran d\u2019\u00fas individual de l\u2019alumnat i, en finalitzar el curs, se\u2019ls enduran a casa)<\/li>\n\n\n\n<li><strong>Plataformes digitals d\u2019aprenentatge<\/strong>: Inclou llic\u00e8ncies digitals i l\u2019\u00fas personal de dispositius digitals: tauleta, port\u00e0til o chromebook.<\/li>\n\n\n\n<li><strong>Atenci\u00f3: <\/strong>La Comunitat de grans paga menys que la de mitjans perqu\u00e8 porten el seu propi estoig.<\/li>\n<\/ul>\n<\/li>\n<\/ul>\n\n\n\n<p class=\"has-medium-font-size\"><\/p>\n\n\n\n<p><\/p>\n","protected":false},"excerpt":{"rendered":"<p>Material:Les quotes que us demanem a principi de curs consten de dues parts:<\/p>\n","protected":false},"author":1,"featured_media":0,"parent":0,"menu_order":0,"comment_status":"closed","ping_status":"close","template":"","meta":{"_bbp_topic_count":0,"_bbp_reply_count":0,"_bbp_total_topic_count":0,"_bbp_total_reply_count":0,"_bbp_voice_count":0,"_bbp_anonymous_reply_count":0,"_bbp_topic_count_hidden":0,"_bbp_reply_count_hidden":0,"_bbp_forum_subforum_count":0,"site-sidebar-layout":"no-sidebar","site-content-layout":"","ast-site-content-layout":"default","site-content-style":"default","site-sidebar-style":"default","ast-global-header-display":"","ast-banner-title-visibility":"","ast-main-header-display":"","ast-hfb-above-header-display":"","ast-hfb-below-header-display":"","ast-hfb-mobile-header-display":"","site-post-title":"","ast-breadcrumbs-content":"","ast-featured-img":"","footer-sml-layout":"","theme-transparent-header-meta":"","adv-header-id-meta":"","stick-header-meta":"","header-above-stick-meta":"","header-main-stick-meta":"","header-below-stick-meta":"","astra-migrate-meta-layouts":"set","ast-page-background-enabled":"default","ast-page-background-meta":{"desktop":{"background-color":"var(--ast-global-color-4)","background-image":"","background-repeat":"repeat","background-position":"center center","background-size":"auto","background-attachment":"scroll","background-type":"","background-media":"","overlay-type":"","overlay-color":"","overlay-opacity":"","overlay-gradient":""},"tablet":{"background-color":"","background-image":"","background-repeat":"repeat","background-position":"center center","background-size":"auto","background-attachment":"scroll","background-type":"","background-media":"","overlay-type":"","overlay-color":"","overlay-opacity":"","overlay-gradient":""},"mobile":{"background-color":"","background-image":"","background-repeat":"repeat","background-position":"center center","background-size":"auto","background-attachment":"scroll","background-type":"","background-media":"","overlay-type":"","overlay-color":"","overlay-opacity":"","overlay-gradient":""}},"ast-content-background-meta":{"desktop":{"background-color":"var(--ast-global-color-5)","background-image":"","background-repeat":"repeat","background-position":"center center","background-size":"auto","background-attachment":"scroll","background-type":"","background-media":"","overlay-type":"","overlay-color":"","overlay-opacity":"","overlay-gradient":""},"tablet":{"background-color":"var(--ast-global-color-5)","background-image":"","background-repeat":"repeat","background-position":"center center","background-size":"auto","background-attachment":"scroll","background-type":"","background-media":"","overlay-type":"","overlay-color":"","overlay-opacity":"","overlay-gradient":""},"mobile":{"background-color":"var(--ast-global-color-5)","background-image":"","background-repeat":"repeat","background-position":"center center","background-size":"auto","background-attachment":"scroll","background-type":"","background-media":"","overlay-type":"","overlay-color":"","overlay-opacity":"","overlay-gradient":""}},"footnotes":""},"class_list":["post-2882","page","type-page","status-publish","hentry"],"post_mailing_queue_ids":[],"_links":{"self":[{"href":"https:\/\/agora.xtec.cat\/zercomtearnau\/wp-json\/wp\/v2\/pages\/2882","targetHints":{"allow":["GET"]}}],"collection":[{"href":"https:\/\/agora.xtec.cat\/zercomtearnau\/wp-json\/wp\/v2\/pages"}],"about":[{"href":"https:\/\/agora.xtec.cat\/zercomtearnau\/wp-json\/wp\/v2\/types\/page"}],"author":[{"embeddable":true,"href":"https:\/\/agora.xtec.cat\/zercomtearnau\/wp-json\/wp\/v2\/users\/1"}],"replies":[{"embeddable":true,"href":"https:\/\/agora.xtec.cat\/zercomtearnau\/wp-json\/wp\/v2\/comments?post=2882"}],"version-history":[{"count":5,"href":"https:\/\/agora.xtec.cat\/zercomtearnau\/wp-json\/wp\/v2\/pages\/2882\/revisions"}],"predecessor-version":[{"id":2945,"href":"https:\/\/agora.xtec.cat\/zercomtearnau\/wp-json\/wp\/v2\/pages\/2882\/revisions\/2945"}],"wp:attachment":[{"href":"https:\/\/agora.xtec.cat\/zercomtearnau\/wp-json\/wp\/v2\/media?parent=2882"}],"curies":[{"name":"wp","href":"https:\/\/api.w.org\/{rel}","templated":true}]}}